{"id":654,"date":"2015-03-21T01:04:35","date_gmt":"2015-03-21T05:04:35","guid":{"rendered":"http:\/\/csim.ca\/wp\/?page_id=654"},"modified":"2025-03-11T13:22:34","modified_gmt":"2025-03-11T17:22:34","slug":"journal","status":"publish","type":"page","link":"https:\/\/csim.ca\/fr\/journal\/","title":{"rendered":"Journal"},"content":{"rendered":"<p>[et_pb_section fb_built=\u00a0\u00bb1&Prime; custom_padding_last_edited=\u00a0\u00bbon|desktop\u00a0\u00bb admin_label=\u00a0\u00bbsection\u00a0\u00bb module_class=\u00a0\u00bbhomecontent\u00a0\u00bb _builder_version=\u00a0\u00bb4.16&Prime; background_color=\u00a0\u00bbrgba(255,255,255,0)\u00a0\u00bb background_image=\u00a0\u00bbhttps:\/\/csim.ca\/wp-content\/uploads\/2015\/02\/csim-innerbg-23.jpg\u00a0\u00bb custom_padding_tablet=\u00a0\u00bb50px|0|50px|0&Prime; custom_padding_phone=\u00a0\u00bb\u00a0\u00bb custom_css_main_element=\u00a0\u00bbbackground-color:#f3f8fb;\u00a0\u00bb transparent_background=\u00a0\u00bbon\u00a0\u00bb padding_mobile=\u00a0\u00bboff\u00a0\u00bb make_fullwidth=\u00a0\u00bboff\u00a0\u00bb use_custom_width=\u00a0\u00bboff\u00a0\u00bb width_unit=\u00a0\u00bbon\u00a0\u00bb global_colors_info=\u00a0\u00bb{}\u00a0\u00bb][et_pb_row padding_mobile=\u00a0\u00bbon\u00a0\u00bb column_padding_mobile=\u00a0\u00bbon\u00a0\u00bb custom_padding_last_edited=\u00a0\u00bbon|phone\u00a0\u00bb disabled_on=\u00a0\u00bbon|on|off\u00a0\u00bb admin_label=\u00a0\u00bbrow\u00a0\u00bb module_class=\u00a0\u00bbmain-row-bg main-row\u00a0\u00bb _builder_version=\u00a0\u00bb4.20.0&Prime; background_size=\u00a0\u00bbinitial\u00a0\u00bb background_position=\u00a0\u00bbtop_left\u00a0\u00bb background_repeat=\u00a0\u00bbrepeat\u00a0\u00bb custom_padding=\u00a0\u00bb0px|0px|0px|0px\u00a0\u00bb custom_padding_tablet=\u00a0\u00bb\u00a0\u00bb custom_padding_phone=\u00a0\u00bb\u00a0\u00bb make_fullwidth=\u00a0\u00bboff\u00a0\u00bb use_custom_width=\u00a0\u00bboff\u00a0\u00bb width_unit=\u00a0\u00bbon\u00a0\u00bb global_colors_info=\u00a0\u00bb{}\u00a0\u00bb][et_pb_column type=\u00a0\u00bb4_4&Prime; _builder_version=\u00a0\u00bb4.16&Prime; custom_padding=\u00a0\u00bb25px|20px|480px|20px\u00a0\u00bb custom_padding_tablet=\u00a0\u00bb20px|20px|20px|20px\u00a0\u00bb custom_padding_phone=\u00a0\u00bb15px|10px|10px|10px\u00a0\u00bb custom_padding_last_edited=\u00a0\u00bbon|desktop\u00a0\u00bb custom_css_main_element=\u00a0\u00bbbackground-color:#fff;\u00a0\u00bb global_colors_info=\u00a0\u00bb{}\u00a0\u00bb custom_padding__hover=\u00a0\u00bb|||\u00a0\u00bb][et_pb_text admin_label=\u00a0\u00bbMain Content Area\u00a0\u00bb _builder_version=\u00a0\u00bb4.27.4&Prime; background_size=\u00a0\u00bbinitial\u00a0\u00bb background_position=\u00a0\u00bbtop_left\u00a0\u00bb background_repeat=\u00a0\u00bbrepeat\u00a0\u00bb hover_enabled=\u00a0\u00bb0&Prime; use_border_color=\u00a0\u00bboff\u00a0\u00bb border_color=\u00a0\u00bb#ffffff\u00a0\u00bb border_style=\u00a0\u00bbsolid\u00a0\u00bb global_colors_info=\u00a0\u00bb{}\u00a0\u00bb sticky_enabled=\u00a0\u00bb0&Prime;]<\/p>\n<h1><strong>Revue canadienne de m\u00e9decine interne g\u00e9n\u00e9rale<\/strong><\/h1>\n<p>La<strong> <a href=\"http:\/\/cjgim.ca\/\" target=\"_blank\" rel=\"noopener\"><em>Revue canadienne de m\u00e9decine interne g\u00e9n\u00e9rale<\/em><\/a><\/strong> est la publication officielle de la Soci\u00e9t\u00e9 canadienne de m\u00e9decine interne. Elle aborde les grands enjeux et les sujets d\u2019actualit\u00e9 en m\u00e9decine interne, fait le point sur les activit\u00e9s de la Soci\u00e9t\u00e9 et pr\u00e9sente des articles cliniques et scientifiques originaux. La Revue, qui para\u00eet \u00e0 quatre reprises dans l\u2019ann\u00e9e, est distribu\u00e9e aux membres de la Soci\u00e9t\u00e9 canadienne de m\u00e9decine interne et \u00e0 des m\u00e9decins de diverses sursp\u00e9cialit\u00e9s m\u00e9dicales.<\/p>\n<p>La revue prend \u00e9galement en compte les revues, adresses universitaires, rapports de cas, critiques de livres, conseils cliniques, lignes directrices, lettres \u00e0 l&rsquo;\u00e9diteur, et plus encore.<\/p>\n<p><strong><span style=\"font-size: 10.5pt; font-family: 'Arial',sans-serif;\">Avez-vous des recherches originales \u00e0 publier? <\/span><\/strong><span style=\"font-size: 10.5pt; font-family: 'Arial',sans-serif;\"><strong>Soumettez-les \u00e0 la <\/strong><a href=\"https:\/\/www.utpjournals.press\/loi\/cjgim\" target=\"_blank\" rel=\"noopener\"><strong>Revue canadienne de m\u00e9decine interne g\u00e9n\u00e9rale!<\/strong><\/a> <\/span>Les frais de traitement des articles seront supprim\u00e9s pour les membres et les associ\u00e9s de la SCMI (avec les cotisations actuellement pay\u00e9es) ou ceux qui soumettent des articles de recherche originale.<\/p>\n<p><em>\u00a0<\/em><\/p>\n<p>[\/et_pb_text][et_pb_text admin_label=\u00a0\u00bbMedia kit\u00a0\u00bb _builder_version=\u00a0\u00bb4.27.4&Prime; background_size=\u00a0\u00bbinitial\u00a0\u00bb background_position=\u00a0\u00bbtop_left\u00a0\u00bb background_repeat=\u00a0\u00bbrepeat\u00a0\u00bb hover_enabled=\u00a0\u00bb0&Prime; use_border_color=\u00a0\u00bboff\u00a0\u00bb border_color=\u00a0\u00bb#ffffff\u00a0\u00bb border_style=\u00a0\u00bbsolid\u00a0\u00bb global_colors_info=\u00a0\u00bb{}\u00a0\u00bb sticky_enabled=\u00a0\u00bb0&Prime;]<\/p>\n<h3><strong>Faites de la publicit\u00e9 dans la RCMIG<\/strong><\/h3>\n<p>Il existe de nombreuses possibilit\u00e9s de publicit\u00e9 dans la RCMIG!<\/p>\n<p><strong><a href=\"https:\/\/csim.ca\/wp-content\/uploads\/documents\/cjgim\/CJGIM%20Media%20Kit%202024_CSIM.pdf\" target=\"_blank\" rel=\"noopener\">Cliquez ici pour consulter le kit m\u00e9dia 2024.<\/a><\/strong><\/p>\n<p><em>\u00a0<\/em><\/p>\n<p>[\/et_pb_text][\/et_pb_column][\/et_pb_row][\/et_pb_section]<\/p>\n","protected":false},"excerpt":{"rendered":"<p>Revue canadienne de m\u00e9decine interne g\u00e9n\u00e9rale La Revue canadienne de m\u00e9decine interne g\u00e9n\u00e9rale est la publication officielle de la Soci\u00e9t\u00e9 canadienne de m\u00e9decine interne. Elle aborde les grands enjeux et les sujets d\u2019actualit\u00e9 en m\u00e9decine interne, fait le point sur les activit\u00e9s de la Soci\u00e9t\u00e9 et pr\u00e9sente des articles cliniques et scientifiques originaux. La Revue, [&hellip;]<\/p>\n","protected":false},"author":2,"featured_media":0,"parent":0,"menu_order":28,"comment_status":"open","ping_status":"closed","template":"","meta":{"_et_pb_use_builder":"on","_et_pb_old_content":"","_et_gb_content_width":"","_monsterinsights_skip_tracking":false,"_monsterinsights_sitenote_active":false,"_monsterinsights_sitenote_note":"","_monsterinsights_sitenote_category":0,"footnotes":""},"class_list":["post-654","page","type-page","status-publish","hentry"],"_links":{"self":[{"href":"https:\/\/csim.ca\/fr\/wp-json\/wp\/v2\/pages\/654","targetHints":{"allow":["GET"]}}],"collection":[{"href":"https:\/\/csim.ca\/fr\/wp-json\/wp\/v2\/pages"}],"about":[{"href":"https:\/\/csim.ca\/fr\/wp-json\/wp\/v2\/types\/page"}],"author":[{"embeddable":true,"href":"https:\/\/csim.ca\/fr\/wp-json\/wp\/v2\/users\/2"}],"replies":[{"embeddable":true,"href":"https:\/\/csim.ca\/fr\/wp-json\/wp\/v2\/comments?post=654"}],"version-history":[{"count":4,"href":"https:\/\/csim.ca\/fr\/wp-json\/wp\/v2\/pages\/654\/revisions"}],"predecessor-version":[{"id":21513,"href":"https:\/\/csim.ca\/fr\/wp-json\/wp\/v2\/pages\/654\/revisions\/21513"}],"wp:attachment":[{"href":"https:\/\/csim.ca\/fr\/wp-json\/wp\/v2\/media?parent=654"}],"curies":[{"name":"wp","href":"https:\/\/api.w.org\/{rel}","templated":true}]}}