{"id":4803,"date":"2020-06-18T00:33:11","date_gmt":"2020-06-18T04:33:11","guid":{"rendered":"https:\/\/csim.ca\/?page_id=4803"},"modified":"2024-03-11T10:32:05","modified_gmt":"2024-03-11T14:32:05","slug":"podcasts","status":"publish","type":"page","link":"https:\/\/csim.ca\/fr\/ressources\/podcasts\/","title":{"rendered":"Podcasts"},"content":{"rendered":"<p>[et_pb_section fb_built=\u00a0\u00bb1&Prime; custom_padding_last_edited=\u00a0\u00bbon|desktop\u00a0\u00bb admin_label=\u00a0\u00bbsection\u00a0\u00bb module_class=\u00a0\u00bbhomecontent\u00a0\u00bb _builder_version=\u00a0\u00bb4.24.0&Prime; background_enable_color=\u00a0\u00bboff\u00a0\u00bb background_enable_image=\u00a0\u00bboff\u00a0\u00bb custom_padding_tablet=\u00a0\u00bb50px|0|50px|0&Prime; custom_padding_phone=\u00a0\u00bb\u00a0\u00bb custom_css_main_element=\u00a0\u00bbbackground-color:#f3f8fb;\u00a0\u00bb transparent_background=\u00a0\u00bbon\u00a0\u00bb padding_mobile=\u00a0\u00bboff\u00a0\u00bb make_fullwidth=\u00a0\u00bboff\u00a0\u00bb use_custom_width=\u00a0\u00bboff\u00a0\u00bb width_unit=\u00a0\u00bbon\u00a0\u00bb global_colors_info=\u00a0\u00bb{}\u00a0\u00bb][et_pb_row column_structure=\u00a0\u00bb3_4,1_4&Prime; padding_mobile=\u00a0\u00bbon\u00a0\u00bb column_padding_mobile=\u00a0\u00bbon\u00a0\u00bb custom_padding_last_edited=\u00a0\u00bbon|phone\u00a0\u00bb admin_label=\u00a0\u00bbrow\u00a0\u00bb module_class=\u00a0\u00bbmain-row-bg main-row\u00a0\u00bb _builder_version=\u00a0\u00bb4.16&Prime; background_size=\u00a0\u00bbinitial\u00a0\u00bb background_position=\u00a0\u00bbtop_left\u00a0\u00bb background_repeat=\u00a0\u00bbrepeat\u00a0\u00bb custom_padding=\u00a0\u00bb0px|0px|0px|0px\u00a0\u00bb custom_padding_tablet=\u00a0\u00bb\u00a0\u00bb custom_padding_phone=\u00a0\u00bb\u00a0\u00bb make_fullwidth=\u00a0\u00bboff\u00a0\u00bb use_custom_width=\u00a0\u00bboff\u00a0\u00bb width_unit=\u00a0\u00bbon\u00a0\u00bb global_colors_info=\u00a0\u00bb{}\u00a0\u00bb][et_pb_column type=\u00a0\u00bb3_4&Prime; _builder_version=\u00a0\u00bb4.16&Prime; custom_padding=\u00a0\u00bb25px|20px|25px|20px\u00a0\u00bb custom_padding_tablet=\u00a0\u00bb20px|20px|20px|20px\u00a0\u00bb custom_padding_phone=\u00a0\u00bb15px|10px|10px|10px\u00a0\u00bb custom_padding_last_edited=\u00a0\u00bbon|desktop\u00a0\u00bb custom_css_main_element=\u00a0\u00bbbackground-color:#fff;\u00a0\u00bb global_colors_info=\u00a0\u00bb{}\u00a0\u00bb custom_padding__hover=\u00a0\u00bb|||\u00a0\u00bb][et_pb_text admin_label=\u00a0\u00bbText\u00a0\u00bb _builder_version=\u00a0\u00bb4.24.0&Prime; background_size=\u00a0\u00bbinitial\u00a0\u00bb background_position=\u00a0\u00bbtop_left\u00a0\u00bb background_repeat=\u00a0\u00bbrepeat\u00a0\u00bb use_border_color=\u00a0\u00bboff\u00a0\u00bb border_color=\u00a0\u00bb#ffffff\u00a0\u00bb border_style=\u00a0\u00bbsolid\u00a0\u00bb global_colors_info=\u00a0\u00bb{}\u00a0\u00bb]<\/p>\n<h1>Podcasts<\/h1>\n<p><em>Les informations et les ressources mentionn\u00e9es sont fournies \u00e0 titre d\u2019information uniquement et ne constituent pas un avis m\u00e9dical.<\/em> <em>Ces ressources ne sont pas approuv\u00e9es, v\u00e9rifi\u00e9es ou d\u00e9velopp\u00e9es par la SCMI et les opinions exprim\u00e9es ne refl\u00e8tent pas n\u00e9cessairement celles de la SCMI.<\/em><\/p>\n<p><em>La SCMI n\u2019approuve ni ne garantit la validit\u00e9 des liens, des d\u00e9clarations et\/ou des informations figurant ci-dessous ou dans ces ressources.<\/em><\/p>\n<p><em>\u00a0<\/em><\/p>\n<p>[\/et_pb_text][et_pb_text admin_label=\u00a0\u00bbPodcasts\u00a0\u00bb module_id=\u00a0\u00bbpodcasts\u00a0\u00bb _builder_version=\u00a0\u00bb4.24.0&Prime; background_size=\u00a0\u00bbinitial\u00a0\u00bb background_position=\u00a0\u00bbtop_left\u00a0\u00bb background_repeat=\u00a0\u00bbrepeat\u00a0\u00bb hover_enabled=\u00a0\u00bb0&Prime; use_border_color=\u00a0\u00bboff\u00a0\u00bb border_color=\u00a0\u00bb#ffffff\u00a0\u00bb border_style=\u00a0\u00bbsolid\u00a0\u00bb global_colors_info=\u00a0\u00bb{}\u00a0\u00bb sticky_enabled=\u00a0\u00bb0&Prime;]<\/p>\n<p><strong><a href=\"https:\/\/www.usherbrooke.ca\/baladocritique\">Trial Files<\/a><\/strong><br \/><em>Project leaders: Dr. Mike Fralick, Dr. Emily Bartsch<\/em><br \/>En anglais seulement. <em>Free biweekly newsletter that leverages AI to summarize the most significant, practice-changing randomized controlled trials relevant to GIM. Papers are chosen from NEJM, JAMA, Lancet, BMJ, Annals of IM, with more to come.<\/em><\/p>\n<p><em><a href=\"http:\/\/www.royalcollege.ca\/rcsite\/canmeds\/keylime-podcasts-e\"><strong>KeyLIME Podcast &#8211; Key Literature in Medical Education<\/strong><\/a><\/em><br \/>En anglais seulement. <em>How do you keep up-to-date with the medical education literature? How do you find the important articles, let alone have time to read and critique them? KeyLIME does the work for you. In each episode, the hosts discuss, in about 10 minutes, the key points of a medical education article. Earn MOC credits under Section 2 for each podcast.<\/em><\/p>\n<p><a href=\"https:\/\/www.usherbrooke.ca\/baladocritique\"><strong>BaladoCritique : Club de lecture m\u00e9dical<\/strong><br \/><\/a>Baladodiffusion francophone mensuelle qui analyse et commente les \u00e9tudes r\u00e9centes d\u2019impact majeur en m\u00e9decine interne. Ces articles sont s\u00e9lectionn\u00e9s par un groupe d\u2019experts en lecture critique de l\u2019Universit\u00e9 de Sherbrooke et de l\u2019Universit\u00e9 Laval en fonction du potentiel de changement de pratique en m\u00e9decine familiale\/m\u00e9decine interne.<br \/><em>Auteurs : Dr. Luc Lanthier et al<\/em><br \/><em> Public cible : M\u00e9decins de famille et de m\u00e9decine interne<br \/><\/em><\/p>\n<p><em><a href=\"https:\/\/itunes.apple.com\/ca\/podcast\/the-intern-at-work-internal-medicine\/id1338378584?mt=2\"><strong>Podcast: The Intern at Work<\/strong><br \/><\/a><\/em>En anglais seulement.<em><br \/>Creator: Alison Lai, Managers: Laiya Carayannopoulos and Zahra Merali<br \/>Target audience: Senior medical students and junior residents<br \/>\u201cThe Intern at Work\u201d is a Canadian internal medicine podcast written by residents, for residents. The podcast series seeks to connect residents all across Canada and the world by providing entertaining, practical, and succinct approaches to common internal medicine illnesses. The podcast series also aims to start conversations about everything internal medicine, from what it\u2019s like to be an internal medicine resident, to medical education, to medical ethics and the art of medicine itself. Podcast episodes are released every two weeks and are meant to be listened by learners on the wards and on call.<br \/>For any questions, or if you are a Canadian internal medicine resident and you\u2019re interested in writing an episode, e-mail <a href=\"mailto:theinternatwork@gmail.com\">theinternatwork@gmail.com<\/a>.<br \/>You can find \u201cThe Intern at Work\u201d at <a href=\"http:\/\/www.theinternatwork.com\">www.theinternatwork.com<\/a>, on <a href=\"https:\/\/itunes.apple.com\/ca\/podcast\/the-intern-at-work-internal-medicine\/id1338378584?mt=2\">iTunes<\/a>, or wherever you find your podcasts.<br \/><\/em><\/p>\n<p><em><strong><a href=\"https:\/\/harvardmacy.podbean.com\/\">Harvard Macy Institute Podcast: Virtual Communities of Practice in Health Professions Education<\/a><\/strong><br \/><\/em>En anglais seulement.<em><br \/><\/em><\/p>\n<p><a href=\"https:\/\/healthydebate.ca\/special-series\/podcasts\/\"><strong>The Rounds Table &#8211; Health Debate<\/strong><br \/><\/a>En anglais seulement. <em>The Rounds Table is a free weekly podcast hosted by Healthy Debate. Its purpose is to provide an informative and irreverent discussion of new research from major medical journals. Each week it explores topics from the latest medical research.<\/em><\/p>\n<p><a href=\"http:\/\/www.cimus.ca\"><strong>Canadian Internal Medicine Point-of-Care Ultrasound (CIMUS)<\/strong><br \/><\/a>En anglais seulement.<em> Dedicated to advancing responsible use of point-of-care ultrasound for Internal Medicine in Canada and operates under the creative common license.<\/em><\/p>\n<p><a href=\"http:\/\/lanthiermed.com\/\"><strong>Practical Guide to Internal Medicine<\/strong><\/a><br \/>En anglais seulement. <em>The latest edition of the Practical Guide to Internal Medicine is now available as an app! Download it by searching \u00ab\u00a0Lanthier Internal Medicine\u00a0\u00bb in your app store.<\/em><\/p>\n<p><strong>Caf\u00e9 des specialit\u00e9s &#8211; Coll\u00e8ge royal des m\u00e9decins et chirurgiens du Canada<\/strong><br \/>Ce balado permet aux \u00e9tudiants en m\u00e9decine d\u2019\u00e9tablir des liens avec des sp\u00e9cialistes et des r\u00e9sidents membres du Coll\u00e8ge royal. Au cours de ces s\u00e9ances con\u00e7ues et anim\u00e9es par des \u00e9tudiants en m\u00e9decine, il est question de la r\u00e9alit\u00e9 des sp\u00e9cialistes et r\u00e9sidents au quotidien.<\/p>\n<ul>\n<li><em>Caf\u00e9 des specialit\u00e9s (FR)\u00a0 <\/em><a href=\"https:\/\/can01.safelinks.protection.outlook.com\/?url=https%3A%2F%2Fpodcasts.apple.com%2Fus%2Fpodcast%2Fcaf%25C3%25A9-des-sp%25C3%25A9cialit%25C3%25A9s%2Fid1569225618%3Futm_source%3Demail&amp;data=04%7C01%7Cjulie.ouellet-pelletier%40fmed.ulaval.ca%7C877963228f0948a7c22108d9a07d32bf%7C56778bd56a3f4bd3a26593163e4d5bfe%7C1%7C0%7C637717281850258727%7CUnknown%7CTWFpbGZsb3d8eyJWIjoiMC4wLjAwMDAiLCJQIjoiV2luMzIiLCJBTiI6Ik1haWwiLCJXVCI6Mn0%3D%7C1000&amp;sdata=XXn7aErdM%2FG36vcNddxSfNCp7bdAy9iJFKhMeZf9EYc%3D&amp;reserved=0\"><em>iTunes<\/em><\/a><em> &amp; <\/em><a href=\"https:\/\/can01.safelinks.protection.outlook.com\/?url=https%3A%2F%2Fopen.spotify.com%2Fshow%2F6q6SRoWOazRBq76iRORLKP%3Fsi%3DKzsF8ziLTeeXE2F2N3_jNg%26dl_branch%3D1%26nd%3D1%26utm_source%3Demail&amp;data=04%7C01%7Cjulie.ouellet-pelletier%40fmed.ulaval.ca%7C877963228f0948a7c22108d9a07d32bf%7C56778bd56a3f4bd3a26593163e4d5bfe%7C1%7C0%7C637717281850268700%7CUnknown%7CTWFpbGZsb3d8eyJWIjoiMC4wLjAwMDAiLCJQIjoiV2luMzIiLCJBTiI6Ik1haWwiLCJXVCI6Mn0%3D%7C1000&amp;sdata=y1g1AP7cUbcBiFdlzAG%2FxBs%2BcXaT8c12hMlng2hCtcQ%3D&amp;reserved=0\"><em>Spotify<\/em><\/a><\/li>\n<li><em>Specialty Caf\u00e9 (EN) <\/em><a href=\"https:\/\/can01.safelinks.protection.outlook.com\/?url=https%3A%2F%2Fpodcasts.apple.com%2Fca%2Fpodcast%2Fspecialty-caf%25C3%25A9%2Fid1569226861%3Futm_source%3Demail&amp;data=04%7C01%7Cjulie.ouellet-pelletier%40fmed.ulaval.ca%7C877963228f0948a7c22108d9a07d32bf%7C56778bd56a3f4bd3a26593163e4d5bfe%7C1%7C0%7C637717281850268700%7CUnknown%7CTWFpbGZsb3d8eyJWIjoiMC4wLjAwMDAiLCJQIjoiV2luMzIiLCJBTiI6Ik1haWwiLCJXVCI6Mn0%3D%7C1000&amp;sdata=e4AGjUJH0dl%2FlxyLMtyMvJhUm52eyPhGG4cpT1H7Cas%3D&amp;reserved=0\"><em>iTunes<\/em><\/a><em> &amp; <\/em><a href=\"https:\/\/can01.safelinks.protection.outlook.com\/?url=https%3A%2F%2Fopen.spotify.com%2Fshow%2F4lI4PCUEnT9lFRNoPovSgV%3Fsi%3Dt4FCSc3EQtSekgg3tj7xqA%26dl_branch%3D1%26utm_source%3Demail&amp;data=04%7C01%7Cjulie.ouellet-pelletier%40fmed.ulaval.ca%7C877963228f0948a7c22108d9a07d32bf%7C56778bd56a3f4bd3a26593163e4d5bfe%7C1%7C0%7C637717281850278649%7CUnknown%7CTWFpbGZsb3d8eyJWIjoiMC4wLjAwMDAiLCJQIjoiV2luMzIiLCJBTiI6Ik1haWwiLCJXVCI6Mn0%3D%7C1000&amp;sdata=brD5wFTCjHPNkHUzdFKtlHm6EBBQSMbyNah5WsEwV%2B0%3D&amp;reserved=0\"><em>Spotify<\/em><\/a><\/li>\n<\/ul>\n<p>[\/et_pb_text][\/et_pb_column][et_pb_column type=\u00a0\u00bb1_4&Prime; module_class=\u00a0\u00bbhome-widget\u00a0\u00bb disabled_on=\u00a0\u00bbon|on|off\u00a0\u00bb _builder_version=\u00a0\u00bb4.16&Prime; background_color=\u00a0\u00bb#f6f8fb\u00a0\u00bb custom_padding=\u00a0\u00bb25px||10px|\u00a0\u00bb custom_padding_tablet=\u00a0\u00bb20px|10px|10px|10px\u00a0\u00bb custom_padding_phone=\u00a0\u00bb\u00a0\u00bb custom_padding_last_edited=\u00a0\u00bbon|phone\u00a0\u00bb custom_css_main_element=\u00a0\u00bbbackground-color:#f6f8fb;\u00a0\u00bb global_colors_info=\u00a0\u00bb{}\u00a0\u00bb custom_padding__hover=\u00a0\u00bb|||\u00a0\u00bb][et_pb_sidebar orientation=\u00a0\u00bbright\u00a0\u00bb area=\u00a0\u00bbet_pb_widget_area_17&Prime; admin_label=\u00a0\u00bbInner Sidebar 1&Prime; module_class=\u00a0\u00bbinner-sidebar\u00a0\u00bb _builder_version=\u00a0\u00bb4.16&Prime; remove_border=\u00a0\u00bboff\u00a0\u00bb global_colors_info=\u00a0\u00bb{}\u00a0\u00bb]<\/p>\n<p>&nbsp;<\/p>\n<p>[\/et_pb_sidebar][\/et_pb_column][\/et_pb_row][et_pb_row column_structure=\u00a0\u00bb1_3,2_3&Prime; disabled_on=\u00a0\u00bboff|off|on\u00a0\u00bb _builder_version=\u00a0\u00bb4.16&Prime; _module_preset=\u00a0\u00bbdefault\u00a0\u00bb global_colors_info=\u00a0\u00bb{}\u00a0\u00bb][et_pb_column type=\u00a0\u00bb1_3&Prime; _builder_version=\u00a0\u00bb4.16&Prime; _module_preset=\u00a0\u00bbdefault\u00a0\u00bb global_colors_info=\u00a0\u00bb{}\u00a0\u00bb][et_pb_sidebar orientation=\u00a0\u00bbright\u00a0\u00bb area=\u00a0\u00bbet_pb_widget_area_17&Prime; admin_label=\u00a0\u00bbInner Sidebar 1&Prime; module_class=\u00a0\u00bbinner-sidebar\u00a0\u00bb _builder_version=\u00a0\u00bb4.16&Prime; remove_border=\u00a0\u00bboff\u00a0\u00bb global_colors_info=\u00a0\u00bb{}\u00a0\u00bb]&nbsp;<br \/>\n[\/et_pb_sidebar][\/et_pb_column][et_pb_column type=\u00a0\u00bb2_3&Prime; _builder_version=\u00a0\u00bb4.16&Prime; _module_preset=\u00a0\u00bbdefault\u00a0\u00bb global_colors_info=\u00a0\u00bb{}\u00a0\u00bb][\/et_pb_column][\/et_pb_row][\/et_pb_section]<\/p>\n","protected":false},"excerpt":{"rendered":"<p>Podcasts Les informations et les ressources mentionn\u00e9es sont fournies \u00e0 titre d\u2019information uniquement et ne constituent pas un avis m\u00e9dical. Ces ressources ne sont pas approuv\u00e9es, v\u00e9rifi\u00e9es ou d\u00e9velopp\u00e9es par la SCMI et les opinions exprim\u00e9es ne refl\u00e8tent pas n\u00e9cessairement celles de la SCMI. La SCMI n\u2019approuve ni ne garantit la validit\u00e9 des liens, des [&hellip;]<\/p>\n","protected":false},"author":2,"featured_media":0,"parent":493,"menu_order":57,"comment_status":"open","ping_status":"closed","template":"","meta":{"_et_pb_use_builder":"on","_et_pb_old_content":"","_et_gb_content_width":"","_monsterinsights_skip_tracking":false,"_monsterinsights_sitenote_active":false,"_monsterinsights_sitenote_note":"","_monsterinsights_sitenote_category":0,"footnotes":""},"class_list":["post-4803","page","type-page","status-publish","hentry"],"_links":{"self":[{"href":"https:\/\/csim.ca\/fr\/wp-json\/wp\/v2\/pages\/4803","targetHints":{"allow":["GET"]}}],"collection":[{"href":"https:\/\/csim.ca\/fr\/wp-json\/wp\/v2\/pages"}],"about":[{"href":"https:\/\/csim.ca\/fr\/wp-json\/wp\/v2\/types\/page"}],"author":[{"embeddable":true,"href":"https:\/\/csim.ca\/fr\/wp-json\/wp\/v2\/users\/2"}],"replies":[{"embeddable":true,"href":"https:\/\/csim.ca\/fr\/wp-json\/wp\/v2\/comments?post=4803"}],"version-history":[{"count":3,"href":"https:\/\/csim.ca\/fr\/wp-json\/wp\/v2\/pages\/4803\/revisions"}],"predecessor-version":[{"id":19148,"href":"https:\/\/csim.ca\/fr\/wp-json\/wp\/v2\/pages\/4803\/revisions\/19148"}],"up":[{"embeddable":true,"href":"https:\/\/csim.ca\/fr\/wp-json\/wp\/v2\/pages\/493"}],"wp:attachment":[{"href":"https:\/\/csim.ca\/fr\/wp-json\/wp\/v2\/media?parent=4803"}],"curies":[{"name":"wp","href":"https:\/\/api.w.org\/{rel}","templated":true}]}}