{"id":4791,"date":"2020-06-18T00:23:24","date_gmt":"2020-06-18T04:23:24","guid":{"rendered":"https:\/\/csim.ca\/?page_id=4791"},"modified":"2025-03-11T13:48:14","modified_gmt":"2025-03-11T17:48:14","slug":"dpc-education","status":"publish","type":"page","link":"https:\/\/csim.ca\/fr\/ressources\/dpc-education\/","title":{"rendered":"DPC \/ \u00c9ducation"},"content":{"rendered":"<p>[et_pb_section fb_built=\u00a0\u00bb1&Prime; admin_label=\u00a0\u00bbsection\u00a0\u00bb module_class=\u00a0\u00bbhomecontent\u00a0\u00bb _builder_version=\u00a0\u00bb4.24.0&Prime; background_enable_color=\u00a0\u00bboff\u00a0\u00bb background_enable_image=\u00a0\u00bboff\u00a0\u00bb transparent_background=\u00a0\u00bboff\u00a0\u00bb global_colors_info=\u00a0\u00bb{}\u00a0\u00bb][et_pb_row padding_mobile=\u00a0\u00bbon\u00a0\u00bb column_padding_mobile=\u00a0\u00bbon\u00a0\u00bb custom_padding_last_edited=\u00a0\u00bbon|phone\u00a0\u00bb admin_label=\u00a0\u00bbrow\u00a0\u00bb module_class=\u00a0\u00bbmain-row-bg main-row\u00a0\u00bb _builder_version=\u00a0\u00bb4.27.4&Prime; background_size=\u00a0\u00bbinitial\u00a0\u00bb background_position=\u00a0\u00bbtop_left\u00a0\u00bb background_repeat=\u00a0\u00bbrepeat\u00a0\u00bb custom_padding=\u00a0\u00bb0px|0px|0px|0px\u00a0\u00bb custom_padding_tablet=\u00a0\u00bb\u00a0\u00bb custom_padding_phone=\u00a0\u00bb\u00a0\u00bb hover_enabled=\u00a0\u00bb0&Prime; make_fullwidth=\u00a0\u00bboff\u00a0\u00bb use_custom_width=\u00a0\u00bboff\u00a0\u00bb width_unit=\u00a0\u00bbon\u00a0\u00bb global_colors_info=\u00a0\u00bb{}\u00a0\u00bb sticky_enabled=\u00a0\u00bb0&Prime;][et_pb_column type=\u00a0\u00bb4_4&Prime; _builder_version=\u00a0\u00bb4.16&Prime; custom_padding=\u00a0\u00bb25px|20px|20px|20px\u00a0\u00bb custom_padding_tablet=\u00a0\u00bb20px|20px|20px|20px\u00a0\u00bb custom_padding_phone=\u00a0\u00bb15px|10px|10px|10px\u00a0\u00bb custom_padding_last_edited=\u00a0\u00bbon|phone\u00a0\u00bb custom_css_main_element=\u00a0\u00bbbackground-color:#fff;\u00a0\u00bb global_colors_info=\u00a0\u00bb{}\u00a0\u00bb custom_padding__hover=\u00a0\u00bb|||\u00a0\u00bb][et_pb_text admin_label=\u00a0\u00bbText\u00a0\u00bb _builder_version=\u00a0\u00bb4.27.4&Prime; background_size=\u00a0\u00bbinitial\u00a0\u00bb background_position=\u00a0\u00bbtop_left\u00a0\u00bb background_repeat=\u00a0\u00bbrepeat\u00a0\u00bb hover_enabled=\u00a0\u00bb0&Prime; use_border_color=\u00a0\u00bboff\u00a0\u00bb border_color=\u00a0\u00bb#ffffff\u00a0\u00bb border_style=\u00a0\u00bbsolid\u00a0\u00bb saved_tabs=\u00a0\u00bball\u00a0\u00bb global_colors_info=\u00a0\u00bb{}\u00a0\u00bb sticky_enabled=\u00a0\u00bb0&Prime;]<\/p>\n<h1>DPC \/ \u00c9ducation<\/h1>\n<p>[\/et_pb_text][et_pb_text admin_label=\u00a0\u00bbCPD, Education\u00a0\u00bb module_id=\u00a0\u00bbcpd\u00a0\u00bb _builder_version=\u00a0\u00bb4.27.4&Prime; background_size=\u00a0\u00bbinitial\u00a0\u00bb background_position=\u00a0\u00bbtop_left\u00a0\u00bb background_repeat=\u00a0\u00bbrepeat\u00a0\u00bb hover_enabled=\u00a0\u00bb0&Prime; use_border_color=\u00a0\u00bboff\u00a0\u00bb border_color=\u00a0\u00bb#ffffff\u00a0\u00bb border_style=\u00a0\u00bbsolid\u00a0\u00bb global_colors_info=\u00a0\u00bb{}\u00a0\u00bb sticky_enabled=\u00a0\u00bb0&Prime;]<\/p>\n<p><strong>Coll\u00e8ge royal des m\u00e9decins et chirurgiens du Canada:<\/strong><\/p>\n<p><a href=\"https:\/\/www.royalcollege.ca\/fr\/standards-and-accreditation\/canmeds\">CanMEDS<\/a><\/p>\n<p><a href=\"https:\/\/www.royalcollege.ca\/fr\/get-involved\/awards-and-funding\">Prix et financement<\/a><\/p>\n<p><a href=\"https:\/\/www.royalcollege.ca\/fr\/cpd\/moc-program\/international-recognition-agreements\" target=\"_blank\" rel=\"noopener noreferrer\">Ententes internationales de reconnaissance des cr\u00e9dits de DPC<\/a><\/p>\n<p><a href=\"https:\/\/www.royalcollege.ca\/content\/rcpsc-site-v2\/ca\/fr\/members\/moc\/dashboard\" target=\"_blank\" rel=\"noopener noreferrer\">Connexion \u00e0 <em>Mon MDC<\/em><\/a><\/p>\n<p><a href=\"https:\/\/www.royalcollege.ca\/fr\/standards-and-accreditation\/competence-by-design\" target=\"_blank\" rel=\"noopener noreferrer\">La Comp\u00e9tence par conception (CPC)<\/a><\/p>\n<p>[\/et_pb_text][et_pb_text admin_label=\u00a0\u00bbDisclaimer\u00a0\u00bb _builder_version=\u00a0\u00bb4.27.4&Prime; background_size=\u00a0\u00bbinitial\u00a0\u00bb background_position=\u00a0\u00bbtop_left\u00a0\u00bb background_repeat=\u00a0\u00bbrepeat\u00a0\u00bb hover_enabled=\u00a0\u00bb0&Prime; use_border_color=\u00a0\u00bboff\u00a0\u00bb border_color=\u00a0\u00bb#ffffff\u00a0\u00bb border_style=\u00a0\u00bbsolid\u00a0\u00bb saved_tabs=\u00a0\u00bball\u00a0\u00bb global_colors_info=\u00a0\u00bb{}\u00a0\u00bb sticky_enabled=\u00a0\u00bb0&Prime;]<\/p>\n<p><em>Les informations et les ressources mentionn\u00e9es sont fournies \u00e0 titre d&rsquo;information uniquement et ne constituent pas un avis m\u00e9dical.<\/em> <em>Ces ressources ne sont pas approuv\u00e9es, v\u00e9rifi\u00e9es ou d\u00e9velopp\u00e9es par la SCMI et les opinions exprim\u00e9es ne refl\u00e8tent pas n\u00e9cessairement celles de la SCMI.<\/em><\/p>\n<p><em>La SCMI n&rsquo;approuve ni ne garantit la validit\u00e9 des liens, des d\u00e9clarations et\/ou des informations figurant ci-dessous ou dans ces ressources.<\/em><\/p>\n<p><em>\u00a0<\/em><\/p>\n<p>[\/et_pb_text][\/et_pb_column][\/et_pb_row][\/et_pb_section]<\/p>\n","protected":false},"excerpt":{"rendered":"<p>DPC \/ \u00c9ducationColl\u00e8ge royal des m\u00e9decins et chirurgiens du Canada: CanMEDS Prix et financement Ententes internationales de reconnaissance des cr\u00e9dits de DPC Connexion \u00e0 Mon MDC La Comp\u00e9tence par conception (CPC)Les informations et les ressources mentionn\u00e9es sont fournies \u00e0 titre d&rsquo;information uniquement et ne constituent pas un avis m\u00e9dical. Ces ressources ne sont pas approuv\u00e9es, [&hellip;]<\/p>\n","protected":false},"author":2,"featured_media":0,"parent":493,"menu_order":57,"comment_status":"open","ping_status":"closed","template":"","meta":{"_et_pb_use_builder":"on","_et_pb_old_content":"","_et_gb_content_width":"","_monsterinsights_skip_tracking":false,"_monsterinsights_sitenote_active":false,"_monsterinsights_sitenote_note":"","_monsterinsights_sitenote_category":0,"footnotes":""},"class_list":["post-4791","page","type-page","status-publish","hentry"],"_links":{"self":[{"href":"https:\/\/csim.ca\/fr\/wp-json\/wp\/v2\/pages\/4791","targetHints":{"allow":["GET"]}}],"collection":[{"href":"https:\/\/csim.ca\/fr\/wp-json\/wp\/v2\/pages"}],"about":[{"href":"https:\/\/csim.ca\/fr\/wp-json\/wp\/v2\/types\/page"}],"author":[{"embeddable":true,"href":"https:\/\/csim.ca\/fr\/wp-json\/wp\/v2\/users\/2"}],"replies":[{"embeddable":true,"href":"https:\/\/csim.ca\/fr\/wp-json\/wp\/v2\/comments?post=4791"}],"version-history":[{"count":2,"href":"https:\/\/csim.ca\/fr\/wp-json\/wp\/v2\/pages\/4791\/revisions"}],"predecessor-version":[{"id":21524,"href":"https:\/\/csim.ca\/fr\/wp-json\/wp\/v2\/pages\/4791\/revisions\/21524"}],"up":[{"embeddable":true,"href":"https:\/\/csim.ca\/fr\/wp-json\/wp\/v2\/pages\/493"}],"wp:attachment":[{"href":"https:\/\/csim.ca\/fr\/wp-json\/wp\/v2\/media?parent=4791"}],"curies":[{"name":"wp","href":"https:\/\/api.w.org\/{rel}","templated":true}]}}