{"id":466,"date":"2015-02-28T00:15:09","date_gmt":"2015-02-28T05:15:09","guid":{"rendered":"http:\/\/csim.ca\/wp\/?page_id=466"},"modified":"2026-04-16T14:04:52","modified_gmt":"2026-04-16T18:04:52","slug":"prix","status":"publish","type":"page","link":"https:\/\/csim.ca\/fr\/prix\/","title":{"rendered":"Prix, r\u00e9sum\u00e9s et bourses d\u00e9cern\u00e9s par la SCMI"},"content":{"rendered":"<p>[et_pb_section fb_built=\u00a0\u00bb1&Prime; custom_padding_last_edited=\u00a0\u00bbon|desktop\u00a0\u00bb admin_label=\u00a0\u00bbsection\u00a0\u00bb module_class=\u00a0\u00bbhomecontent\u00a0\u00bb _builder_version=\u00a0\u00bb4.24.0&Prime; background_enable_color=\u00a0\u00bboff\u00a0\u00bb background_enable_image=\u00a0\u00bboff\u00a0\u00bb custom_padding_tablet=\u00a0\u00bb50px|0|50px|0&Prime; custom_padding_phone=\u00a0\u00bb\u00a0\u00bb custom_css_main_element=\u00a0\u00bbbackground-color:#f3f8fb;\u00a0\u00bb transparent_background=\u00a0\u00bbon\u00a0\u00bb padding_mobile=\u00a0\u00bboff\u00a0\u00bb make_fullwidth=\u00a0\u00bboff\u00a0\u00bb use_custom_width=\u00a0\u00bboff\u00a0\u00bb width_unit=\u00a0\u00bbon\u00a0\u00bb global_colors_info=\u00a0\u00bb{}\u00a0\u00bb][et_pb_row column_structure=\u00a0\u00bb3_4,1_4&Prime; padding_mobile=\u00a0\u00bbon\u00a0\u00bb column_padding_mobile=\u00a0\u00bbon\u00a0\u00bb custom_padding_last_edited=\u00a0\u00bbon|phone\u00a0\u00bb admin_label=\u00a0\u00bbrow\u00a0\u00bb module_class=\u00a0\u00bbmain-row-bg main-row\u00a0\u00bb _builder_version=\u00a0\u00bb4.27.4&Prime; background_size=\u00a0\u00bbinitial\u00a0\u00bb background_position=\u00a0\u00bbtop_left\u00a0\u00bb background_repeat=\u00a0\u00bbrepeat\u00a0\u00bb custom_padding=\u00a0\u00bb0px|0px|0px|0px\u00a0\u00bb custom_padding_tablet=\u00a0\u00bb\u00a0\u00bb custom_padding_phone=\u00a0\u00bb\u00a0\u00bb make_fullwidth=\u00a0\u00bboff\u00a0\u00bb use_custom_width=\u00a0\u00bboff\u00a0\u00bb width_unit=\u00a0\u00bbon\u00a0\u00bb global_colors_info=\u00a0\u00bb{}\u00a0\u00bb][et_pb_column type=\u00a0\u00bb3_4&Prime; _builder_version=\u00a0\u00bb4.16&Prime; custom_padding=\u00a0\u00bb25px|20px|25px|20px\u00a0\u00bb custom_padding_tablet=\u00a0\u00bb20px|20px|20px|20px\u00a0\u00bb custom_padding_phone=\u00a0\u00bb15px|10px|10px|10px\u00a0\u00bb custom_padding_last_edited=\u00a0\u00bbon|desktop\u00a0\u00bb custom_css_main_element=\u00a0\u00bbbackground-color:#fff;\u00a0\u00bb global_colors_info=\u00a0\u00bb{}\u00a0\u00bb custom_padding__hover=\u00a0\u00bb|||\u00a0\u00bb][et_pb_text admin_label=\u00a0\u00bbMain Content Area\u00a0\u00bb _builder_version=\u00a0\u00bb4.27.4&Prime; background_size=\u00a0\u00bbinitial\u00a0\u00bb background_position=\u00a0\u00bbtop_left\u00a0\u00bb background_repeat=\u00a0\u00bbrepeat\u00a0\u00bb hover_enabled=\u00a0\u00bb0&Prime; use_border_color=\u00a0\u00bboff\u00a0\u00bb border_color=\u00a0\u00bb#ffffff\u00a0\u00bb border_style=\u00a0\u00bbsolid\u00a0\u00bb global_colors_info=\u00a0\u00bb{}\u00a0\u00bb sticky_enabled=\u00a0\u00bb0&Prime;]<\/p>\n<h1>Prix, r\u00e9sum\u00e9s et bourses<\/h1>\n<p>&nbsp;<\/p>\n<h2>Prix nationaux en reconnaissance de mentorat exerc\u00e9<\/h2>\n<p>La SCMI offre jusqu&rsquo;\u00e0 deux prix en reconnaissance du mentorat exerc\u00e9 aupr\u00e8s de coll\u00e8gues. Ces prix sont r\u00e9serv\u00e9s aux membres de la SCMI.<em><br \/><a href=\"https:\/\/csim.ca\/wp-content\/uploads\/documents\/awards\/TOR_CSIM National Awards for Mentorship 2026_French.pdf\" target=\"_blank\" rel=\"noopener noreferrer\" data-wplink-url-error=\"true\">Termes de r\u00e9f\u00e9rence et soumettez votre demande. Date limite : 30 avril 2026<\/a><\/em><\/p>\n<h2>Prix atlantiques en reconnaissance de mentorat exerc\u00e9 <em>(<span id=\"page114R_mcid1\" class=\"markedContent\"><span dir=\"ltr\" role=\"presentation\">Canada atlantique<\/span><\/span>)<\/em><\/h2>\n<p>La SCMI offre jusqu&rsquo;\u00e0 deux prix en reconnaissance du mentorat exerc\u00e9 aupr\u00e8s de coll\u00e8gues. Ces prix sont r\u00e9serv\u00e9s aux membres de la SCMI de la r\u00e9gion du Canada atlantique.<em><br \/><a href=\"https:\/\/csim.ca\/wp-content\/uploads\/documents\/awards\/TOR_CSIM Atlantic Awards for Mentorship 2026_French.pdf\" target=\"_blank\" rel=\"noopener noreferrer\" data-wplink-url-error=\"true\">Termes de r\u00e9f\u00e9rence et soumettez votre demande. Date limite : 30 avril 2026<\/a><\/em><\/p>\n<h2>Prix d&rsquo;excellence destin\u00e9 \u00e0 un chercheur chevronn\u00e9<\/h2>\n<p>Le Prix d\u2019excellence destin\u00e9 \u00e0 un chercheur chevronn\u00e9 vise \u00e0 saluer l\u2019excellence d\u2019un interniste g\u00e9n\u00e9raliste canadien exp\u00e9riment\u00e9 dans le domaine de la recherche. En attribuant ce prix, la SCMI entend accro\u00eetre la notori\u00e9t\u00e9 de la recherche de pointe effectu\u00e9e par les internistes g\u00e9n\u00e9ralistes au Canada, et favoriser de telles initiatives.<br \/><em><a href=\"https:\/\/csim.ca\/wp-content\/uploads\/documents\/awards\/TOR_SIA 2026_French.pdf\" target=\"_blank\" rel=\"noopener noreferrer\" data-wplink-url-error=\"true\">Termes de r\u00e9f\u00e9rence et soumettez votre demande. Date limite : 5 mai 2026<\/a><\/em><\/p>\n<h2>Prix en reconnaissance d\u2019\u00e9minents services rendus en m\u00e9decine interne g\u00e9n\u00e9rale<\/h2>\n<p>La Soci\u00e9t\u00e9 canadienne de m\u00e9decine interne (SCMI) invite les candidatures aux prix en reconnaissance d\u2019\u00e9minents services rendus en m\u00e9decine interne g\u00e9n\u00e9rale (anciennement les prix Osler.) Tous les ans, la SCMI d\u00e9cerne ces prix \u00e0 des personnes faisant preuve d\u2019excellence dans le domaine de la m\u00e9decine interne g\u00e9n\u00e9rale.<em><br \/><a href=\"https:\/\/csim.ca\/wp-content\/uploads\/documents\/awards\/TOR_Distinguished Service in GIM Awards 2026_French.pdf\" target=\"_blank\" rel=\"noopener noreferrer\" data-wplink-url-error=\"true\">Termes de r\u00e9f\u00e9rence et soumettez votre demande. Date limite : 15 mai 2026<\/a><\/em><\/p>\n<h2>Prix pour applications li\u00e9es \u00e0 l\u2019am\u00e9lioration de la qualit\u00e9<\/h2>\n<p>Le prix d\u2019\u00e9ducation m\u00e9dicale de la SCMI a \u00e9t\u00e9 cr\u00e9\u00e9 pour soutenir, promouvoir et reconna\u00eetre les activit\u00e9s d\u2019\u00e9ducation m\u00e9dicale en m\u00e9decine interne et en m\u00e9decine interne g\u00e9n\u00e9rale mises de l\u2019avant par les membres et les associ\u00e9s de la SCMI. <em><br \/><a href=\"https:\/\/csim.ca\/wp-content\/uploads\/documents\/awards\/TOR_Applied QI Award 2026_French.pdf\" target=\"_blank\" rel=\"noopener noreferrer\" data-wplink-url-error=\"true\">Termes de r\u00e9f\u00e9rence et soumettez votre demande. Date limite : 15 mai 2026<\/a><\/em><\/p>\n<h2>Prix d\u2019\u00e9ducation m\u00e9dicale<\/h2>\n<p>Le prix d\u2019\u00e9ducation m\u00e9dicale de la SCMI a \u00e9t\u00e9 cr\u00e9\u00e9 pour soutenir, promouvoir et reconna\u00eetre les activit\u00e9s d\u2019\u00e9ducation m\u00e9dicale en m\u00e9decine interne et en m\u00e9decine interne g\u00e9n\u00e9rale mises de l\u2019avant par les membres et les associ\u00e9s de la SCMI. <em><br \/><a href=\"https:\/\/csim.ca\/wp-content\/uploads\/documents\/awards\/TOR_Medical Education Award 2026_French.pdf\" target=\"_blank\" rel=\"noopener noreferrer\" data-wplink-url-error=\"true\">Termes de r\u00e9f\u00e9rence et soumettez votre demande. Date limite : 15 mai 2026<\/a><\/em><\/p>\n<h2>Appel aux r\u00e9sum\u00e9s cliniques<\/h2>\n<p>Le Concours de vignettes et des affiches cliniques est r\u00e9serv\u00e9 aux\u00a0m\u00e9decins r\u00e9sidents et aux \u00e9tudiants. <em><br \/><a href=\"https:\/\/csim.ca\/wp-content\/uploads\/documents\/awards\/TOR_Clinical Abstracts 2026_French.pdf\" target=\"_blank\" rel=\"noopener noreferrer\" data-wplink-url-error=\"true\">Termes de r\u00e9f\u00e9rence et soumettez votre demande. Date limite : 4 juin 2026 \u00e0 16h HE<\/a><\/em><\/p>\n<h2>Appel aux r\u00e9sum\u00e9s de recherche et d&rsquo;am\u00e9lioration de la qualit\u00e9 SCMI<\/h2>\n<p>La SCMI invite les m\u00e9decins r\u00e9sidents et les \u00e9tudiants \u00e0 leur faire parvenir des r\u00e9sum\u00e9s en pr\u00e9vision des expos\u00e9s et des affiches sur la recherche et sur l\u2019am\u00e9lioration de la qualit\u00e9.<em><br \/><a href=\"https:\/\/csim.ca\/wp-content\/uploads\/documents\/awards\/TOR_RES-QI 2026_French.pdf\" target=\"_blank\" rel=\"noopener noreferrer\" data-wplink-url-error=\"true\">Termes de r\u00e9f\u00e9rence et soumettez votre demande. Date limite : 4 juin 2026 \u00e0 16h HE<\/a><\/em><\/p>\n<h2>La bourse d\u2019\u00e9tudes en promotion de la sant\u00e9<\/h2>\n<p>Promouvoir l\u2019excellence dans le domaine de la promotion de la sant\u00e9 en souvenir du Dr Hui Lee, membre dynamique de la Soci\u00e9t\u00e9 canadienne de m\u00e9decine interne (SCMI). <em><br \/><a href=\"https:\/\/csim.ca\/wp-content\/uploads\/documents\/awards\/TOR_Health Promotion Scholarship 2026_French.pdf\" target=\"_blank\" rel=\"noopener noreferrer\" data-wplink-url-error=\"true\">Termes de r\u00e9f\u00e9rence et soumettez votre demande. Date limite : 28 octobre 2026<\/a><\/em><\/p>\n<h2>Bourse d\u2019\u00e9tudes de l&rsquo;\u00e9ducation et de la recherche<\/h2>\n<p>Cr\u00e9\u00e9 pour soutenir les activit\u00e9s de formation et de recherche des membres et des associ\u00e9s r\u00e9sidents de la SCMI.<br \/><em><a href=\"https:\/\/csim.ca\/wp-content\/uploads\/documents\/awards\/TOR_Education%20and%20Research%20Scholarship%202026_French.pdf\" target=\"_blank\" rel=\"noopener noreferrer\">Termes de r\u00e9f\u00e9rence et soumettez votre demande. Date limite : 28 octobre 2026<\/a><\/em><\/p>\n<h2>Soutien aux \u00e9v\u00e9nements d&rsquo;\u00e9ducation et de bien-\u00eatre<\/h2>\n<p>La Soci\u00e9t\u00e9 canadienne de m\u00e9decine interne est heureuse de participer au parrainage d\u2019activit\u00e9s d\u2019apprentissage et de bien-\u00eatre ayant lieu dans des centres universitaires ou communautaires dans l\u2019ensemble du Canada, comme des\u00a0soir\u00e9es carri\u00e8re en m\u00e9decine interne g\u00e9n\u00e9rale \u00e0 l\u2019intention des stagiaires, des\u00a0activit\u00e9s de formation professionnelle continue, activit\u00e9s de bien-\u00eatre, ainsi que des clubs de lecture. <em>Pour soumettre une demande de soutien, veuillez <a href=\"https:\/\/csim.ca\/fr\/education-mdc\/activites-dapprentissage-locales\/\" target=\"_blank\" rel=\"noopener noreferrer\">cliquer ici<\/a> pour t\u00e9l\u00e9charger les modalit\u00e9s.<\/em><\/p>\n<p>&nbsp;<\/p>\n<p style=\"text-align: center;\"><strong><a href=\"https:\/\/csim.ca\/wp-content\/uploads\/documents\/awards\/Prix et appels a resumes de la SCMI.pdf\" target=\"_blank\" rel=\"noopener noreferrer\">Cliquer ici<\/a> pour t\u00e9l\u00e9charger une liste PDF de ces prix et appels a r\u00e9sum\u00e9s pour partager avec vos coll\u00e8agues et stagiaires.<\/strong><\/p>\n<p style=\"text-align: center;\"><em>Tous les termes de r\u00e9f\u00e9rence peuvent \u00eatre modifi\u00e9s sans pr\u00e9avis.<\/em><\/p>\n<p>&nbsp;<\/p>\n<h1>Ferm\u00e9<\/h1>\n<h2>Prix d\u2019excellence destin\u00e9 \u00e0 un chercheur d\u00e9butant<\/h2>\n<p>La Soci\u00e9t\u00e9 canadienne de m\u00e9decine interne (SCMI) d\u00e9cerne chaque ann\u00e9e le Prix de soutien au chercheur d\u00e9butant pour souligner de l\u2019excellence de la recherche dans le domaine de la m\u00e9decine interne. <em><br \/><a href=\"https:\/\/csim.ca\/wp-content\/uploads\/documents\/awards\/TOR_NIA 2026_French.pdf\" target=\"_blank\" rel=\"noopener noreferrer\" data-wplink-url-error=\"true\">Termes de r\u00e9f\u00e9rence et soumettez votre demande. Date limite : 15 avril 2026<\/a><\/em><em> (ferm\u00e9)<\/em><\/p>\n<p>[\/et_pb_text][et_pb_text disabled_on=\u00a0\u00bbon|on|on\u00a0\u00bb admin_label=\u00a0\u00bbMain Content Area\u00a0\u00bb _builder_version=\u00a0\u00bb4.27.4&Prime; background_size=\u00a0\u00bbinitial\u00a0\u00bb background_position=\u00a0\u00bbtop_left\u00a0\u00bb background_repeat=\u00a0\u00bbrepeat\u00a0\u00bb hover_enabled=\u00a0\u00bb0&Prime; use_border_color=\u00a0\u00bboff\u00a0\u00bb border_color=\u00a0\u00bb#ffffff\u00a0\u00bb border_style=\u00a0\u00bbsolid\u00a0\u00bb disabled=\u00a0\u00bbon\u00a0\u00bb global_colors_info=\u00a0\u00bb{}\u00a0\u00bb sticky_enabled=\u00a0\u00bb0&Prime;]<\/p>\n<h1>Ferm\u00e9<\/h1>\n<p>&nbsp;<\/p>\n<p>&nbsp;<\/p>\n<p>&nbsp;<\/p>\n<p>&nbsp;<\/p>\n<p>&nbsp;<\/p>\n<p>[\/et_pb_text][\/et_pb_column][et_pb_column type=\u00a0\u00bb1_4&Prime; _builder_version=\u00a0\u00bb4.16&Prime; custom_padding=\u00a0\u00bb25px|20px|25px|20px\u00a0\u00bb custom_padding_tablet=\u00a0\u00bb20px|20px|20px|20px\u00a0\u00bb custom_padding_phone=\u00a0\u00bb15px|10px|10px|10px\u00a0\u00bb custom_padding_last_edited=\u00a0\u00bbon|desktop\u00a0\u00bb custom_css_main_element=\u00a0\u00bbbackground-color:#fff;\u00a0\u00bb global_colors_info=\u00a0\u00bb{}\u00a0\u00bb custom_padding__hover=\u00a0\u00bb|||\u00a0\u00bb][et_pb_cta title=\u00a0\u00bbF\u00e9licitations\u00a0\u00bb button_text=\u00a0\u00bbhttps:\/\/csim.ca\/fr\/prix\/laureats-scmi-2025\/\u00a0\u00bb admin_label=\u00a0\u00bbPast winners\u00a0\u00bb _builder_version=\u00a0\u00bb4.27.4&Prime; _module_preset=\u00a0\u00bbdefault\u00a0\u00bb header_text_color=\u00a0\u00bb#0C71C3&Prime; body_text_color=\u00a0\u00bb#000000&Prime; background_color=\u00a0\u00bb#FFFFFF\u00a0\u00bb global_colors_info=\u00a0\u00bb{}\u00a0\u00bb]<\/p>\n<p style=\"text-align: center;\"><a href=\"https:\/\/csim.ca\/fr\/prix\/laureats-scmi-2025\/\" target=\"_blank\" rel=\"noopener\"><strong><span class=\"breadcrumb_last\" aria-current=\"page\">Aux laur\u00e9ats des prix de la SCMI 2025!<\/span><\/strong><\/a><\/p>\n<p style=\"text-align: center;\">Et \u00e0 tous les <a href=\"https:\/\/csim.ca\/wp-content\/uploads\/documents\/awards\/Winners.pdf\" target=\"_blank\" rel=\"noopener\"><strong>anciens laur\u00e9ats.<\/strong><\/a><\/p>\n<p>[\/et_pb_cta][\/et_pb_column][\/et_pb_row][et_pb_row column_structure=\u00a0\u00bb1_3,2_3&Prime; disabled_on=\u00a0\u00bboff|off|on\u00a0\u00bb _builder_version=\u00a0\u00bb4.16&Prime; _module_preset=\u00a0\u00bbdefault\u00a0\u00bb global_colors_info=\u00a0\u00bb{}\u00a0\u00bb][et_pb_column type=\u00a0\u00bb1_3&Prime; _builder_version=\u00a0\u00bb4.16&Prime; _module_preset=\u00a0\u00bbdefault\u00a0\u00bb global_colors_info=\u00a0\u00bb{}\u00a0\u00bb][et_pb_sidebar orientation=\u00a0\u00bbright\u00a0\u00bb area=\u00a0\u00bbet_pb_widget_area_11&Prime; admin_label=\u00a0\u00bbInner Sidebar 1&Prime; module_class=\u00a0\u00bbinner-sidebar\u00a0\u00bb _builder_version=\u00a0\u00bb4.16&Prime; remove_border=\u00a0\u00bboff\u00a0\u00bb global_colors_info=\u00a0\u00bb{}\u00a0\u00bb]&nbsp;<br \/>\n[\/et_pb_sidebar][\/et_pb_column][et_pb_column type=\u00a0\u00bb2_3&Prime; _builder_version=\u00a0\u00bb4.16&Prime; _module_preset=\u00a0\u00bbdefault\u00a0\u00bb global_colors_info=\u00a0\u00bb{}\u00a0\u00bb][\/et_pb_column][\/et_pb_row][\/et_pb_section]<\/p>\n","protected":false},"excerpt":{"rendered":"<p>Prix, r\u00e9sum\u00e9s et bourses &nbsp; Prix nationaux en reconnaissance de mentorat exerc\u00e9 La SCMI offre jusqu&rsquo;\u00e0 deux prix en reconnaissance du mentorat exerc\u00e9 aupr\u00e8s de coll\u00e8gues. Ces prix sont r\u00e9serv\u00e9s aux membres de la SCMI.Termes de r\u00e9f\u00e9rence et soumettez votre demande. Date limite : 30 avril 2026 Prix atlantiques en reconnaissance de mentorat exerc\u00e9 (Canada [&hellip;]<\/p>\n","protected":false},"author":2,"featured_media":0,"parent":0,"menu_order":43,"comment_status":"open","ping_status":"closed","template":"","meta":{"_et_pb_use_builder":"on","_et_pb_old_content":"","_et_gb_content_width":"","_monsterinsights_skip_tracking":false,"_monsterinsights_sitenote_active":false,"_monsterinsights_sitenote_note":"","_monsterinsights_sitenote_category":0,"footnotes":""},"class_list":["post-466","page","type-page","status-publish","hentry"],"_links":{"self":[{"href":"https:\/\/csim.ca\/fr\/wp-json\/wp\/v2\/pages\/466","targetHints":{"allow":["GET"]}}],"collection":[{"href":"https:\/\/csim.ca\/fr\/wp-json\/wp\/v2\/pages"}],"about":[{"href":"https:\/\/csim.ca\/fr\/wp-json\/wp\/v2\/types\/page"}],"author":[{"embeddable":true,"href":"https:\/\/csim.ca\/fr\/wp-json\/wp\/v2\/users\/2"}],"replies":[{"embeddable":true,"href":"https:\/\/csim.ca\/fr\/wp-json\/wp\/v2\/comments?post=466"}],"version-history":[{"count":3,"href":"https:\/\/csim.ca\/fr\/wp-json\/wp\/v2\/pages\/466\/revisions"}],"predecessor-version":[{"id":23197,"href":"https:\/\/csim.ca\/fr\/wp-json\/wp\/v2\/pages\/466\/revisions\/23197"}],"wp:attachment":[{"href":"https:\/\/csim.ca\/fr\/wp-json\/wp\/v2\/media?parent=466"}],"curies":[{"name":"wp","href":"https:\/\/api.w.org\/{rel}","templated":true}]}}