{"id":464,"date":"2015-02-27T01:10:39","date_gmt":"2015-02-27T06:10:39","guid":{"rendered":"http:\/\/csim.ca\/wp\/?page_id=464"},"modified":"2019-02-06T13:07:39","modified_gmt":"2019-02-06T18:07:39","slug":"foire-aux-questions","status":"publish","type":"page","link":"https:\/\/csim.ca\/fr\/formation\/foire-aux-questions\/","title":{"rendered":"Foire Aux Questions"},"content":{"rendered":"<p>[et_pb_section background_image=\u00a0\u00bbhttps:\/\/csim.ca\/wp-content\/uploads\/2015\/02\/csim-innerbg-23.jpg\u00a0\u00bb transparent_background=\u00a0\u00bboff\u00a0\u00bb background_color=\u00a0\u00bb#f3f8fb\u00a0\u00bb allow_player_pause=\u00a0\u00bboff\u00a0\u00bb inner_shadow=\u00a0\u00bboff\u00a0\u00bb parallax=\u00a0\u00bboff\u00a0\u00bb parallax_method=\u00a0\u00bboff\u00a0\u00bb module_class=\u00a0\u00bbhomecontent\u00a0\u00bb][et_pb_row][et_pb_column type=\u00a0\u00bb2_3&Prime;][et_pb_text admin_label=\u00a0\u00bbText\u00a0\u00bb background_layout=\u00a0\u00bblight\u00a0\u00bb text_orientation=\u00a0\u00bbleft\u00a0\u00bb]<\/p>\n<h1>Foire Aux Questions<\/h1>\n<p>&nbsp;<\/p>\n<h3>Formation:<\/h3>\n<p><a href=\"#q1\">Quels sont les objectifs de formation du nouveau programme de deux ans en m\u00e9decine interne g\u00e9n\u00e9rale?<\/a><br \/>\n<a href=\"#q2\">Quelles sont les exigences du programme de formation en m\u00e9decine interne g\u00e9n\u00e9rale?<br \/>\n<\/a><a href=\"#q7\">Quel est l\u2019examen pr\u00e9vu \u00e0 la fin de la formation en m\u00e9decine interne g\u00e9n\u00e9rale?<\/a><br \/>\n<a href=\"#q4\">Quelle est la proc\u00e9dure de demande d\u2019admission au programme de r\u00e9sidence en m\u00e9decine interne g\u00e9n\u00e9rale?<\/a><br \/>\n<a href=\"#q5\">Qu\u2019en est-il de la sp\u00e9cialit\u00e9 de la m\u00e9decine interne?<\/a><\/p>\n<p>&nbsp;<\/p>\n<h3>Examen:<\/h3>\n<p><a href=\"#gimexampurpose\">Quel est le but de l\u2019examen de m\u00e9decine interne g\u00e9n\u00e9rale?<\/a><br \/>\n<a href=\"#gimeligible\">Qui peut se pr\u00e9senter \u00e0 l\u2019examen de m\u00e9decine interne g\u00e9n\u00e9rale?<\/a><br \/>\n<a href=\"#gim5how\">Je suis un interniste g\u00e9n\u00e9raliste qui compte au moins cinq ans de pratique. Comment dois-je proc\u00e9der si je souhaite me pr\u00e9senter \u00e0 l\u2019examen? <\/a><br \/>\n<a href=\"#gim5when\">Je suis un interniste g\u00e9n\u00e9raliste qui compte au moins cinq ans de pratique. Suis-je limit\u00e9 dans le temps pour me pr\u00e9senter \u00e0 l\u2019examen? <\/a><br \/>\n<a href=\"#applynow\">Je suis dipl\u00f4m\u00e9 d\u2019un programme de formation de deux ans en m\u00e9decine interne g\u00e9n\u00e9rale. Puis-je me pr\u00e9senter \u00e0 l\u2019examen de m\u00e9decine interne g\u00e9n\u00e9rale?<\/a><br \/>\n<a href=\"#eligible\">Je suis un m\u00e9decin r\u00e9sident inscrit \u00e0 un programme de formation sursp\u00e9cialis\u00e9e de deux ans en m\u00e9decine interne g\u00e9n\u00e9rale. Suis-je admissible \u00e0 l\u2019examen de m\u00e9decine interne g\u00e9n\u00e9rale?<\/a><br \/>\n<a href=\"#now5\">Je suis un interniste g\u00e9n\u00e9raliste qui compte moins de cinq ans de pratique. Je suis dipl\u00f4m\u00e9 d\u2019un programme de r\u00e9sidence de quatre ans en m\u00e9decine interne. Puis-je me pr\u00e9senter \u00e0 l\u2019examen de m\u00e9decine interne g\u00e9n\u00e9rale?<\/a><br \/>\n<a href=\"#when\">Quand aura lieu l\u2019examen de m\u00e9decine interne g\u00e9n\u00e9rale?<\/a><br \/>\n<a href=\"#deadline2014\">Quelle est la date limite de candidature \u00e0 l\u2019examen du 23 septembre 2014?<\/a><br \/>\n<a href=\"#futuredeadline\">Quelle sera la date limite de candidature aux examens par la suite?<\/a><br \/>\n<a href=\"#howlong\">\u00c0 compter du moment o\u00f9 il est d\u00e9termin\u00e9 que je suis admissible \u00e0 l\u2019examen, de combien de temps est-ce que je dispose pour me pr\u00e9senter \u00e0 l\u2019examen?<\/a><br \/>\n<a href=\"#where\">O\u00f9 se d\u00e9roulera l\u2019examen de m\u00e9decine interne g\u00e9n\u00e9rale?<\/a><br \/>\n<a href=\"#format\">Quelle est la forme de l\u2019examen de m\u00e9decine interne g\u00e9n\u00e9rale?<\/a><br \/>\n<a href=\"#content\">Quelles sont les mati\u00e8res et les comp\u00e9tences \u00e9valu\u00e9es par l\u2019examen de m\u00e9decine interne g\u00e9n\u00e9rale?<\/a><br \/>\n<a href=\"#cost\">Combien en co\u00fbte-t-il de se pr\u00e9senter \u00e0 l\u2019examen de m\u00e9decine interne g\u00e9n\u00e9rale?<\/a><br \/>\n<a href=\"#maintain\">Qu\u2019est-ce que j\u2019aurai \u00e0 faire pour conserver mon certificat de m\u00e9decine interne g\u00e9n\u00e9rale?<\/a><br \/>\n<a href=\"#grandfathered\">Puis-je acc\u00e9der \u00e0 la sursp\u00e9cialit\u00e9 de la m\u00e9decine interne g\u00e9n\u00e9rale en vertu d\u2019un \u00ab droit acquis \u00bb?<\/a><br \/>\n<a href=\"#gi\">Puis-je dire que je suis un \u00ab interniste g\u00e9n\u00e9raliste \u00bb m\u00eame si je ne me pr\u00e9sente pas \u00e0 l\u2019examen de m\u00e9decine interne g\u00e9n\u00e9rale?<\/a><br \/>\n<a href=\"#sample\">O\u00f9 puis-je trouver des exemples de questions?<\/a><\/p>\n<p>&nbsp;<\/p>\n<hr width=\"100%\" \/>\n<p>&nbsp;<\/p>\n<p><strong><a id=\"q1\"><\/a>Quels sont les objectifs de la formation de deux ans en m\u00e9decine interne g\u00e9n\u00e9rale?<\/strong><\/p>\n<p>Le Coll\u00e8ge royal pr\u00e9sente le d\u00e9tail des objectifs de la formation en m\u00e9decine interne g\u00e9n\u00e9rale sur son site Web \u00e0 : <a href=\"http:\/\/www.royalcollege.ca\/portal\/page\/portal\/rc\/credentials\/specialty_information.\">http:\/\/www.royalcollege.ca\/portal\/page\/portal\/rc\/credentials\/specialty_information<\/a>.<\/p>\n<p>\u00c0 la rubrique \u00ab Informationpar sursp\u00e9cialit\u00e9 \u00bb, s\u00e9lectionnez \u00ab m\u00e9decine interne g\u00e9n\u00e9rale \u00bb.<br \/>\nLes objectifs ayant trait au r\u00f4le d\u2019expert m\u00e9dical sont ax\u00e9s sur les fondements de la m\u00e9decine interne g\u00e9n\u00e9rale. Ils s\u2019\u00e9noncent comme suit, sans toutefois s\u2019y limiter :<\/p>\n<p>a.\u00a0\u00a0 \u00a0Les troubles courants et \u00e9mergents relevant de la m\u00e9decine interne, en milieu ambulatoire ou en milieu hospitalier, y compris lorsque l\u2019acc\u00e8s \u00e0 d\u2019autres sursp\u00e9cialit\u00e9s est limit\u00e9. Ces troubles englobent les maladies multisyst\u00e9miques et indiff\u00e9renci\u00e9es. Cet objectif comprendra la capacit\u00e9 de stabiliser le patient en phase critique de sa maladie.<br \/>\nb.\u00a0\u00a0 \u00a0Les affections relevant de la m\u00e9decine interne survenant avant, durant et apr\u00e8s la grossesse.<br \/>\nc.\u00a0\u00a0 \u00a0Les maladies multisyst\u00e9miques chroniques, notamment le diab\u00e8te, l\u2019hypertension, la coronaropathie, la maladie pulmonaire obstructive chronique, la dyslipid\u00e9mie et l\u2019insuffisance r\u00e9nale chronique.<br \/>\nd.\u00a0\u00a0 \u00a0Les maladies concomitantes aux troubles relevant de la m\u00e9decine interne, dans la p\u00e9riode p\u00e9riop\u00e9ratoire, qu\u2019il s\u2019agisse de la stratification du risque pr\u00e9op\u00e9ratoire ou de la prise en charge des probl\u00e8mes postop\u00e9ratoires relevant de la m\u00e9decine interne g\u00e9n\u00e9rale.<\/p>\n<p>Le r\u00e9sident devra acqu\u00e9rir les aptitudes techniques n\u00e9cessaires \u00e0 l\u2019ex\u00e9cution de l\u2019\u00e9preuve d\u2019effort, \u00e0 la surveillance de la pression art\u00e9rielle en milieu ambulatoire, \u00e0 l\u2019interpr\u00e9tation des r\u00e9sultats de la surveillance Holter et \u00e0 la mise en place de la ventilation artificielle et de la ventilation non effractive. Le r\u00e9sident a le loisir de pr\u00e9ciser d\u2019autres objectifs ayant trait aux aptitudes techniques. Le programme de formation est suffisamment souple pour s\u2019y adapter. \u00catre en mesure de d\u00e9terminer les aptitudes techniques n\u00e9cessaires dans la pratique est une comp\u00e9tence cl\u00e9 \u00e0 acqu\u00e9rir.<\/p>\n<p>Pour ce qui est des autres comp\u00e9tences, mentionnons celles qui sont n\u00e9cessaires dans un syst\u00e8me de sant\u00e9 de plus en plus complexe : le transfert des soins, la collaboration interprofessionnelle et entre coll\u00e8gues, la v\u00e9rification de la pratique, la capacit\u00e9 d\u2019adapter sa pratique, la modification comportementale, la gestion de la pratique, la s\u00e9curit\u00e9 du patient et la sagesse de savoir demander le concours de tiers le cas \u00e9ch\u00e9ant.<\/p>\n<p>&nbsp;<\/p>\n<p><strong><a id=\"q2\"><\/a>Quelles sont les exigences du programme de formation en m\u00e9decine interne g\u00e9n\u00e9rale?<\/strong><\/p>\n<p>En vertu des exigences de la formation sp\u00e9cialis\u00e9e, le programme de formation en m\u00e9decine interne g\u00e9n\u00e9rale dure deux ans et pr\u00e9voit une progression longitudinale des responsabilit\u00e9s dans cette p\u00e9riode, par opposition \u00e0 la formation de deux ans cons\u00e9cutifs au contenu semblable d\u2019une ann\u00e9e \u00e0 l\u2019autre. La formation comprend 15 blocs de stage clinique en m\u00e9decine interne g\u00e9n\u00e9rale consacr\u00e9s par exemple aux services de consultation en m\u00e9decine interne, \u00e0 la m\u00e9decine p\u00e9riop\u00e9ratoire, \u00e0 la m\u00e9decine interne g\u00e9n\u00e9rale communautaire, au pr\u00e9ceptorat, \u00e0 l\u2019enseignement clinique, \u00e0 la m\u00e9decine obst\u00e9tricale, aux soins ambulatoires ou aux soins intensifs. Les 11 autres blocs, au choix, peuvent porter sur le perfectionnement d\u2019aptitudes op\u00e9ratoires cliniques, d\u2019aptitudes \u00e0 la recherche ou \u00e0 des activit\u00e9s d\u2019\u00e9rudition. Les programmes de formation en m\u00e9decine interne g\u00e9n\u00e9rale ont la possibilit\u00e9 de s\u2019adapter aux particularit\u00e9s de leur client\u00e8le.<\/p>\n<p><a id=\"q7\"><\/a><strong>Quel est l\u2019examen pr\u00e9vu \u00e0 la fin de la formation en m\u00e9decine interne g\u00e9n\u00e9rale<\/strong><\/p>\n<p>L\u2019examen ouvrant droit au certificat de la sursp\u00e9cialit\u00e9 de la m\u00e9decine interne g\u00e9n\u00e9rale est un examen \u00e9crit comme c\u2019est le cas pour toutes les sursp\u00e9cialit\u00e9s agr\u00e9\u00e9es par le Coll\u00e8ge royal. L\u2019examen est pr\u00e9vu \u00e0 la fin des cinq ans de formation.<\/p>\n<p><strong><a id=\"q4\"><\/a>Quelle est la proc\u00e9dure de demande d\u2019admission au programme de r\u00e9sidence en m\u00e9decine interne g\u00e9n\u00e9rale?<\/strong><\/p>\n<p>L\u2019admission \u00e0 la r\u00e9sidence en m\u00e9decine interne g\u00e9n\u00e9rale s\u2019effectue par l\u2019entremise du jumelage des sp\u00e9cialit\u00e9s m\u00e9dicales de l\u2019organisme Canadian Resident Matching Service (CaRMS). Pour obtenir plus de renseignements sur les programmes de r\u00e9sidence en m\u00e9decine interne g\u00e9n\u00e9rale et les directeurs de programme, veuillez consulter le site Web de CaRMS : <a href=\"https:\/\/www.carms.ca\/program_MSM_1\/program_fr.jsp\">https:\/\/www.carms.ca\/program_MSM_1\/program_fr.jsp<\/a>.<\/p>\n<p><strong><a id=\"q5\"><\/a>Qu\u2019en est-il de la sp\u00e9cialit\u00e9 de la m\u00e9decine interne?<\/strong><\/p>\n<p>Rien ne change, le programme de formation ouvrant droit au certificat en m\u00e9decine interne reste le m\u00eame. Au terme de la quatri\u00e8me ann\u00e9e de la formation en m\u00e9decine interne, les m\u00e9decins r\u00e9sidents se pr\u00e9sentent aux \u00e9preuves \u00e9crites et orales pr\u00e9vues.<\/p>\n<p>&nbsp;<\/p>\n<hr \/>\n<p>&nbsp;<\/p>\n<h1>Foire aux questions \u2013 Examen de m\u00e9decine interne g\u00e9n\u00e9rale<\/h1>\n<p>&nbsp;<\/p>\n<p><strong><a id=\"gimexampurpose\"><\/a>Quel est le but de l\u2019examen de m\u00e9decine interne g\u00e9n\u00e9rale?<\/strong><\/p>\n<p>En 2010, le Coll\u00e8ge royal des m\u00e9decins et chirurgiens du Canada (CRMCC) a \u00e9tabli que la m\u00e9decine interne g\u00e9n\u00e9rale \u00e9tait une nouvelle sursp\u00e9cialit\u00e9 relevant de la sp\u00e9cialit\u00e9 de la m\u00e9decine interne. Seul un examen ouvre droit au certificat de sursp\u00e9cialit\u00e9 du CRMCC. Par cons\u00e9quent, le m\u00e9decin souhaitant obtenir le certificat de m\u00e9decine interne g\u00e9n\u00e9rale d\u00e9livr\u00e9 par le CRMCC doit r\u00e9ussir l\u2019examen \u00e9crit de la sursp\u00e9cialit\u00e9.<\/p>\n<p><a id=\"gimeligible\"><\/a><strong>Qui peut se pr\u00e9senter \u00e0 l\u2019examen de m\u00e9decine interne g\u00e9n\u00e9rale?<\/strong><\/p>\n<p>L\u2019interniste g\u00e9n\u00e9raliste qui compte cinq ans d\u2019exercice de la profession au moins et celui qui est dipl\u00f4m\u00e9 d\u2019un programme de formation sursp\u00e9cialis\u00e9e de deux ans en m\u00e9decine interne g\u00e9n\u00e9rale agr\u00e9\u00e9 par le CRMCC sont admissibles \u00e0 l\u2019examen. Le m\u00e9decin doit \u00eatre titulaire du certificat de m\u00e9decine interne du CRMCC et \u00eatre membre en r\u00e8gle du CRMCC. Pour plus de renseignements, consultez <a href=\"http:\/\/www.royalcollege.ca\/portal\/page\/portal\/rc\/common\/documents\/credentials\/per_sub\/criteria_GIM_f.pdf\" target=\"_blank\" rel=\"noopener\">ce document du CRMCC<\/a>.<\/p>\n<p><strong><a id=\"gim5how\"><\/a>Je suis un interniste g\u00e9n\u00e9raliste qui compte au moins cinq ans de pratique. Comment dois-je proc\u00e9der si je souhaite me pr\u00e9senter \u00e0 l\u2019examen?<\/strong><\/p>\n<p>Vous devez emprunter la <a href=\"http:\/\/www.royalcollege.ca\/portal\/page\/portal\/rc\/credentials\/start\/routes\/practice_eligibility_route_subspecialists\" target=\"_blank\" rel=\"noopener\">route d&rsquo;\u00e9valuation par la pratique (REP) pour les sursp\u00e9cialistes<\/a>. En vertu de cette proc\u00e9dure, l\u2019on examine votre champ de pratique, votre formation et vos pi\u00e8ces justificatives pour d\u00e9terminer votre admissibilit\u00e9 \u00e0 l\u2019examen ouvrant droit au certificat. Si cette \u00e9valuation s\u2019av\u00e8re concluante, vous aurez la possibilit\u00e9 de vous pr\u00e9senter \u00e0 l\u2019examen, \u00e0 trois reprises s\u2019il y a lieu. Le certificat vous sera accord\u00e9 si vous r\u00e9ussissez l\u2019examen.<\/p>\n<p><strong><a id=\"gim5when\"><\/a>Je suis un interniste g\u00e9n\u00e9raliste qui compte au moins cinq ans de pratique. Suis-je limit\u00e9 dans le temps pour me pr\u00e9senter \u00e0 l\u2019examen?<\/strong><\/p>\n<p>Vous avez toute votre carri\u00e8re d\u2019interniste pour pr\u00e9senter votre demande par l\u2019entremise de la route d\u2019\u00e9valuation par la pratique (REP) pour les sursp\u00e9cialistes.<\/p>\n<p id=\"applynow\"><strong><a id=\"applynow\"><\/a>Je suis dipl\u00f4m\u00e9 d\u2019un programme de formation de deux ans en m\u00e9decine interne g\u00e9n\u00e9rale. Puis-je me pr\u00e9senter \u00e0 l\u2019examen de m\u00e9decine interne g\u00e9n\u00e9rale?<\/strong><\/p>\n<p id=\"applynow\">Il reste \u00e0 savoir si votre formation peut \u00eatre agr\u00e9\u00e9e r\u00e9troactivement, cela d\u00e9pend des \u00e9l\u00e9ments pr\u00e9cis du programme de formation. Le directeur du programme de formation en m\u00e9decine interne g\u00e9n\u00e9rale pourra vous en dire plus \u00e0 ce sujet.<\/p>\n<p><a id=\"eligible\"><\/a><strong>Je suis un m\u00e9decin r\u00e9sident inscrit \u00e0 un programme de formation sursp\u00e9cialis\u00e9e de deux ans en m\u00e9decine interne g\u00e9n\u00e9rale. Suis-je admissible \u00e0 l\u2019examen de m\u00e9decine interne g\u00e9n\u00e9rale?<\/strong><\/p>\n<p>Vous devriez poser la question au directeur du programme de formation. Dans la plupart des cas, la r\u00e9ponse est oui. Vous devrez pr\u00e9senter une <a href=\"http:\/\/www.royalcollege.ca\/portal\/page\/portal\/rc\/common\/documents\/credentials\/preliminary_assessment_application.pdf\" target=\"_blank\" rel=\"noopener\">demande d&rsquo;\u00e9valuation pr\u00e9liminaire de la formation<\/a> avant l\u2019\u00e9ch\u00e9ance de la p\u00e9riode de candidature \u00e0 l\u2019examen de m\u00e9decine interne g\u00e9n\u00e9rale (voir ci-apr\u00e8s).<\/p>\n<p><a id=\"now5\"><\/a><strong>Je suis un interniste g\u00e9n\u00e9raliste qui compte moins de cinq ans de pratique. Je suis dipl\u00f4m\u00e9 d\u2019un programme de r\u00e9sidence de quatre ans en m\u00e9decine interne. Puis-je me pr\u00e9senter \u00e0 l\u2019examen de m\u00e9decine interne g\u00e9n\u00e9rale?<\/strong><\/p>\n<p>Non, l\u2019interniste g\u00e9n\u00e9raliste qui compte moins de cinq ans de pratique et qui n\u2019a pas poursuivi sa formation dans le cadre d\u2019un programme de deux ans en m\u00e9decine interne g\u00e9n\u00e9rale agr\u00e9\u00e9 par le CRMCC doit exercer sa profession pendant au moins cinq ans avant de pouvoir se pr\u00e9senter \u00e0 l\u2019examen par la route d\u2019\u00e9valuation par la pratique (REP) pour les sursp\u00e9cialistes dont il est question ci-dessus.<\/p>\n<p><strong><a id=\"when\"><\/a>Quand aura lieu l\u2019examen de m\u00e9decine interne g\u00e9n\u00e9rale?<\/strong><\/p>\n<p>Comme tous les examens de sursp\u00e9cialit\u00e9, l\u2019examen de m\u00e9decine interne g\u00e9n\u00e9rale aura lieu une fois l\u2019an, \u00e0 l\u2019automne. Le premier est pr\u00e9vu le 23 septembre 2014.<\/p>\n<p><a id=\"deadline2014\"><\/a><strong>Quelle est la date limite de candidature \u00e0 l\u2019examen du 23 septembre 2014?<\/strong><\/p>\n<p>Pour vous pr\u00e9senter au premier examen de m\u00e9decine interne g\u00e9n\u00e9rale qui aura lieu en septembre 2014, vous devez transmettre votre demande selon la route d\u2019\u00e9valuation par la pratique (REP) ou d\u2019\u00e9valuation pr\u00e9liminaire de la formation avant le 31 octobre 2013.<\/p>\n<p><strong><a id=\"futuredeadline\"><\/a>Quelle sera la date limite de candidature aux examens par la suite?<\/strong><\/p>\n<p>\u00c0 l\u2019avenir, la date limite de la demande selon la route d\u2019\u00e9valuation par la pratique ou de la demande d\u2019\u00e9valuation pr\u00e9liminaire de la formation sera le 31 ao\u00fbt de l\u2019ann\u00e9e pr\u00e9c\u00e9dant l\u2019ann\u00e9e de l\u2019examen auquel on souhaite se pr\u00e9senter. Sachez que la date limite du 31 octobre ne s\u2019applique qu\u2019en 2013.<\/p>\n<p><a id=\"howlong\"><\/a><strong>\u00c0 compter du moment o\u00f9 il est d\u00e9termin\u00e9 que je suis admissible \u00e0 l\u2019examen, de combien de temps est-ce que je dispose pour me pr\u00e9senter \u00e0 l\u2019examen?<\/strong><\/p>\n<p>Lorsque vous \u00eates jug\u00e9 admissible \u00e0 l\u2019examen de m\u00e9decine interne g\u00e9n\u00e9rale du CRMCC, vous avez trois ans pour vous pr\u00e9senter \u00e0 l\u2019examen.<\/p>\n<p><strong><a id=\"where\"><\/a>O\u00f9 se d\u00e9roulera l\u2019examen de m\u00e9decine interne g\u00e9n\u00e9rale?<\/strong><\/p>\n<p>L\u2019examen de m\u00e9decine interne g\u00e9n\u00e9rale se d\u00e9roulera dans neuf villes du Canada : Vancouver, Edmonton, Calgary, Winnipeg, Hamilton, Toronto, Ottawa, Montr\u00e9al et Halifax.<\/p>\n<p><a id=\"format\"><\/a><strong>Quelle est la forme de l\u2019examen de m\u00e9decine interne g\u00e9n\u00e9rale?<\/strong><\/p>\n<p>Il s\u2019agit d\u2019un examen \u00e9crit compos\u00e9 de questions \u00e0 r\u00e9ponse courte. L\u2019examen consiste en une seule \u00e9preuve de trois heures comprenant de 40 \u00e0 100 questions. Il n\u2019y a pas d\u2019\u00e9preuve orale, ni d\u2019examen clinique objectif structur\u00e9 (ECOS).<\/p>\n<p id=\"content\"><strong><a id=\"content\"><\/a>Quelles sont les mati\u00e8res et les comp\u00e9tences \u00e9valu\u00e9es par l\u2019examen de m\u00e9decine interne g\u00e9n\u00e9rale?<\/strong><\/p>\n<p>Tous les examens du Coll\u00e8ge royal \u00e9valuent les comp\u00e9tences dont il est question dans les objectifs de la formation. Les objectifs de la formation sursp\u00e9cialis\u00e9e en m\u00e9decine interne g\u00e9n\u00e9rale paraissent <a href=\"http:\/\/www.royalcollege.ca\/cs\/groups\/public\/documents\/document\/y2vk\/mdaw\/~edisp\/tztest3rcpsced000967.pdf\" target=\"_blank\" rel=\"noopener\">ici<\/a>.<\/p>\n<p>L\u2019examen repose principalement sur des cas qui sont, pour la plupart, inspir\u00e9s de cas r\u00e9els qui se pr\u00e9sentent dans la pratique d\u2019un interniste g\u00e9n\u00e9raliste. Les cas couvriront la vaste gamme de sujets de m\u00e9decine interne relevant de la m\u00e9decine interne fondamentale tout en mettant l\u2019accent sur les domaines de la m\u00e9decine p\u00e9riop\u00e9ratoire, des soins intensifs, des probl\u00e8mes m\u00e9dicaux durant la grossesse, des soins urgents et des soins tr\u00e8s urgents, de la pr\u00e9vention et de la prise en charge des maladies chroniques.<\/p>\n<p>Les questions sont con\u00e7ues pour \u00e9valuer les comp\u00e9tences cliniques rattach\u00e9es aux r\u00f4les CanMEDS et la capacit\u00e9 de r\u00e9soudre des probl\u00e8mes et de g\u00e9rer des cas en faisant appel \u00e0 des principes de soins, \u00e0 des habilet\u00e9s cognitives d\u2019ordre sup\u00e9rieur et \u00e0 un ensemble de comp\u00e9tences paracliniques. Les domaines et les comp\u00e9tences \u00e9valu\u00e9s comprennent la palliation, la th\u00e9rapeutique, la complexit\u00e9, l\u2019interpr\u00e9tation de donn\u00e9es, le professionnalisme, les syst\u00e8mes de soins de sant\u00e9, les techniques d\u2019intervention, et la soci\u00e9t\u00e9 et la sant\u00e9.<\/p>\n<p><a id=\"cost\"><\/a><strong>Combien en co\u00fbte-t-il de se pr\u00e9senter \u00e0 l\u2019examen de m\u00e9decine interne g\u00e9n\u00e9rale?<\/strong><\/p>\n<p>Interniste g\u00e9n\u00e9raliste en pratique : 830 $ pour la proc\u00e9dure selon la route d\u2019\u00e9valuation par la pratique (REP) pour les sursp\u00e9cialistes et 1 905 $ pour l\u2019examen, soit un total de 2 735 $.<\/p>\n<p>M\u00e9decin dipl\u00f4m\u00e9 d\u2019un programme de formation sursp\u00e9cialis\u00e9e de deux ans en m\u00e9decine interne g\u00e9n\u00e9rale agr\u00e9\u00e9 par le Coll\u00e8ge royal : 315 $ pour l\u2019\u00e9valuation pr\u00e9liminaire de la formation et 1 905 $ pour l\u2019examen, soit un total de 2 220 $.<\/p>\n<p><a id=\"maintain\"><\/a><strong>Qu\u2019est-ce que j\u2019aurai \u00e0 faire pour conserver mon certificat de m\u00e9decine interne g\u00e9n\u00e9rale?<\/strong><\/p>\n<p>Vous devez adh\u00e9rer au programme de Maintien du certificat du Coll\u00e8ge royal, c\u2019est-\u00e0-dire satisfaire les exigences des cycles de d\u00e9veloppement professionnel continu tous les cinq ans et ainsi conserver votre qualit\u00e9 de m\u00e9decin sursp\u00e9cialiste titulaire du certificat du Coll\u00e8ge royal en m\u00e9decine interne g\u00e9n\u00e9rale.<\/p>\n<p id=\"grandfathered\"><strong><a id=\"grandfathered\"><\/a>Puis-je acc\u00e9der \u00e0 la sursp\u00e9cialit\u00e9 de la m\u00e9decine interne g\u00e9n\u00e9rale en vertu d\u2019un \u00ab droit acquis \u00bb?<\/strong><\/p>\n<p id=\"grandfathered\">Non, le CRMCC a d\u00e9termin\u00e9 depuis longtemps que le m\u00e9decin ne peut acc\u00e9der \u00e0 une nouvelle sursp\u00e9cialit\u00e9 selon le principe de \u00ab droits acquis \u00bb. Le m\u00e9decin titulaire du certificat de formation sp\u00e9cialis\u00e9e en m\u00e9decine interne du CRMCC qui souhaite obtenir le certificat de formation sursp\u00e9cialis\u00e9e en m\u00e9decine interne g\u00e9n\u00e9rale du CRMCC doit absolument r\u00e9ussir l\u2019examen \u00e9crit de cette sursp\u00e9cialit\u00e9. Il n\u2019y a pas d\u2019exceptions \u00e0 la r\u00e8gle, qui s\u2019applique \u00e9galement aux membres du jury d\u2019examen de la sursp\u00e9cialit\u00e9 de m\u00e9decine interne g\u00e9n\u00e9rale.<\/p>\n<p><a id=\"gi\"><\/a><strong>Puis-je dire que je suis un \u00ab interniste g\u00e9n\u00e9raliste \u00bb m\u00eame si je ne me pr\u00e9sente pas \u00e0 l\u2019examen de m\u00e9decine interne g\u00e9n\u00e9rale?<\/strong><\/p>\n<p>Il n\u2019y a rien d\u2019officiel \u00e0 ce sujet. Ce qui est certain, c\u2019est que le m\u00e9decin qui n\u2019a pas r\u00e9ussi l\u2019examen de m\u00e9decine interne g\u00e9n\u00e9rale ne peut se dire titulaire du certificat de sursp\u00e9cialit\u00e9 du Coll\u00e8ge royal en m\u00e9decine interne g\u00e9n\u00e9rale.<\/p>\n<p><a id=\"sample\"><\/a><strong>O\u00f9 puis-je trouver des exemples de questions?<\/strong><\/p>\n<p>Des exemples de questions seront post\u00e9s sur le <a href=\"http:\/\/www.royalcollege.ca\/portal\/page\/portal\/rc\/public\" target=\"_blank\" rel=\"noopener\">site Web du Coll\u00e8ge Royal<\/a> en mars.<\/p>\n<p>[\/et_pb_text][\/et_pb_column][et_pb_column type=\u00a0\u00bb1_3&Prime;][et_pb_sidebar admin_label=\u00a0\u00bbSidebar\u00a0\u00bb orientation=\u00a0\u00bbright\u00a0\u00bb area=\u00a0\u00bbet_pb_widget_area_5&Prime; background_layout=\u00a0\u00bblight\u00a0\u00bb module_class=\u00a0\u00bbinner-sidebar\u00a0\u00bb \/][\/et_pb_column][\/et_pb_row][\/et_pb_section]<\/p>\n","protected":false},"excerpt":{"rendered":"<p><div class=\"et_pb_row et_pb_row_0 et_pb_row_empty\">\n\t\t\t\t\n\t\t\t\t\n\t\t\t\t\n\t\t\t\t\n\t\t\t\t\n\t\t\t<\/div> Foire Aux Questions &nbsp; Formation: Quels sont les objectifs de formation du nouveau programme de deux ans en m\u00e9decine interne g\u00e9n\u00e9rale? Quelles sont les exigences du programme de formation en m\u00e9decine interne g\u00e9n\u00e9rale? Quel est l\u2019examen pr\u00e9vu \u00e0 la fin de la formation en m\u00e9decine interne g\u00e9n\u00e9rale? Quelle est la proc\u00e9dure de demande d\u2019admission [&hellip;]<\/p>\n","protected":false},"author":2,"featured_media":0,"parent":462,"menu_order":2,"comment_status":"open","ping_status":"closed","template":"","meta":{"_et_pb_use_builder":"on","_et_pb_old_content":"","_et_gb_content_width":"","_monsterinsights_skip_tracking":false,"_monsterinsights_sitenote_active":false,"_monsterinsights_sitenote_note":"","_monsterinsights_sitenote_category":0,"footnotes":""},"class_list":["post-464","page","type-page","status-publish","hentry"],"_links":{"self":[{"href":"https:\/\/csim.ca\/fr\/wp-json\/wp\/v2\/pages\/464","targetHints":{"allow":["GET"]}}],"collection":[{"href":"https:\/\/csim.ca\/fr\/wp-json\/wp\/v2\/pages"}],"about":[{"href":"https:\/\/csim.ca\/fr\/wp-json\/wp\/v2\/types\/page"}],"author":[{"embeddable":true,"href":"https:\/\/csim.ca\/fr\/wp-json\/wp\/v2\/users\/2"}],"replies":[{"embeddable":true,"href":"https:\/\/csim.ca\/fr\/wp-json\/wp\/v2\/comments?post=464"}],"version-history":[{"count":5,"href":"https:\/\/csim.ca\/fr\/wp-json\/wp\/v2\/pages\/464\/revisions"}],"predecessor-version":[{"id":3604,"href":"https:\/\/csim.ca\/fr\/wp-json\/wp\/v2\/pages\/464\/revisions\/3604"}],"up":[{"embeddable":true,"href":"https:\/\/csim.ca\/fr\/wp-json\/wp\/v2\/pages\/462"}],"wp:attachment":[{"href":"https:\/\/csim.ca\/fr\/wp-json\/wp\/v2\/media?parent=464"}],"curies":[{"name":"wp","href":"https:\/\/api.w.org\/{rel}","templated":true}]}}