{"id":459,"date":"2015-02-27T00:50:13","date_gmt":"2015-02-27T05:50:13","guid":{"rendered":"http:\/\/csim.ca\/wp\/?page_id=459"},"modified":"2024-05-31T16:23:55","modified_gmt":"2024-05-31T20:23:55","slug":"joignez-vous-a-la-scmi","status":"publish","type":"page","link":"https:\/\/csim.ca\/fr\/adhesion\/joignez-vous-a-la-scmi\/","title":{"rendered":"Joignez-vous \u00e0 la SCMI"},"content":{"rendered":"<p>[et_pb_section fb_built=\u00a0\u00bb1&Prime; custom_padding_last_edited=\u00a0\u00bbon|desktop\u00a0\u00bb admin_label=\u00a0\u00bbsection\u00a0\u00bb module_class=\u00a0\u00bbhomecontent\u00a0\u00bb _builder_version=\u00a0\u00bb4.24.0&Prime; background_enable_color=\u00a0\u00bboff\u00a0\u00bb background_enable_image=\u00a0\u00bboff\u00a0\u00bb custom_padding_tablet=\u00a0\u00bb50px|0|50px|0&Prime; custom_padding_phone=\u00a0\u00bb\u00a0\u00bb custom_css_main_element=\u00a0\u00bbbackground-color:#f3f8fb;\u00a0\u00bb transparent_background=\u00a0\u00bbon\u00a0\u00bb padding_mobile=\u00a0\u00bboff\u00a0\u00bb make_fullwidth=\u00a0\u00bboff\u00a0\u00bb use_custom_width=\u00a0\u00bboff\u00a0\u00bb width_unit=\u00a0\u00bbon\u00a0\u00bb global_colors_info=\u00a0\u00bb{}\u00a0\u00bb][et_pb_row column_structure=\u00a0\u00bb3_4,1_4&Prime; padding_mobile=\u00a0\u00bbon\u00a0\u00bb column_padding_mobile=\u00a0\u00bbon\u00a0\u00bb custom_padding_last_edited=\u00a0\u00bbon|phone\u00a0\u00bb admin_label=\u00a0\u00bbrow\u00a0\u00bb module_class=\u00a0\u00bbmain-row-bg main-row\u00a0\u00bb _builder_version=\u00a0\u00bb4.16&Prime; background_size=\u00a0\u00bbinitial\u00a0\u00bb background_position=\u00a0\u00bbtop_left\u00a0\u00bb background_repeat=\u00a0\u00bbrepeat\u00a0\u00bb custom_padding=\u00a0\u00bb0px|0px|0px|0px\u00a0\u00bb custom_padding_tablet=\u00a0\u00bb\u00a0\u00bb custom_padding_phone=\u00a0\u00bb\u00a0\u00bb make_fullwidth=\u00a0\u00bboff\u00a0\u00bb use_custom_width=\u00a0\u00bboff\u00a0\u00bb width_unit=\u00a0\u00bbon\u00a0\u00bb global_colors_info=\u00a0\u00bb{}\u00a0\u00bb][et_pb_column type=\u00a0\u00bb3_4&Prime; _builder_version=\u00a0\u00bb4.16&Prime; custom_padding=\u00a0\u00bb25px|20px|25px|20px\u00a0\u00bb custom_padding_tablet=\u00a0\u00bb20px|20px|20px|20px\u00a0\u00bb custom_padding_phone=\u00a0\u00bb15px|10px|10px|10px\u00a0\u00bb custom_padding_last_edited=\u00a0\u00bbon|desktop\u00a0\u00bb custom_css_main_element=\u00a0\u00bbbackground-color:#fff;\u00a0\u00bb global_colors_info=\u00a0\u00bb{}\u00a0\u00bb custom_padding__hover=\u00a0\u00bb|||\u00a0\u00bb][et_pb_text admin_label=\u00a0\u00bbMain Content Area\u00a0\u00bb _builder_version=\u00a0\u00bb4.25.1&Prime; background_size=\u00a0\u00bbinitial\u00a0\u00bb background_position=\u00a0\u00bbtop_left\u00a0\u00bb background_repeat=\u00a0\u00bbrepeat\u00a0\u00bb hover_enabled=\u00a0\u00bb0&Prime; use_border_color=\u00a0\u00bboff\u00a0\u00bb border_color=\u00a0\u00bb#ffffff\u00a0\u00bb border_style=\u00a0\u00bbsolid\u00a0\u00bb global_colors_info=\u00a0\u00bb{}\u00a0\u00bb sticky_enabled=\u00a0\u00bb0&Prime;]<\/p>\n<h1>Joignez-vous \u00e0 la SCMI<\/h1>\n<p>La Soci\u00e9t\u00e9 canadienne de m\u00e9decine interne offre plusieurs options d\u2019adh\u00e9sion pour ceux qui d\u00e9sirent se joindre \u00e0 cette soci\u00e9t\u00e9 excitante.<\/p>\n<p>Veuillez consulter la page \u00ab <a href=\"\/fr\/adhesion\/\">Avantages au membres<\/a> \u00bb pour les avantages disponibles aux membres de la SCMI.<\/p>\n<div class=\"center\"><strong><a class=\"et_pb_more_button\" href=\"http:\/\/csim.wildapricot.org\/membership\" target=\"_blank\" rel=\"noopener noreferrer\">Cliquez ici pour completer le formulaire d&rsquo;adh\u00e9sion<br \/><\/a><\/strong><\/div>\n<p>&nbsp;<\/p>\n<h3><a href=\"http:\/\/csim.wildapricot.org\/membership\">Cat\u00e9gorie des membres de plein droit <\/a> &#8211; 340 $ + taxes \/ ann\u00e9e<\/h3>\n<p>Le membre de plein droit est un m\u00e9decin titulaire du certificat en m\u00e9decine interne d\u00e9livr\u00e9 par Le Coll\u00e8ge des m\u00e9decins et chirurgiens du Canada, par le Coll\u00e8ge des m\u00e9decins du Qu\u00e9bec ou par un organisme homologue jug\u00e9 acceptable par le Conseil d\u2019administration, dont la demande d\u2019adh\u00e9sion a \u00e9t\u00e9 ent\u00e9rin\u00e9e par le Conseil d\u2019administration de la SCMI.<\/p>\n<h3><a href=\"http:\/\/csim.wildapricot.org\/membership\">Cat\u00e9gorie des m\u00e9decins r\u00e9sidents<\/a> &#8211; Gratuit<\/h3>\n<p>Le m\u00e9decin r\u00e9sident membre est un m\u00e9decin inscrit \u00e0 un programme de r\u00e9sidence en m\u00e9decine interne agr\u00e9\u00e9 par Le Coll\u00e8ge royal des m\u00e9decins et chirurgiens du Canada, par le Coll\u00e8ge des m\u00e9decins du Qu\u00e9bec ou par un organisme homologue jug\u00e9 acceptable par le Conseil d\u2019administration, dont la demande d\u2019adh\u00e9sion \u00e0 titre de membre associ\u00e9 a \u00e9t\u00e9 ent\u00e9rin\u00e9e par le Conseil d\u2019administration de la SCMI. Le m\u00e9decin r\u00e9sident demeure membre de cette cat\u00e9gorie pendant sa formation, y compris durant les stages. Le m\u00e9decin r\u00e9sident membre jouit des droits et privil\u00e8ges du membre de plein droit \u00e0 l\u2019exception du droit de vote \u00e0 l\u2019\u00e9lection des membres du conseil d\u2019administration et des administrateurs ou \u00e0 toute autre occasion o\u00f9 la d\u00e9cision doit \u00eatre prise par scrutin selon le r\u00e8glement interne de la Soci\u00e9t\u00e9.<\/p>\n<h3><a href=\"http:\/\/csim.wildapricot.org\/membership\">Cat\u00e9gorie des \u00e9tudiants en m\u00e9decine<\/a> &#8211; Gratuit<\/h3>\n<p>Cette cat\u00e9gorie est r\u00e9serv\u00e9e aux \u00e9tudiants en m\u00e9decine inscrits \u00e0 une facult\u00e9 de m\u00e9decine canadienne dont le programme d\u2019\u00e9tudes est agr\u00e9\u00e9 par le Comit\u00e9 d\u2019agr\u00e9ment des facult\u00e9s de m\u00e9decine du Canada et le Comit\u00e9 de liaison sur l\u2019\u00e9ducation m\u00e9dicale ou par un organisme homologue jug\u00e9 acceptable par le Conseil d\u2019administration, et dont la demande d\u2019adh\u00e9sion est appuy\u00e9e par un membre de plein droit en r\u00e8gle. Le membre \u00e9tudiant en m\u00e9decine jouit des droits et privil\u00e8ges du membre de plein droit, \u00e0 l\u2019exception du droit de vote, et il n\u2019est pas \u00e9ligible \u00e0 un poste au Conseil d\u2019administration.<\/p>\n<h3><a href=\"http:\/\/csim.wildapricot.org\/membership\">Cat\u00e9gorie des professionnels param\u00e9dicaux<\/a> &#8211; 75 $ + taxes \/ ann\u00e9e<\/h3>\n<p>Cette cat\u00e9gorie regroupe les professionnels param\u00e9dicaux exer\u00e7ant dans le domaine de la m\u00e9decine interne g\u00e9n\u00e9rale; ce sont des infirmiers ou infirmi\u00e8res, des techniciens, des \u00e9ducateurs en mati\u00e8re de sant\u00e9, par exemple. Le professionnel param\u00e9dical membre jouit des droits et privil\u00e8ges du membre de plein droit, \u00e0 l\u2019exception du droit de vote, et il n\u2019est pas \u00e9ligible \u00e0 un poste au Conseil d\u2019administration.<\/p>\n<h3><a href=\"http:\/\/csim.wildapricot.org\/membership\">Cat\u00e9gorie des membres associ\u00e9s<\/a> &#8211; 150 $ + taxes \/ ann\u00e9e<\/h3>\n<p>Cette cat\u00e9gorie rassemble des m\u00e9decins manifestant un int\u00e9r\u00eat pour la m\u00e9decine interne g\u00e9n\u00e9rale, mais qui ne sont pas titulaires du certificat en m\u00e9decine interne d\u00e9livr\u00e9 par Le Coll\u00e8ge royal des m\u00e9decins et chirurgiens du Canada ou le Coll\u00e8ge des m\u00e9decins du Qu\u00e9bec; ce sont des m\u00e9decins de famille ou des hospitalistes (m\u00e9decins exer\u00e7ant exclusivement en milieu hospitalier), par exemple. Le m\u00e9decin membre associ\u00e9 jouit des droits et privil\u00e8ges du membre de plein droit, \u00e0 l\u2019exception du droit de vote, et il n\u2019est pas \u00e9ligible \u00e0 un poste au Conseil d\u2019administration.<\/p>\n<h3>Cat\u00e9gories des membres \u00e9m\u00e9rites<\/h3>\n<p>Cette cat\u00e9gorie regroupe des m\u00e9decins retrait\u00e9s, membres de la Soci\u00e9t\u00e9 pendant cinq (5) ans. Le membre \u00e9m\u00e9rite est exempt\u00e9 de l\u2019obligation de s\u2019acquitter d\u2019une cotisation annuelle et il jouit des avantages et des privil\u00e8ges accord\u00e9s au membre de plein droit, mais il n\u2019a pas le droit de vote.<\/p>\n<p>&nbsp;<\/p>\n<p>Pour obtenir plus de renseignements sur l\u2019adh\u00e9sion \u00e0 la Soci\u00e9t\u00e9 canadienne de m\u00e9decine interne (SCMI), veuillez communiquer avec le secr\u00e9tariat de la SCMI par courriel \u00e0 <a href=\"mailto:info@csim.ca\">info@csim.ca<\/a> ou par t\u00e9l\u00e9phone au 613-422-5977.<\/p>\n<p>&nbsp;<\/p>\n<p>[\/et_pb_text][\/et_pb_column][et_pb_column type=\u00a0\u00bb1_4&Prime; module_class=\u00a0\u00bbhome-widget\u00a0\u00bb disabled_on=\u00a0\u00bbon|on|off\u00a0\u00bb _builder_version=\u00a0\u00bb4.16&Prime; background_color=\u00a0\u00bb#f6f8fb\u00a0\u00bb custom_padding=\u00a0\u00bb25px||10px|\u00a0\u00bb custom_padding_tablet=\u00a0\u00bb20px|10px|10px|10px\u00a0\u00bb custom_padding_phone=\u00a0\u00bb\u00a0\u00bb custom_padding_last_edited=\u00a0\u00bbon|phone\u00a0\u00bb custom_css_main_element=\u00a0\u00bbbackground-color:#f6f8fb;\u00a0\u00bb global_colors_info=\u00a0\u00bb{}\u00a0\u00bb custom_padding__hover=\u00a0\u00bb|||\u00a0\u00bb][et_pb_sidebar orientation=\u00a0\u00bbright\u00a0\u00bb area=\u00a0\u00bbet_pb_widget_area_10&Prime; admin_label=\u00a0\u00bbInner Sidebar 1&Prime; module_class=\u00a0\u00bbinner-sidebar\u00a0\u00bb _builder_version=\u00a0\u00bb4.16&Prime; remove_border=\u00a0\u00bboff\u00a0\u00bb global_colors_info=\u00a0\u00bb{}\u00a0\u00bb]&nbsp;<br \/>\n[\/et_pb_sidebar][\/et_pb_column][\/et_pb_row][et_pb_row column_structure=\u00a0\u00bb1_3,2_3&Prime; disabled_on=\u00a0\u00bboff|off|on\u00a0\u00bb _builder_version=\u00a0\u00bb4.16&Prime; _module_preset=\u00a0\u00bbdefault\u00a0\u00bb global_colors_info=\u00a0\u00bb{}\u00a0\u00bb][et_pb_column type=\u00a0\u00bb1_3&Prime; _builder_version=\u00a0\u00bb4.16&Prime; _module_preset=\u00a0\u00bbdefault\u00a0\u00bb global_colors_info=\u00a0\u00bb{}\u00a0\u00bb][et_pb_sidebar orientation=\u00a0\u00bbright\u00a0\u00bb area=\u00a0\u00bbet_pb_widget_area_10&Prime; admin_label=\u00a0\u00bbInner Sidebar 1&Prime; module_class=\u00a0\u00bbinner-sidebar\u00a0\u00bb _builder_version=\u00a0\u00bb4.16&Prime; remove_border=\u00a0\u00bboff\u00a0\u00bb global_colors_info=\u00a0\u00bb{}\u00a0\u00bb]&nbsp;<br \/>\n[\/et_pb_sidebar][\/et_pb_column][et_pb_column type=\u00a0\u00bb2_3&Prime; _builder_version=\u00a0\u00bb4.16&Prime; _module_preset=\u00a0\u00bbdefault\u00a0\u00bb global_colors_info=\u00a0\u00bb{}\u00a0\u00bb][\/et_pb_column][\/et_pb_row][\/et_pb_section]<\/p>\n","protected":false},"excerpt":{"rendered":"<p>Joignez-vous \u00e0 la SCMI La Soci\u00e9t\u00e9 canadienne de m\u00e9decine interne offre plusieurs options d\u2019adh\u00e9sion pour ceux qui d\u00e9sirent se joindre \u00e0 cette soci\u00e9t\u00e9 excitante. Veuillez consulter la page \u00ab Avantages au membres \u00bb pour les avantages disponibles aux membres de la SCMI. Cliquez ici pour completer le formulaire d&rsquo;adh\u00e9sion &nbsp; Cat\u00e9gorie des membres de plein [&hellip;]<\/p>\n","protected":false},"author":2,"featured_media":0,"parent":457,"menu_order":2,"comment_status":"open","ping_status":"closed","template":"","meta":{"_et_pb_use_builder":"on","_et_pb_old_content":"","_et_gb_content_width":"","_monsterinsights_skip_tracking":false,"_monsterinsights_sitenote_active":false,"_monsterinsights_sitenote_note":"","_monsterinsights_sitenote_category":0,"footnotes":""},"class_list":["post-459","page","type-page","status-publish","hentry"],"_links":{"self":[{"href":"https:\/\/csim.ca\/fr\/wp-json\/wp\/v2\/pages\/459","targetHints":{"allow":["GET"]}}],"collection":[{"href":"https:\/\/csim.ca\/fr\/wp-json\/wp\/v2\/pages"}],"about":[{"href":"https:\/\/csim.ca\/fr\/wp-json\/wp\/v2\/types\/page"}],"author":[{"embeddable":true,"href":"https:\/\/csim.ca\/fr\/wp-json\/wp\/v2\/users\/2"}],"replies":[{"embeddable":true,"href":"https:\/\/csim.ca\/fr\/wp-json\/wp\/v2\/comments?post=459"}],"version-history":[{"count":3,"href":"https:\/\/csim.ca\/fr\/wp-json\/wp\/v2\/pages\/459\/revisions"}],"predecessor-version":[{"id":19606,"href":"https:\/\/csim.ca\/fr\/wp-json\/wp\/v2\/pages\/459\/revisions\/19606"}],"up":[{"embeddable":true,"href":"https:\/\/csim.ca\/fr\/wp-json\/wp\/v2\/pages\/457"}],"wp:attachment":[{"href":"https:\/\/csim.ca\/fr\/wp-json\/wp\/v2\/media?parent=459"}],"curies":[{"name":"wp","href":"https:\/\/api.w.org\/{rel}","templated":true}]}}