{"id":446,"date":"2015-02-26T23:47:22","date_gmt":"2015-02-27T04:47:22","guid":{"rendered":"http:\/\/csim.ca\/wp\/?page_id=446"},"modified":"2025-01-17T13:53:02","modified_gmt":"2025-01-17T18:53:02","slug":"activites-education","status":"publish","type":"page","link":"https:\/\/csim.ca\/fr\/education-mdc\/activites-education\/","title":{"rendered":"Programmes \u00e9ducatifs agr\u00e9\u00e9s au titre du Maintien du certificat"},"content":{"rendered":"<p>[et_pb_section fb_built=\u00a0\u00bb1&Prime; custom_padding_last_edited=\u00a0\u00bbon|desktop\u00a0\u00bb admin_label=\u00a0\u00bbsection\u00a0\u00bb module_class=\u00a0\u00bbhomecontent\u00a0\u00bb _builder_version=\u00a0\u00bb4.24.0&Prime; background_enable_color=\u00a0\u00bboff\u00a0\u00bb background_enable_image=\u00a0\u00bboff\u00a0\u00bb custom_padding_tablet=\u00a0\u00bb50px|0|50px|0&Prime; custom_padding_phone=\u00a0\u00bb\u00a0\u00bb custom_css_main_element=\u00a0\u00bbbackground-color:#f3f8fb;\u00a0\u00bb transparent_background=\u00a0\u00bbon\u00a0\u00bb padding_mobile=\u00a0\u00bboff\u00a0\u00bb make_fullwidth=\u00a0\u00bboff\u00a0\u00bb use_custom_width=\u00a0\u00bboff\u00a0\u00bb width_unit=\u00a0\u00bbon\u00a0\u00bb global_colors_info=\u00a0\u00bb{}\u00a0\u00bb][et_pb_row padding_mobile=\u00a0\u00bbon\u00a0\u00bb column_padding_mobile=\u00a0\u00bbon\u00a0\u00bb custom_padding_last_edited=\u00a0\u00bbon|phone\u00a0\u00bb disabled_on=\u00a0\u00bbon|on|off\u00a0\u00bb admin_label=\u00a0\u00bbrow\u00a0\u00bb module_class=\u00a0\u00bbmain-row-bg main-row\u00a0\u00bb _builder_version=\u00a0\u00bb4.23.1&Prime; background_size=\u00a0\u00bbinitial\u00a0\u00bb background_position=\u00a0\u00bbtop_left\u00a0\u00bb background_repeat=\u00a0\u00bbrepeat\u00a0\u00bb custom_padding=\u00a0\u00bb0px|0px|0px|0px\u00a0\u00bb custom_padding_tablet=\u00a0\u00bb\u00a0\u00bb custom_padding_phone=\u00a0\u00bb\u00a0\u00bb make_fullwidth=\u00a0\u00bboff\u00a0\u00bb use_custom_width=\u00a0\u00bboff\u00a0\u00bb width_unit=\u00a0\u00bbon\u00a0\u00bb global_colors_info=\u00a0\u00bb{}\u00a0\u00bb][et_pb_column type=\u00a0\u00bb4_4&Prime; _builder_version=\u00a0\u00bb4.16&Prime; custom_padding=\u00a0\u00bb25px|20px|25px|20px\u00a0\u00bb custom_padding_tablet=\u00a0\u00bb20px|20px|20px|20px\u00a0\u00bb custom_padding_phone=\u00a0\u00bb15px|10px|10px|10px\u00a0\u00bb custom_padding_last_edited=\u00a0\u00bbon|desktop\u00a0\u00bb custom_css_main_element=\u00a0\u00bbbackground-color:#fff;\u00a0\u00bb global_colors_info=\u00a0\u00bb{}\u00a0\u00bb custom_padding__hover=\u00a0\u00bb|||\u00a0\u00bb][et_pb_text admin_label=\u00a0\u00bbMain Content Area\u00a0\u00bb _builder_version=\u00a0\u00bb4.27.4&Prime; background_size=\u00a0\u00bbinitial\u00a0\u00bb background_position=\u00a0\u00bbtop_left\u00a0\u00bb background_repeat=\u00a0\u00bbrepeat\u00a0\u00bb hover_enabled=\u00a0\u00bb0&Prime; use_border_color=\u00a0\u00bboff\u00a0\u00bb border_color=\u00a0\u00bb#ffffff\u00a0\u00bb border_style=\u00a0\u00bbsolid\u00a0\u00bb global_colors_info=\u00a0\u00bb{}\u00a0\u00bb sticky_enabled=\u00a0\u00bb0&Prime;]<\/p>\n<h1>Programmes \u00e9ducatifs agr\u00e9\u00e9s par la SCMI au titre du Maintien du certificat<\/h1>\n<h2>2024<\/h2>\n<ul>\n<li>S\u00e9minaire de vasculite, tenue \u00e0 Montr\u00e9al (QC) et virtuellement le 3 mai 2024<\/li>\n<li>Geriatric Psychiatry Online Course, held virtually, February to June 2024<\/li>\n<li>Choosing Wisely Canada&rsquo;s National Meeting, held in Montreal, QC, April 15-16, 2024<\/li>\n<li>Ontario Rheumatology Association &#8211; Annual Scientific Meeting (2024), held in King City, ON, May 24-26, 2024<\/li>\n<li>Update on Principles and Practice of Mechanical Ventilation Workshop, held in Toronto, ON, June 7, 2024<\/li>\n<li>Canadian Critical Care Review (CCCR), held in Toronto, ON, June 8-9, 2024<\/li>\n<li>ACP MKSAP (2024), held virtually, February 2025 to 2028<\/li>\n<li>APPNA Canada Conference 2024, held in Calgary, AB, August 17, 2024<\/li>\n<li>CAGP-CCSMH Annual Scientific Meeting, held in Vancouver, BC, September 27-28, 2024<\/li>\n<li>CARO Annual Scientific Meeting: Preparing for the Future: Resilience of Self and System, held in Vancouver, BC, September 11-14, 2024<\/li>\n<li>Annual General Meeting Canadian Apheresis Group, held in Toronto, ON, October 4-6, 2024<\/li>\n<li>Canadian League Against Epilepsy 2024 Annual Scientific Meeting, held in Montreal, QC, October 25-27, 2024<\/li>\n<li>BC Cancer Gynecologic Oncology Scope of Practice Symposium, held in Vancouver, BC, October 18-19, 2024<\/li>\n<li>Canadian Hospital at Home Conference, held in Canmore, AB and virtually, November 13, 2024<\/li>\n<li>2024 MMAC Education Conference, held in Toronto, ON, October 12-13, 2024<\/li>\n<\/ul>\n<h2>2023<\/h2>\n<ul>\n<li><em>Geriatric Psychiatry Online Course, held virtually, January 31, 2023 to May 12, 2023<\/em><\/li>\n<li><em>Regional Cardiology Update &#8211; 2023, held March 22, 2023 in Orillia, ON<\/em><\/li>\n<li><em>Ontario Rheumatology Association &#8211; Annual Scientific Meeting (2023), held May 26-28, 2023 in King City, ON<\/em><\/li>\n<li><em>Canadian Apheresis Group 2023 Annual General Meeting, held September 15-17, 2023 in Montreal, QC<\/em><\/li>\n<li><em>CAGP-CCSMH 2023 Annual Scientific Meeting, held September 29-30, 2023 in St. John&rsquo;s, NL<\/em><\/li>\n<li><em>ACP Alberta Chapter \/ CSIM POCUS Webinar series: Cases that Changed Management, held virtually, September 6, 2023<\/em><\/li>\n<li><em>Canadian League Against Epilepsy 2023 Annual Scientific Meeting, held October 13-15, 2023 in Charlottetown, PEI<\/em><\/li>\n<li><em>Managing the Hospitalized Oncology Patient &#8211; Updates and Clinical Pearls for the Internist, held virtually, November 2, 2023<\/em><\/li>\n<li><em>ACP Ontario 2023 Annual Scientific Meeting\u00a0 and Simulation Lab, held November 3-4, 2023 in Niagara Falls, ON<\/em><\/li>\n<li><em>Regional Diabetes Update &#8211; 2023, held November 8, 2023 in Orillia, ON<\/em><\/li>\n<li><em>ACP Alberta Chapter \/ CSIM POCUS Webinar series: Multiple Faces of Pleural Effusions, held virtually, October 25, 2023<\/em><\/li>\n<li><em>ACP Alberta Chapter \/ CSIM POCUS Webinar series: Common Fake Outs in POCUS , held virtually, November 8, 2023<\/em><\/li>\n<\/ul>\n<h2>2022<\/h2>\n<ul>\n<li><em>Ontario Rheumatology Association Annual Scientific Meeting 2022, held May 28 to May 29, 2022 in London, Ontario<\/em><\/li>\n<li><em>Hope for the Future, held online from May 13 to May 14, 2022<\/em><\/li>\n<li><em>Canadian Apheresis Group Annual General Meeting, held October 21 to October 23, 2022 in Toronto, Ontario<\/em><\/li>\n<li><em>ACP Ontario Chapter Annual Meeting, held November 11 to November 12, 2022 in Toronto, Ontario<\/em><\/li>\n<\/ul>\n<p>[\/et_pb_text][\/et_pb_column][\/et_pb_row][et_pb_row column_structure=\u00a0\u00bb1_3,2_3&Prime; disabled_on=\u00a0\u00bboff|off|on\u00a0\u00bb _builder_version=\u00a0\u00bb4.16&Prime; _module_preset=\u00a0\u00bbdefault\u00a0\u00bb global_colors_info=\u00a0\u00bb{}\u00a0\u00bb][et_pb_column type=\u00a0\u00bb1_3&Prime; _builder_version=\u00a0\u00bb4.16&Prime; _module_preset=\u00a0\u00bbdefault\u00a0\u00bb global_colors_info=\u00a0\u00bb{}\u00a0\u00bb][et_pb_sidebar orientation=\u00a0\u00bbright\u00a0\u00bb area=\u00a0\u00bbet_pb_widget_area_9&Prime; admin_label=\u00a0\u00bbInner Sidebar 1&Prime; module_class=\u00a0\u00bbinner-sidebar\u00a0\u00bb _builder_version=\u00a0\u00bb4.16&Prime; remove_border=\u00a0\u00bboff\u00a0\u00bb global_colors_info=\u00a0\u00bb{}\u00a0\u00bb]&nbsp;<br \/>\n[\/et_pb_sidebar][\/et_pb_column][et_pb_column type=\u00a0\u00bb2_3&Prime; _builder_version=\u00a0\u00bb4.16&Prime; _module_preset=\u00a0\u00bbdefault\u00a0\u00bb global_colors_info=\u00a0\u00bb{}\u00a0\u00bb][\/et_pb_column][\/et_pb_row][\/et_pb_section]<\/p>\n","protected":false},"excerpt":{"rendered":"<p>Programmes \u00e9ducatifs agr\u00e9\u00e9s par la SCMI au titre du Maintien du certificat 2024 S\u00e9minaire de vasculite, tenue \u00e0 Montr\u00e9al (QC) et virtuellement le 3 mai 2024 Geriatric Psychiatry Online Course, held virtually, February to June 2024 Choosing Wisely Canada&rsquo;s National Meeting, held in Montreal, QC, April 15-16, 2024 Ontario Rheumatology Association &#8211; Annual Scientific Meeting [&hellip;]<\/p>\n","protected":false},"author":2,"featured_media":0,"parent":441,"menu_order":3,"comment_status":"open","ping_status":"closed","template":"","meta":{"_et_pb_use_builder":"on","_et_pb_old_content":"","_et_gb_content_width":"","_monsterinsights_skip_tracking":false,"_monsterinsights_sitenote_active":false,"_monsterinsights_sitenote_note":"","_monsterinsights_sitenote_category":0,"footnotes":""},"class_list":["post-446","page","type-page","status-publish","hentry"],"_links":{"self":[{"href":"https:\/\/csim.ca\/fr\/wp-json\/wp\/v2\/pages\/446","targetHints":{"allow":["GET"]}}],"collection":[{"href":"https:\/\/csim.ca\/fr\/wp-json\/wp\/v2\/pages"}],"about":[{"href":"https:\/\/csim.ca\/fr\/wp-json\/wp\/v2\/types\/page"}],"author":[{"embeddable":true,"href":"https:\/\/csim.ca\/fr\/wp-json\/wp\/v2\/users\/2"}],"replies":[{"embeddable":true,"href":"https:\/\/csim.ca\/fr\/wp-json\/wp\/v2\/comments?post=446"}],"version-history":[{"count":2,"href":"https:\/\/csim.ca\/fr\/wp-json\/wp\/v2\/pages\/446\/revisions"}],"predecessor-version":[{"id":20913,"href":"https:\/\/csim.ca\/fr\/wp-json\/wp\/v2\/pages\/446\/revisions\/20913"}],"up":[{"embeddable":true,"href":"https:\/\/csim.ca\/fr\/wp-json\/wp\/v2\/pages\/441"}],"wp:attachment":[{"href":"https:\/\/csim.ca\/fr\/wp-json\/wp\/v2\/media?parent=446"}],"curies":[{"name":"wp","href":"https:\/\/api.w.org\/{rel}","templated":true}]}}