{"id":444,"date":"2015-02-26T23:39:04","date_gmt":"2015-02-27T04:39:04","guid":{"rendered":"http:\/\/csim.ca\/wp\/?page_id=444"},"modified":"2024-03-06T13:58:28","modified_gmt":"2024-03-06T18:58:28","slug":"csim-cme-cpd-mission-statement-fr","status":"publish","type":"page","link":"https:\/\/csim.ca\/fr\/education-mdc\/csim-cme-cpd-mission-statement-fr\/","title":{"rendered":"\u00c9nonc\u00e9 de Mission DPC\/FMC de la SCMI"},"content":{"rendered":"<p>[et_pb_section fb_built=\u00a0\u00bb1&Prime; custom_padding_last_edited=\u00a0\u00bbon|desktop\u00a0\u00bb admin_label=\u00a0\u00bbsection\u00a0\u00bb module_class=\u00a0\u00bbhomecontent\u00a0\u00bb _builder_version=\u00a0\u00bb4.24.0&Prime; custom_padding_tablet=\u00a0\u00bb50px|0|50px|0&Prime; custom_padding_phone=\u00a0\u00bb\u00a0\u00bb hover_enabled=\u00a0\u00bb0&Prime; custom_css_main_element=\u00a0\u00bbbackground-color:#f3f8fb;\u00a0\u00bb transparent_background=\u00a0\u00bbon\u00a0\u00bb padding_mobile=\u00a0\u00bboff\u00a0\u00bb make_fullwidth=\u00a0\u00bboff\u00a0\u00bb use_custom_width=\u00a0\u00bboff\u00a0\u00bb width_unit=\u00a0\u00bbon\u00a0\u00bb global_colors_info=\u00a0\u00bb{}\u00a0\u00bb background_enable_image=\u00a0\u00bboff\u00a0\u00bb background_enable_color=\u00a0\u00bboff\u00a0\u00bb sticky_enabled=\u00a0\u00bb0&Prime;][et_pb_row column_structure=\u00a0\u00bb3_4,1_4&Prime; padding_mobile=\u00a0\u00bbon\u00a0\u00bb column_padding_mobile=\u00a0\u00bbon\u00a0\u00bb custom_padding_last_edited=\u00a0\u00bbon|phone\u00a0\u00bb disabled_on=\u00a0\u00bbon|on|off\u00a0\u00bb admin_label=\u00a0\u00bbrow\u00a0\u00bb module_class=\u00a0\u00bbmain-row-bg main-row\u00a0\u00bb _builder_version=\u00a0\u00bb4.24.0&Prime; background_size=\u00a0\u00bbinitial\u00a0\u00bb background_position=\u00a0\u00bbtop_left\u00a0\u00bb background_repeat=\u00a0\u00bbrepeat\u00a0\u00bb custom_padding=\u00a0\u00bb0px|0px|0px|0px\u00a0\u00bb custom_padding_tablet=\u00a0\u00bb\u00a0\u00bb custom_padding_phone=\u00a0\u00bb\u00a0\u00bb hover_enabled=\u00a0\u00bb0&Prime; make_fullwidth=\u00a0\u00bboff\u00a0\u00bb use_custom_width=\u00a0\u00bboff\u00a0\u00bb width_unit=\u00a0\u00bbon\u00a0\u00bb global_colors_info=\u00a0\u00bb{}\u00a0\u00bb sticky_enabled=\u00a0\u00bb0&Prime;][et_pb_column type=\u00a0\u00bb3_4&Prime; _builder_version=\u00a0\u00bb4.16&Prime; custom_padding=\u00a0\u00bb25px|20px|25px|20px\u00a0\u00bb custom_padding_tablet=\u00a0\u00bb20px|20px|20px|20px\u00a0\u00bb custom_padding_phone=\u00a0\u00bb15px|10px|10px|10px\u00a0\u00bb custom_padding_last_edited=\u00a0\u00bbon|desktop\u00a0\u00bb custom_css_main_element=\u00a0\u00bbbackground-color:#fff;\u00a0\u00bb global_colors_info=\u00a0\u00bb{}\u00a0\u00bb custom_padding__hover=\u00a0\u00bb|||\u00a0\u00bb][et_pb_text admin_label=\u00a0\u00bbMain Content Area\u00a0\u00bb _builder_version=\u00a0\u00bb4.16&Prime; background_size=\u00a0\u00bbinitial\u00a0\u00bb background_position=\u00a0\u00bbtop_left\u00a0\u00bb background_repeat=\u00a0\u00bbrepeat\u00a0\u00bb global_colors_info=\u00a0\u00bb{}\u00a0\u00bb]<\/p>\n<h1>\u00c9nonc\u00e9 de Mission DPC\/FMC de la SCMI<\/h1>\n<h2>PR\u00c9AMBULE<\/h2>\n<p>Les buts du sous-comit\u00e9 du d\u00e9veloppement professionnel continu (DPC) de la Soci\u00e9t\u00e9 canadienne de m\u00e9decine interne (SCMI) consistent \u00e0 offrir des activit\u00e9s de DPC fond\u00e9es sur des donn\u00e9es probantes, interactives, con\u00e7ues en fonction des besoins du public cible, \u00e0 examiner et \u00e0 agr\u00e9er des activit\u00e9s de DPC \u00e9labor\u00e9es par des organisations m\u00e9dicales conform\u00e9ment aux crit\u00e8res d\u00e9termin\u00e9s par le Bureau du d\u00e9veloppement professionnel continu du Coll\u00e8ge royal des m\u00e9decins et chirurgiens du Canada (CRMCC), \u00e0 participer \u00e0 la conception d\u2019activit\u00e9s de DPC mises sur pied par des organisations non m\u00e9dicales et \u00e0 faire preuve d\u2019innovation dans le domaine du DPC dans le choix des m\u00e9thodes d\u2019\u00e9valuation des besoins en apprentissage et d\u2019\u00e9valuation des activit\u00e9s de DPC. Ces buts sont pr\u00e9cis\u00e9s ci-apr\u00e8s.<\/p>\n<h2>\u00c9valuation des besoins<\/h2>\n<p>\u00c9valuer l\u2019ensemble des besoins, per\u00e7us et non per\u00e7us, du public cible en consultant les membres du comit\u00e9 du congr\u00e8s annuel et du comit\u00e9 de l\u2019\u00e9ducation et en s\u2019inspirant des r\u00e9sultats de l\u2019\u00e9valuation de congr\u00e8s pass\u00e9s, de bases de donn\u00e9es administratives, de lignes directrices de pratique clinique, de sondages et des r\u00e9sultats de v\u00e9rifications de la pratique.<\/p>\n<h2>D\u00e9termination des objectifs d\u2019apprentissage<\/h2>\n<p>Formuler des objectifs d\u2019apprentissage pr\u00e9cisant les connaissances, les comp\u00e9tences et les attitudes qu\u2019acquerront ou perfectionneront les participants; les objectifs sont d\u00e9termin\u00e9s en fonction des besoins en apprentissage.<\/p>\n<h2>Planification et organisation<\/h2>\n<p>Choisir la formule appropri\u00e9e (aper\u00e7u, vignette, s\u00e9ance pl\u00e9ni\u00e8re, atelier, table ronde, symposium satellite, simulation). D\u00e9terminer les th\u00e8mes, s\u00e9lectionner les conf\u00e9renciers et les animateurs. Choisir le lieu, r\u00e9server les salles et l\u2019\u00e9quipement audiovisuel.<\/p>\n<h2>\u00c9valuation<\/h2>\n<p>\u00c9valuer ce que nous avons fait, l\u2019influence que les activit\u00e9s de DPC ont sur l\u2019apprentissage et le rendement des m\u00e9decins, sur la sant\u00e9 des patients et des collectivit\u00e9s, \u00e0 l\u2019aide de questionnaires et de v\u00e9rifications de la pratique le cas \u00e9ch\u00e9ant.<\/p>\n<h2>Public cible<\/h2>\n<ul>\n<li>Les membres de la SCMI.<\/li>\n<li>Les m\u00e9decins sp\u00e9cialistes en m\u00e9decine interne et les m\u00e9decins sursp\u00e9cialistes en m\u00e9decine interne g\u00e9n\u00e9rale au Canada.<\/li>\n<li>Les m\u00e9decins titulaires du certificat de m\u00e9decine interne et sursp\u00e9cialistes dans d\u2019autres domaines qui souhaitent perfectionner leurs connaissances et leurs habilet\u00e9s en m\u00e9decine interne g\u00e9n\u00e9rale.<\/li>\n<li>Les m\u00e9decins sp\u00e9cialistes souhaitant mettre \u00e0 jour ou perfectionner leurs connaissances dans la discipline de la m\u00e9decine interne g\u00e9n\u00e9rale.<\/li>\n<\/ul>\n<h2>R\u00e9sum\u00e9<\/h2>\n<p>Le comit\u00e9 entend aller au-del\u00e0 de la simple transmission d\u2019information. Par le perfectionnement des connaissances, des comp\u00e9tences et des attitudes, il entend exercer une influence durable sur les cliniciens d\u2019aujourd\u2019hui et ceux de demain, combler l\u2019\u00e9cart entre la th\u00e9orie et la pratique et am\u00e9liorer la sant\u00e9 des patients et de tous les Canadiens.<\/p>\n<p>[\/et_pb_text][\/et_pb_column][et_pb_column type=\u00a0\u00bb1_4&Prime; module_class=\u00a0\u00bbhome-widget\u00a0\u00bb _builder_version=\u00a0\u00bb4.16&Prime; background_color=\u00a0\u00bb#f6f8fb\u00a0\u00bb custom_padding=\u00a0\u00bb25px||10px|\u00a0\u00bb custom_padding_tablet=\u00a0\u00bb20px|10px|10px|10px\u00a0\u00bb custom_padding_phone=\u00a0\u00bb\u00a0\u00bb custom_padding_last_edited=\u00a0\u00bbon|phone\u00a0\u00bb custom_css_main_element=\u00a0\u00bbbackground-color:#f6f8fb;\u00a0\u00bb global_colors_info=\u00a0\u00bb{}\u00a0\u00bb custom_padding__hover=\u00a0\u00bb|||\u00a0\u00bb][et_pb_sidebar orientation=\u00a0\u00bbright\u00a0\u00bb area=\u00a0\u00bbet_pb_widget_area_4&Prime; admin_label=\u00a0\u00bbInner Sidebar 1&Prime; module_class=\u00a0\u00bbinner-sidebar\u00a0\u00bb _builder_version=\u00a0\u00bb4.16&Prime; remove_border=\u00a0\u00bboff\u00a0\u00bb global_colors_info=\u00a0\u00bb{}\u00a0\u00bb][\/et_pb_sidebar][\/et_pb_column][\/et_pb_row][et_pb_row column_structure=\u00a0\u00bb1_3,2_3&Prime; disabled_on=\u00a0\u00bboff|off|on\u00a0\u00bb _builder_version=\u00a0\u00bb4.16&Prime; _module_preset=\u00a0\u00bbdefault\u00a0\u00bb global_colors_info=\u00a0\u00bb{}\u00a0\u00bb][et_pb_column type=\u00a0\u00bb1_3&Prime; _builder_version=\u00a0\u00bb4.16&Prime; _module_preset=\u00a0\u00bbdefault\u00a0\u00bb global_colors_info=\u00a0\u00bb{}\u00a0\u00bb][et_pb_sidebar orientation=\u00a0\u00bbright\u00a0\u00bb area=\u00a0\u00bbet_pb_widget_area_4&Prime; admin_label=\u00a0\u00bbInner Sidebar 1&Prime; module_class=\u00a0\u00bbinner-sidebar\u00a0\u00bb _builder_version=\u00a0\u00bb4.16&Prime; remove_border=\u00a0\u00bboff\u00a0\u00bb global_colors_info=\u00a0\u00bb{}\u00a0\u00bb][\/et_pb_sidebar][\/et_pb_column][et_pb_column type=\u00a0\u00bb2_3&Prime; _builder_version=\u00a0\u00bb4.16&Prime; _module_preset=\u00a0\u00bbdefault\u00a0\u00bb global_colors_info=\u00a0\u00bb{}\u00a0\u00bb][\/et_pb_column][\/et_pb_row][\/et_pb_section]<\/p>\n","protected":false},"excerpt":{"rendered":"<p>\u00c9nonc\u00e9 de Mission DPC\/FMC de la SCMI PR\u00c9AMBULE Les buts du sous-comit\u00e9 du d\u00e9veloppement professionnel continu (DPC) de la Soci\u00e9t\u00e9 canadienne de m\u00e9decine interne (SCMI) consistent \u00e0 offrir des activit\u00e9s de DPC fond\u00e9es sur des donn\u00e9es probantes, interactives, con\u00e7ues en fonction des besoins du public cible, \u00e0 examiner et \u00e0 agr\u00e9er des activit\u00e9s de DPC [&hellip;]<\/p>\n","protected":false},"author":2,"featured_media":0,"parent":441,"menu_order":2,"comment_status":"open","ping_status":"closed","template":"","meta":{"_et_pb_use_builder":"on","_et_pb_old_content":"","_et_gb_content_width":"","_monsterinsights_skip_tracking":false,"_monsterinsights_sitenote_active":false,"_monsterinsights_sitenote_note":"","_monsterinsights_sitenote_category":0,"footnotes":""},"class_list":["post-444","page","type-page","status-publish","hentry"],"_links":{"self":[{"href":"https:\/\/csim.ca\/fr\/wp-json\/wp\/v2\/pages\/444","targetHints":{"allow":["GET"]}}],"collection":[{"href":"https:\/\/csim.ca\/fr\/wp-json\/wp\/v2\/pages"}],"about":[{"href":"https:\/\/csim.ca\/fr\/wp-json\/wp\/v2\/types\/page"}],"author":[{"embeddable":true,"href":"https:\/\/csim.ca\/fr\/wp-json\/wp\/v2\/users\/2"}],"replies":[{"embeddable":true,"href":"https:\/\/csim.ca\/fr\/wp-json\/wp\/v2\/comments?post=444"}],"version-history":[{"count":3,"href":"https:\/\/csim.ca\/fr\/wp-json\/wp\/v2\/pages\/444\/revisions"}],"predecessor-version":[{"id":19034,"href":"https:\/\/csim.ca\/fr\/wp-json\/wp\/v2\/pages\/444\/revisions\/19034"}],"up":[{"embeddable":true,"href":"https:\/\/csim.ca\/fr\/wp-json\/wp\/v2\/pages\/441"}],"wp:attachment":[{"href":"https:\/\/csim.ca\/fr\/wp-json\/wp\/v2\/media?parent=444"}],"curies":[{"name":"wp","href":"https:\/\/api.w.org\/{rel}","templated":true}]}}