{"id":441,"date":"2015-02-26T23:08:16","date_gmt":"2015-02-27T04:08:16","guid":{"rendered":"http:\/\/csim.ca\/wp\/?page_id=441"},"modified":"2025-03-11T13:37:02","modified_gmt":"2025-03-11T17:37:02","slug":"education-mdc","status":"publish","type":"page","link":"https:\/\/csim.ca\/fr\/education-mdc\/","title":{"rendered":"\u00c9ducation\/MDC"},"content":{"rendered":"<p>[et_pb_section fb_built=\u00a0\u00bb1&Prime; custom_padding_last_edited=\u00a0\u00bbon|desktop\u00a0\u00bb admin_label=\u00a0\u00bbsection\u00a0\u00bb module_class=\u00a0\u00bbhomecontent\u00a0\u00bb _builder_version=\u00a0\u00bb4.24.0&Prime; background_enable_color=\u00a0\u00bboff\u00a0\u00bb background_enable_image=\u00a0\u00bboff\u00a0\u00bb custom_padding_tablet=\u00a0\u00bb50px|0|50px|0&Prime; custom_padding_phone=\u00a0\u00bb\u00a0\u00bb custom_css_main_element=\u00a0\u00bbbackground-color:#f3f8fb;\u00a0\u00bb transparent_background=\u00a0\u00bbon\u00a0\u00bb padding_mobile=\u00a0\u00bboff\u00a0\u00bb make_fullwidth=\u00a0\u00bboff\u00a0\u00bb use_custom_width=\u00a0\u00bboff\u00a0\u00bb width_unit=\u00a0\u00bbon\u00a0\u00bb global_colors_info=\u00a0\u00bb{}\u00a0\u00bb][et_pb_row padding_mobile=\u00a0\u00bbon\u00a0\u00bb column_padding_mobile=\u00a0\u00bbon\u00a0\u00bb custom_padding_last_edited=\u00a0\u00bbon|phone\u00a0\u00bb disabled_on=\u00a0\u00bbon|on|off\u00a0\u00bb admin_label=\u00a0\u00bbrow\u00a0\u00bb module_class=\u00a0\u00bbmain-row-bg main-row\u00a0\u00bb _builder_version=\u00a0\u00bb4.27.4&Prime; background_size=\u00a0\u00bbinitial\u00a0\u00bb background_position=\u00a0\u00bbtop_left\u00a0\u00bb background_repeat=\u00a0\u00bbrepeat\u00a0\u00bb custom_padding=\u00a0\u00bb0px|0px|0px|0px\u00a0\u00bb custom_padding_tablet=\u00a0\u00bb\u00a0\u00bb custom_padding_phone=\u00a0\u00bb\u00a0\u00bb make_fullwidth=\u00a0\u00bboff\u00a0\u00bb use_custom_width=\u00a0\u00bboff\u00a0\u00bb width_unit=\u00a0\u00bbon\u00a0\u00bb global_colors_info=\u00a0\u00bb{}\u00a0\u00bb][et_pb_column type=\u00a0\u00bb4_4&Prime; _builder_version=\u00a0\u00bb4.16&Prime; custom_padding=\u00a0\u00bb25px|20px|25px|20px\u00a0\u00bb custom_padding_tablet=\u00a0\u00bb20px|20px|20px|20px\u00a0\u00bb custom_padding_phone=\u00a0\u00bb15px|10px|10px|10px\u00a0\u00bb custom_padding_last_edited=\u00a0\u00bbon|desktop\u00a0\u00bb custom_css_main_element=\u00a0\u00bbbackground-color:#fff;\u00a0\u00bb global_colors_info=\u00a0\u00bb{}\u00a0\u00bb custom_padding__hover=\u00a0\u00bb|||\u00a0\u00bb][et_pb_text admin_label=\u00a0\u00bbMaintenance of Certification Content\u00a0\u00bb _builder_version=\u00a0\u00bb4.27.4&Prime; background_size=\u00a0\u00bbinitial\u00a0\u00bb background_position=\u00a0\u00bbtop_left\u00a0\u00bb background_repeat=\u00a0\u00bbrepeat\u00a0\u00bb hover_enabled=\u00a0\u00bb0&Prime; use_border_color=\u00a0\u00bboff\u00a0\u00bb border_color=\u00a0\u00bb#ffffff\u00a0\u00bb border_style=\u00a0\u00bbsolid\u00a0\u00bb global_colors_info=\u00a0\u00bb{}\u00a0\u00bb sticky_enabled=\u00a0\u00bb0&Prime;]<\/p>\n<h1>Maintien du certificat<\/h1>\n<h3><strong>Frais et formulaires de demande<\/strong><\/h3>\n<ul>\n<li><a href=\"https:\/\/csim.ca\/wp-content\/uploads\/documents\/moc\/CSIM_MOC_Fee_Structure.pdf\" target=\"_blank\" rel=\"noopener noreferrer\">Cliquez ici pour visionner les frais<\/a><\/li>\n<\/ul>\n<p><strong>Veuillez t\u00e9l\u00e9charger et soumettre le formulaire de demande applicable \u00e0 votre activit\u00e9 :<\/strong><\/p>\n<ul>\n<li><a href=\"https:\/\/csim.ca\/wp-content\/uploads\/documents\/moc\/CSIM_MOC_Application_Form.docx\">Formulaire de demande d&rsquo;agr\u00e9ment d&rsquo;activit\u00e9 de DPC (Section 1)<\/a><\/li>\n<li><a href=\"https:\/\/csim.ca\/wp-content\/uploads\/documents\/moc\/Section 3 Simulation Application Form_CSIM.docx\">Formulaire de demande d&rsquo;agr\u00e9ment d&rsquo;activit\u00e9 de simulation (Section 3)<\/a><\/li>\n<li><a href=\"https:\/\/csim.ca\/wp-content\/uploads\/documents\/moc\/Section 3 SAP Application Form_CSIM.docx\">Formulaire de demande d&rsquo;agr\u00e9ment pour\u00a0programmes d\u2019auto\u00e9valuation (Section 3)<\/a><\/li>\n<\/ul>\n<h3>\u00a0<\/h3>\n<h3><strong>Demande d&rsquo;accr\u00e9ditation<\/strong><\/h3>\n<p>La SCMI est un prestataire agr\u00e9\u00e9 d\u2019activit\u00e9s de d\u00e9veloppement professionnel continu (DPC) conform\u00e9ment au programme de Maintien du certificat du Coll\u00e8ge royal des m\u00e9decins et chirurgiens du Canada (CRMCC).<\/p>\n<p>Le sous-comit\u00e9 du DPC se compose de m\u00e9decins qui connaissent en profondeur le programme de Maintien du certificat et qui comptent de nombreuses ann\u00e9es d\u2019exp\u00e9rience dans la planification et l\u2019agr\u00e9ment de programmes d\u2019\u00e9ducation m\u00e9dicale continue dans diverses sp\u00e9cialit\u00e9s.<\/p>\n<p>Pour en savoir plus sur l\u2019agr\u00e9ment des activit\u00e9s de DPC ou pr\u00e9senter une demande d\u2019agr\u00e9ment, <a href=\"https:\/\/csim.ca\/wp-content\/uploads\/documents\/moc\/Guidelines-for-Accreditation-of-CPD-Activities-CSIM.pdf\">cliquez ici pour des informations g\u00e9n\u00e9rales<\/a>.<\/p>\n<p><strong>Pour \u00eatre approuv\u00e9es au titre de la section 1, les activit\u00e9s doivent satisfaire les crit\u00e8res de l\u2019option A ou ceux de l\u2019option B.<\/strong><\/p>\n<p><strong>Option A:<\/strong> Activit\u00e9s planifi\u00e9es par un organisme de m\u00e9decins.<br \/><strong>Option B:<\/strong> Activit\u00e9s planifi\u00e9es par une association de professionnels autres que des m\u00e9decins ou une organisation non m\u00e9dicale, mises sur pied en collaboration avec une association de m\u00e9decins, une organisation m\u00e9dicale ou un prestataire agr\u00e9\u00e9.<\/p>\n<p>Veuillez prendre note que si l\u2019activit\u00e9 \u00e9ducative ne satisfait pas les crit\u00e8res de l\u2019option A ou ceux de l\u2019option B, nous ne pourrons \u00e9tudier votre demande; votre programme n\u2019ouvre pas droit \u00e0 des unit\u00e9s de formation au titre de la section 1. Il existe d&rsquo;autres options pour obtenir des cr\u00e9dits, <a href=\"https:\/\/www.royalcollege.ca\/fr\/cpd\/maintenance-of-certification-program\/cpd-activities-can-record.html\" target=\"_blank\" rel=\"noopener\">cliquez ici<\/a> pour en apprendre plus.<\/p>\n<h3><strong>Option A : Etes-vous un organisme de m\u00e9decins ?<\/strong><\/h3>\n<h6><em>Si vous n&rsquo;\u00eates pas un organisme de m\u00e9decins, proc\u00e9dez \u00e0 l&rsquo;option B.<\/em><\/h6>\n<p>Le Coll\u00e8ge royal d\u00e9finit un organisme de m\u00e9decins comme suit : un groupe de professionnels de la sant\u00e9 \u00e0 but non lucratif dot\u00e9 d&rsquo;une structure de gouvernance formelle, responsable et au service, entre autres, de ses membres m\u00e9decins sp\u00e9cialistes par le biais de la formation continue, de la fourniture de soins de sant\u00e9 et\/ou de la recherche. La raison d&rsquo;\u00eatre de la d\u00e9finition \u00ab organisation de m\u00e9decins \u00bb est de garantir que le DPC\/FMC est d\u00e9velopp\u00e9 \u00ab par la profession, pour la profession \u00bb. Pour plus d&rsquo;informations sur l&rsquo;\u00e9ligibilit\u00e9 et les inclusions, veuillez cliquer ici.<\/p>\n<p><strong>Si vous ne savez pas si votre organisme r\u00e9pond \u00e0 la d\u00e9finition d&rsquo;un organisme de m\u00e9decins, veuillez communiquer directement avec le D\u00e9partement de DPC du Coll\u00e8ge royal (aux coordonn\u00e9es ci-dessous) pour confirmer votre statut avant de soumettre votre demande. (Par t\u00e9l\u00e9phone: 613-730-2587, sans frais 1-800-668-3740, poste 587 ou par courriel: <a href=\"mailto:cpd-accreditation@collegeroyal.ca\">cpd-accreditation@collegeroyal.ca<\/a>)<\/strong><\/p>\n<p>Pour que nous puissions examiner votre programme comme il se doit et proposer des modifications en vue de l\u2019am\u00e9liorer le cas \u00e9ch\u00e9ant, nous vous saurions gr\u00e9 de nous faire parvenir votre demande d\u2019agr\u00e9ment douze semaines avant la tenue de l\u2019activit\u00e9, de pr\u00e9f\u00e9rence avant que le programme soit imprim\u00e9 (cela ne s\u2019applique pas \u00e0 la demande de collaboration \u00e0 la conception du programme \u00e9ducatif).<\/p>\n<p>Une demande soumise pour consid\u00e9ration doit \u00eatre accompagn\u00e9e du d\u00e9p\u00f4t de demande non remboursable. Si le programme est approuv\u00e9, ces frais seront appliqu\u00e9s \u00e0 tous les frais d&rsquo;accr\u00e9ditation.<\/p>\n<p>S&rsquo;il vous pla\u00eet noter que si la demande ne r\u00e9pond pas \u00e0 toutes les exigences, y compris l&rsquo;admissibilit\u00e9 en tant qu&rsquo;organisation de m\u00e9decin, le d\u00e9p\u00f4t de la demande n&rsquo;est pas remboursable.<\/p>\n<p><em>NB : La capacit\u00e9 de la SCMI \u00e0 accepter les demandes de r\u00e9vision est limit\u00e9e ; la Soci\u00e9t\u00e9 ne garantit pas l&rsquo;acceptation de toutes les demandes qu&rsquo;elle re\u00e7oit.<\/em><\/p>\n<h3><strong>Option B : \u00c9laboration conjointe d\u2019une activit\u00e9<\/strong><\/h3>\n<p>Si vous souhaitez que la Soci\u00e9t\u00e9 canadienne de m\u00e9decine interne (SCMI) (le prestataire agr\u00e9\u00e9) \u00e9labore le programme avec votre organisation, la SCMI DOIT participer \u00e0 la planification du programme \u00e9ducatif d\u00e8s le d\u00e9but, c\u2019est-\u00e0-dire \u00e0 la planification, \u00e0 l\u2019\u00e9valuation des besoins, \u00e0 la conception du programme, \u00e0 la mise en \u0153uvre et \u00e0 l\u2019\u00e9valuation du programme, conform\u00e9ment \u00e0 la proc\u00e9dure de coparrainage.<\/p>\n<p>Si vous souhaitez co-d\u00e9velopper avec le CSIM, veuillez soumettre les documents suivants :<\/p>\n<ul>\n<li><a href=\"https:\/\/csim.ca\/wp-content\/uploads\/documents\/moc\/Letter%20of%20Intent%20for%20Co-Development%20with%20CSIM.pdf\">Une lettre d&rsquo;intention<\/a><\/li>\n<li><a href=\"https:\/\/csim.ca\/wp-content\/uploads\/documents\/moc\/Co-Development Initiation Form.docx\" target=\"_blank\" rel=\"noopener noreferrer\">Formulaire d&rsquo;initiation CSIM pour le cod\u00e9veloppement<\/a> (<a href=\"https:\/\/csim.ca\/wp-content\/uploads\/documents\/moc\/Co-Development Initiation Form.pdf\" target=\"_blank\" rel=\"noopener noreferrer\">format PDF<\/a>)<\/li>\n<li>Un d\u00e9p\u00f4t de 1 250 $ (+ TVH)<\/li>\n<\/ul>\n<p>Veuillez accorder jusqu&rsquo;\u00e0 12 semaines pour l&rsquo;examen de la proposition<\/p>\n<h3>\u00a0<\/h3>\n<h3><strong>Information<\/strong><\/h3>\n<p><a href=\"https:\/\/www.royalcollege.ca\/fr\/cpd\/maintenance-of-certification-program.html\" target=\"_blank\" rel=\"noopener noreferrer\">Le programme de Maintien du certificat du Coll\u00e8ge royal<\/a><\/p>\n<p><a href=\"https:\/\/www.royalcollege.ca\/fr\/cpd\/royal-college-accredited-cpd-providers\/tools-resources-accredited-cpd-providers\/national-standard-accredited-cpd-activities.html\" target=\"_blank\" rel=\"noopener\">Norme nationale pour le soutien des activit\u00e9s de DPC agr\u00e9\u00e9es<\/a><\/p>\n<p><em><a title=\"Royal College Interpretation of the CMA Guidelines\" href=\"https:\/\/csim.ca\/wp-content\/uploads\/documents\/moc\/CPD Activity Planning-Establishing Links.pdf\" target=\"_blank\" rel=\"noopener noreferrer\">Royal College CPD Activity Planning &#8211; Establishing Links<\/a><\/em><\/p>\n<p><a href=\"https:\/\/www.royalcollege.ca\/fr\/cpd\/accreditation-continuing-professional-development-cpd-activities\/cpd-activity-toolkit.html\" target=\"_blank\" rel=\"noopener noreferrer\">Trousse d\u2019activit\u00e9s de DPC<\/a><\/p>\n<p><a title=\"CSIM Application Form for approval of CPD event\" href=\"https:\/\/www.cma.ca\/sites\/default\/files\/2018-11\/CMA_industry_interact_PD08-01-e.pdf\" target=\"_blank\" rel=\"noopener noreferrer\">Politique de l&rsquo;AMC &#8211; Les interactions avec l&rsquo;industrie pharmaceutique : lignes directrices pour les m\u00e9decins<\/a><\/p>\n<p><a title=\"CMA Guidelines, Physicians and the Pharmaceutical Industry\" href=\"https:\/\/csim.ca\/wp-content\/uploads\/2015\/02\/CMA-guidelines-for-interactions-with-industry-2007.pdf\" target=\"_blank\" rel=\"noopener noreferrer\">Interpr\u00e9tation de la politique de l&rsquo;AMC par le Coll\u00e8ge royal<\/a><\/p>\n<p><a title=\"Royal College Interpretation of the CMA Guidelines\" href=\"https:\/\/csim.ca\/wp-content\/uploads\/2015\/02\/CMA-Guidelines-Comparison-Chart_Nov2008.pdf\" target=\"_blank\" rel=\"noopener noreferrer\">Royal College Interpretation of the CMA Guidelines<\/a><\/p>\n<p><a href=\"https:\/\/www.royalcollege.ca\/fr\/cpd\/accreditation-continuing-professional-development-cpd-activities\/cpd-activity-toolkit\/faqs-on-accreditation.html\" target=\"_blank\" rel=\"noopener noreferrer\">Foire aux questions<\/a><\/p>\n<p><a href=\"https:\/\/csim.ca\/wp-content\/uploads\/documents\/moc\/Glossary%20of%20Terms_MOC.pdf\" target=\"_blank\" rel=\"noopener noreferrer\">Glossaire<\/a><\/p>\n<p><a href=\"\/fr\/education-mdc\/activites-education\/\" target=\"_blank\" rel=\"noopener noreferrer\">Programmes \u00e9ducatifs agr\u00e9\u00e9s au titre du Maintien du certificat<\/a><\/p>\n<p>[\/et_pb_text][\/et_pb_column][\/et_pb_row][\/et_pb_section]<\/p>\n","protected":false},"excerpt":{"rendered":"<p>Maintien du certificat Frais et formulaires de demande Cliquez ici pour visionner les frais Veuillez t\u00e9l\u00e9charger et soumettre le formulaire de demande applicable \u00e0 votre activit\u00e9 : Formulaire de demande d&rsquo;agr\u00e9ment d&rsquo;activit\u00e9 de DPC (Section 1) Formulaire de demande d&rsquo;agr\u00e9ment d&rsquo;activit\u00e9 de simulation (Section 3) Formulaire de demande d&rsquo;agr\u00e9ment pour\u00a0programmes d\u2019auto\u00e9valuation (Section 3) \u00a0 Demande [&hellip;]<\/p>\n","protected":false},"author":2,"featured_media":0,"parent":0,"menu_order":6,"comment_status":"open","ping_status":"closed","template":"","meta":{"_et_pb_use_builder":"on","_et_pb_old_content":"","_et_gb_content_width":"","_monsterinsights_skip_tracking":false,"_monsterinsights_sitenote_active":false,"_monsterinsights_sitenote_note":"","_monsterinsights_sitenote_category":0,"footnotes":""},"class_list":["post-441","page","type-page","status-publish","hentry"],"_links":{"self":[{"href":"https:\/\/csim.ca\/fr\/wp-json\/wp\/v2\/pages\/441","targetHints":{"allow":["GET"]}}],"collection":[{"href":"https:\/\/csim.ca\/fr\/wp-json\/wp\/v2\/pages"}],"about":[{"href":"https:\/\/csim.ca\/fr\/wp-json\/wp\/v2\/types\/page"}],"author":[{"embeddable":true,"href":"https:\/\/csim.ca\/fr\/wp-json\/wp\/v2\/users\/2"}],"replies":[{"embeddable":true,"href":"https:\/\/csim.ca\/fr\/wp-json\/wp\/v2\/comments?post=441"}],"version-history":[{"count":2,"href":"https:\/\/csim.ca\/fr\/wp-json\/wp\/v2\/pages\/441\/revisions"}],"predecessor-version":[{"id":21518,"href":"https:\/\/csim.ca\/fr\/wp-json\/wp\/v2\/pages\/441\/revisions\/21518"}],"wp:attachment":[{"href":"https:\/\/csim.ca\/fr\/wp-json\/wp\/v2\/media?parent=441"}],"curies":[{"name":"wp","href":"https:\/\/api.w.org\/{rel}","templated":true}]}}