{"id":439,"date":"2015-02-26T22:47:37","date_gmt":"2015-02-27T03:47:37","guid":{"rendered":"http:\/\/csim.ca\/wp\/?page_id=439"},"modified":"2024-03-06T13:59:38","modified_gmt":"2024-03-06T18:59:38","slug":"anciens-presidents","status":"publish","type":"page","link":"https:\/\/csim.ca\/fr\/a-propos\/histoire-du-scmi\/anciens-presidents\/","title":{"rendered":"Anciens pr\u00e9sidents"},"content":{"rendered":"<p>[et_pb_section fb_built=\u00a0\u00bb1&Prime; custom_padding_last_edited=\u00a0\u00bbon|desktop\u00a0\u00bb admin_label=\u00a0\u00bbsection\u00a0\u00bb module_class=\u00a0\u00bbhomecontent\u00a0\u00bb _builder_version=\u00a0\u00bb4.24.0&Prime; custom_padding_tablet=\u00a0\u00bb50px|0|50px|0&Prime; custom_padding_phone=\u00a0\u00bb\u00a0\u00bb hover_enabled=\u00a0\u00bb0&Prime; custom_css_main_element=\u00a0\u00bbbackground-color:#f3f8fb;\u00a0\u00bb transparent_background=\u00a0\u00bbon\u00a0\u00bb padding_mobile=\u00a0\u00bboff\u00a0\u00bb make_fullwidth=\u00a0\u00bboff\u00a0\u00bb use_custom_width=\u00a0\u00bboff\u00a0\u00bb width_unit=\u00a0\u00bbon\u00a0\u00bb global_colors_info=\u00a0\u00bb{}\u00a0\u00bb background_enable_image=\u00a0\u00bboff\u00a0\u00bb background_enable_color=\u00a0\u00bboff\u00a0\u00bb sticky_enabled=\u00a0\u00bb0&Prime;][et_pb_row column_structure=\u00a0\u00bb3_4,1_4&Prime; padding_mobile=\u00a0\u00bbon\u00a0\u00bb column_padding_mobile=\u00a0\u00bbon\u00a0\u00bb custom_padding_last_edited=\u00a0\u00bbon|phone\u00a0\u00bb admin_label=\u00a0\u00bbrow\u00a0\u00bb module_class=\u00a0\u00bbmain-row-bg main-row\u00a0\u00bb _builder_version=\u00a0\u00bb4.16&Prime; background_size=\u00a0\u00bbinitial\u00a0\u00bb background_position=\u00a0\u00bbtop_left\u00a0\u00bb background_repeat=\u00a0\u00bbrepeat\u00a0\u00bb custom_padding=\u00a0\u00bb0px|0px|0px|0px\u00a0\u00bb custom_padding_tablet=\u00a0\u00bb\u00a0\u00bb custom_padding_phone=\u00a0\u00bb\u00a0\u00bb make_fullwidth=\u00a0\u00bboff\u00a0\u00bb use_custom_width=\u00a0\u00bboff\u00a0\u00bb width_unit=\u00a0\u00bbon\u00a0\u00bb global_colors_info=\u00a0\u00bb{}\u00a0\u00bb][et_pb_column type=\u00a0\u00bb3_4&Prime; _builder_version=\u00a0\u00bb4.16&Prime; custom_padding=\u00a0\u00bb25px|20px|25px|20px\u00a0\u00bb custom_padding_tablet=\u00a0\u00bb20px|20px|20px|20px\u00a0\u00bb custom_padding_phone=\u00a0\u00bb15px|10px|10px|10px\u00a0\u00bb custom_padding_last_edited=\u00a0\u00bbon|desktop\u00a0\u00bb custom_css_main_element=\u00a0\u00bbbackground-color:#fff;\u00a0\u00bb global_colors_info=\u00a0\u00bb{}\u00a0\u00bb custom_padding__hover=\u00a0\u00bb|||\u00a0\u00bb][et_pb_text admin_label=\u00a0\u00bbMain Content Area\u00a0\u00bb _builder_version=\u00a0\u00bb4.16&Prime; background_size=\u00a0\u00bbinitial\u00a0\u00bb background_position=\u00a0\u00bbtop_left\u00a0\u00bb background_repeat=\u00a0\u00bbrepeat\u00a0\u00bb global_colors_info=\u00a0\u00bb{}\u00a0\u00bb]<\/p>\n<h1>Anciens pr\u00e9sidents<\/h1>\n<p>\n<table id=\"tablepress-13\" class=\"tablepress tablepress-id-13\">\n<thead>\n<tr class=\"row-1\">\n\t<th class=\"column-1\">Pr\u00e9sident(e)<\/th><th class=\"column-2\">Ann\u00e9e(s) de service<\/th>\n<\/tr>\n<\/thead>\n<tbody class=\"row-striping\">\n<tr class=\"row-2\">\n\t<td class=\"column-1\">Dr Steven Shadowitz<\/td><td class=\"column-2\">2023-2025<\/td>\n<\/tr>\n<tr class=\"row-3\">\n\t<td class=\"column-1\">Dr Jeffrey Schaefer<\/td><td class=\"column-2\">2021-2023<\/td>\n<\/tr>\n<tr class=\"row-4\">\n\t<td class=\"column-1\">Dre Nadine Lahoud<\/td><td class=\"column-2\">2019-2021<\/td>\n<\/tr>\n<tr class=\"row-5\">\n\t<td class=\"column-1\">Dr Neil Gibson<\/td><td class=\"column-2\">2017-2019<\/td>\n<\/tr>\n<tr class=\"row-6\">\n\t<td class=\"column-1\">Dr Stephen Hwang<\/td><td class=\"column-2\">2015-2017<\/td>\n<\/tr>\n<tr class=\"row-7\">\n\t<td class=\"column-1\">Dr Benjamin Chen<\/td><td class=\"column-2\">2013-2015<\/td>\n<\/tr>\n<tr class=\"row-8\">\n\t<td class=\"column-1\">Dre Maria Bacchus<\/td><td class=\"column-2\">2011-2013<\/td>\n<\/tr>\n<tr class=\"row-9\">\n\t<td class=\"column-1\">Dr Finlay McAlister<\/td><td class=\"column-2\">2009-2011<\/td>\n<\/tr>\n<tr class=\"row-10\">\n\t<td class=\"column-1\">Dr Bert Govig<\/td><td class=\"column-2\">2007-2009<\/td>\n<\/tr>\n<tr class=\"row-11\">\n\t<td class=\"column-1\">Dr Donald Echenberg<\/td><td class=\"column-2\">2005-2007<\/td>\n<\/tr>\n<tr class=\"row-12\">\n\t<td class=\"column-1\">Dr Mahesh Raju<\/td><td class=\"column-2\">2003-2005<\/td>\n<\/tr>\n<tr class=\"row-13\">\n\t<td class=\"column-1\">Dr Brian O\u2019Brien<\/td><td class=\"column-2\">2001-2003<\/td>\n<\/tr>\n<tr class=\"row-14\">\n\t<td class=\"column-1\">Dr Akbar Panju<\/td><td class=\"column-2\">1999-2001<\/td>\n<\/tr>\n<tr class=\"row-15\">\n\t<td class=\"column-1\">Dr Brendan MacDougall<\/td><td class=\"column-2\">1997-1999<\/td>\n<\/tr>\n<tr class=\"row-16\">\n\t<td class=\"column-1\">Dr Gerry Karr<\/td><td class=\"column-2\">1995-1997<\/td>\n<\/tr>\n<tr class=\"row-17\">\n\t<td class=\"column-1\">Dre Linda Snell<\/td><td class=\"column-2\">1993-1995<\/td>\n<\/tr>\n<tr class=\"row-18\">\n\t<td class=\"column-1\">Dr John Ruedy<\/td><td class=\"column-2\">1991-1993<\/td>\n<\/tr>\n<tr class=\"row-19\">\n\t<td class=\"column-1\">Dr John Morse<\/td><td class=\"column-2\">1989-1991<\/td>\n<\/tr>\n<tr class=\"row-20\">\n\t<td class=\"column-1\">Dr Andr\u00e9 Plante<\/td><td class=\"column-2\">1987-1989<\/td>\n<\/tr>\n<tr class=\"row-21\">\n\t<td class=\"column-1\">Dr Peter V. Clarke<\/td><td class=\"column-2\">1985-1987<\/td>\n<\/tr>\n<tr class=\"row-22\">\n\t<td class=\"column-1\">Dr J. A. L. Gilbert (d\u00e9c\u00e9d\u00e9)<\/td><td class=\"column-2\">1984-1985<\/td>\n<\/tr>\n<\/tbody>\n<\/table>\n<!-- #tablepress-13 from cache --><br \/>\n[\/et_pb_text][\/et_pb_column][et_pb_column type=\u00a0\u00bb1_4&Prime; module_class=\u00a0\u00bbhome-widget\u00a0\u00bb disabled_on=\u00a0\u00bbon|on|off\u00a0\u00bb _builder_version=\u00a0\u00bb4.16&Prime; background_color=\u00a0\u00bb#f6f8fb\u00a0\u00bb custom_padding=\u00a0\u00bb25px||10px|\u00a0\u00bb custom_padding_tablet=\u00a0\u00bb20px|10px|10px|10px\u00a0\u00bb custom_padding_phone=\u00a0\u00bb\u00a0\u00bb custom_padding_last_edited=\u00a0\u00bbon|phone\u00a0\u00bb custom_css_main_element=\u00a0\u00bbbackground-color:#f6f8fb;\u00a0\u00bb global_colors_info=\u00a0\u00bb{}\u00a0\u00bb custom_padding__hover=\u00a0\u00bb|||\u00a0\u00bb][et_pb_sidebar orientation=\u00a0\u00bbright\u00a0\u00bb area=\u00a0\u00bbet_pb_widget_area_4&Prime; admin_label=\u00a0\u00bbAbout Sidebar 1&Prime; module_class=\u00a0\u00bbinner-sidebar\u00a0\u00bb _builder_version=\u00a0\u00bb4.16&Prime; global_colors_info=\u00a0\u00bb{}\u00a0\u00bb][\/et_pb_sidebar][\/et_pb_column][\/et_pb_row][et_pb_row column_structure=\u00a0\u00bb1_3,2_3&Prime; disabled_on=\u00a0\u00bboff|off|on\u00a0\u00bb _builder_version=\u00a0\u00bb4.16&Prime; _module_preset=\u00a0\u00bbdefault\u00a0\u00bb global_colors_info=\u00a0\u00bb{}\u00a0\u00bb][et_pb_column type=\u00a0\u00bb1_3&Prime; _builder_version=\u00a0\u00bb4.16&Prime; _module_preset=\u00a0\u00bbdefault\u00a0\u00bb global_colors_info=\u00a0\u00bb{}\u00a0\u00bb][et_pb_sidebar orientation=\u00a0\u00bbright\u00a0\u00bb area=\u00a0\u00bbet_pb_widget_area_4&Prime; admin_label=\u00a0\u00bbAbout Sidebar 1&Prime; module_class=\u00a0\u00bbinner-sidebar\u00a0\u00bb _builder_version=\u00a0\u00bb4.16&Prime; global_colors_info=\u00a0\u00bb{}\u00a0\u00bb][\/et_pb_sidebar][\/et_pb_column][et_pb_column type=\u00a0\u00bb2_3&Prime; _builder_version=\u00a0\u00bb4.16&Prime; _module_preset=\u00a0\u00bbdefault\u00a0\u00bb global_colors_info=\u00a0\u00bb{}\u00a0\u00bb][\/et_pb_column][\/et_pb_row][\/et_pb_section]<\/p>\n","protected":false},"excerpt":{"rendered":"<p>Anciens pr\u00e9sidents \n<table id=\"tablepress-13-no-2\" class=\"tablepress tablepress-id-13\">\n<thead>\n<tr class=\"row-1\">\n\t<th class=\"column-1\">Pr\u00e9sident(e)<\/th><th class=\"column-2\">Ann\u00e9e(s) de service<\/th>\n<\/tr>\n<\/thead>\n<tbody class=\"row-striping\">\n<tr class=\"row-2\">\n\t<td class=\"column-1\">Dr Steven Shadowitz<\/td><td class=\"column-2\">2023-2025<\/td>\n<\/tr>\n<tr class=\"row-3\">\n\t<td class=\"column-1\">Dr Jeffrey Schaefer<\/td><td class=\"column-2\">2021-2023<\/td>\n<\/tr>\n<tr class=\"row-4\">\n\t<td class=\"column-1\">Dre Nadine Lahoud<\/td><td class=\"column-2\">2019-2021<\/td>\n<\/tr>\n<tr class=\"row-5\">\n\t<td class=\"column-1\">Dr Neil Gibson<\/td><td class=\"column-2\">2017-2019<\/td>\n<\/tr>\n<tr class=\"row-6\">\n\t<td class=\"column-1\">Dr Stephen Hwang<\/td><td class=\"column-2\">2015-2017<\/td>\n<\/tr>\n<tr class=\"row-7\">\n\t<td class=\"column-1\">Dr Benjamin Chen<\/td><td class=\"column-2\">2013-2015<\/td>\n<\/tr>\n<tr class=\"row-8\">\n\t<td class=\"column-1\">Dre Maria Bacchus<\/td><td class=\"column-2\">2011-2013<\/td>\n<\/tr>\n<tr class=\"row-9\">\n\t<td class=\"column-1\">Dr Finlay McAlister<\/td><td class=\"column-2\">2009-2011<\/td>\n<\/tr>\n<tr class=\"row-10\">\n\t<td class=\"column-1\">Dr Bert Govig<\/td><td class=\"column-2\">2007-2009<\/td>\n<\/tr>\n<tr class=\"row-11\">\n\t<td class=\"column-1\">Dr Donald Echenberg<\/td><td class=\"column-2\">2005-2007<\/td>\n<\/tr>\n<tr class=\"row-12\">\n\t<td class=\"column-1\">Dr Mahesh Raju<\/td><td class=\"column-2\">2003-2005<\/td>\n<\/tr>\n<tr class=\"row-13\">\n\t<td class=\"column-1\">Dr Brian O\u2019Brien<\/td><td class=\"column-2\">2001-2003<\/td>\n<\/tr>\n<tr class=\"row-14\">\n\t<td class=\"column-1\">Dr Akbar Panju<\/td><td class=\"column-2\">1999-2001<\/td>\n<\/tr>\n<tr class=\"row-15\">\n\t<td class=\"column-1\">Dr Brendan MacDougall<\/td><td class=\"column-2\">1997-1999<\/td>\n<\/tr>\n<tr class=\"row-16\">\n\t<td class=\"column-1\">Dr Gerry Karr<\/td><td class=\"column-2\">1995-1997<\/td>\n<\/tr>\n<tr class=\"row-17\">\n\t<td class=\"column-1\">Dre Linda Snell<\/td><td class=\"column-2\">1993-1995<\/td>\n<\/tr>\n<tr class=\"row-18\">\n\t<td class=\"column-1\">Dr John Ruedy<\/td><td class=\"column-2\">1991-1993<\/td>\n<\/tr>\n<tr class=\"row-19\">\n\t<td class=\"column-1\">Dr John Morse<\/td><td class=\"column-2\">1989-1991<\/td>\n<\/tr>\n<tr class=\"row-20\">\n\t<td class=\"column-1\">Dr Andr\u00e9 Plante<\/td><td class=\"column-2\">1987-1989<\/td>\n<\/tr>\n<tr class=\"row-21\">\n\t<td class=\"column-1\">Dr Peter V. Clarke<\/td><td class=\"column-2\">1985-1987<\/td>\n<\/tr>\n<tr class=\"row-22\">\n\t<td class=\"column-1\">Dr J. A. L. Gilbert (d\u00e9c\u00e9d\u00e9)<\/td><td class=\"column-2\">1984-1985<\/td>\n<\/tr>\n<\/tbody>\n<\/table>\n<\/p>\n","protected":false},"author":2,"featured_media":0,"parent":436,"menu_order":1,"comment_status":"open","ping_status":"closed","template":"","meta":{"_et_pb_use_builder":"on","_et_pb_old_content":"","_et_gb_content_width":"","_monsterinsights_skip_tracking":false,"_monsterinsights_sitenote_active":false,"_monsterinsights_sitenote_note":"","_monsterinsights_sitenote_category":0,"footnotes":""},"class_list":["post-439","page","type-page","status-publish","hentry"],"_links":{"self":[{"href":"https:\/\/csim.ca\/fr\/wp-json\/wp\/v2\/pages\/439","targetHints":{"allow":["GET"]}}],"collection":[{"href":"https:\/\/csim.ca\/fr\/wp-json\/wp\/v2\/pages"}],"about":[{"href":"https:\/\/csim.ca\/fr\/wp-json\/wp\/v2\/types\/page"}],"author":[{"embeddable":true,"href":"https:\/\/csim.ca\/fr\/wp-json\/wp\/v2\/users\/2"}],"replies":[{"embeddable":true,"href":"https:\/\/csim.ca\/fr\/wp-json\/wp\/v2\/comments?post=439"}],"version-history":[{"count":4,"href":"https:\/\/csim.ca\/fr\/wp-json\/wp\/v2\/pages\/439\/revisions"}],"predecessor-version":[{"id":19038,"href":"https:\/\/csim.ca\/fr\/wp-json\/wp\/v2\/pages\/439\/revisions\/19038"}],"up":[{"embeddable":true,"href":"https:\/\/csim.ca\/fr\/wp-json\/wp\/v2\/pages\/436"}],"wp:attachment":[{"href":"https:\/\/csim.ca\/fr\/wp-json\/wp\/v2\/media?parent=439"}],"curies":[{"name":"wp","href":"https:\/\/api.w.org\/{rel}","templated":true}]}}