{"id":425,"date":"2015-02-26T21:49:24","date_gmt":"2015-02-27T02:49:24","guid":{"rendered":"http:\/\/csim.ca\/wp\/?page_id=425"},"modified":"2025-03-11T12:36:44","modified_gmt":"2025-03-11T16:36:44","slug":"a-propos","status":"publish","type":"page","link":"https:\/\/csim.ca\/fr\/a-propos\/","title":{"rendered":"\u00c0 propos"},"content":{"rendered":"<p>[et_pb_section fb_built=\u00a0\u00bb1&Prime; custom_padding_last_edited=\u00a0\u00bbon|desktop\u00a0\u00bb admin_label=\u00a0\u00bbsection\u00a0\u00bb module_class=\u00a0\u00bbhomecontent\u00a0\u00bb _builder_version=\u00a0\u00bb4.24.0&Prime; background_enable_color=\u00a0\u00bboff\u00a0\u00bb background_enable_image=\u00a0\u00bboff\u00a0\u00bb custom_padding_tablet=\u00a0\u00bb50px|0|50px|0&Prime; custom_padding_phone=\u00a0\u00bb\u00a0\u00bb custom_css_main_element=\u00a0\u00bbbackground-color:#f3f8fb;\u00a0\u00bb transparent_background=\u00a0\u00bbon\u00a0\u00bb padding_mobile=\u00a0\u00bboff\u00a0\u00bb make_fullwidth=\u00a0\u00bboff\u00a0\u00bb use_custom_width=\u00a0\u00bboff\u00a0\u00bb width_unit=\u00a0\u00bbon\u00a0\u00bb global_colors_info=\u00a0\u00bb{}\u00a0\u00bb][et_pb_row padding_mobile=\u00a0\u00bbon\u00a0\u00bb column_padding_mobile=\u00a0\u00bbon\u00a0\u00bb custom_padding_last_edited=\u00a0\u00bbon|phone\u00a0\u00bb admin_label=\u00a0\u00bbrow\u00a0\u00bb module_class=\u00a0\u00bbmain-row-bg main-row\u00a0\u00bb _builder_version=\u00a0\u00bb4.27.4&Prime; background_size=\u00a0\u00bbinitial\u00a0\u00bb background_position=\u00a0\u00bbtop_left\u00a0\u00bb background_repeat=\u00a0\u00bbrepeat\u00a0\u00bb custom_padding=\u00a0\u00bb0px|0px|0px|0px\u00a0\u00bb custom_padding_tablet=\u00a0\u00bb\u00a0\u00bb custom_padding_phone=\u00a0\u00bb\u00a0\u00bb make_fullwidth=\u00a0\u00bboff\u00a0\u00bb use_custom_width=\u00a0\u00bboff\u00a0\u00bb width_unit=\u00a0\u00bbon\u00a0\u00bb global_colors_info=\u00a0\u00bb{}\u00a0\u00bb][et_pb_column type=\u00a0\u00bb4_4&Prime; _builder_version=\u00a0\u00bb4.16&Prime; custom_padding=\u00a0\u00bb25px|20px|150px|20px\u00a0\u00bb custom_padding_tablet=\u00a0\u00bb20px|20px|20px|20px\u00a0\u00bb custom_padding_phone=\u00a0\u00bb15px|10px|10px|10px\u00a0\u00bb custom_padding_last_edited=\u00a0\u00bbon|desktop\u00a0\u00bb custom_css_main_element=\u00a0\u00bbbackground-color:#fff;\u00a0\u00bb global_colors_info=\u00a0\u00bb{}\u00a0\u00bb custom_padding__hover=\u00a0\u00bb|||\u00a0\u00bb][et_pb_text admin_label=\u00a0\u00bbMain Content Area\u00a0\u00bb _builder_version=\u00a0\u00bb4.27.4&Prime; background_size=\u00a0\u00bbinitial\u00a0\u00bb background_position=\u00a0\u00bbtop_left\u00a0\u00bb background_repeat=\u00a0\u00bbrepeat\u00a0\u00bb custom_padding_tablet=\u00a0\u00bb20px|10px|20px|10px\u00a0\u00bb custom_padding_phone=\u00a0\u00bb15px|5px|0px|5px\u00a0\u00bb custom_padding_last_edited=\u00a0\u00bboff|phone\u00a0\u00bb use_border_color=\u00a0\u00bboff\u00a0\u00bb border_color=\u00a0\u00bb#ffffff\u00a0\u00bb border_style=\u00a0\u00bbsolid\u00a0\u00bb global_colors_info=\u00a0\u00bb{}\u00a0\u00bb]<\/p>\n<h1>La Soci\u00e9t\u00e9 canadienne de m\u00e9decine interne<\/h1>\n<p>La Soci\u00e9t\u00e9 canadienne de m\u00e9decine interne (SCMI) est une association canadienne de m\u00e9decins sp\u00e9cialistes dans la vaste discipline de la m\u00e9decine interne g\u00e9n\u00e9rale. Les membres de la SCMI offrent des soins m\u00e9dicaux experts \u00e0 des adultes atteints de maladies multisyst\u00e9miques complexes dans des \u00e9tablissements communautaires et des h\u00f4pitaux universitaires au Canada.<\/p>\n<h2><strong>Mission<\/strong><\/h2>\n<p>La Soci\u00e9t\u00e9 canadienne de m\u00e9decine interne (SCMI) est une association professionnelle sans but lucratif qui entend promouvoir la sant\u00e9 et le bien-\u0119tre des patients, des collectivit\u00e9s et des syst\u010dmes de sant\u00e9 canadiens. Elle souhaite \u00e9galement promouvoir le leadership et l\u2019excellence dans l\u2019exercice de la m\u00e9decine interne g\u00e9n\u00e9rale en favorisant la recherche, l\u2019\u00e9ducation, la promotion de la sant\u00e9 et la gestion des soins th\u00e9rapeutiques.<\/p>\n<h2><strong>Vision<\/strong><\/h2>\n<p>La Soci\u00e9t\u00e9 a l\u2019intime conviction que la m\u00e9decine interne g\u00e9n\u00e9rale occupe une place centrale dans la formation des cliniciens aujourd\u2019hui et \u0155 l\u2019avenir, dans la recherche clinique, dans la prestation des soins et des services de sant\u00e9 et dans la promotion de la sant\u00e9, et que la discipline se fonde sur un savoir, des valeurs et des principes th\u00e9rapeutiques essentiels \u00e0 la poursuite de l\u2019excellence dans le syst\u00e8me de sant\u00e9 canadien.<\/p>\n<h2><strong>Valeurs<\/strong><\/h2>\n<p>La Soci\u00e9t\u00e9 fait sienne les normes \u00e9thiques et professionnelles communes aux professions de la sant\u00e9 ainsi que les valeurs particuli\u010dres du g\u00e9n\u00e9ralisme, du travail d\u2019\u00e9quipe, de la formation ax\u00e9e sur les comp\u00e9tences, de l\u2019\u00e9ducation permanente, de la m\u00e9decine factuelle, de l\u2019holisme et des soins et des services de sant\u00e9 humains, centr\u00e9s sur le patient.<\/p>\n<h2><strong>Histoire<\/strong><\/h2>\n<p>La SCMI poss\u00e8de une riche histoire qui remonte \u00e0 1958, lorsque le Dr\u00a0Brock\u00a0Fahrni et un groupe de m\u00e9decins d\u00e9vou\u00e9s l\u2019ont cr\u00e9\u00e9e en tant que f\u00e9d\u00e9ration nationale de soci\u00e9t\u00e9s provinciales. Leur objectif \u00e9tait d\u2019offrir une voix collective aux internistes canadiens, assurant ainsi la croissance et la reconnaissance de la sp\u00e9cialit\u00e9. Malgr\u00e9 son succ\u00e8s initial, la soci\u00e9t\u00e9 a eu de la difficult\u00e9 \u00e0 maintenir son \u00e9lan et a cess\u00e9 ses activit\u00e9s \u00e0 la fin des ann\u00e9es\u00a01960.<\/p>\n<p>Un tournant important s\u2019est produit en\u00a01983 lorsque le Dr\u00a0Alan\u00a0Gilbert, s\u2019apercevant de la sursp\u00e9cialisation croissante de la m\u00e9decine, a coordonn\u00e9 les efforts visant \u00e0 r\u00e9tablir la SCMI. Lors d\u2019une rencontre avec le Coll\u00e8ge royal \u00e0 Calgary, lui et un groupe d\u2019internistes ont jet\u00e9 les bases de la r\u00e9surgence contemporaine de la Soci\u00e9t\u00e9. Cette relance a permis une meilleure repr\u00e9sentation de la m\u00e9decine interne g\u00e9n\u00e9rale et a accru son importance au sein du syst\u00e8me de sant\u00e9 du Canada.<\/p>\n<p>Aujourd\u2019hui, la SCMI est une organisation florissante qui s\u2019emploie \u00e0 faire progresser la m\u00e9decine interne par l\u2019\u00e9ducation, la recherche et la repr\u00e9sentation. Elle joue un r\u00f4le essentiel dans le soutien aux internistes et la promotion de l\u2019excellence des soins aux patients partout au Canada.<\/p>\n<p>Au cours des derni\u00e8res ann\u00e9es, la SCMI a jou\u00e9 un r\u00f4le actif dans le fa\u00e7onnement de l\u2019avenir de la formation en m\u00e9decine interne. En 2019, la SCMI a publi\u00e9 un \u00e9nonc\u00e9 de position pr\u00e9conisant une voie de formation unifi\u00e9e, \u00e9liminant la certification autonome de quatre ans en MI au profit du programme de m\u00e9decine interne g\u00e9n\u00e9rale (MIG) comme principale voie d\u2019acc\u00e8s \u00e0 la pratique. Cela a men\u00e9 la SCMI \u00e0 participer au projet \u00ab\u00a0Parcours en m\u00e9decine\u00a0\u00bb (<em>Medicine Pathways Project<\/em>), une initiative en cours visant \u00e0 simplifier la formation en m\u00e9decine interne au Canada. En tant qu\u2019intervenant\u2011cl\u00e9 dans ce projet, la SCMI continue de pr\u00e9coniser une formation de grande qualit\u00e9 et une voie claire et uniforme pour les futurs internistes et les internistes g\u00e9n\u00e9raux.<\/p>\n<p>Pour en savoir plus sur l\u2019histoire de la SCMI, \u00e9crivez \u00e0 <a href=\"mailto:info@csim.ca\">info@csim.ca<\/a>.<\/p>\n<p>&nbsp;<\/p>\n<p>[\/et_pb_text][\/et_pb_column][\/et_pb_row][\/et_pb_section]<\/p>\n","protected":false},"excerpt":{"rendered":"<p>La Soci\u00e9t\u00e9 canadienne de m\u00e9decine interne La Soci\u00e9t\u00e9 canadienne de m\u00e9decine interne (SCMI) est une association canadienne de m\u00e9decins sp\u00e9cialistes dans la vaste discipline de la m\u00e9decine interne g\u00e9n\u00e9rale. Les membres de la SCMI offrent des soins m\u00e9dicaux experts \u00e0 des adultes atteints de maladies multisyst\u00e9miques complexes dans des \u00e9tablissements communautaires et des h\u00f4pitaux universitaires [&hellip;]<\/p>\n","protected":false},"author":2,"featured_media":0,"parent":0,"menu_order":2,"comment_status":"open","ping_status":"closed","template":"","meta":{"_et_pb_use_builder":"on","_et_pb_old_content":"The Canadian Society of Internal Medicine (CSIM) is a national medical society of physicians who are specialists in the broad discipline of General Internal Medicine.  CSIM members provide expert medical care for adults with complex multi-system diseases at community and academic hospitals across Canada. CSIM members are teachers of medical students and residents and leaders in health research. \r\n\r\nThe mission of CSIM is to promote the health and well-being of Canadian patients, their communities, and their health care systems. We seek to foster leadership and excellence in the practice of General Internal Medicine through research, education, and advocacy for health promotion and disease management.","_et_gb_content_width":"","_monsterinsights_skip_tracking":false,"_monsterinsights_sitenote_active":false,"_monsterinsights_sitenote_note":"","_monsterinsights_sitenote_category":0,"footnotes":""},"class_list":["post-425","page","type-page","status-publish","hentry"],"_links":{"self":[{"href":"https:\/\/csim.ca\/fr\/wp-json\/wp\/v2\/pages\/425","targetHints":{"allow":["GET"]}}],"collection":[{"href":"https:\/\/csim.ca\/fr\/wp-json\/wp\/v2\/pages"}],"about":[{"href":"https:\/\/csim.ca\/fr\/wp-json\/wp\/v2\/types\/page"}],"author":[{"embeddable":true,"href":"https:\/\/csim.ca\/fr\/wp-json\/wp\/v2\/users\/2"}],"replies":[{"embeddable":true,"href":"https:\/\/csim.ca\/fr\/wp-json\/wp\/v2\/comments?post=425"}],"version-history":[{"count":3,"href":"https:\/\/csim.ca\/fr\/wp-json\/wp\/v2\/pages\/425\/revisions"}],"predecessor-version":[{"id":21497,"href":"https:\/\/csim.ca\/fr\/wp-json\/wp\/v2\/pages\/425\/revisions\/21497"}],"wp:attachment":[{"href":"https:\/\/csim.ca\/fr\/wp-json\/wp\/v2\/media?parent=425"}],"curies":[{"name":"wp","href":"https:\/\/api.w.org\/{rel}","templated":true}]}}