{"id":4244,"date":"2019-09-25T23:17:02","date_gmt":"2019-09-26T03:17:02","guid":{"rendered":"https:\/\/csim.ca\/reunions\/csim-annual-meeting-2019\/programme\/slides-evaluations\/"},"modified":"2019-10-23T14:40:48","modified_gmt":"2019-10-23T18:40:48","slug":"diapositives-evaluations","status":"publish","type":"page","link":"https:\/\/csim.ca\/fr\/education\/conferences\/csim-annual-meeting-2019\/programme\/diapositives-evaluations\/","title":{"rendered":"Diapositives et \u00e9valuations"},"content":{"rendered":"<p>[et_pb_section admin_label=\u00a0\u00bbsection\u00a0\u00bb transparent_background=\u00a0\u00bbon\u00a0\u00bb background_color=\u00a0\u00bb#f3f8fb\u00a0\u00bb allow_player_pause=\u00a0\u00bboff\u00a0\u00bb inner_shadow=\u00a0\u00bboff\u00a0\u00bb parallax=\u00a0\u00bboff\u00a0\u00bb parallax_method=\u00a0\u00bboff\u00a0\u00bb module_class=\u00a0\u00bbhomecontent\u00a0\u00bb background_image=\u00a0\u00bbhttps:\/\/csim.ca\/wp-content\/uploads\/2015\/02\/csim-innerbg-23.jpg\u00a0\u00bb padding_mobile=\u00a0\u00bboff\u00a0\u00bb make_fullwidth=\u00a0\u00bboff\u00a0\u00bb use_custom_width=\u00a0\u00bboff\u00a0\u00bb width_unit=\u00a0\u00bbon\u00a0\u00bb make_equal=\u00a0\u00bboff\u00a0\u00bb use_custom_gutter=\u00a0\u00bboff\u00a0\u00bb][et_pb_row admin_label=\u00a0\u00bbrow\u00a0\u00bb make_fullwidth=\u00a0\u00bboff\u00a0\u00bb use_custom_width=\u00a0\u00bboff\u00a0\u00bb width_unit=\u00a0\u00bbon\u00a0\u00bb use_custom_gutter=\u00a0\u00bboff\u00a0\u00bb custom_padding_last_edited=\u00a0\u00bbon|phone\u00a0\u00bb padding_mobile=\u00a0\u00bbon\u00a0\u00bb allow_player_pause=\u00a0\u00bboff\u00a0\u00bb parallax=\u00a0\u00bboff\u00a0\u00bb parallax_method=\u00a0\u00bboff\u00a0\u00bb make_equal=\u00a0\u00bboff\u00a0\u00bb parallax_1=\u00a0\u00bboff\u00a0\u00bb parallax_method_1=\u00a0\u00bboff\u00a0\u00bb parallax_2=\u00a0\u00bboff\u00a0\u00bb parallax_method_2=\u00a0\u00bboff\u00a0\u00bb column_padding_mobile=\u00a0\u00bbon\u00a0\u00bb background_color_2=\u00a0\u00bb#f6f8fb\u00a0\u00bb custom_padding=\u00a0\u00bb0px|0px|0px|0px\u00a0\u00bb module_class=\u00a0\u00bbmain-row-bg main-row\u00a0\u00bb custom_css_main_1=\u00a0\u00bbbackground-color:#fff;\u00a0\u00bb padding_top_2=\u00a0\u00bb25px\u00a0\u00bb padding_bottom_2=\u00a0\u00bb10px\u00a0\u00bb custom_css_main_2=\u00a0\u00bbbackground-color:#f6f8fb;\u00a0\u00bb padding_top_1=\u00a0\u00bb25px\u00a0\u00bb padding_right_1=\u00a0\u00bb20px\u00a0\u00bb padding_bottom_1=\u00a0\u00bb20px\u00a0\u00bb padding_left_1=\u00a0\u00bb20px\u00a0\u00bb padding_1_tablet=\u00a0\u00bb20px|20px|20px|20px\u00a0\u00bb padding_1_phone=\u00a0\u00bb15px|10px|10px|10px\u00a0\u00bb padding_1_last_edited=\u00a0\u00bbon|phone\u00a0\u00bb padding_2_tablet=\u00a0\u00bb25px|10px|10px|10px\u00a0\u00bb padding_2_last_edited=\u00a0\u00bbon|phone\u00a0\u00bb][et_pb_column type=\u00a0\u00bb3_4&Prime;][et_pb_text admin_label=\u00a0\u00bbMain Content Area\u00a0\u00bb background_layout=\u00a0\u00bblight\u00a0\u00bb text_orientation=\u00a0\u00bbleft\u00a0\u00bb use_border_color=\u00a0\u00bboff\u00a0\u00bb border_color=\u00a0\u00bb#ffffff\u00a0\u00bb border_style=\u00a0\u00bbsolid\u00a0\u00bb]<\/p>\n<table>\n<tbody>\n<tr>\n<td valign=\"top\">\n<h1>Congr\u00e8s annuel de la SCMI 2019<\/h1>\n<\/td>\n<td><\/td>\n<td><a href=\"https:\/\/csim.ca\/wp-content\/uploads\/2019\/01\/Atlantirgb-Provinrgbes-rgbhapter-Logo-rgb.jpg\"><img loading=\"lazy\" decoding=\"async\" class=\"size-medium wp-image-3474\" src=\"https:\/\/csim.ca\/wp-content\/uploads\/2019\/01\/Atlantirgb-Provinrgbes-rgbhapter-Logo-rgb-300x52.jpg\" alt=\"\" width=\"300\" height=\"52\" srcset=\"https:\/\/csim.ca\/wp-content\/uploads\/2019\/01\/Atlantirgb-Provinrgbes-rgbhapter-Logo-rgb-300x52.jpg 300w, https:\/\/csim.ca\/wp-content\/uploads\/2019\/01\/Atlantirgb-Provinrgbes-rgbhapter-Logo-rgb.jpg 442w\" sizes=\"(max-width: 300px) 100vw, 300px\" \/><\/a><\/td>\n<\/tr>\n<\/tbody>\n<\/table>\n<p><em>Halifax Convention Centre<\/em>, Halifax, N.-\u00c9. | 2 au 5 octobre 2019<\/p>\n<h3>\u00c9valuations et diapositives<\/h3>\n<p>Vos commentaires sont importants pour nous. Veuillez <a href=\"https:\/\/www.surveymonkey.com\/r\/CSIM2019GeneralEvaluation\" target=\"_blank\" rel=\"noopener\">cliquer ici<\/a> pour compl\u00e9ter le formulaire d\u2019\u00e9valuation g\u00e9n\u00e9ral du congr\u00e8s. Si vous souhaitez \u00e9valuer les sessions individuelles auxquelles vous avez assist\u00e9, veuillez vous reporter aux courriels quotidiens qui vous sont envoy\u00e9s lors de la r\u00e9union de la SCMI.<\/p>\n<p><strong>Pour voir les diapositives de session disponibles, veuillez cliquer ici les liens ci-dessous.<\/strong>\u00a0<em>Veuillez noter que tous les conf\u00e9renciers ne souhaitaient pas que leurs diapositives soient publi\u00e9es.<\/em><\/p>\n<p><strong>Wednesday, October 2, 2019\u00a0\u00a0\u00a0\u00a0\u00a0\u00a0\u00a0\u00a0\u00a0\u00a0 <\/strong><\/p>\n<p><strong>Extended Workshops<\/strong><\/p>\n<ul>\n<li><strong>Critical Care<\/strong> (<a href=\"https:\/\/csim.ca\/wp-content\/uploads\/documents\/meeting2019\/slides\/Oct 2 1330 Critical Care pt 1.pdf\" target=\"_blank\" rel=\"noopener\">part 1<\/a>)<\/li>\n<li><strong>Neurology<\/strong> (<a href=\"https:\/\/csim.ca\/wp-content\/uploads\/documents\/meeting2019\/slides\/https:\/\/csim.ca\/wp-content\/uploads\/documents\/meeting2019\/slides\/Oct%202%201330%20Neurology%20pt%202.pdf\" target=\"_blank\" rel=\"noopener\">part 2<\/a>)<\/li>\n<\/ul>\n<p><strong>Thursday, October 3, 2019<\/strong><\/p>\n<p><strong>Concurrent Workshops:<\/strong><\/p>\n<ul>\n<li><a href=\"https:\/\/csim.ca\/wp-content\/uploads\/documents\/meeting2019\/slides\/Oct 3 1000 - W02 Dr Charlebois.pdf\" target=\"_blank\" rel=\"noopener\">Travel Medicine: The Before and After <\/a><strong>\u2013 <\/strong>Dr. Paul Charlebois<\/li>\n<li><a href=\"https:\/\/csim.ca\/wp-content\/uploads\/documents\/meeting2019\/slides\/Oct%203%200900%20-%20W06%20Dr%20Connors.pdf\" target=\"_blank\" rel=\"noopener\">Immunodeficiency 101 for the General Internist<\/a> <strong>\u2013 <\/strong>Dr. Lori Connors<\/li>\n<li><a href=\"https:\/\/csim.ca\/wp-content\/uploads\/documents\/meeting2019\/slides\/Oct 3 1000 - W09 Dr Babb.pdf\" target=\"_blank\" rel=\"noopener\">Geriatric 2019 Update: Pills and Falls<\/a> <strong>\u2013 <\/strong>Dr. Kimberly Babb<\/li>\n<\/ul>\n<p><a href=\"https:\/\/csim.ca\/wp-content\/uploads\/documents\/meeting2019\/slides\/Oct 3 1200 - Dr Detsky.pdf\" target=\"_blank\" rel=\"noopener\"><strong>Intergenerational Dialogue in General Internal Medicine<\/strong><\/a> \u2013 Dr. Allan Detsky<\/p>\n<p><strong>Short Snappers<\/strong><\/p>\n<ul>\n<li><a href=\"https:\/\/csim.ca\/wp-content\/uploads\/documents\/meeting2019\/slides\/Oct%203%201330%20-%2003%20Dr%20Brothers.pdf\" target=\"_blank\" rel=\"noopener\">Motivational Interviewing in Patients with Addictions<\/a> \u2013 Dr. Thomas Brothers<\/li>\n<\/ul>\n<p><strong>Friday, October 4, 2019<\/strong><\/p>\n<p><a href=\"https:\/\/csim.ca\/wp-content\/uploads\/documents\/meeting2019\/slides\/Oct%204%200800%20-%20Dr%20Croskerry.pdf\" target=\"_blank\" rel=\"noopener\">Medical Error and Cognitive Bias<\/a> \u2013 Dr. Pat Croskerry<\/p>\n<p><strong>Concurrent Workshops:<\/strong><\/p>\n<ul>\n<li><a href=\"https:\/\/csim.ca\/wp-content\/uploads\/documents\/meeting2019\/slides\/Oct%204%200900%20-%20W11%20Robinson.pdf\" target=\"_blank\" rel=\"noopener\">Janeway, Osler, Roth and Duke: Update on Endocarditis<\/a> \u2013 Dr. Steven Robinson<\/li>\n<li><a href=\"https:\/\/csim.ca\/wp-content\/uploads\/documents\/meeting2019\/slides\/Oct%204%200900%20-%20W13%20Dr%20Williams.pdf\" target=\"_blank\" rel=\"noopener\">IBD: What\u2019s new? What\u2019s important?<\/a> \u2013 Dr. Chadwick Williams<\/li>\n<li><a href=\"https:\/\/csim.ca\/wp-content\/uploads\/documents\/meeting2019\/slides\/Oct%204%200900%20-%20W15%20Zed.pdf\" target=\"_blank\" rel=\"noopener\">Platelets are 7, What Next?<\/a> \u2013 Dr. Elizabeth Zed<\/li>\n<li><a href=\"https:\/\/csim.ca\/wp-content\/uploads\/documents\/meeting2019\/slides\/Oct%204%200900%20-%20W18%20LeBlanc.pdf\" target=\"_blank\" rel=\"noopener\">Snap, Crackle, Pop: Approach to Interstitial Lung Disease<\/a> \u2013 Dr. Aaron LeBlanc<\/li>\n<li><a href=\"https:\/\/csim.ca\/wp-content\/uploads\/documents\/meeting2019\/slides\/Oct%204%200900%20-%20W19%20Dr%20Bursey.pdf\" target=\"_blank\" rel=\"noopener\">Competency-Based Medical Education (CBME)<\/a> \u2013 Dr. Ford Bursey<\/li>\n<\/ul>\n<p><strong>Senior and New Investigator Award Presentations<\/strong><\/p>\n<ol>\n<li><a href=\"https:\/\/csim.ca\/wp-content\/uploads\/documents\/meeting2019\/slides\/Oct%204%201205%20-%20NIA%20Dr%20Razak.pdf\" target=\"_blank\" rel=\"noopener\">Five JAMA Papers<\/a> \u2013 Dr. Fahad Razak, New Investigator Award Recipient 2019<\/li>\n<li><a href=\"https:\/\/csim.ca\/wp-content\/uploads\/documents\/meeting2019\/slides\/Oct%204%201205%20-%20SIA%20Dr%20Ray.pdf\" target=\"_blank\" rel=\"noopener\">Efficiency in Health Research \u2013 Time for a Haircut from the Barber-Surgeon<\/a> \u2013 Dr. Joel Ray, Dr. David Sackett Senior Investigator Award Recipient 2019<\/li>\n<\/ol>\n<p><strong>Saturday, October 5, 2019<\/strong><\/p>\n<p><strong>Workshops<\/strong><\/p>\n<ul>\n<li>Obstetric Medicine \u2013 Dr. Natalie Dayan, Dr. Sophie Grand\u2019Maison &#8211; <a href=\"https:\/\/csim.ca\/wp-content\/uploads\/documents\/meeting2019\/slides\/Oct%205%201000%20-%20Obstetric%20pt%202.pdf\" target=\"_blank\" rel=\"noopener\">Part 2<\/a> &#8211; <a href=\"https:\/\/csim.ca\/wp-content\/uploads\/documents\/meeting2019\/slides\/Oct%205%201000%20-%20Obstetric%20pt%203.pdf\" target=\"_blank\" rel=\"noopener\">Part 3<\/a><\/li>\n<li>Stroke School for Internists: Developing Competency in Hyperacute Stroke Management \u2013 Dr. Gurpreet Jaswal, Dr. Albert Jin &#8211; <a href=\"https:\/\/csim.ca\/wp-content\/uploads\/documents\/meeting2019\/slides\/Oct 5 1000 - Stroke School pt 1.pdf\" target=\"_blank\" rel=\"noopener\">Part 1<\/a> &#8211; <a href=\"https:\/\/csim.ca\/wp-content\/uploads\/documents\/meeting2019\/slides\/Oct 5 1000 - Stroke School pt 2.pdf\" target=\"_blank\" rel=\"noopener\">Part 2<\/a><\/li>\n<\/ul>\n<p>&nbsp;<\/p>\n<p>&nbsp;<\/p>\n<p><em><br \/>\n<strong>Avertissement:<\/strong> L\u2019affichage de diapositives et de mat\u00e9riel de pr\u00e9sentation du Congr\u00e8s annuel de la SCMI a pour but de fournir de l\u2019information. Ces documents ne constituent pas une position officielle de la SCMI; ils ne sont pas non plus destin\u00e9s \u00e0 faire connaitre des normes de pratique d\u00e9finitives ni \u00e0 fournir des avis m\u00e9dicaux. Les diapositives et le mat\u00e9riel de pr\u00e9sentation doivent \u00eatre utilis\u00e9s dans le cadre de l\u2019exercice des comp\u00e9tences professionnelles et du jugement du lecteur; rien dans ce contenu ne saurait d\u00e9gager les lecteurs et les participants au Congr\u00e8s de leur responsabilit\u00e9 professionnelle dans l\u2019exercice de ces comp\u00e9tences et de ce jugement de mani\u00e8re ind\u00e9pendante. De plus, les diapositives peuvent \u00eatre soumises aux droits d\u2019auteur de tiers et ne peuvent \u00eatre reproduites sans autorisation de l\u2019auteur.<\/em><\/p>\n<p>[\/et_pb_text][et_pb_text admin_label=\u00a0\u00bbText\u00a0\u00bb background_layout=\u00a0\u00bblight\u00a0\u00bb text_orientation=\u00a0\u00bbleft\u00a0\u00bb module_class=\u00a0\u00bbhidden\u00a0\u00bb use_border_color=\u00a0\u00bboff\u00a0\u00bb border_color=\u00a0\u00bb#ffffff\u00a0\u00bb border_style=\u00a0\u00bbsolid\u00a0\u00bb]<\/p>\n<hr \/>\n<p align=\"center\"><em>Like and follow us <\/em><em>@CSIMSCMI for #CSIM2019 conference updates!<\/em><\/p>\n<p><b>Save the Dates!<\/b><br \/>\nCSIM Annual Meeting 2020 October 14-17, 2020 in Quebec, QC<br \/>\nCSIM Annual Meeting 2021 October 13-16, 2021 in Hamilton, ON<\/p>\n<p align=\"center\"><a href=\"https:\/\/www.facebook.com\/people\/Canadian-Society-of-Internal-Medicine\/61556671006941\/\" target=\"_blank\" rel=\"noopener noreferrer\"><img loading=\"lazy\" decoding=\"async\" src=\"https:\/\/csim.ca\/wp-content\/uploads\/2015\/03\/fb-csim.png\" alt=\"Facebook\" width=\"48\" height=\"48\" border=\"0\" \/><\/a> <a href=\"http:\/\/twitter.com\/CSIMSCMI\" target=\"_blank\" rel=\"noopener noreferrer\"><img loading=\"lazy\" decoding=\"async\" src=\"https:\/\/csim.ca\/wp-content\/uploads\/2015\/03\/twitter-csim.png\" alt=\"twitter\" width=\"48\" height=\"48\" \/><\/a><\/p>\n<hr \/>\n<p>[\/et_pb_text][\/et_pb_column][et_pb_column type=\u00a0\u00bb1_4&Prime;][et_pb_sidebar admin_label=\u00a0\u00bbAnnual Meeting Pages\u00a0\u00bb orientation=\u00a0\u00bbright\u00a0\u00bb area=\u00a0\u00bbet_pb_widget_area_16&Prime; background_layout=\u00a0\u00bblight\u00a0\u00bb module_class=\u00a0\u00bbinner-sidebar\u00a0\u00bb remove_border=\u00a0\u00bboff\u00a0\u00bb]<\/p>\n<p>&nbsp;<\/p>\n<p>[\/et_pb_sidebar][et_pb_sidebar admin_label=\u00a0\u00bbPast Annual Meetings\u00a0\u00bb orientation=\u00a0\u00bbright\u00a0\u00bb area=\u00a0\u00bbet_pb_widget_area_6&Prime; background_layout=\u00a0\u00bblight\u00a0\u00bb module_class=\u00a0\u00bbinner-sidebar\u00a0\u00bb remove_border=\u00a0\u00bboff\u00a0\u00bb]<\/p>\n<p>&nbsp;<\/p>\n<p>[\/et_pb_sidebar][\/et_pb_column][\/et_pb_row][\/et_pb_section][et_pb_section admin_label=\u00a0\u00bbsection\u00a0\u00bb fullwidth=\u00a0\u00bboff\u00a0\u00bb specialty=\u00a0\u00bboff\u00a0\u00bb transparent_background=\u00a0\u00bboff\u00a0\u00bb background_color=\u00a0\u00bb#0478a7&Prime; allow_player_pause=\u00a0\u00bboff\u00a0\u00bb inner_shadow=\u00a0\u00bboff\u00a0\u00bb parallax=\u00a0\u00bboff\u00a0\u00bb parallax_method=\u00a0\u00bboff\u00a0\u00bb module_class=\u00a0\u00bbconference-block\u00a0\u00bb][et_pb_row admin_label=\u00a0\u00bbrow\u00a0\u00bb][et_pb_column type=\u00a0\u00bb4_4&Prime;][et_pb_text admin_label=\u00a0\u00bbConferences Table\u00a0\u00bb background_layout=\u00a0\u00bblight\u00a0\u00bb text_orientation=\u00a0\u00bbleft\u00a0\u00bb use_border_color=\u00a0\u00bboff\u00a0\u00bb border_color=\u00a0\u00bb#ffffff\u00a0\u00bb border_style=\u00a0\u00bbsolid\u00a0\u00bb]<\/p>\n\n<table id=\"tablepress-23\" class=\"tablepress tablepress-id-23\">\n<tbody>\n<tr class=\"row-1\">\n\t<td class=\"column-1\"><strong><span style=\"color:#fff;font-size:1.1em;\">2019<\/span><\/strong><\/td><td class=\"column-2\"><strong><span style=\"color:#fff;font-size:1.1em;\">2020<\/span><\/strong><\/td><td class=\"column-3\"><strong><span style=\"color:#fff;font-size:1.1em;\">2021<\/span><\/strong><\/td>\n<\/tr>\n<tr class=\"row-2\">\n\t<td class=\"column-1\"><a href=\"https:\/\/csim.ca\/fr\/reunions\/csim-annual-meeting-2019\/\"><img loading=\"lazy\" decoding=\"async\" src=\"https:\/\/csim.ca\/wp-content\/uploads\/2015\/02\/Peggys Cove and benchSM.jpg\" alt=\"CSIM Halifax Meeting\" width=\"247\" height=\"163\" class=\"aligncenter size-full wp-image-133\" \/><\/a><\/td><td class=\"column-2\"><img loading=\"lazy\" decoding=\"async\" src=\"https:\/\/csim.ca\/wp-content\/uploads\/documents\/meeting2020\/quebec.jpg\" alt=\"CSIM internal medicine quebec city conference\" width=\"247\" height=\"163\" class=\"aligncenter size-full wp-image-133\" \/><\/td><td class=\"column-3\"><img loading=\"lazy\" decoding=\"async\" src=\"https:\/\/csim.ca\/wp-content\/uploads\/documents\/meeting2021\/hamilton.jpg\" alt=\"CSIM internal medicine hamilton conference\" width=\"247\" height=\"163\" class=\"aligncenter size-full wp-image-133\" \/><\/td>\n<\/tr>\n<tr class=\"row-3\">\n\t<td class=\"column-1\"><h4><a href=\"https:\/\/csim.ca\/fr\/reunions\/csim-annual-meeting-2019\/\">Congr\u00e8s annuel de la SCMI 2019<\/a><\/h4><i><span style=\"color:#999;font-size:1.1em;\">en collaboration avec ACP Atlantic Provinces Chapters<\/span><\/i><br \/>\n<p>Halifax Convention Centre<br>Halifax (NE)<br>Du 2 au 5 octobre 2019<\/p><\/td><td class=\"column-2\"><h4 style=\"color:#fff;\">Congr\u00e8s annuel de la SCMI 2020<\/h4><p>Centre des congr\u00e8s de Qu\u00e9bec<br>Qu\u00e9bec (QC)<br>du 14 au 17 octobre 2020<\/p><\/td><td class=\"column-3\"><h4 style=\"color:#fff;\">Congr\u00e8s annuel de la SCMI 2021<\/h4><p>Centre des congr\u00e8s de Hamilton<br>Hamilton (ON)<br>du 13 au 16 octobre 2021<\/p><\/td>\n<\/tr>\n<\/tbody>\n<\/table>\n<!-- #tablepress-23 from cache -->\n<p>[\/et_pb_text][\/et_pb_column][\/et_pb_row][\/et_pb_section]<\/p>\n","protected":false},"excerpt":{"rendered":"<p>Congr\u00e8s annuel de la SCMI 2019 Halifax Convention Centre, Halifax, N.-\u00c9. | 2 au 5 octobre 2019 \u00c9valuations et diapositives Vos commentaires sont importants pour nous. Veuillez cliquer ici pour compl\u00e9ter le formulaire d\u2019\u00e9valuation g\u00e9n\u00e9ral du congr\u00e8s. Si vous souhaitez \u00e9valuer les sessions individuelles auxquelles vous avez assist\u00e9, veuillez vous reporter aux courriels quotidiens qui [&hellip;]<\/p>\n","protected":false},"author":2,"featured_media":0,"parent":3418,"menu_order":2,"comment_status":"closed","ping_status":"closed","template":"","meta":{"_et_pb_use_builder":"on","_et_pb_old_content":"","_et_gb_content_width":"","_monsterinsights_skip_tracking":false,"_monsterinsights_sitenote_active":false,"_monsterinsights_sitenote_note":"","_monsterinsights_sitenote_category":0,"footnotes":""},"class_list":["post-4244","page","type-page","status-publish","hentry"],"_links":{"self":[{"href":"https:\/\/csim.ca\/fr\/wp-json\/wp\/v2\/pages\/4244","targetHints":{"allow":["GET"]}}],"collection":[{"href":"https:\/\/csim.ca\/fr\/wp-json\/wp\/v2\/pages"}],"about":[{"href":"https:\/\/csim.ca\/fr\/wp-json\/wp\/v2\/types\/page"}],"author":[{"embeddable":true,"href":"https:\/\/csim.ca\/fr\/wp-json\/wp\/v2\/users\/2"}],"replies":[{"embeddable":true,"href":"https:\/\/csim.ca\/fr\/wp-json\/wp\/v2\/comments?post=4244"}],"version-history":[{"count":4,"href":"https:\/\/csim.ca\/fr\/wp-json\/wp\/v2\/pages\/4244\/revisions"}],"predecessor-version":[{"id":4307,"href":"https:\/\/csim.ca\/fr\/wp-json\/wp\/v2\/pages\/4244\/revisions\/4307"}],"up":[{"embeddable":true,"href":"https:\/\/csim.ca\/fr\/wp-json\/wp\/v2\/pages\/3418"}],"wp:attachment":[{"href":"https:\/\/csim.ca\/fr\/wp-json\/wp\/v2\/media?parent=4244"}],"curies":[{"name":"wp","href":"https:\/\/api.w.org\/{rel}","templated":true}]}}