{"id":3735,"date":"2019-04-15T16:09:45","date_gmt":"2019-04-15T20:09:45","guid":{"rendered":"https:\/\/csim.ca\/?page_id=3735"},"modified":"2019-09-26T10:07:52","modified_gmt":"2019-09-26T14:07:52","slug":"cardiac-ultrasound-simulation","status":"publish","type":"page","link":"https:\/\/csim.ca\/fr\/education\/conferences\/csim-annual-meeting-2019\/programme\/cardiac-ultrasound-simulation\/","title":{"rendered":"<b>Cours de formation <em>Cardiac Ultrasound Simulation<\/em><\/b>"},"content":{"rendered":"<p>[et_pb_section admin_label=\u00a0\u00bbsection\u00a0\u00bb transparent_background=\u00a0\u00bbon\u00a0\u00bb background_color=\u00a0\u00bb#f3f8fb\u00a0\u00bb allow_player_pause=\u00a0\u00bboff\u00a0\u00bb inner_shadow=\u00a0\u00bboff\u00a0\u00bb parallax=\u00a0\u00bboff\u00a0\u00bb parallax_method=\u00a0\u00bboff\u00a0\u00bb module_class=\u00a0\u00bbhomecontent\u00a0\u00bb background_image=\u00a0\u00bbhttps:\/\/csim.ca\/wp-content\/uploads\/2015\/02\/csim-innerbg-23.jpg\u00a0\u00bb padding_mobile=\u00a0\u00bboff\u00a0\u00bb make_fullwidth=\u00a0\u00bboff\u00a0\u00bb use_custom_width=\u00a0\u00bboff\u00a0\u00bb width_unit=\u00a0\u00bbon\u00a0\u00bb make_equal=\u00a0\u00bboff\u00a0\u00bb use_custom_gutter=\u00a0\u00bboff\u00a0\u00bb][et_pb_row admin_label=\u00a0\u00bbrow\u00a0\u00bb make_fullwidth=\u00a0\u00bboff\u00a0\u00bb use_custom_width=\u00a0\u00bboff\u00a0\u00bb width_unit=\u00a0\u00bbon\u00a0\u00bb use_custom_gutter=\u00a0\u00bboff\u00a0\u00bb custom_padding_last_edited=\u00a0\u00bbon|phone\u00a0\u00bb padding_mobile=\u00a0\u00bbon\u00a0\u00bb allow_player_pause=\u00a0\u00bboff\u00a0\u00bb parallax=\u00a0\u00bboff\u00a0\u00bb parallax_method=\u00a0\u00bboff\u00a0\u00bb make_equal=\u00a0\u00bboff\u00a0\u00bb parallax_1=\u00a0\u00bboff\u00a0\u00bb parallax_method_1=\u00a0\u00bboff\u00a0\u00bb parallax_2=\u00a0\u00bboff\u00a0\u00bb parallax_method_2=\u00a0\u00bboff\u00a0\u00bb column_padding_mobile=\u00a0\u00bbon\u00a0\u00bb background_color_2=\u00a0\u00bb#f6f8fb\u00a0\u00bb custom_padding=\u00a0\u00bb0px|0px|0px|0px\u00a0\u00bb module_class=\u00a0\u00bbmain-row-bg main-row\u00a0\u00bb custom_css_main_1=\u00a0\u00bbbackground-color:#fff;\u00a0\u00bb padding_top_2=\u00a0\u00bb25px\u00a0\u00bb padding_bottom_2=\u00a0\u00bb10px\u00a0\u00bb custom_css_main_2=\u00a0\u00bbbackground-color:#f6f8fb;\u00a0\u00bb padding_top_1=\u00a0\u00bb25px\u00a0\u00bb padding_right_1=\u00a0\u00bb20px\u00a0\u00bb padding_bottom_1=\u00a0\u00bb20px\u00a0\u00bb padding_left_1=\u00a0\u00bb20px\u00a0\u00bb padding_1_tablet=\u00a0\u00bb20px|20px|20px|20px\u00a0\u00bb padding_1_phone=\u00a0\u00bb15px|10px|10px|10px\u00a0\u00bb padding_1_last_edited=\u00a0\u00bbon|phone\u00a0\u00bb padding_2_tablet=\u00a0\u00bb25px|10px|10px|10px\u00a0\u00bb padding_2_last_edited=\u00a0\u00bbon|phone\u00a0\u00bb][et_pb_column type=\u00a0\u00bb3_4&Prime;][et_pb_text admin_label=\u00a0\u00bbMain Content Area\u00a0\u00bb background_layout=\u00a0\u00bblight\u00a0\u00bb text_orientation=\u00a0\u00bbleft\u00a0\u00bb use_border_color=\u00a0\u00bboff\u00a0\u00bb border_color=\u00a0\u00bb#ffffff\u00a0\u00bb border_style=\u00a0\u00bbsolid\u00a0\u00bb]<\/p>\n<table>\n<tbody>\n<tr>\n<td valign=\"top\">\n<h1>Congr\u00e8s annuel de la SCMI 2019<\/h1>\n<\/td>\n<td><\/td>\n<td><\/td>\n<\/tr>\n<\/tbody>\n<\/table>\n<h3><strong>Cours : <em>CSIM Cardiac Ultrasound Simulation Pre-Course<\/em><\/strong><\/h3>\n<p>Le mercredi 2 octobre 2019 &#8211; de 7h30 \u00e0 12h<br \/>\n<em>Dalhousie University, Collaborative Health Education Building (CHEB)<\/em><strong><br \/>\n<\/strong>5793, rue University, Halifax (N\u00c9)\u00a0 B3H 4R2<\/p>\n<p><strong><a href=\"https:\/\/csim.ca\/wp-content\/uploads\/documents\/meeting2019\/CSIM 2019 Simulation Session Preliminary Program.pdf\">Cliquez ici pour en apprendre plus<\/a>.<\/strong><\/p>\n<hr \/>\n<p align=\"center\"><em>Suivez-nous <a href=\"https:\/\/twitter.com\/CSIMSCMI\">@CSIMSCMI<\/a> pour les mises \u00e0 jour de la conf\u00e9rence #CSIM2019 !<\/em><\/p>\n<p><strong>Sauvez les dates!<\/strong><br \/>\nCongr\u00e8s annuel de la SCMI 2020, du 14 au 17 octobre 2020 \u00e0 Qu\u00e9bec (QC)<br \/>\nCongr\u00e8s annuel de la SCMI 2021, du 16 au 16 octobre 2021 \u00e0 Hamilton (ON)<\/p>\n<p align=\"center\"><a href=\"https:\/\/www.facebook.com\/people\/Canadian-Society-of-Internal-Medicine\/61556671006941\/\" target=\"_blank\" rel=\"noopener noreferrer\"><img loading=\"lazy\" decoding=\"async\" src=\"https:\/\/csim.ca\/wp-content\/uploads\/2015\/03\/fb-csim.png\" alt=\"Facebook\" width=\"48\" height=\"48\" border=\"0\" \/><\/a> <a href=\"http:\/\/twitter.com\/CSIMSCMI\" target=\"_blank\" rel=\"noopener noreferrer\"><img loading=\"lazy\" decoding=\"async\" src=\"https:\/\/csim.ca\/wp-content\/uploads\/2015\/03\/twitter-csim.png\" alt=\"twitter\" width=\"48\" height=\"48\" \/><\/a><\/p>\n<hr \/>\n<p>&nbsp;<\/p>\n<p>[\/et_pb_text][\/et_pb_column][et_pb_column type=\u00a0\u00bb1_4&Prime;][et_pb_sidebar admin_label=\u00a0\u00bbAnnual Meeting Pages\u00a0\u00bb orientation=\u00a0\u00bbright\u00a0\u00bb area=\u00a0\u00bbet_pb_widget_area_16&Prime; background_layout=\u00a0\u00bblight\u00a0\u00bb module_class=\u00a0\u00bbinner-sidebar\u00a0\u00bb remove_border=\u00a0\u00bboff\u00a0\u00bb]<\/p>\n<p>&nbsp;<\/p>\n<p>[\/et_pb_sidebar][et_pb_sidebar admin_label=\u00a0\u00bbPast Annual Meetings\u00a0\u00bb orientation=\u00a0\u00bbright\u00a0\u00bb area=\u00a0\u00bbet_pb_widget_area_6&Prime; background_layout=\u00a0\u00bblight\u00a0\u00bb module_class=\u00a0\u00bbinner-sidebar\u00a0\u00bb remove_border=\u00a0\u00bboff\u00a0\u00bb]<\/p>\n<p>&nbsp;<\/p>\n<p>[\/et_pb_sidebar][\/et_pb_column][\/et_pb_row][\/et_pb_section][et_pb_section admin_label=\u00a0\u00bbsection\u00a0\u00bb fullwidth=\u00a0\u00bboff\u00a0\u00bb specialty=\u00a0\u00bboff\u00a0\u00bb transparent_background=\u00a0\u00bboff\u00a0\u00bb background_color=\u00a0\u00bb#0478a7&Prime; allow_player_pause=\u00a0\u00bboff\u00a0\u00bb inner_shadow=\u00a0\u00bboff\u00a0\u00bb parallax=\u00a0\u00bboff\u00a0\u00bb parallax_method=\u00a0\u00bboff\u00a0\u00bb module_class=\u00a0\u00bbconference-block\u00a0\u00bb][et_pb_row admin_label=\u00a0\u00bbrow\u00a0\u00bb][et_pb_column type=\u00a0\u00bb4_4&Prime;][et_pb_text admin_label=\u00a0\u00bbConferences Table\u00a0\u00bb background_layout=\u00a0\u00bblight\u00a0\u00bb text_orientation=\u00a0\u00bbleft\u00a0\u00bb use_border_color=\u00a0\u00bboff\u00a0\u00bb border_color=\u00a0\u00bb#ffffff\u00a0\u00bb border_style=\u00a0\u00bbsolid\u00a0\u00bb]<\/p>\n\n<table id=\"tablepress-23\" class=\"tablepress tablepress-id-23\">\n<tbody>\n<tr class=\"row-1\">\n\t<td class=\"column-1\"><strong><span style=\"color:#fff;font-size:1.1em;\">2019<\/span><\/strong><\/td><td class=\"column-2\"><strong><span style=\"color:#fff;font-size:1.1em;\">2020<\/span><\/strong><\/td><td class=\"column-3\"><strong><span style=\"color:#fff;font-size:1.1em;\">2021<\/span><\/strong><\/td>\n<\/tr>\n<tr class=\"row-2\">\n\t<td class=\"column-1\"><a href=\"https:\/\/csim.ca\/fr\/reunions\/csim-annual-meeting-2019\/\"><img loading=\"lazy\" decoding=\"async\" src=\"https:\/\/csim.ca\/wp-content\/uploads\/2015\/02\/Peggys Cove and benchSM.jpg\" alt=\"CSIM Halifax Meeting\" width=\"247\" height=\"163\" class=\"aligncenter size-full wp-image-133\" \/><\/a><\/td><td class=\"column-2\"><img loading=\"lazy\" decoding=\"async\" src=\"https:\/\/csim.ca\/wp-content\/uploads\/documents\/meeting2020\/quebec.jpg\" alt=\"CSIM internal medicine quebec city conference\" width=\"247\" height=\"163\" class=\"aligncenter size-full wp-image-133\" \/><\/td><td class=\"column-3\"><img loading=\"lazy\" decoding=\"async\" src=\"https:\/\/csim.ca\/wp-content\/uploads\/documents\/meeting2021\/hamilton.jpg\" alt=\"CSIM internal medicine hamilton conference\" width=\"247\" height=\"163\" class=\"aligncenter size-full wp-image-133\" \/><\/td>\n<\/tr>\n<tr class=\"row-3\">\n\t<td class=\"column-1\"><h4><a href=\"https:\/\/csim.ca\/fr\/reunions\/csim-annual-meeting-2019\/\">Congr\u00e8s annuel de la SCMI 2019<\/a><\/h4><i><span style=\"color:#999;font-size:1.1em;\">en collaboration avec ACP Atlantic Provinces Chapters<\/span><\/i><br \/>\n<p>Halifax Convention Centre<br>Halifax (NE)<br>Du 2 au 5 octobre 2019<\/p><\/td><td class=\"column-2\"><h4 style=\"color:#fff;\">Congr\u00e8s annuel de la SCMI 2020<\/h4><p>Centre des congr\u00e8s de Qu\u00e9bec<br>Qu\u00e9bec (QC)<br>du 14 au 17 octobre 2020<\/p><\/td><td class=\"column-3\"><h4 style=\"color:#fff;\">Congr\u00e8s annuel de la SCMI 2021<\/h4><p>Centre des congr\u00e8s de Hamilton<br>Hamilton (ON)<br>du 13 au 16 octobre 2021<\/p><\/td>\n<\/tr>\n<\/tbody>\n<\/table>\n<!-- #tablepress-23 from cache -->\n<p>[\/et_pb_text][\/et_pb_column][\/et_pb_row][\/et_pb_section]<\/p>\n","protected":false},"excerpt":{"rendered":"<p>Congr\u00e8s annuel de la SCMI 2019 Cours : CSIM Cardiac Ultrasound Simulation Pre-Course Le mercredi 2 octobre 2019 &#8211; de 7h30 \u00e0 12h Dalhousie University, Collaborative Health Education Building (CHEB) 5793, rue University, Halifax (N\u00c9)\u00a0 B3H 4R2 Cliquez ici pour en apprendre plus. Suivez-nous @CSIMSCMI pour les mises \u00e0 jour de la conf\u00e9rence #CSIM2019 ! [&hellip;]<\/p>\n","protected":false},"author":2,"featured_media":0,"parent":3418,"menu_order":2,"comment_status":"closed","ping_status":"closed","template":"","meta":{"_et_pb_use_builder":"on","_et_pb_old_content":"","_et_gb_content_width":"","_monsterinsights_skip_tracking":false,"_monsterinsights_sitenote_active":false,"_monsterinsights_sitenote_note":"","_monsterinsights_sitenote_category":0,"footnotes":""},"class_list":["post-3735","page","type-page","status-publish","hentry"],"_links":{"self":[{"href":"https:\/\/csim.ca\/fr\/wp-json\/wp\/v2\/pages\/3735","targetHints":{"allow":["GET"]}}],"collection":[{"href":"https:\/\/csim.ca\/fr\/wp-json\/wp\/v2\/pages"}],"about":[{"href":"https:\/\/csim.ca\/fr\/wp-json\/wp\/v2\/types\/page"}],"author":[{"embeddable":true,"href":"https:\/\/csim.ca\/fr\/wp-json\/wp\/v2\/users\/2"}],"replies":[{"embeddable":true,"href":"https:\/\/csim.ca\/fr\/wp-json\/wp\/v2\/comments?post=3735"}],"version-history":[{"count":4,"href":"https:\/\/csim.ca\/fr\/wp-json\/wp\/v2\/pages\/3735\/revisions"}],"predecessor-version":[{"id":4267,"href":"https:\/\/csim.ca\/fr\/wp-json\/wp\/v2\/pages\/3735\/revisions\/4267"}],"up":[{"embeddable":true,"href":"https:\/\/csim.ca\/fr\/wp-json\/wp\/v2\/pages\/3418"}],"wp:attachment":[{"href":"https:\/\/csim.ca\/fr\/wp-json\/wp\/v2\/media?parent=3735"}],"curies":[{"name":"wp","href":"https:\/\/api.w.org\/{rel}","templated":true}]}}