{"id":2768,"date":"2018-02-14T10:35:19","date_gmt":"2018-02-14T15:35:19","guid":{"rendered":"http:\/\/csim.ca\/?page_id=2768"},"modified":"2024-03-06T14:28:29","modified_gmt":"2024-03-06T19:28:29","slug":"benevolat","status":"publish","type":"page","link":"https:\/\/csim.ca\/fr\/adhesion\/benevolat\/","title":{"rendered":"B\u00e9n\u00e9volat"},"content":{"rendered":"<p>[et_pb_section fb_built=\u00a0\u00bb1&Prime; custom_padding_last_edited=\u00a0\u00bbon|desktop\u00a0\u00bb admin_label=\u00a0\u00bbsection\u00a0\u00bb module_class=\u00a0\u00bbhomecontent\u00a0\u00bb _builder_version=\u00a0\u00bb4.24.0&Prime; custom_padding_tablet=\u00a0\u00bb50px|0|50px|0&Prime; custom_padding_phone=\u00a0\u00bb\u00a0\u00bb hover_enabled=\u00a0\u00bb0&Prime; custom_css_main_element=\u00a0\u00bbbackground-color:#f3f8fb;\u00a0\u00bb transparent_background=\u00a0\u00bbon\u00a0\u00bb padding_mobile=\u00a0\u00bboff\u00a0\u00bb make_fullwidth=\u00a0\u00bboff\u00a0\u00bb use_custom_width=\u00a0\u00bboff\u00a0\u00bb width_unit=\u00a0\u00bbon\u00a0\u00bb global_colors_info=\u00a0\u00bb{}\u00a0\u00bb background_enable_image=\u00a0\u00bboff\u00a0\u00bb background_enable_color=\u00a0\u00bboff\u00a0\u00bb sticky_enabled=\u00a0\u00bb0&Prime;][et_pb_row column_structure=\u00a0\u00bb3_4,1_4&Prime; padding_mobile=\u00a0\u00bbon\u00a0\u00bb column_padding_mobile=\u00a0\u00bbon\u00a0\u00bb custom_padding_last_edited=\u00a0\u00bbon|phone\u00a0\u00bb admin_label=\u00a0\u00bbrow\u00a0\u00bb module_class=\u00a0\u00bbmain-row-bg main-row\u00a0\u00bb _builder_version=\u00a0\u00bb4.16&Prime; background_size=\u00a0\u00bbinitial\u00a0\u00bb background_position=\u00a0\u00bbtop_left\u00a0\u00bb background_repeat=\u00a0\u00bbrepeat\u00a0\u00bb custom_padding=\u00a0\u00bb0px|0px|0px|0px\u00a0\u00bb custom_padding_tablet=\u00a0\u00bb\u00a0\u00bb custom_padding_phone=\u00a0\u00bb\u00a0\u00bb make_fullwidth=\u00a0\u00bboff\u00a0\u00bb use_custom_width=\u00a0\u00bboff\u00a0\u00bb width_unit=\u00a0\u00bbon\u00a0\u00bb global_colors_info=\u00a0\u00bb{}\u00a0\u00bb][et_pb_column type=\u00a0\u00bb3_4&Prime; _builder_version=\u00a0\u00bb4.16&Prime; custom_padding=\u00a0\u00bb25px|20px|25px|20px\u00a0\u00bb custom_padding_tablet=\u00a0\u00bb20px|20px|20px|20px\u00a0\u00bb custom_padding_phone=\u00a0\u00bb15px|10px|10px|10px\u00a0\u00bb custom_padding_last_edited=\u00a0\u00bbon|desktop\u00a0\u00bb custom_css_main_element=\u00a0\u00bbbackground-color:#fff;\u00a0\u00bb global_colors_info=\u00a0\u00bb{}\u00a0\u00bb custom_padding__hover=\u00a0\u00bb|||\u00a0\u00bb][et_pb_text admin_label=\u00a0\u00bbMain Content Area\u00a0\u00bb _builder_version=\u00a0\u00bb4.16&Prime; background_size=\u00a0\u00bbinitial\u00a0\u00bb background_position=\u00a0\u00bbtop_left\u00a0\u00bb background_repeat=\u00a0\u00bbrepeat\u00a0\u00bb use_border_color=\u00a0\u00bboff\u00a0\u00bb border_color=\u00a0\u00bb#ffffff\u00a0\u00bb border_style=\u00a0\u00bbsolid\u00a0\u00bb global_colors_info=\u00a0\u00bb{}\u00a0\u00bb]<\/p>\n<h1>Soyez actif dans la SCMI!<\/h1>\n<p>&nbsp;<\/p>\n<p>La SCMI est une soci\u00e9t\u00e9 de b\u00e9n\u00e9voles et nous encourageons nos membres \u00e0 s&rsquo;impliquer activement.<\/p>\n<ul>\n<li><strong>Comit\u00e9 de recherche et AQ<\/strong><br \/>Le comit\u00e9 de recherche et d&rsquo;am\u00e9lioration de la qualit\u00e9 assure le leadership au sein de la SCMI pour une culture et un environnement qui soutient la recherche et l&rsquo;AQ pour les internistes, et les stagiaires universitaires et clinique en m\u00e9decine interne g\u00e9n\u00e9rale.<\/li>\n<\/ul>\n<p>&nbsp;<\/p>\n<ul>\n<li><strong>Comit\u00e9 \u00e9ducatif<\/strong><br \/>Le comit\u00e9 \u00e9ducatif conseille et recommande au conseil sur toutes les questions li\u00e9es \u00e0 la formation professionnelle continue des m\u00e9decins exer\u00e7ant la profession de MI \/ MIG.<\/li>\n<\/ul>\n<p>&nbsp;<\/p>\n<ul>\n<li><strong>Comit\u00e9 d&rsquo;adh\u00e9sion<\/strong><br \/>Le comit\u00e9 d&rsquo;adh\u00e9sion \u00e9labore, ex\u00e9cute et surveille un plan d&rsquo;adh\u00e9sion pour maintenir et augmenter l&rsquo;adh\u00e9sion \u00e0 la SCMI<\/li>\n<\/ul>\n<p>&nbsp;<\/p>\n<ul>\n<li><strong>Comit\u00e9 de la promotion de la sant\u00e9<\/strong><br \/>Le comit\u00e9 de la promotion de la sant\u00e9 de la SCMI aborde les questions li\u00e9es \u00e0 la promotion de la sant\u00e9.<\/li>\n<\/ul>\n<p>&nbsp;<\/p>\n<ul>\n<li><a href=\"http:\/\/www.cjgim.ca\/\"><strong>Examen par les pairs<\/strong><\/a><br \/>L&rsquo;objectif du processus d&rsquo;examen est de tirer parti des connaissances et de l&rsquo;exp\u00e9rience des \u00e9valuateurs, d&rsquo;obtenir l&rsquo;\u00e9valuation critique de l&rsquo;article par les examinateurs et de fournir une r\u00e9troaction concr\u00e8te aux contributeurs de la Revue canadienne de m\u00e9decine interne g\u00e9n\u00e9rale.<\/li>\n<\/ul>\n<p>Contactez-nous \u00e0 <a href=\"mailto:info@csim.ca\">info@csim.ca<\/a> pour plus de d\u00e9tails.<\/p>\n<p>&nbsp;<\/p>\n<p>&nbsp;<\/p>\n<p>&nbsp;<\/p>\n<p>&nbsp;<\/p>\n<p>[\/et_pb_text][\/et_pb_column][et_pb_column type=\u00a0\u00bb1_4&Prime; module_class=\u00a0\u00bbhome-widget\u00a0\u00bb disabled_on=\u00a0\u00bbon|on|off\u00a0\u00bb _builder_version=\u00a0\u00bb4.16&Prime; background_color=\u00a0\u00bb#f6f8fb\u00a0\u00bb custom_padding=\u00a0\u00bb25px||10px|\u00a0\u00bb custom_padding_tablet=\u00a0\u00bb20px|10px|10px|10px\u00a0\u00bb custom_padding_phone=\u00a0\u00bb\u00a0\u00bb custom_padding_last_edited=\u00a0\u00bbon|phone\u00a0\u00bb custom_css_main_element=\u00a0\u00bbbackground-color:#f6f8fb;\u00a0\u00bb global_colors_info=\u00a0\u00bb{}\u00a0\u00bb custom_padding__hover=\u00a0\u00bb|||\u00a0\u00bb][et_pb_sidebar orientation=\u00a0\u00bbright\u00a0\u00bb area=\u00a0\u00bbet_pb_widget_area_14&Prime; admin_label=\u00a0\u00bbInner Sidebar 1&Prime; module_class=\u00a0\u00bbinner-sidebar\u00a0\u00bb _builder_version=\u00a0\u00bb4.16&Prime; remove_border=\u00a0\u00bboff\u00a0\u00bb global_colors_info=\u00a0\u00bb{}\u00a0\u00bb]&nbsp;<br \/>\n[\/et_pb_sidebar][\/et_pb_column][\/et_pb_row][et_pb_row column_structure=\u00a0\u00bb1_3,2_3&Prime; disabled_on=\u00a0\u00bboff|off|on\u00a0\u00bb _builder_version=\u00a0\u00bb4.16&Prime; _module_preset=\u00a0\u00bbdefault\u00a0\u00bb global_colors_info=\u00a0\u00bb{}\u00a0\u00bb][et_pb_column type=\u00a0\u00bb1_3&Prime; _builder_version=\u00a0\u00bb4.16&Prime; _module_preset=\u00a0\u00bbdefault\u00a0\u00bb global_colors_info=\u00a0\u00bb{}\u00a0\u00bb][et_pb_sidebar orientation=\u00a0\u00bbright\u00a0\u00bb area=\u00a0\u00bbet_pb_widget_area_10&Prime; admin_label=\u00a0\u00bbInner Sidebar 1&Prime; module_class=\u00a0\u00bbinner-sidebar\u00a0\u00bb _builder_version=\u00a0\u00bb4.16&Prime; remove_border=\u00a0\u00bboff\u00a0\u00bb global_colors_info=\u00a0\u00bb{}\u00a0\u00bb]&nbsp;<br \/>\n[\/et_pb_sidebar][\/et_pb_column][et_pb_column type=\u00a0\u00bb2_3&Prime; _builder_version=\u00a0\u00bb4.16&Prime; _module_preset=\u00a0\u00bbdefault\u00a0\u00bb global_colors_info=\u00a0\u00bb{}\u00a0\u00bb][\/et_pb_column][\/et_pb_row][\/et_pb_section]<\/p>\n","protected":false},"excerpt":{"rendered":"<p>Soyez actif dans la SCMI! &nbsp; La SCMI est une soci\u00e9t\u00e9 de b\u00e9n\u00e9voles et nous encourageons nos membres \u00e0 s&rsquo;impliquer activement. Comit\u00e9 de recherche et AQLe comit\u00e9 de recherche et d&rsquo;am\u00e9lioration de la qualit\u00e9 assure le leadership au sein de la SCMI pour une culture et un environnement qui soutient la recherche et l&rsquo;AQ pour [&hellip;]<\/p>\n","protected":false},"author":2,"featured_media":0,"parent":457,"menu_order":5,"comment_status":"closed","ping_status":"closed","template":"","meta":{"_et_pb_use_builder":"on","_et_pb_old_content":"","_et_gb_content_width":"","_monsterinsights_skip_tracking":false,"_monsterinsights_sitenote_active":false,"_monsterinsights_sitenote_note":"","_monsterinsights_sitenote_category":0,"footnotes":""},"class_list":["post-2768","page","type-page","status-publish","hentry"],"_links":{"self":[{"href":"https:\/\/csim.ca\/fr\/wp-json\/wp\/v2\/pages\/2768","targetHints":{"allow":["GET"]}}],"collection":[{"href":"https:\/\/csim.ca\/fr\/wp-json\/wp\/v2\/pages"}],"about":[{"href":"https:\/\/csim.ca\/fr\/wp-json\/wp\/v2\/types\/page"}],"author":[{"embeddable":true,"href":"https:\/\/csim.ca\/fr\/wp-json\/wp\/v2\/users\/2"}],"replies":[{"embeddable":true,"href":"https:\/\/csim.ca\/fr\/wp-json\/wp\/v2\/comments?post=2768"}],"version-history":[{"count":3,"href":"https:\/\/csim.ca\/fr\/wp-json\/wp\/v2\/pages\/2768\/revisions"}],"predecessor-version":[{"id":19050,"href":"https:\/\/csim.ca\/fr\/wp-json\/wp\/v2\/pages\/2768\/revisions\/19050"}],"up":[{"embeddable":true,"href":"https:\/\/csim.ca\/fr\/wp-json\/wp\/v2\/pages\/457"}],"wp:attachment":[{"href":"https:\/\/csim.ca\/fr\/wp-json\/wp\/v2\/media?parent=2768"}],"curies":[{"name":"wp","href":"https:\/\/api.w.org\/{rel}","templated":true}]}}