{"id":22960,"date":"2026-02-23T12:39:07","date_gmt":"2026-02-23T17:39:07","guid":{"rendered":"https:\/\/csim.ca\/?page_id=22960"},"modified":"2026-02-23T14:05:41","modified_gmt":"2026-02-23T19:05:41","slug":"acp-doctors-dilemma","status":"publish","type":"page","link":"https:\/\/csim.ca\/fr\/education\/congres-annuel-scmi-2026\/acp-doctors-dilemma\/","title":{"rendered":"ACP Doctor\u2019s Dilemma\u00ae"},"content":{"rendered":"<p>[et_pb_section fb_built=\u00a0\u00bb1&Prime; admin_label=\u00a0\u00bbCSIM Annual Meeting 2023&Prime; _builder_version=\u00a0\u00bb4.20.0&Prime; custom_margin=\u00a0\u00bb0px|25px||25px|false|true\u00a0\u00bb custom_padding=\u00a0\u00bb2em||40px||false|false\u00a0\u00bb top_divider_height=\u00a0\u00bb35px\u00a0\u00bb top_divider_flip=\u00a0\u00bbvertical\u00a0\u00bb animation_style=\u00a0\u00bbzoom\u00a0\u00bb animation_intensity_zoom=\u00a0\u00bb10%\u00a0\u00bb global_colors_info=\u00a0\u00bb{}\u00a0\u00bb][et_pb_row disabled_on=\u00a0\u00bboff|off|off\u00a0\u00bb _builder_version=\u00a0\u00bb4.20.0&Prime; _module_preset=\u00a0\u00bbdefault\u00a0\u00bb background_enable_color=\u00a0\u00bboff\u00a0\u00bb global_colors_info=\u00a0\u00bb{}\u00a0\u00bb][et_pb_column type=\u00a0\u00bb4_4&Prime; _builder_version=\u00a0\u00bb4.16&Prime; _module_preset=\u00a0\u00bbdefault\u00a0\u00bb global_colors_info=\u00a0\u00bb{}\u00a0\u00bb][et_pb_text admin_label=\u00a0\u00bbSave the date\u00a0\u00bb _builder_version=\u00a0\u00bb4.27.4&Prime; text_text_color=\u00a0\u00bb#000000&Prime; background_size=\u00a0\u00bbinitial\u00a0\u00bb background_position=\u00a0\u00bbtop_left\u00a0\u00bb background_repeat=\u00a0\u00bbrepeat\u00a0\u00bb use_border_color=\u00a0\u00bboff\u00a0\u00bb border_color=\u00a0\u00bb#ffffff\u00a0\u00bb border_style=\u00a0\u00bbsolid\u00a0\u00bb global_colors_info=\u00a0\u00bb{}\u00a0\u00bb]<\/p>\n<h1 style=\"text-align: center;\"><strong>Congr\u00e8s annuel de la SCMI 2026<\/strong><\/h1>\n<h3 style=\"text-align: center;\"><strong>En collaboration avec<br \/><\/strong><\/h3>\n<p>[\/et_pb_text][et_pb_image src=\u00a0\u00bbhttps:\/\/csim.ca\/wp-content\/uploads\/2026\/02\/ASMIQ-ACP-FR.png\u00a0\u00bb title_text=\u00a0\u00bbASMIQ-ACP FR\u00a0\u00bb align=\u00a0\u00bbcenter\u00a0\u00bb _builder_version=\u00a0\u00bb4.27.4&Prime; _module_preset=\u00a0\u00bbdefault\u00a0\u00bb width=\u00a0\u00bb90%\u00a0\u00bb global_colors_info=\u00a0\u00bb{}\u00a0\u00bb][\/et_pb_image][\/et_pb_column][\/et_pb_row][et_pb_row column_structure=\u00a0\u00bb2_3,1_3&Prime; disabled_on=\u00a0\u00bboff|off|off\u00a0\u00bb _builder_version=\u00a0\u00bb4.27.4&Prime; _module_preset=\u00a0\u00bbdefault\u00a0\u00bb background_enable_color=\u00a0\u00bboff\u00a0\u00bb global_colors_info=\u00a0\u00bb{}\u00a0\u00bb][et_pb_column type=\u00a0\u00bb2_3&Prime; _builder_version=\u00a0\u00bb4.16&Prime; _module_preset=\u00a0\u00bbdefault\u00a0\u00bb global_colors_info=\u00a0\u00bb{}\u00a0\u00bb][et_pb_text admin_label=\u00a0\u00bbCall for teams\u00a0\u00bb _builder_version=\u00a0\u00bb4.27.4&Prime; text_text_color=\u00a0\u00bb#000000&Prime; background_size=\u00a0\u00bbinitial\u00a0\u00bb background_position=\u00a0\u00bbtop_left\u00a0\u00bb background_repeat=\u00a0\u00bbrepeat\u00a0\u00bb hover_enabled=\u00a0\u00bb0&Prime; use_border_color=\u00a0\u00bboff\u00a0\u00bb border_color=\u00a0\u00bb#ffffff\u00a0\u00bb border_style=\u00a0\u00bbsolid\u00a0\u00bb global_colors_info=\u00a0\u00bb{}\u00a0\u00bb sticky_enabled=\u00a0\u00bb0&Prime;]<\/p>\n<h3><strong><em>ACP Doctor\u2019s Dilemma\u00ae<\/em> &#8211; Appel aux \u00e9quipes canadiennes !<\/strong><\/h3>\n<p>Joignez-vous \u00e0 nous pour le concours Doctor\u2019s Dilemma\u00ae de<em> l\u2019American College of Physicians<\/em>, un jeu-questionnaire m\u00e9dical rapide organis\u00e9 par la Section du Qu\u00e9bec de l\u2019ACP le vendredi 23 octobre 2026 \u00e0 17 h (horaire sujet \u00e0 changement).<\/p>\n<p><strong>Admissibilit\u00e9 :<\/strong><\/p>\n<ul>\n<li>R\u00e9sidents inscrits dans un programme de m\u00e9decine interne d&rsquo;une universit\u00e9 canadienne.<\/li>\n<li>Les \u00e9quipes doivent \u00eatre compos\u00e9es de trois r\u00e9sidents canadiens en m\u00e9decine interne (PGY1-3), pouvant inclure jusqu&rsquo;\u00e0 un boursier en m\u00e9decine interne g\u00e9n\u00e9rale par \u00e9quipe.<\/li>\n<li>Limite d&rsquo;une \u00e9quipe par facult\u00e9 de m\u00e9decine et nombre de places limit\u00e9 \u2013 premier arriv\u00e9, premier servi.<\/li>\n<li>Il <span style=\"text-decoration: underline;\">n&rsquo;est pas<\/span> n\u00e9cessaire d&rsquo;\u00eatre membre de la SCMI ou de l&rsquo;ACP.<\/li>\n<\/ul>\n<p><strong>Inscrivez votre \u00e9quipe D&rsquo;ICI LE 25 AO\u00dbT 2026 par e-mail \u00e0 <a href=\"mailto:info@csim.ca\">info@csim.ca<\/a> en indiquant :<\/strong><\/p>\n<ul>\n<li>Le nom, l&rsquo;adresse courriel et l&rsquo;ann\u00e9e de r\u00e9sidence de chaque membre de l&rsquo;\u00e9quipe.<\/li>\n<li>La facult\u00e9 de m\u00e9decine repr\u00e9sent\u00e9e.<\/li>\n<\/ul>\n<p><strong>N.B. :<\/strong><\/p>\n<ul>\n<li>Les frais li\u00e9s \u00e0 l&rsquo;inscription au Congr\u00e8s ne sont pas inclus.<\/li>\n<li>Les personnes qui participent uniquement au concours et ne participent pas aux \u00e9v\u00e9nements du Congr\u00e8s sont pri\u00e9es de se pr\u00e9senter au bureau d&rsquo;inscription (Le Westin Montreal, foyer Grande Place) \u00e0 16 h le vendredi 23 octobre 2026.<\/li>\n<\/ul>\n<h4 style=\"text-align: center;\"><strong>Les membres de l&rsquo;\u00e9quipe gagnante recevront chacun une carte-cadeau d&rsquo;une valeur de 100 $ !<\/strong><\/h4>\n<h4>\u00a0<\/h4>\n<h4><strong>Vous n&rsquo;\u00eates pas encore membre de l&rsquo;ACP ?<\/strong><\/h4>\n<ul>\n<li><strong>L&rsquo;adh\u00e9sion est GRATUITE pour les \u00e9tudiants !<\/strong><\/li>\n<li><strong>Seulement 39 $ US pour les r\u00e9sidents !<\/strong><\/li>\n<li><strong><a href=\"http:\/\/acponline.org\/membership\/international-membership\" target=\"_blank\" rel=\"noopener\">Cliquez ici<\/a> pour d\u00e9couvrir tous les avantages et vous inscrire.<\/strong><\/li>\n<\/ul>\n<p style=\"text-align: center;\">D\u00e9couvrez tout ce que l&rsquo;ACP peut vous offrir !<br \/>La gouverneure de la Section du Qu\u00e9bec, la Dre Isabelle H\u00e9bert, se fera un plaisir de vous rencontrer \u00e0 Montr\u00e9al ou de r\u00e9pondre \u00e0 vos questions par courriel \u00e0 <a href=\"mailto:ihebert@telus.net\">ihebert@telus.net<\/a> !<\/p>\n<p>[\/et_pb_text][\/et_pb_column][et_pb_column type=\u00a0\u00bb1_3&Prime; _builder_version=\u00a0\u00bb4.16&Prime; _module_preset=\u00a0\u00bbdefault\u00a0\u00bb global_colors_info=\u00a0\u00bb{}\u00a0\u00bb][et_pb_sidebar area=\u00a0\u00bbet_pb_widget_area_29&Prime; show_border=\u00a0\u00bboff\u00a0\u00bb disabled_on=\u00a0\u00bboff|off|off\u00a0\u00bb _builder_version=\u00a0\u00bb4.27.4&Prime; _module_preset=\u00a0\u00bbdefault\u00a0\u00bb header_font=\u00a0\u00bb|700|||||||\u00a0\u00bb header_text_color=\u00a0\u00bb#000000&Prime; body_font=\u00a0\u00bb|600|||||||\u00a0\u00bb body_text_color=\u00a0\u00bb#000000&Prime; body_font_size=\u00a0\u00bb16px\u00a0\u00bb body_line_height=\u00a0\u00bb1.8em\u00a0\u00bb global_colors_info=\u00a0\u00bb{}\u00a0\u00bb][\/et_pb_sidebar][\/et_pb_column][\/et_pb_row][et_pb_row column_structure=\u00a0\u00bb3_4,1_4&Prime; disabled_on=\u00a0\u00bboff|off|off\u00a0\u00bb _builder_version=\u00a0\u00bb4.20.0&Prime; _module_preset=\u00a0\u00bbdefault\u00a0\u00bb background_enable_color=\u00a0\u00bboff\u00a0\u00bb global_colors_info=\u00a0\u00bb{}\u00a0\u00bb][et_pb_column type=\u00a0\u00bb3_4&Prime; _builder_version=\u00a0\u00bb4.16&Prime; _module_preset=\u00a0\u00bbdefault\u00a0\u00bb global_colors_info=\u00a0\u00bb{}\u00a0\u00bb][et_pb_social_media_follow _builder_version=\u00a0\u00bb4.16&Prime; _module_preset=\u00a0\u00bbdefault\u00a0\u00bb text_orientation=\u00a0\u00bbcenter\u00a0\u00bb global_colors_info=\u00a0\u00bb{}\u00a0\u00bb][et_pb_social_media_follow_network social_network=\u00a0\u00bbtwitter\u00a0\u00bb url=\u00a0\u00bbhttp:\/\/twitter.com\/CSIMSCMI\u00a0\u00bb _builder_version=\u00a0\u00bb4.22.2&Prime; _module_preset=\u00a0\u00bbdefault\u00a0\u00bb background_color=\u00a0\u00bb#000000&Prime; global_colors_info=\u00a0\u00bb{}\u00a0\u00bb follow_button=\u00a0\u00bboff\u00a0\u00bb url_new_window=\u00a0\u00bbon\u00a0\u00bb]twitter[\/et_pb_social_media_follow_network][\/et_pb_social_media_follow][\/et_pb_column][et_pb_column type=\u00a0\u00bb1_4&Prime; _builder_version=\u00a0\u00bb4.16&Prime; _module_preset=\u00a0\u00bbdefault\u00a0\u00bb global_colors_info=\u00a0\u00bb{}\u00a0\u00bb][\/et_pb_column][\/et_pb_row][\/et_pb_section]<\/p>\n","protected":false},"excerpt":{"rendered":"<p>Congr\u00e8s annuel de la SCMI 2026 En collaboration avecACP Doctor\u2019s Dilemma\u00ae &#8211; Appel aux \u00e9quipes canadiennes ! Joignez-vous \u00e0 nous pour le concours Doctor\u2019s Dilemma\u00ae de l\u2019American College of Physicians, un jeu-questionnaire m\u00e9dical rapide organis\u00e9 par la Section du Qu\u00e9bec de l\u2019ACP le vendredi 23 octobre 2026 \u00e0 17 h (horaire sujet \u00e0 changement). Admissibilit\u00e9 [&hellip;]<\/p>\n","protected":false},"author":4,"featured_media":0,"parent":22910,"menu_order":0,"comment_status":"closed","ping_status":"closed","template":"","meta":{"_et_pb_use_builder":"on","_et_pb_old_content":"","_et_gb_content_width":"","_monsterinsights_skip_tracking":false,"_monsterinsights_sitenote_active":false,"_monsterinsights_sitenote_note":"","_monsterinsights_sitenote_category":0,"footnotes":""},"class_list":["post-22960","page","type-page","status-publish","hentry"],"_links":{"self":[{"href":"https:\/\/csim.ca\/fr\/wp-json\/wp\/v2\/pages\/22960","targetHints":{"allow":["GET"]}}],"collection":[{"href":"https:\/\/csim.ca\/fr\/wp-json\/wp\/v2\/pages"}],"about":[{"href":"https:\/\/csim.ca\/fr\/wp-json\/wp\/v2\/types\/page"}],"author":[{"embeddable":true,"href":"https:\/\/csim.ca\/fr\/wp-json\/wp\/v2\/users\/4"}],"replies":[{"embeddable":true,"href":"https:\/\/csim.ca\/fr\/wp-json\/wp\/v2\/comments?post=22960"}],"version-history":[{"count":3,"href":"https:\/\/csim.ca\/fr\/wp-json\/wp\/v2\/pages\/22960\/revisions"}],"predecessor-version":[{"id":23036,"href":"https:\/\/csim.ca\/fr\/wp-json\/wp\/v2\/pages\/22960\/revisions\/23036"}],"up":[{"embeddable":true,"href":"https:\/\/csim.ca\/fr\/wp-json\/wp\/v2\/pages\/22910"}],"wp:attachment":[{"href":"https:\/\/csim.ca\/fr\/wp-json\/wp\/v2\/media?parent=22960"}],"curies":[{"name":"wp","href":"https:\/\/api.w.org\/{rel}","templated":true}]}}