{"id":22949,"date":"2026-02-23T12:26:54","date_gmt":"2026-02-23T17:26:54","guid":{"rendered":"https:\/\/csim.ca\/?page_id=22949"},"modified":"2026-02-23T14:03:27","modified_gmt":"2026-02-23T19:03:27","slug":"appel-a-resumes","status":"publish","type":"page","link":"https:\/\/csim.ca\/fr\/appel-a-resumes\/","title":{"rendered":"Appel \u00e0 r\u00e9sum\u00e9s"},"content":{"rendered":"<p>[et_pb_section fb_built=\u00a0\u00bb1&Prime; admin_label=\u00a0\u00bbCSIM Annual Meeting 2023&Prime; _builder_version=\u00a0\u00bb4.20.0&Prime; custom_margin=\u00a0\u00bb0px|25px||25px|false|true\u00a0\u00bb custom_padding=\u00a0\u00bb2em||40px||false|false\u00a0\u00bb top_divider_height=\u00a0\u00bb35px\u00a0\u00bb top_divider_flip=\u00a0\u00bbvertical\u00a0\u00bb animation_style=\u00a0\u00bbzoom\u00a0\u00bb animation_intensity_zoom=\u00a0\u00bb10%\u00a0\u00bb global_colors_info=\u00a0\u00bb{}\u00a0\u00bb][et_pb_row disabled_on=\u00a0\u00bboff|off|off\u00a0\u00bb _builder_version=\u00a0\u00bb4.20.0&Prime; _module_preset=\u00a0\u00bbdefault\u00a0\u00bb background_enable_color=\u00a0\u00bboff\u00a0\u00bb global_colors_info=\u00a0\u00bb{}\u00a0\u00bb][et_pb_column type=\u00a0\u00bb4_4&Prime; _builder_version=\u00a0\u00bb4.16&Prime; _module_preset=\u00a0\u00bbdefault\u00a0\u00bb global_colors_info=\u00a0\u00bb{}\u00a0\u00bb][et_pb_text admin_label=\u00a0\u00bbSave the date\u00a0\u00bb _builder_version=\u00a0\u00bb4.27.4&Prime; text_text_color=\u00a0\u00bb#000000&Prime; background_size=\u00a0\u00bbinitial\u00a0\u00bb background_position=\u00a0\u00bbtop_left\u00a0\u00bb background_repeat=\u00a0\u00bbrepeat\u00a0\u00bb use_border_color=\u00a0\u00bboff\u00a0\u00bb border_color=\u00a0\u00bb#ffffff\u00a0\u00bb border_style=\u00a0\u00bbsolid\u00a0\u00bb global_colors_info=\u00a0\u00bb{}\u00a0\u00bb]<\/p>\n<h1 style=\"text-align: center;\"><strong>Congr\u00e8s annuel de la SCMI 2026<\/strong><\/h1>\n<h3 style=\"text-align: center;\"><strong>En collaboration avec<br \/><\/strong><\/h3>\n<p>[\/et_pb_text][et_pb_image src=\u00a0\u00bbhttps:\/\/csim.ca\/wp-content\/uploads\/2026\/02\/ASMIQ-ACP-FR.png\u00a0\u00bb title_text=\u00a0\u00bbASMIQ-ACP FR\u00a0\u00bb align=\u00a0\u00bbcenter\u00a0\u00bb _builder_version=\u00a0\u00bb4.27.4&Prime; _module_preset=\u00a0\u00bbdefault\u00a0\u00bb width=\u00a0\u00bb90%\u00a0\u00bb global_colors_info=\u00a0\u00bb{}\u00a0\u00bb][\/et_pb_image][\/et_pb_column][\/et_pb_row][et_pb_row column_structure=\u00a0\u00bb2_3,1_3&Prime; disabled_on=\u00a0\u00bboff|off|off\u00a0\u00bb _builder_version=\u00a0\u00bb4.27.4&Prime; _module_preset=\u00a0\u00bbdefault\u00a0\u00bb background_enable_color=\u00a0\u00bboff\u00a0\u00bb global_colors_info=\u00a0\u00bb{}\u00a0\u00bb][et_pb_column type=\u00a0\u00bb2_3&Prime; _builder_version=\u00a0\u00bb4.16&Prime; _module_preset=\u00a0\u00bbdefault\u00a0\u00bb global_colors_info=\u00a0\u00bb{}\u00a0\u00bb][et_pb_text admin_label=\u00a0\u00bbCall for abstracts\u00a0\u00bb _builder_version=\u00a0\u00bb4.27.4&Prime; text_text_color=\u00a0\u00bb#000000&Prime; background_size=\u00a0\u00bbinitial\u00a0\u00bb background_position=\u00a0\u00bbtop_left\u00a0\u00bb background_repeat=\u00a0\u00bbrepeat\u00a0\u00bb use_border_color=\u00a0\u00bboff\u00a0\u00bb border_color=\u00a0\u00bb#ffffff\u00a0\u00bb border_style=\u00a0\u00bbsolid\u00a0\u00bb global_colors_info=\u00a0\u00bb{}\u00a0\u00bb]<\/p>\n<h4><strong>Appel \u00e0 r\u00e9sum\u00e9s<\/strong><\/h4>\n<p><strong>La SCMI invite les m\u00e9decins r\u00e9sidents et les \u00e9tudiants associ\u00e9s \u00e0 leur faire parvenir des r\u00e9sum\u00e9s en pr\u00e9vision des expos\u00e9s et des affiches.<\/strong><\/p>\n<ul>\n<li>Les r\u00e9sum\u00e9s s\u00e9lectionn\u00e9s seront pr\u00e9sent\u00e9s en direct sous forme de pr\u00e9sentations orales et d\u2019affiches lors du Congr\u00e8s annuel de la SCMI.<\/li>\n<li>Les r\u00e9sum\u00e9s de recherche et d&rsquo;AQ pr\u00e9sent\u00e9s seront publi\u00e9s dans la <a href=\"http:\/\/www.cjgim.ca\" target=\"_blank\" rel=\"noopener\">Revue canadienne de m\u00e9decine interne g\u00e9n\u00e9rale<\/a>.<\/li>\n<li><strong>Date limite de soumission: 4 juin 2026, \u00e0 16 h 00 HE.<\/strong><\/li>\n<\/ul>\n<p>[\/et_pb_text][et_pb_text admin_label=\u00a0\u00bbEligbility\u00a0\u00bb _builder_version=\u00a0\u00bb4.27.4&Prime; text_text_color=\u00a0\u00bb#000000&Prime; background_size=\u00a0\u00bbinitial\u00a0\u00bb background_position=\u00a0\u00bbtop_left\u00a0\u00bb background_repeat=\u00a0\u00bbrepeat\u00a0\u00bb hover_enabled=\u00a0\u00bb0&Prime; use_border_color=\u00a0\u00bboff\u00a0\u00bb border_color=\u00a0\u00bb#ffffff\u00a0\u00bb border_style=\u00a0\u00bbsolid\u00a0\u00bb global_colors_info=\u00a0\u00bb{}\u00a0\u00bb sticky_enabled=\u00a0\u00bb0&Prime;]<\/p>\n<h4><strong>Admissibilit\u00e9<\/strong><\/h4>\n<ul>\n<li>Ces concours sont ouverts aux r\u00e9sidents inscrits dans un programme de formation postdoctorale (PGY1 \u00e0 PGY5) en m\u00e9decine interne (IM) ou en m\u00e9decine interne g\u00e9n\u00e9rale (GIM) au Canada au moment de la soumission, et aux \u00e9tudiants en m\u00e9decine actuellement inscrits dans une facult\u00e9 de m\u00e9decine au Canada au moment de la soumission.<\/li>\n<li>Les candidats doivent \u00e9galement \u00eatre des r\u00e9sidents ou des \u00e9tudiants en m\u00e9decine associ\u00e9s \u00e0 la SCMI. Si vous n\u2019\u00eates PAS actuellement un membre associ\u00e9 de la SCMI, vous devez <a href=\"https:\/\/csim.ca\/fr\/adhesion\/\" target=\"_blank\" rel=\"noopener\">remplir une demande d\u2019adh\u00e9sion<\/a>. Les demandes doivent \u00eatre examin\u00e9es avant d&rsquo;\u00eatre approuv\u00e9es ; veuillez soumettre votre demande au moins 5 jours ouvrables avant la date limite de soumission. Vous ne pourrez pas soumettre votre r\u00e9sum\u00e9 tant que votre demande n&rsquo;aura pas \u00e9t\u00e9 approuv\u00e9e.<\/li>\n<li>Veuillez consulter les modalit\u00e9s pour obtenir tous les d\u00e9tails :<\/li>\n<\/ul>\n<p>&nbsp;<\/p>\n<p>[\/et_pb_text][et_pb_button button_url=\u00a0\u00bbhttps:\/\/csim.ca\/wp-content\/uploads\/documents\/awards\/TOR_Clinical%20Abstracts%202026_French.pdf\u00a0\u00bb button_text=\u00a0\u00bbDemande de r\u00e9sum\u00e9s cliniques\u00a0\u00bb admin_label=\u00a0\u00bbClinical\u00a0\u00bb _builder_version=\u00a0\u00bb4.27.4&Prime; _module_preset=\u00a0\u00bbdefault\u00a0\u00bb hover_enabled=\u00a0\u00bb0&Prime; global_colors_info=\u00a0\u00bb{}\u00a0\u00bb url_new_window=\u00a0\u00bbon\u00a0\u00bb sticky_enabled=\u00a0\u00bb0&Prime;][\/et_pb_button][et_pb_button button_url=\u00a0\u00bbhttps:\/\/csim.ca\/wp-content\/uploads\/documents\/awards\/TOR_RES-QI%202026_French.pdf\u00a0\u00bb button_text=\u00a0\u00bbDemande de r\u00e9sum\u00e9s de recherche et d\u2019am\u00e9lioration de la qualit\u00e9\u00a0\u00bb admin_label=\u00a0\u00bbRes QI\u00a0\u00bb _builder_version=\u00a0\u00bb4.27.4&Prime; _module_preset=\u00a0\u00bbdefault\u00a0\u00bb hover_enabled=\u00a0\u00bb0&Prime; global_colors_info=\u00a0\u00bb{}\u00a0\u00bb url_new_window=\u00a0\u00bbon\u00a0\u00bb sticky_enabled=\u00a0\u00bb0&Prime;][\/et_pb_button][\/et_pb_column][et_pb_column type=\u00a0\u00bb1_3&Prime; _builder_version=\u00a0\u00bb4.16&Prime; _module_preset=\u00a0\u00bbdefault\u00a0\u00bb global_colors_info=\u00a0\u00bb{}\u00a0\u00bb][et_pb_sidebar area=\u00a0\u00bbet_pb_widget_area_29&Prime; show_border=\u00a0\u00bboff\u00a0\u00bb disabled_on=\u00a0\u00bboff|off|off\u00a0\u00bb _builder_version=\u00a0\u00bb4.27.4&Prime; _module_preset=\u00a0\u00bbdefault\u00a0\u00bb header_font=\u00a0\u00bb|700|||||||\u00a0\u00bb header_text_color=\u00a0\u00bb#000000&Prime; body_font=\u00a0\u00bb|600|||||||\u00a0\u00bb body_text_color=\u00a0\u00bb#000000&Prime; body_font_size=\u00a0\u00bb16px\u00a0\u00bb body_line_height=\u00a0\u00bb1.8em\u00a0\u00bb global_colors_info=\u00a0\u00bb{}\u00a0\u00bb][\/et_pb_sidebar][\/et_pb_column][\/et_pb_row][et_pb_row column_structure=\u00a0\u00bb3_4,1_4&Prime; disabled_on=\u00a0\u00bboff|off|off\u00a0\u00bb _builder_version=\u00a0\u00bb4.20.0&Prime; _module_preset=\u00a0\u00bbdefault\u00a0\u00bb background_enable_color=\u00a0\u00bboff\u00a0\u00bb global_colors_info=\u00a0\u00bb{}\u00a0\u00bb][et_pb_column type=\u00a0\u00bb3_4&Prime; _builder_version=\u00a0\u00bb4.16&Prime; _module_preset=\u00a0\u00bbdefault\u00a0\u00bb global_colors_info=\u00a0\u00bb{}\u00a0\u00bb][et_pb_social_media_follow _builder_version=\u00a0\u00bb4.16&Prime; _module_preset=\u00a0\u00bbdefault\u00a0\u00bb text_orientation=\u00a0\u00bbcenter\u00a0\u00bb global_colors_info=\u00a0\u00bb{}\u00a0\u00bb][et_pb_social_media_follow_network social_network=\u00a0\u00bbtwitter\u00a0\u00bb url=\u00a0\u00bbhttp:\/\/twitter.com\/CSIMSCMI\u00a0\u00bb _builder_version=\u00a0\u00bb4.22.2&Prime; _module_preset=\u00a0\u00bbdefault\u00a0\u00bb background_color=\u00a0\u00bb#000000&Prime; global_colors_info=\u00a0\u00bb{}\u00a0\u00bb follow_button=\u00a0\u00bboff\u00a0\u00bb url_new_window=\u00a0\u00bbon\u00a0\u00bb]twitter[\/et_pb_social_media_follow_network][\/et_pb_social_media_follow][\/et_pb_column][et_pb_column type=\u00a0\u00bb1_4&Prime; _builder_version=\u00a0\u00bb4.16&Prime; _module_preset=\u00a0\u00bbdefault\u00a0\u00bb global_colors_info=\u00a0\u00bb{}\u00a0\u00bb][\/et_pb_column][\/et_pb_row][\/et_pb_section]<\/p>\n","protected":false},"excerpt":{"rendered":"<p>Congr\u00e8s annuel de la SCMI 2026 En collaboration avecAppel \u00e0 r\u00e9sum\u00e9s La SCMI invite les m\u00e9decins r\u00e9sidents et les \u00e9tudiants associ\u00e9s \u00e0 leur faire parvenir des r\u00e9sum\u00e9s en pr\u00e9vision des expos\u00e9s et des affiches. Les r\u00e9sum\u00e9s s\u00e9lectionn\u00e9s seront pr\u00e9sent\u00e9s en direct sous forme de pr\u00e9sentations orales et d\u2019affiches lors du Congr\u00e8s annuel de la SCMI. [&hellip;]<\/p>\n","protected":false},"author":4,"featured_media":0,"parent":0,"menu_order":0,"comment_status":"closed","ping_status":"closed","template":"","meta":{"_et_pb_use_builder":"on","_et_pb_old_content":"","_et_gb_content_width":"","_monsterinsights_skip_tracking":false,"_monsterinsights_sitenote_active":false,"_monsterinsights_sitenote_note":"","_monsterinsights_sitenote_category":0,"footnotes":""},"class_list":["post-22949","page","type-page","status-publish","hentry"],"_links":{"self":[{"href":"https:\/\/csim.ca\/fr\/wp-json\/wp\/v2\/pages\/22949","targetHints":{"allow":["GET"]}}],"collection":[{"href":"https:\/\/csim.ca\/fr\/wp-json\/wp\/v2\/pages"}],"about":[{"href":"https:\/\/csim.ca\/fr\/wp-json\/wp\/v2\/types\/page"}],"author":[{"embeddable":true,"href":"https:\/\/csim.ca\/fr\/wp-json\/wp\/v2\/users\/4"}],"replies":[{"embeddable":true,"href":"https:\/\/csim.ca\/fr\/wp-json\/wp\/v2\/comments?post=22949"}],"version-history":[{"count":3,"href":"https:\/\/csim.ca\/fr\/wp-json\/wp\/v2\/pages\/22949\/revisions"}],"predecessor-version":[{"id":23034,"href":"https:\/\/csim.ca\/fr\/wp-json\/wp\/v2\/pages\/22949\/revisions\/23034"}],"wp:attachment":[{"href":"https:\/\/csim.ca\/fr\/wp-json\/wp\/v2\/media?parent=22949"}],"curies":[{"name":"wp","href":"https:\/\/api.w.org\/{rel}","templated":true}]}}