{"id":22910,"date":"2026-02-23T11:15:36","date_gmt":"2026-02-23T16:15:36","guid":{"rendered":"https:\/\/csim.ca\/?page_id=22910"},"modified":"2026-03-18T15:37:53","modified_gmt":"2026-03-18T19:37:53","slug":"congres-annuel-scmi-2026","status":"publish","type":"page","link":"https:\/\/csim.ca\/fr\/education\/congres-annuel-scmi-2026\/","title":{"rendered":"Congr\u00e8s annuel de la SCMI 2026"},"content":{"rendered":"<p>[et_pb_section fb_built=\u00a0\u00bb1&Prime; admin_label=\u00a0\u00bbCSIM Annual Meeting 2023&Prime; _builder_version=\u00a0\u00bb4.20.0&Prime; custom_margin=\u00a0\u00bb0px|25px||25px|false|true\u00a0\u00bb custom_padding=\u00a0\u00bb2em||40px||false|false\u00a0\u00bb top_divider_height=\u00a0\u00bb35px\u00a0\u00bb top_divider_flip=\u00a0\u00bbvertical\u00a0\u00bb animation_style=\u00a0\u00bbzoom\u00a0\u00bb animation_intensity_zoom=\u00a0\u00bb10%\u00a0\u00bb global_colors_info=\u00a0\u00bb{}\u00a0\u00bb][et_pb_row disabled_on=\u00a0\u00bboff|off|off\u00a0\u00bb _builder_version=\u00a0\u00bb4.20.0&Prime; _module_preset=\u00a0\u00bbdefault\u00a0\u00bb background_enable_color=\u00a0\u00bboff\u00a0\u00bb global_colors_info=\u00a0\u00bb{}\u00a0\u00bb][et_pb_column type=\u00a0\u00bb4_4&Prime; _builder_version=\u00a0\u00bb4.16&Prime; _module_preset=\u00a0\u00bbdefault\u00a0\u00bb global_colors_info=\u00a0\u00bb{}\u00a0\u00bb][et_pb_text admin_label=\u00a0\u00bbSave the date\u00a0\u00bb _builder_version=\u00a0\u00bb4.27.4&Prime; text_text_color=\u00a0\u00bb#000000&Prime; background_size=\u00a0\u00bbinitial\u00a0\u00bb background_position=\u00a0\u00bbtop_left\u00a0\u00bb background_repeat=\u00a0\u00bbrepeat\u00a0\u00bb use_border_color=\u00a0\u00bboff\u00a0\u00bb border_color=\u00a0\u00bb#ffffff\u00a0\u00bb border_style=\u00a0\u00bbsolid\u00a0\u00bb global_colors_info=\u00a0\u00bb{}\u00a0\u00bb]<\/p>\n<h1 style=\"text-align: center;\"><strong>Congr\u00e8s annuel de la SCMI 2026<\/strong><\/h1>\n<h3 style=\"text-align: center;\"><strong>En collaboration avec<br \/><\/strong><\/h3>\n<p>[\/et_pb_text][et_pb_image src=\u00a0\u00bbhttps:\/\/csim.ca\/wp-content\/uploads\/2026\/02\/ASMIQ-ACP-FR.png\u00a0\u00bb title_text=\u00a0\u00bbASMIQ-ACP FR\u00a0\u00bb align=\u00a0\u00bbcenter\u00a0\u00bb _builder_version=\u00a0\u00bb4.27.4&Prime; _module_preset=\u00a0\u00bbdefault\u00a0\u00bb width=\u00a0\u00bb90%\u00a0\u00bb global_colors_info=\u00a0\u00bb{}\u00a0\u00bb][\/et_pb_image][\/et_pb_column][\/et_pb_row][et_pb_row column_structure=\u00a0\u00bb2_3,1_3&Prime; disabled_on=\u00a0\u00bboff|off|off\u00a0\u00bb _builder_version=\u00a0\u00bb4.27.4&Prime; _module_preset=\u00a0\u00bbdefault\u00a0\u00bb background_enable_color=\u00a0\u00bboff\u00a0\u00bb global_colors_info=\u00a0\u00bb{}\u00a0\u00bb][et_pb_column type=\u00a0\u00bb2_3&Prime; _builder_version=\u00a0\u00bb4.16&Prime; _module_preset=\u00a0\u00bbdefault\u00a0\u00bb global_colors_info=\u00a0\u00bb{}\u00a0\u00bb][et_pb_text admin_label=\u00a0\u00bbAbout with photo\u00a0\u00bb _builder_version=\u00a0\u00bb4.27.4&Prime; text_text_color=\u00a0\u00bb#000000&Prime; background_size=\u00a0\u00bbinitial\u00a0\u00bb background_position=\u00a0\u00bbtop_left\u00a0\u00bb background_repeat=\u00a0\u00bbrepeat\u00a0\u00bb hover_enabled=\u00a0\u00bb0&Prime; use_border_color=\u00a0\u00bboff\u00a0\u00bb border_color=\u00a0\u00bb#ffffff\u00a0\u00bb border_style=\u00a0\u00bbsolid\u00a0\u00bb global_colors_info=\u00a0\u00bb{}\u00a0\u00bb sticky_enabled=\u00a0\u00bb0&Prime;]<\/p>\n<h4><strong><img loading=\"lazy\" decoding=\"async\" class=\"wp-image-23121  alignleft\" src=\"https:\/\/csim.ca\/wp-content\/uploads\/2026\/03\/Montreal-245x300.jpg\" alt=\"\" width=\"240\" height=\"294\" \/><br \/>Congr\u00e8s annuel de la SCMI 2026<br \/>Du 21 au 23 octobre<br \/>Montr\u00e9al (QC)<\/strong><\/h4>\n<p><strong>Le Westin Montr\u00e9al<\/strong><br \/>270 Rue Saint-Antoine O, Montr\u00e9al (QC) H2Y 0A3<\/p>\n<p><strong>L&rsquo;inscription sera ouverte d\u00e9but juin ! <em>Les<\/em> <em>places sont limit\u00e9es.<\/em><\/strong><\/p>\n<p><a href=\"https:\/\/csim.ca\/fr\/education\/congres-annuel-scmi-2026\/hotel-voyage\/\"><strong>R\u00e9servez votre voyage et votre h\u00f4tel<\/strong><\/a><br \/><strong><a href=\"https:\/\/csim.ca\/fr\/appel-a-resumes\/\"> Appel \u00e0 resum\u00e9s<\/a><\/strong><br \/><a href=\"https:\/\/csim.ca\/fr\/education\/congres-annuel-scmi-2026\/acp-doctors-dilemma\/\"><strong> Medical jeopardy &#8211; appel \u00e0 \u00e9quipes!<\/strong><\/a><\/p>\n<h4>\u00a0<\/h4>\n<p>[\/et_pb_text][et_pb_text admin_label=\u00a0\u00bbAbout\u00a0\u00bb _builder_version=\u00a0\u00bb4.27.4&Prime; text_text_color=\u00a0\u00bb#000000&Prime; background_size=\u00a0\u00bbinitial\u00a0\u00bb background_position=\u00a0\u00bbtop_left\u00a0\u00bb background_repeat=\u00a0\u00bbrepeat\u00a0\u00bb use_border_color=\u00a0\u00bboff\u00a0\u00bb border_color=\u00a0\u00bb#ffffff\u00a0\u00bb border_style=\u00a0\u00bbsolid\u00a0\u00bb global_colors_info=\u00a0\u00bb{}\u00a0\u00bb]<\/p>\n<h4>\u00a0<\/h4>\n<h4><strong>\u00c0 propos<\/strong><\/h4>\n<p>En tant qu&rsquo;internistes et internistes g\u00e9n\u00e9rales charg\u00e9s de fournir des soins complexes \u00e0 des patients hospitalis\u00e9s ou ambulatoires, les questions de qualit\u00e9 des soins de sant\u00e9, de s\u00e9curit\u00e9 des patients et de gestion des ressources limit\u00e9es sont au c\u0153ur de notre pratique quotidienne.<\/p>\n<p>Des chercheurs, des \u00e9ducateurs et des cliniciens de renomm\u00e9e mondiale viendront nous entretenir de ces sujets au congr\u00e8s. Ces expos\u00e9s stimuleront la discussion sur la place et l\u2019importance de l\u2019interniste g\u00e9n\u00e9raliste comme promoteur de la prise en compte des donn\u00e9es probantes les plus concluantes et des pratiques exemplaires dans le but d\u2019offrir des soins et des services de sant\u00e9 s\u00fbrs et \u00e0 la fine pointe.<\/p>\n<p>[\/et_pb_text][et_pb_text admin_label=\u00a0\u00bbLOs\u00a0\u00bb _builder_version=\u00a0\u00bb4.27.4&Prime; text_text_color=\u00a0\u00bb#000000&Prime; background_size=\u00a0\u00bbinitial\u00a0\u00bb background_position=\u00a0\u00bbtop_left\u00a0\u00bb background_repeat=\u00a0\u00bbrepeat\u00a0\u00bb use_border_color=\u00a0\u00bboff\u00a0\u00bb border_color=\u00a0\u00bb#ffffff\u00a0\u00bb border_style=\u00a0\u00bbsolid\u00a0\u00bb global_colors_info=\u00a0\u00bb{}\u00a0\u00bb]<\/p>\n<div class=\"et_pb_module et_pb_text et_pb_text_2  et_pb_text_align_left et_pb_bg_layout_light\">\n<div class=\"et_pb_text_inner\">\n<h4><strong>Objectifs g\u00e9n\u00e9raux<\/strong><\/h4>\n<ul>\n<li>Maintenir les comp\u00e9tences en actualisant les connaissances sur une vaste gamme de sujets \u00e0 la fine pointe en MIG<\/li>\n<li>Examiner de nouveaux sujets d\u2019actualit\u00e9, qui ont fait l\u2019objet de publications ou encore in\u00e9dits, en \u00e9mergence depuis le dernier congr\u00e8s<\/li>\n<li>\u00c9tablir un r\u00e9seau de coll\u00e8gues internistes g\u00e9n\u00e9raux des milieux communautaire et universitaire<\/li>\n<li>Promouvoir la sp\u00e9cialit\u00e9 de la m\u00e9decine interne g\u00e9n\u00e9rale aupr\u00e8s des m\u00e9decins r\u00e9sidents<\/li>\n<\/ul>\n<\/div>\n<\/div>\n<p>[\/et_pb_text][\/et_pb_column][et_pb_column type=\u00a0\u00bb1_3&Prime; _builder_version=\u00a0\u00bb4.16&Prime; _module_preset=\u00a0\u00bbdefault\u00a0\u00bb global_colors_info=\u00a0\u00bb{}\u00a0\u00bb][et_pb_sidebar area=\u00a0\u00bbet_pb_widget_area_29&Prime; show_border=\u00a0\u00bboff\u00a0\u00bb disabled_on=\u00a0\u00bboff|off|off\u00a0\u00bb _builder_version=\u00a0\u00bb4.27.4&Prime; _module_preset=\u00a0\u00bbdefault\u00a0\u00bb header_font=\u00a0\u00bb|700|||||||\u00a0\u00bb header_text_color=\u00a0\u00bb#000000&Prime; body_font=\u00a0\u00bb|600|||||||\u00a0\u00bb body_text_color=\u00a0\u00bb#000000&Prime; body_font_size=\u00a0\u00bb16px\u00a0\u00bb body_line_height=\u00a0\u00bb1.8em\u00a0\u00bb global_colors_info=\u00a0\u00bb{}\u00a0\u00bb][\/et_pb_sidebar][\/et_pb_column][\/et_pb_row][et_pb_row column_structure=\u00a0\u00bb3_4,1_4&Prime; disabled_on=\u00a0\u00bboff|off|off\u00a0\u00bb _builder_version=\u00a0\u00bb4.20.0&Prime; _module_preset=\u00a0\u00bbdefault\u00a0\u00bb background_enable_color=\u00a0\u00bboff\u00a0\u00bb global_colors_info=\u00a0\u00bb{}\u00a0\u00bb][et_pb_column type=\u00a0\u00bb3_4&Prime; _builder_version=\u00a0\u00bb4.16&Prime; _module_preset=\u00a0\u00bbdefault\u00a0\u00bb global_colors_info=\u00a0\u00bb{}\u00a0\u00bb][et_pb_social_media_follow _builder_version=\u00a0\u00bb4.16&Prime; _module_preset=\u00a0\u00bbdefault\u00a0\u00bb text_orientation=\u00a0\u00bbcenter\u00a0\u00bb global_colors_info=\u00a0\u00bb{}\u00a0\u00bb][et_pb_social_media_follow_network social_network=\u00a0\u00bbtwitter\u00a0\u00bb url=\u00a0\u00bbhttp:\/\/twitter.com\/CSIMSCMI\u00a0\u00bb _builder_version=\u00a0\u00bb4.22.2&Prime; _module_preset=\u00a0\u00bbdefault\u00a0\u00bb background_color=\u00a0\u00bb#000000&Prime; global_colors_info=\u00a0\u00bb{}\u00a0\u00bb follow_button=\u00a0\u00bboff\u00a0\u00bb url_new_window=\u00a0\u00bbon\u00a0\u00bb]twitter[\/et_pb_social_media_follow_network][\/et_pb_social_media_follow][\/et_pb_column][et_pb_column type=\u00a0\u00bb1_4&Prime; _builder_version=\u00a0\u00bb4.16&Prime; _module_preset=\u00a0\u00bbdefault\u00a0\u00bb global_colors_info=\u00a0\u00bb{}\u00a0\u00bb][\/et_pb_column][\/et_pb_row][\/et_pb_section]<\/p>\n","protected":false},"excerpt":{"rendered":"<p>Congr\u00e8s annuel de la SCMI 2026 En collaboration avecCongr\u00e8s annuel de la SCMI 2026Du 21 au 23 octobreMontr\u00e9al (QC) Le Westin Montr\u00e9al270 Rue Saint-Antoine O, Montr\u00e9al (QC) H2Y 0A3 L&rsquo;inscription sera ouverte d\u00e9but juin ! Les places sont limit\u00e9es. R\u00e9servez votre voyage et votre h\u00f4tel Appel \u00e0 resum\u00e9s Medical jeopardy &#8211; appel \u00e0 \u00e9quipes! \u00a0\u00a0 [&hellip;]<\/p>\n","protected":false},"author":4,"featured_media":0,"parent":16835,"menu_order":0,"comment_status":"closed","ping_status":"closed","template":"","meta":{"_et_pb_use_builder":"on","_et_pb_old_content":"","_et_gb_content_width":"","_monsterinsights_skip_tracking":false,"_monsterinsights_sitenote_active":false,"_monsterinsights_sitenote_note":"","_monsterinsights_sitenote_category":0,"footnotes":""},"class_list":["post-22910","page","type-page","status-publish","hentry"],"_links":{"self":[{"href":"https:\/\/csim.ca\/fr\/wp-json\/wp\/v2\/pages\/22910","targetHints":{"allow":["GET"]}}],"collection":[{"href":"https:\/\/csim.ca\/fr\/wp-json\/wp\/v2\/pages"}],"about":[{"href":"https:\/\/csim.ca\/fr\/wp-json\/wp\/v2\/types\/page"}],"author":[{"embeddable":true,"href":"https:\/\/csim.ca\/fr\/wp-json\/wp\/v2\/users\/4"}],"replies":[{"embeddable":true,"href":"https:\/\/csim.ca\/fr\/wp-json\/wp\/v2\/comments?post=22910"}],"version-history":[{"count":3,"href":"https:\/\/csim.ca\/fr\/wp-json\/wp\/v2\/pages\/22910\/revisions"}],"predecessor-version":[{"id":23133,"href":"https:\/\/csim.ca\/fr\/wp-json\/wp\/v2\/pages\/22910\/revisions\/23133"}],"up":[{"embeddable":true,"href":"https:\/\/csim.ca\/fr\/wp-json\/wp\/v2\/pages\/16835"}],"wp:attachment":[{"href":"https:\/\/csim.ca\/fr\/wp-json\/wp\/v2\/media?parent=22910"}],"curies":[{"name":"wp","href":"https:\/\/api.w.org\/{rel}","templated":true}]}}