{"id":1908,"date":"2016-11-18T13:11:37","date_gmt":"2016-11-18T18:11:37","guid":{"rendered":"http:\/\/csim.ca\/fr\/?page_id=1908"},"modified":"2020-12-23T16:08:05","modified_gmt":"2020-12-23T21:08:05","slug":"activites-dapprentissage-locales","status":"publish","type":"page","link":"https:\/\/csim.ca\/fr\/education-mdc\/activites-dapprentissage-locales\/","title":{"rendered":"Fonds pour activit\u00e9s d\u2019apprentissage"},"content":{"rendered":"<p>[et_pb_section fb_built=\u00a0\u00bb1&Prime; custom_padding_last_edited=\u00a0\u00bbon|desktop\u00a0\u00bb admin_label=\u00a0\u00bbsection\u00a0\u00bb module_class=\u00a0\u00bbhomecontent\u00a0\u00bb _builder_version=\u00a0\u00bb3.22&Prime; background_color=\u00a0\u00bbrgba(255,255,255,0)\u00a0\u00bb background_image=\u00a0\u00bbhttps:\/\/csim.ca\/wp-content\/uploads\/2015\/02\/csim-innerbg-23.jpg\u00a0\u00bb custom_padding_tablet=\u00a0\u00bb50px|0|50px|0&Prime; custom_padding_phone=\u00a0\u00bb\u00a0\u00bb custom_css_main_element=\u00a0\u00bbbackground-color:#f3f8fb;\u00a0\u00bb transparent_background=\u00a0\u00bbon\u00a0\u00bb padding_mobile=\u00a0\u00bboff\u00a0\u00bb make_fullwidth=\u00a0\u00bboff\u00a0\u00bb use_custom_width=\u00a0\u00bboff\u00a0\u00bb width_unit=\u00a0\u00bbon\u00a0\u00bb][et_pb_row column_structure=\u00a0\u00bb3_4,1_4&Prime; padding_mobile=\u00a0\u00bbon\u00a0\u00bb column_padding_mobile=\u00a0\u00bbon\u00a0\u00bb custom_padding_last_edited=\u00a0\u00bbon|phone\u00a0\u00bb admin_label=\u00a0\u00bbrow\u00a0\u00bb module_class=\u00a0\u00bbmain-row-bg main-row\u00a0\u00bb _builder_version=\u00a0\u00bb3.25&Prime; background_size=\u00a0\u00bbinitial\u00a0\u00bb background_position=\u00a0\u00bbtop_left\u00a0\u00bb background_repeat=\u00a0\u00bbrepeat\u00a0\u00bb custom_padding=\u00a0\u00bb0px|0px|0px|0px\u00a0\u00bb custom_padding_tablet=\u00a0\u00bb\u00a0\u00bb custom_padding_phone=\u00a0\u00bb\u00a0\u00bb make_fullwidth=\u00a0\u00bboff\u00a0\u00bb use_custom_width=\u00a0\u00bboff\u00a0\u00bb width_unit=\u00a0\u00bbon\u00a0\u00bb][et_pb_column type=\u00a0\u00bb3_4&Prime; _builder_version=\u00a0\u00bb3.25&Prime; custom_padding=\u00a0\u00bb25px|20px|670px|20px\u00a0\u00bb custom_padding_tablet=\u00a0\u00bb20px|20px|20px|20px\u00a0\u00bb custom_padding_phone=\u00a0\u00bb15px|10px|10px|10px\u00a0\u00bb custom_padding_last_edited=\u00a0\u00bbon|desktop\u00a0\u00bb custom_css_main_element=\u00a0\u00bbbackground-color:#fff;\u00a0\u00bb custom_padding__hover=\u00a0\u00bb|||\u00a0\u00bb][et_pb_text admin_label=\u00a0\u00bbMain Content Area\u00a0\u00bb _builder_version=\u00a0\u00bb4.6.1&Prime; background_size=\u00a0\u00bbinitial\u00a0\u00bb background_position=\u00a0\u00bbtop_left\u00a0\u00bb background_repeat=\u00a0\u00bbrepeat\u00a0\u00bb hover_enabled=\u00a0\u00bb0&Prime; use_border_color=\u00a0\u00bboff\u00a0\u00bb border_color=\u00a0\u00bb#ffffff\u00a0\u00bb border_style=\u00a0\u00bbsolid\u00a0\u00bb sticky_enabled=\u00a0\u00bb0&Prime;]<\/p>\n<h1>Activit\u00e9s d\u2019apprentissage locales parrain\u00e9es par la SCMI dans l\u2019ensemble du canada<\/h1>\n<p>La Soci\u00e9t\u00e9 canadienne de m\u00e9decine interne est heureuse de participer au parrainage d\u2019activit\u00e9s d\u2019apprentissage locales ayant lieu dans des centres universitaires ou communautaires dans l\u2019ensemble du Canada, comme des soir\u00e9es carri\u00e8re en m\u00e9decine interne g\u00e9n\u00e9rale \u00e0 l\u2019intention des stagiaires, des activit\u00e9s de formation professionnelle continue, activit\u00e9s de bien-\u00eatre, ainsi que des clubs de lecture.<\/p>\n<p>Pour soumettre une demande de soutien, veuillez <a href=\"https:\/\/csim.ca\/wp-content\/uploads\/documents\/moc\/CSIM%20Support%20of%20Local%20CPD%20Activities_TOR%20FR.pdf\" target=\"_blank\" rel=\"noopener noreferrer\">cliquer ici<\/a> pour t\u00e9l\u00e9charger les modalit\u00e9s.<\/p>\n<h3>Agr\u00e9ment du DPC : conf\u00e9rences en milieu hospitalier, clubs de lecture et groupes restreints<\/h3>\n<p>Votre \u00e9v\u00e9nement peut \u00e9galement \u00eatre admissible \u00e0 l&rsquo;agr\u00e9ment du DPC. Pour en savoir plus sur l&rsquo;admissibilit\u00e9 et le processus d&rsquo;auto-approbation, veuillez <a href=\"http:\/\/www.royalcollege.ca\/rcsite\/cpd\/accreditation\/cpd-accreditation-rounds-journal-clubs-small-groups-f\">cliquer ici <\/a>pour visiter le site Web du Coll\u00e8ge royal.<\/p>\n<p>[\/et_pb_text][\/et_pb_column][et_pb_column type=\u00a0\u00bb1_4&Prime; module_class=\u00a0\u00bbhome-widget\u00a0\u00bb _builder_version=\u00a0\u00bb3.25&Prime; background_color=\u00a0\u00bb#f6f8fb\u00a0\u00bb custom_padding=\u00a0\u00bb25px||10px|\u00a0\u00bb custom_padding_tablet=\u00a0\u00bb20px|10px|10px|10px\u00a0\u00bb custom_padding_phone=\u00a0\u00bb\u00a0\u00bb custom_padding_last_edited=\u00a0\u00bbon|phone\u00a0\u00bb custom_css_main_element=\u00a0\u00bbbackground-color:#f6f8fb;\u00a0\u00bb custom_padding__hover=\u00a0\u00bb|||\u00a0\u00bb][et_pb_sidebar orientation=\u00a0\u00bbright\u00a0\u00bb area=\u00a0\u00bbet_pb_widget_area_5&Prime; admin_label=\u00a0\u00bbInner Sidebar 1&Prime; module_class=\u00a0\u00bbinner-sidebar\u00a0\u00bb _builder_version=\u00a0\u00bb3.0.74&Prime; remove_border=\u00a0\u00bboff\u00a0\u00bb][\/et_pb_sidebar][\/et_pb_column][\/et_pb_row][\/et_pb_section]<\/p>\n","protected":false},"excerpt":{"rendered":"<p>Activit\u00e9s d\u2019apprentissage locales parrain\u00e9es par la SCMI dans l\u2019ensemble du canada La Soci\u00e9t\u00e9 canadienne de m\u00e9decine interne est heureuse de participer au parrainage d\u2019activit\u00e9s d\u2019apprentissage locales ayant lieu dans des centres universitaires ou communautaires dans l\u2019ensemble du Canada, comme des soir\u00e9es carri\u00e8re en m\u00e9decine interne g\u00e9n\u00e9rale \u00e0 l\u2019intention des stagiaires, des activit\u00e9s de formation professionnelle [&hellip;]<\/p>\n","protected":false},"author":2,"featured_media":0,"parent":441,"menu_order":5,"comment_status":"closed","ping_status":"closed","template":"","meta":{"_et_pb_use_builder":"on","_et_pb_old_content":"","_et_gb_content_width":"","_monsterinsights_skip_tracking":false,"_monsterinsights_sitenote_active":false,"_monsterinsights_sitenote_note":"","_monsterinsights_sitenote_category":0,"footnotes":""},"class_list":["post-1908","page","type-page","status-publish","hentry"],"_links":{"self":[{"href":"https:\/\/csim.ca\/fr\/wp-json\/wp\/v2\/pages\/1908","targetHints":{"allow":["GET"]}}],"collection":[{"href":"https:\/\/csim.ca\/fr\/wp-json\/wp\/v2\/pages"}],"about":[{"href":"https:\/\/csim.ca\/fr\/wp-json\/wp\/v2\/types\/page"}],"author":[{"embeddable":true,"href":"https:\/\/csim.ca\/fr\/wp-json\/wp\/v2\/users\/2"}],"replies":[{"embeddable":true,"href":"https:\/\/csim.ca\/fr\/wp-json\/wp\/v2\/comments?post=1908"}],"version-history":[{"count":4,"href":"https:\/\/csim.ca\/fr\/wp-json\/wp\/v2\/pages\/1908\/revisions"}],"predecessor-version":[{"id":8479,"href":"https:\/\/csim.ca\/fr\/wp-json\/wp\/v2\/pages\/1908\/revisions\/8479"}],"up":[{"embeddable":true,"href":"https:\/\/csim.ca\/fr\/wp-json\/wp\/v2\/pages\/441"}],"wp:attachment":[{"href":"https:\/\/csim.ca\/fr\/wp-json\/wp\/v2\/media?parent=1908"}],"curies":[{"name":"wp","href":"https:\/\/api.w.org\/{rel}","templated":true}]}}