{"id":18064,"date":"2023-11-30T12:16:28","date_gmt":"2023-11-30T17:16:28","guid":{"rendered":"https:\/\/csim.ca\/?page_id=18064"},"modified":"2024-05-07T14:53:47","modified_gmt":"2024-05-07T18:53:47","slug":"ateliers-virtuels-2024","status":"publish","type":"page","link":"https:\/\/csim.ca\/fr\/education\/activites-virtuelles\/ateliers-virtuels-2024\/","title":{"rendered":"Ateliers Virtuels 2024"},"content":{"rendered":"<p>[et_pb_section fb_built=\u00a0\u00bb1&Prime; admin_label=\u00a0\u00bbsection\u00a0\u00bb _builder_version=\u00a0\u00bb4.16&Prime; global_colors_info=\u00a0\u00bb{}\u00a0\u00bb][et_pb_row admin_label=\u00a0\u00bbrow\u00a0\u00bb _builder_version=\u00a0\u00bb4.16&Prime; background_size=\u00a0\u00bbinitial\u00a0\u00bb background_position=\u00a0\u00bbtop_left\u00a0\u00bb background_repeat=\u00a0\u00bbrepeat\u00a0\u00bb global_colors_info=\u00a0\u00bb{}\u00a0\u00bb][et_pb_column type=\u00a0\u00bb4_4&Prime; _builder_version=\u00a0\u00bb4.16&Prime; custom_padding=\u00a0\u00bb|||\u00a0\u00bb global_colors_info=\u00a0\u00bb{}\u00a0\u00bb custom_padding__hover=\u00a0\u00bb|||\u00a0\u00bb][et_pb_text _builder_version=\u00a0\u00bb4.24.0&Prime; _module_preset=\u00a0\u00bbdefault\u00a0\u00bb global_colors_info=\u00a0\u00bb{}\u00a0\u00bb]<\/p>\n<h1 style=\"text-align: center;\"><strong>ATELIERS VIRTUELS DE LA SCMI 2024<br \/><\/strong><\/h1>\n<p>[\/et_pb_text][et_pb_divider divider_weight=\u00a0\u00bb2px\u00a0\u00bb _builder_version=\u00a0\u00bb4.24.0&Prime; max_width=\u00a0\u00bb90px\u00a0\u00bb max_width_tablet=\u00a0\u00bb12%\u00a0\u00bb max_width_last_edited=\u00a0\u00bboff|desktop\u00a0\u00bb module_alignment=\u00a0\u00bbcenter\u00a0\u00bb custom_margin=\u00a0\u00bb|||\u00a0\u00bb animation_style=\u00a0\u00bbflip\u00a0\u00bb animation_delay=\u00a0\u00bb50ms\u00a0\u00bb global_colors_info=\u00a0\u00bb{}\u00a0\u00bb][\/et_pb_divider][et_pb_text disabled_on=\u00a0\u00bbon|on|on\u00a0\u00bb admin_label=\u00a0\u00bbUpcoming\u00a0\u00bb _builder_version=\u00a0\u00bb4.24.0&Prime; _module_preset=\u00a0\u00bbdefault\u00a0\u00bb hover_enabled=\u00a0\u00bb0&Prime; global_colors_info=\u00a0\u00bb{}\u00a0\u00bb sticky_enabled=\u00a0\u00bb0&Prime; disabled=\u00a0\u00bbon\u00a0\u00bb]<\/p>\n<div class=\"et_pb_column et_pb_column_3_4 et_pb_column_1 et_pb_css_mix_blend_mode_passthrough\">\n<div class=\"et_pb_module et_pb_text et_pb_text_1 et_pb_text_align_left et_pb_bg_layout_light et_had_animation\">\n<div class=\"et_pb_text_inner\">\n<h3><strong>Prochains ateliers accr\u00e9dit\u00e9s<br \/><\/strong><\/h3>\n<p><strong>Les membres de la SCMI et de l&rsquo;ACP ainsi que les stagiaires peuvent s&rsquo;inscrire gratuitement !<br \/><\/strong><em>Les titres des ateliers sont indiqu\u00e9s dans la langue de pr\u00e9sentation.<\/em><\/p>\n<p>&nbsp;<\/p>\n<p>&nbsp;<\/p>\n<\/div>\n<\/div>\n<\/div>\n<p>[\/et_pb_text][et_pb_text disabled_on=\u00a0\u00bboff|off|off\u00a0\u00bb admin_label=\u00a0\u00bbPast\u00a0\u00bb _builder_version=\u00a0\u00bb4.24.0&Prime; _module_preset=\u00a0\u00bbdefault\u00a0\u00bb hover_enabled=\u00a0\u00bb0&Prime; global_colors_info=\u00a0\u00bb{}\u00a0\u00bb sticky_enabled=\u00a0\u00bb0&Prime;]<\/p>\n<div class=\"et_pb_column et_pb_column_3_4 et_pb_column_1 et_pb_css_mix_blend_mode_passthrough\">\n<div class=\"et_pb_module et_pb_text et_pb_text_1 et_pb_text_align_left et_pb_bg_layout_light et_had_animation\">\n<div class=\"et_pb_text_inner\">\n<h3><strong>Sessions pass\u00e9es<\/strong><\/h3>\n<p>Vous avez manqu\u00e9 une session pass\u00e9e ? <a href=\"https:\/\/csim.ca\/education\/virtual-activities\/virtual-workshops-2024\/2024-virtual-recordings\/\">Cliquez ici<\/a> pour acc\u00e9der \u00e0 la vid\u00e9oth\u00e8que des enregistrements de certaines sessions (accessible uniquement aux membres de la SCMI). Consultez votre bulletin \u00e9lectronique pour obtenir votre mot de passe ou contactez <a href=\"mailto:info@csim.ca\">info@csim.ca<\/a>.<\/p>\n<p><strong><em>Duration of Therapy in Antibiotics<\/em> &#8211; <\/strong><em>Dr Paul Bunce, Toronto (ON)<\/em><strong><br \/><\/strong>Le 1er f\u00e9vrier 2024<br \/><em><a href=\"https:\/\/csim.ca\/education\/virtual-activities\/virtual-workshops-2024\/duration-of-therapy-in-antibiotics\/\">Information<\/a><\/em><em><strong><br \/><\/strong><\/em><\/p>\n<p><strong><em>Encephalitis: How to Stop Being Confused<\/em> &#8211; <\/strong><em>Dre Alex Muccilli, Toronto (ON)<\/em><strong><br \/><\/strong>Le 7 f\u00e9vrier 2024<strong><br \/><\/strong><a href=\"https:\/\/csim.ca\/education\/virtual-activities\/virtual-workshops-2024\/encephalitis\/\">Information<\/a><\/p>\n<p><strong><em>Alcohol and Opiate Misuse: Therapy and Withdrawal from ER to Discharge<\/em> &#8211; <\/strong><em>Dr Jon Mong, Toronto (ON)<\/em><strong><br \/><\/strong>Le 14 f\u00e9vrier 2024<strong><br \/><\/strong><a href=\"https:\/\/csim.ca\/education\/virtual-activities\/virtual-workshops-2024\/alcohol-and-opiate-misuse\/\">Information<\/a><\/p>\n<p><strong><em>New Kids on the Oncology Block &#8211; <\/em><\/strong><em>Dr Ramy Saleh, Montr\u00e9al (QC)<\/em><strong><br \/><\/strong>Le 12 mars 2024<strong><br \/><\/strong><a href=\"https:\/\/csim.ca\/education\/virtual-activities\/virtual-workshops-2024\/new-kids-oncology-block\/\">Information<\/a><\/p>\n<p><strong><em>Choosing Wisely Recommendations for Climate-Conscious Internal Medicine Practice &#8211; <\/em><\/strong><em>Dre Mathilde Gaudreau-Simard, Dre Valeria Stoynova, Dre Nabha Shetty, Dr Owen Luo, Dr William Silverstein<\/em><strong><br \/><\/strong>Le 27 mars 2024<strong><br \/><\/strong><a href=\"https:\/\/csim.ca\/education\/virtual-activities\/virtual-workshops-2024\/cwc-recommendations-climate-conscious\/\">Information<\/a><\/p>\n<p><strong>Vasculite : imagerie diagnostique et traitements autres que les corticost\u00e9ro\u00efdes &#8211; <\/strong><em>Dr Jean-Paul Makhzoum, Montr\u00e9al (QC)<\/em><strong><br \/><\/strong>Le 3 avril 2024<strong><br \/><\/strong><a href=\"https:\/\/csim.ca\/education\/virtual-activities\/virtual-workshops-2024\/vasculite\/\">Information<\/a><\/p>\n<p><strong>Dyslipid\u00e9mie: \u00eates-vous vraiment \u00e0 jour? &#8211; <\/strong><em>Dr George Thanassoulis, Montr\u00e9al (QC)<\/em><strong><br \/><\/strong>Le 23 avril 2024<strong><br \/><\/strong><a href=\"https:\/\/csim.ca\/education\/virtual-activities\/virtual-workshops-2024\/dyslipidemie\/\">Information<\/a><\/p>\n<p><strong><em>When the Kidneys Fail: Managing Complex Disease in the Context of Advanced CKD<\/em> &#8211; <\/strong><em>Dr Bourne Auguste, Toronto (ON)<br \/><\/em> Le 7 mai 2024<strong><br \/><\/strong><a href=\"https:\/\/csim.ca\/education\/virtual-activities\/virtual-workshops-2024\/advanced-ckd\/\">Information<\/a><\/p>\n<\/div>\n<\/div>\n<\/div>\n<p>[\/et_pb_text][et_pb_text admin_label=\u00a0\u00bbCOI\u00a0\u00bb _builder_version=\u00a0\u00bb4.24.0&Prime; _module_preset=\u00a0\u00bbdefault\u00a0\u00bb global_colors_info=\u00a0\u00bb{}\u00a0\u00bb]<\/p>\n<div>\u00a0<\/div>\n<div class=\"et_pb_column et_pb_column_3_4 et_pb_column_1 et_pb_css_mix_blend_mode_passthrough\"><em><a href=\"https:\/\/csim.ca\/wp-content\/uploads\/documents\/virtualprogramming2024\/CSIM 2024 Virtual Sessions COI Disclosures.pdf\" target=\"_blank\" rel=\"noopener\" data-wplink-url-error=\"true\">Veuillez cliquer ici pour consulter les d\u00e9clarations de conflits d&rsquo;int\u00e9r\u00eats des pr\u00e9sentateurs et du comit\u00e9 de planification.<\/a><\/em><\/div>\n<div>\u00a0<\/div>\n<p>[\/et_pb_text][\/et_pb_column][\/et_pb_row][\/et_pb_section]<\/p>\n","protected":false},"excerpt":{"rendered":"<p>ATELIERS VIRTUELS DE LA SCMI 2024 Prochains ateliers accr\u00e9dit\u00e9s Les membres de la SCMI et de l&rsquo;ACP ainsi que les stagiaires peuvent s&rsquo;inscrire gratuitement !Les titres des ateliers sont indiqu\u00e9s dans la langue de pr\u00e9sentation. &nbsp; &nbsp; Sessions pass\u00e9es Vous avez manqu\u00e9 une session pass\u00e9e ? Cliquez ici pour acc\u00e9der \u00e0 la vid\u00e9oth\u00e8que des enregistrements [&hellip;]<\/p>\n","protected":false},"author":2,"featured_media":0,"parent":16745,"menu_order":0,"comment_status":"closed","ping_status":"closed","template":"","meta":{"_et_pb_use_builder":"on","_et_pb_old_content":"[et_pb_section fb_built=\"1\" admin_label=\"CSIM Virtual Educational Sessions \" _builder_version=\"4.20.0\" custom_margin=\"0px|25px||25px|false|true\" custom_padding=\"2em||40px||false|false\" top_divider_height=\"35px\" top_divider_flip=\"vertical\" animation_style=\"zoom\" animation_intensity_zoom=\"10%\" global_colors_info=\"{}\"][et_pb_row _builder_version=\"4.16\" _module_preset=\"default\" background_enable_color=\"off\" global_colors_info=\"{}\"][et_pb_column type=\"4_4\" _builder_version=\"4.16\" _module_preset=\"default\" global_colors_info=\"{}\"][et_pb_text _builder_version=\"4.20.0\" header_font=\"Merriweather|700||on|||||\" header_text_align=\"center\" header_text_color=\"#e02b20\" header_font_size=\"28px\" header_line_height=\"1.3em\" custom_margin=\"||0px|\" animation_style=\"flip\" animation_direction=\"top\" hover_enabled=\"0\" global_colors_info=\"{}\" sticky_enabled=\"0\"]<h1 style=\"text-align: center;\">CSIM Virtual Workshops 2024<\/h1>[\/et_pb_text][et_pb_divider divider_weight=\"2px\" _builder_version=\"4.20.0\" max_width=\"90px\" max_width_tablet=\"12%\" max_width_last_edited=\"off|desktop\" module_alignment=\"center\" custom_margin=\"|||\" animation_style=\"flip\" animation_delay=\"50ms\" global_colors_info=\"{}\"][\/et_pb_divider][et_pb_text disabled_on=\"off|off|off\" admin_label=\"List of UPCOMING sessions Program\" _builder_version=\"4.20.0\" text_text_color=\"#000000\" background_size=\"initial\" background_position=\"top_left\" background_repeat=\"repeat\" hover_enabled=\"0\" use_border_color=\"off\" border_color=\"#ffffff\" border_style=\"solid\" global_colors_info=\"{}\" sticky_enabled=\"0\"]<h3><strong>Upcoming Accredited Workshops<br \/><\/strong><\/h3>\r\n<p><strong>CSIM Members and trainees can register for free!<br \/><\/strong><em>Workshop titles are listed in the language of presentation.<\/em><strong><br \/><\/strong><\/p>\r\n<p>\u00a0<\/p>\r\n<p><strong>1. Duration of Therapy in Antibiotics - <\/strong><em>Dr. Paul Bunce, Toronto, ON<\/em><strong><br \/>February 1, 2024, <\/strong><strong>12:00-1:00pm Eastern Time<br \/><\/strong><a href=\"https:\/\/csim.ca\/education\/virtual-activities\/virtual-workshops-2024\/duration-of-therapy-in-antibiotics\/\">Information and Registration<\/a><strong><br \/><\/strong><\/p>\r\n<p><strong>2. Encephalitis: How to Stop Being Confused - <\/strong><em>Dr. Alex Muccilli, Toronto, ON<\/em><strong><br \/>February 7, 2024, <\/strong><strong>1:00-2:00pm Eastern Time<br \/><\/strong><a href=\"https:\/\/csim.ca\/education\/virtual-activities\/virtual-workshops-2024\/encephalitis\/\">Information and Registration<\/a><\/p>\r\n<p><strong>3. Alcohol and Opiate Misuse: Therapy and Withdrawal from ER to Discharge - <\/strong><em>Dr. Jon Mong, Toronto, ON<\/em><strong><br \/>February 14, 2024, <\/strong><strong>12:00-1:00pm Eastern Time<br \/><\/strong><a href=\"https:\/\/csim.ca\/education\/virtual-activities\/virtual-workshops-2024\/alcohol-and-opiate-misuse\/\">Information and Registration<\/a><\/p>\r\n<p><strong>4. New Kids on the Oncology Block - <\/strong><em>Dr. Ramy Saleh, Montreal, QC<\/em><strong><br \/>March 12, 2024, <\/strong><strong>12:00-1:00pm Eastern Time<br \/><\/strong><a href=\"https:\/\/csim.ca\/education\/virtual-activities\/virtual-workshops-2024\/new-kids-oncology-block\/\">Information and Registration<\/a><\/p>\r\n<p><strong>5. Vasculite : imagerie diagnostique et traitements autres que les corticost\u00e9ro\u00efdes - <\/strong><em>Dr. Jean-Paul Makhzoum, Montreal, QC<\/em><strong><br \/>April 3, 2024, <\/strong><strong>12:00-1:00pm Eastern Time<br \/><\/strong><a href=\"https:\/\/csim.ca\/education\/virtual-activities\/virtual-workshops-2024\/vasculite\/\">Information and Registration<\/a> (presented in French only.)<\/p>\r\n<p><strong>6. Dyslipid\u00e9mie: \u00eates-vous vraiment \u00e0 jour? - <\/strong><em>Dr. George Thanassoulis, Montreal, QC<\/em><strong><br \/>April 23, 2024, <\/strong><strong>1:00-2:00pm Eastern Time<br \/><\/strong><a href=\"https:\/\/csim.ca\/education\/virtual-activities\/virtual-workshops-2024\/dyslipidemie\/\">Information and Registration<\/a> (presented in French only.)<\/p>\r\n<p><strong>7. When the Kidneys Fail: Managing Complex Disease in the Context of Advanced CKD - <\/strong><em>Dr. Bourne Auguste, Toronto, ON<\/em><strong><br \/>May 7, 2024, <\/strong><strong>12:00-1:00pm Eastern Time<br \/><\/strong><a href=\"https:\/\/csim.ca\/education\/virtual-activities\/virtual-workshops-2024\/advanced-ckd\/\">Information and Registration<\/a><\/p>[\/et_pb_text][et_pb_text disabled_on=\"on|on|on\" admin_label=\"List of PAST sessions\" _builder_version=\"4.20.0\" text_text_color=\"#000000\" background_size=\"initial\" background_position=\"top_left\" background_repeat=\"repeat\" use_border_color=\"off\" border_color=\"#ffffff\" border_style=\"solid\" disabled=\"on\" global_colors_info=\"{}\"]<h4><em><strong>Past Sessions<\/strong><\/em><\/h4>\r\n<p>\u00a0<\/p>[\/et_pb_text][et_pb_text disabled_on=\"off|off|off\" admin_label=\"Disclaimers\" _builder_version=\"4.20.0\" text_text_color=\"#000000\" background_size=\"initial\" background_position=\"top_left\" background_repeat=\"repeat\" use_border_color=\"off\" border_color=\"#ffffff\" border_style=\"solid\" global_colors_info=\"{}\"]<div class=\"et_pb_column et_pb_column_4_4 et_pb_column_3 et_pb_css_mix_blend_mode_passthrough et-last-child\">\r\n<div class=\"et_pb_module et_pb_text et_pb_text_4 et_pb_text_align_left et_pb_bg_layout_light\">\r\n<div class=\"et_pb_text_inner\">\r\n<p><em><a href=\"https:\/\/csim.ca\/wp-content\/uploads\/documents\/virtualprogramming2024\/CSIM 2024 Virtual Sessions COI Disclosures.pdf\" target=\"_blank\" rel=\"noopener\" data-wplink-url-error=\"true\">Please click here to view faculty and planning committee conflict of interest disclosures.<\/a><br \/><\/em><\/p>\r\n<\/div>\r\n<\/div>\r\n<\/div>[\/et_pb_text][\/et_pb_column][\/et_pb_row][et_pb_row column_structure=\"2_3,1_3\" use_custom_gutter=\"on\" gutter_width=\"4\" make_equal=\"on\" disabled_on=\"on|on|on\" _builder_version=\"4.20.0\" _module_preset=\"default\" width=\"100%\" disabled=\"on\" global_colors_info=\"{}\"][et_pb_column type=\"2_3\" _builder_version=\"4.16\" _module_preset=\"default\" global_colors_info=\"{}\"][\/et_pb_column][et_pb_column type=\"1_3\" _builder_version=\"4.16\" _module_preset=\"default\" global_colors_info=\"{}\"][et_pb_sidebar orientation=\"right\" area=\"et_pb_widget_area_21\" show_border=\"off\" _builder_version=\"4.19.0\" _module_preset=\"default\" header_font=\"|600|||||||\" header_text_color=\"#000000\" body_font=\"Open Sans|600|||||||\" body_text_color=\"#000000\" body_font_size=\"16px\" body_line_height=\"1.8em\" global_colors_info=\"{}\"][\/et_pb_sidebar][\/et_pb_column][\/et_pb_row][\/et_pb_section]","_et_gb_content_width":"","_monsterinsights_skip_tracking":false,"_monsterinsights_sitenote_active":false,"_monsterinsights_sitenote_note":"","_monsterinsights_sitenote_category":0,"footnotes":""},"class_list":["post-18064","page","type-page","status-publish","hentry"],"_links":{"self":[{"href":"https:\/\/csim.ca\/fr\/wp-json\/wp\/v2\/pages\/18064","targetHints":{"allow":["GET"]}}],"collection":[{"href":"https:\/\/csim.ca\/fr\/wp-json\/wp\/v2\/pages"}],"about":[{"href":"https:\/\/csim.ca\/fr\/wp-json\/wp\/v2\/types\/page"}],"author":[{"embeddable":true,"href":"https:\/\/csim.ca\/fr\/wp-json\/wp\/v2\/users\/2"}],"replies":[{"embeddable":true,"href":"https:\/\/csim.ca\/fr\/wp-json\/wp\/v2\/comments?post=18064"}],"version-history":[{"count":3,"href":"https:\/\/csim.ca\/fr\/wp-json\/wp\/v2\/pages\/18064\/revisions"}],"predecessor-version":[{"id":19518,"href":"https:\/\/csim.ca\/fr\/wp-json\/wp\/v2\/pages\/18064\/revisions\/19518"}],"up":[{"embeddable":true,"href":"https:\/\/csim.ca\/fr\/wp-json\/wp\/v2\/pages\/16745"}],"wp:attachment":[{"href":"https:\/\/csim.ca\/fr\/wp-json\/wp\/v2\/media?parent=18064"}],"curies":[{"name":"wp","href":"https:\/\/api.w.org\/{rel}","templated":true}]}}