{"id":17681,"date":"2023-10-23T12:31:23","date_gmt":"2023-10-23T16:31:23","guid":{"rendered":"https:\/\/csim.ca\/?page_id=17681"},"modified":"2023-10-25T10:13:37","modified_gmt":"2023-10-25T14:13:37","slug":"diapositives","status":"publish","type":"page","link":"https:\/\/csim.ca\/fr\/congres-annuel-scmi-2023\/diapositives\/","title":{"rendered":"Diapositives"},"content":{"rendered":"<p>[et_pb_section fb_built=\u00a0\u00bb1&Prime; admin_label=\u00a0\u00bbCSIM Virtual Annual Meeting 2023&Prime; _builder_version=\u00a0\u00bb4.20.0&Prime; custom_margin=\u00a0\u00bb0px|25px||25px|false|true\u00a0\u00bb custom_padding=\u00a0\u00bb2em||40px||false|false\u00a0\u00bb top_divider_height=\u00a0\u00bb35px\u00a0\u00bb top_divider_flip=\u00a0\u00bbvertical\u00a0\u00bb animation_style=\u00a0\u00bbzoom\u00a0\u00bb animation_intensity_zoom=\u00a0\u00bb10%\u00a0\u00bb global_colors_info=\u00a0\u00bb{}\u00a0\u00bb][et_pb_row disabled_on=\u00a0\u00bboff|off|off\u00a0\u00bb _builder_version=\u00a0\u00bb4.20.0&Prime; _module_preset=\u00a0\u00bbdefault\u00a0\u00bb background_enable_color=\u00a0\u00bboff\u00a0\u00bb global_colors_info=\u00a0\u00bb{}\u00a0\u00bb][et_pb_column type=\u00a0\u00bb4_4&Prime; _builder_version=\u00a0\u00bb4.16&Prime; _module_preset=\u00a0\u00bbdefault\u00a0\u00bb global_colors_info=\u00a0\u00bb{}\u00a0\u00bb][et_pb_text admin_label=\u00a0\u00bbSave the date\u00a0\u00bb _builder_version=\u00a0\u00bb4.20.0&Prime; text_text_color=\u00a0\u00bb#000000&Prime; background_size=\u00a0\u00bbinitial\u00a0\u00bb background_position=\u00a0\u00bbtop_left\u00a0\u00bb background_repeat=\u00a0\u00bbrepeat\u00a0\u00bb use_border_color=\u00a0\u00bboff\u00a0\u00bb border_color=\u00a0\u00bb#ffffff\u00a0\u00bb border_style=\u00a0\u00bbsolid\u00a0\u00bb global_colors_info=\u00a0\u00bb{}\u00a0\u00bb]<\/p>\n<div class=\"et_pb_row et_pb_row_0\">\n<div class=\"et_pb_column et_pb_column_4_4 et_pb_column_0  et_pb_css_mix_blend_mode_passthrough et-last-child\">\n<div class=\"et_pb_module et_pb_text et_pb_text_0  et_pb_text_align_left et_pb_bg_layout_light\">\n<div class=\"et_pb_text_inner\">\n<h1 style=\"text-align: center;\"><strong>Congr\u00e8s annuel de la SCMI 2023<\/strong><\/h1>\n<h3 style=\"text-align: center;\"><strong>11 au 14 octobre 2023 | Qu\u00e9bec (QC)<\/strong><\/h3>\n<\/div>\n<\/div>\n<\/div>\n<\/div>\n<p>[\/et_pb_text][\/et_pb_column][\/et_pb_row][et_pb_row column_structure=\u00a0\u00bb3_4,1_4&Prime; disabled_on=\u00a0\u00bboff|off|off\u00a0\u00bb _builder_version=\u00a0\u00bb4.20.0&Prime; _module_preset=\u00a0\u00bbdefault\u00a0\u00bb background_enable_color=\u00a0\u00bboff\u00a0\u00bb global_colors_info=\u00a0\u00bb{}\u00a0\u00bb][et_pb_column type=\u00a0\u00bb3_4&Prime; _builder_version=\u00a0\u00bb4.16&Prime; _module_preset=\u00a0\u00bbdefault\u00a0\u00bb global_colors_info=\u00a0\u00bb{}\u00a0\u00bb][et_pb_text disabled_on=\u00a0\u00bboff|off|off\u00a0\u00bb admin_label=\u00a0\u00bbSlides FR\u00a0\u00bb _builder_version=\u00a0\u00bb4.20.0&Prime; text_text_color=\u00a0\u00bb#000000&Prime; background_size=\u00a0\u00bbinitial\u00a0\u00bb background_position=\u00a0\u00bbtop_left\u00a0\u00bb background_repeat=\u00a0\u00bbrepeat\u00a0\u00bb use_border_color=\u00a0\u00bboff\u00a0\u00bb border_color=\u00a0\u00bb#ffffff\u00a0\u00bb border_style=\u00a0\u00bbsolid\u00a0\u00bb global_colors_info=\u00a0\u00bb{}\u00a0\u00bb]<\/p>\n<div class=\"et_pb_module et_pb_text et_pb_text_2 et_pb_text_align_left et_pb_bg_layout_light\">\n<div class=\"et_pb_text_inner\">\n<div class=\"et_pb_module et_pb_text et_pb_text_2 et_pb_text_align_left et_pb_bg_layout_light\">\n<div class=\"et_pb_module et_pb_text et_pb_text_2 et_pb_text_align_left et_pb_bg_layout_light\">\n<div class=\"et_pb_text_inner\">\n<div class=\"et_pb_module et_pb_text et_pb_text_2 et_pb_text_align_left et_pb_bg_layout_light\">\n<h4 class=\"et_pb_text_inner\"><strong>Disapositives<br \/><\/strong><\/h4>\n<p><strong>Pour visualiser les diapositives des sessions, cliquez sur les liens ci-dessous. <em>Le chargement des diapositives peut prendre un certain temps.<\/em><\/strong><br \/>(NB : certains pr\u00e9sentateurs n&rsquo;ont pas souhait\u00e9 que leurs diapositives soient publi\u00e9es)<\/p>\n<p>Veuillez noter que l&rsquo;examen des diapositives n&rsquo;est pas \u00e9ligible pour les cr\u00e9dits MdC section 1. Vous pouvez peut-\u00eatre pr\u00e9tendre \u00e0 des cr\u00e9dits de la section 2, <a href=\"https:\/\/www.royalcollege.ca\/ca\/fr\/cpd\/maintenance-of-certification-program\/cpd-activities-can-record.html\" target=\"_blank\" rel=\"noopener\">cliquez ici<\/a> pour en savoir plus.<\/p>\n<p><em><strong>Avis de non-responsabilit\u00e9<\/strong> : <\/em><em>Les informations contenues dans le programme du Congr\u00e8s annuel de la SCMI, les d\u00e9clarations des orateurs, les diapositives de pr\u00e9sentation et les autres documents sont fournis \u00e0 titre d&rsquo;information uniquement et ne constituent pas un avis m\u00e9dical.\u00a0 Les opinions exprim\u00e9es ne refl\u00e8tent pas n\u00e9cessairement celles de la SCMI. <\/em><em>La SCMI n&rsquo;approuve ni ne garantit la validit\u00e9 des d\u00e9clarations ou des informations communiqu\u00e9es lors du Congr\u00e8s ou dans la documentation connexe.\u00a0 Les informations communiqu\u00e9es sont destin\u00e9es \u00e0 \u00eatre utilis\u00e9es dans le contexte des comp\u00e9tences et du jugement professionnels du spectateur, car rien dans le pr\u00e9sent document ne d\u00e9charge les spectateurs de leur responsabilit\u00e9, en tant que professionnels, d&rsquo;exercer ces comp\u00e9tences et ce jugement de mani\u00e8re ind\u00e9pendante.<\/em><\/p>\n<p><em>\u00a0<\/em><\/p>\n<\/div>\n<\/div>\n<\/div>\n<\/div>\n<\/div>\n<\/div>\n<p>[\/et_pb_text][et_pb_text disabled_on=\u00a0\u00bboff|off|off\u00a0\u00bb admin_label=\u00a0\u00bbMercredi\u00a0\u00bb _builder_version=\u00a0\u00bb4.20.0&Prime; text_text_color=\u00a0\u00bb#000000&Prime; background_size=\u00a0\u00bbinitial\u00a0\u00bb background_position=\u00a0\u00bbtop_left\u00a0\u00bb background_repeat=\u00a0\u00bbrepeat\u00a0\u00bb use_border_color=\u00a0\u00bboff\u00a0\u00bb border_color=\u00a0\u00bb#ffffff\u00a0\u00bb border_style=\u00a0\u00bbsolid\u00a0\u00bb global_colors_info=\u00a0\u00bb{}\u00a0\u00bb]<\/p>\n<div class=\"et_pb_module et_pb_text et_pb_text_2 et_pb_text_align_left et_pb_bg_layout_light\">\n<div class=\"et_pb_text_inner\">\n<div class=\"et_pb_module et_pb_text et_pb_text_2 et_pb_text_align_left et_pb_bg_layout_light\">\n<h4 class=\"et_pb_text_inner\"><strong>Mercredi 11 octobre 2023<\/strong><\/h4>\n<\/div>\n<ul>\n<li><strong><a href=\"https:\/\/csim.ca\/wp-content\/uploads\/documents\/meeting2023\/slides\/2023-10-11_1300_Controversial Issues in Preoperative Anticoagulant Management_Douketis.pdf\" target=\"_blank\" rel=\"noopener\" data-wplink-url-error=\"true\">Controversial Issues in Preoperative Anticoagulant Management<\/a><\/strong> &#8211; <em>Dr James Douketis, Hamilton (ON)<\/em><\/li>\n<li><strong><a href=\"https:\/\/csim.ca\/wp-content\/uploads\/documents\/meeting2023\/slides\/2023-10-11_1300_Ventilation in Critical Care_Balan.pdf\" target=\"_blank\" rel=\"noopener\" data-wplink-url-error=\"true\">Ventilation in Critical Care<\/a><\/strong> &#8211; <em>Dr Marko Balan, St. John&rsquo;s (NL)<\/em><\/li>\n<li><a href=\"https:\/\/csim.ca\/wp-content\/uploads\/documents\/meeting2023\/slides\/2023-10-11_1300_Perioperative Assessment and Management of Cardiac Ischemia_Duceppe.pdf\" target=\"_blank\" rel=\"noopener\" data-wplink-url-error=\"true\"><strong>Perioperative Assessment and Management of Cardiac Ischemia<\/strong><\/a> &#8211; <em>Dre Emmanuelle Duceppe, Montr\u00e9al (QC)<br \/><\/em><\/li>\n<li><strong><a href=\"https:\/\/csim.ca\/wp-content\/uploads\/documents\/meeting2023\/slides\/2023-10-11_1300_Management of Migraine_Leroux.pdf\" target=\"_blank\" rel=\"noopener\" data-wplink-url-error=\"true\">Management of Migraine in 2023<\/a><\/strong> &#8211; <em>Dre Elizabeth Leroux, Montr\u00e9al (QC)<\/em><\/li>\n<li><strong><a href=\"https:\/\/csim.ca\/wp-content\/uploads\/documents\/meeting2023\/slides\/2023-10-11_1300_Preop Anemia_Bessissow.pdf\" target=\"_blank\" rel=\"noopener\" data-wplink-url-error=\"true\">Preoperative Management of Anemia<\/a> <\/strong>&#8211; <em>Dre Amal Bessissow, Montr\u00e9al (QC)<\/em><\/li>\n<li><a href=\"https:\/\/csim.ca\/wp-content\/uploads\/documents\/meeting2023\/slides\/2023-10-11_1300_Critical_Care_Jayaraman.pdf\" target=\"_blank\" rel=\"noopener\"><strong>What\u2019s New in Sepsis<\/strong><\/a> &#8211; <em>Dr Dev Jayaraman, Montr\u00e9al (QC)<\/em><\/li>\n<li><a href=\"https:\/\/csim.ca\/wp-content\/uploads\/documents\/meeting2023\/slides\/2023-10-11_1300_EKG Quiz_Raymond.pdf\" target=\"_blank\" rel=\"noopener\" data-wplink-url-error=\"true\"><strong>Electrocardiogram Quiz<\/strong><\/a> &#8211; <em>Dr Jean-Marc Raymond, Montr\u00e9al (QC)<\/em><\/li>\n<li><a href=\"https:\/\/csim.ca\/wp-content\/uploads\/documents\/meeting2023\/slides\/2023-10-11_1650_State of the Art Preventing Medical Readmissions_Lapointe-Shaw.pdf\" target=\"_blank\" rel=\"noopener\" data-wplink-url-error=\"true\"><strong>State of the Art: Preventing Medical Readmissions<\/strong><\/a> \u2013 <em>Dre Lauren Lapointe-Shaw, Toronto (ON)<\/em><\/li>\n<\/ul>\n<\/div>\n<\/div>\n<p>[\/et_pb_text][et_pb_text disabled_on=\u00a0\u00bboff|off|off\u00a0\u00bb admin_label=\u00a0\u00bbJeudi\u00a0\u00bb _builder_version=\u00a0\u00bb4.20.0&Prime; text_text_color=\u00a0\u00bb#000000&Prime; background_size=\u00a0\u00bbinitial\u00a0\u00bb background_position=\u00a0\u00bbtop_left\u00a0\u00bb background_repeat=\u00a0\u00bbrepeat\u00a0\u00bb use_border_color=\u00a0\u00bboff\u00a0\u00bb border_color=\u00a0\u00bb#ffffff\u00a0\u00bb border_style=\u00a0\u00bbsolid\u00a0\u00bb global_colors_info=\u00a0\u00bb{}\u00a0\u00bb]<\/p>\n<div class=\"et_pb_module et_pb_text et_pb_text_2 et_pb_text_align_left et_pb_bg_layout_light\">\n<div class=\"et_pb_text_inner\">\n<div class=\"et_pb_module et_pb_text et_pb_text_2 et_pb_text_align_left et_pb_bg_layout_light\">\n<h4 class=\"et_pb_text_inner\"><strong>Jeudi 12 octobre 2023<br \/><\/strong><\/h4>\n<\/div>\n<ul>\n<li><strong><a href=\"https:\/\/csim.ca\/wp-content\/uploads\/documents\/meeting2023\/slides\/2023-10-12_0800_Top Five Papers_Lanthier.pdf\" target=\"_blank\" rel=\"noopener\" data-wplink-url-error=\"true\">Top Five Papers<\/a> \u2013<\/strong><em> Dr Luc Lanthier, Sherbrooke (QC)<\/em><\/li>\n<li><strong><a href=\"https:\/\/csim.ca\/wp-content\/uploads\/documents\/meeting2023\/slides\/2023-10-12_0915_Duration of Therapy in Antibiotics_Bunce.pdf\" target=\"_blank\" rel=\"noopener\" data-wplink-url-error=\"true\">Duration of Therapy in Antibiotics<\/a> \u2013<\/strong><em> Dr Paul Bunce, Toronto (ON)<br \/><\/em><\/li>\n<li><strong><a href=\"https:\/\/csim.ca\/wp-content\/uploads\/documents\/meeting2023\/slides\/2023-10-12_0915_W2_Nouveautes en osteoporose_Villeneuve.pdf\" target=\"_blank\" rel=\"noopener\" data-wplink-url-error=\"true\">Nouveaut\u00e9s en ost\u00e9oporose<\/a> \u2013<\/strong><em> Dre Jos\u00e9e Villeneuve, Qu\u00e9bec (QC)<\/em><strong><br \/><a href=\"https:\/\/csim.ca\/wp-content\/uploads\/documents\/meeting2023\/slides\/2023-10-12_0915_W2a_Updates in Osteoporosis_Villeneuve.pdf\" target=\"_blank\" rel=\"noopener\" data-wplink-url-error=\"true\">Updates in Osteoporosis<\/a> <\/strong><strong>\u2013<\/strong><em> Dre Jos\u00e9e Villeneuve, Qu\u00e9bec<\/em><em> (QC)<\/em><\/li>\n<li><strong><a href=\"https:\/\/csim.ca\/wp-content\/uploads\/documents\/meeting2023\/slides\/2023-10-12_0915_W6_Endocrine World of Hormone Replacement Therapy_Lavoie.pdf\" target=\"_blank\" rel=\"noopener\" data-wplink-url-error=\"true\">Le monde de l\u2019hormonoth\u00e9rapie substitutive<\/a> \u2013 <\/strong><em>Dre H\u00e9l\u00e8ne Lavoie, Montr\u00e9al (QC)<\/em><br \/><strong><a href=\"https:\/\/csim.ca\/wp-content\/uploads\/documents\/meeting2023\/slides\/2023-10-12_0915_W6_Le monde de lhormonotherapie substitutive_Lavoie.pdf\" target=\"_blank\" rel=\"noopener\" data-wplink-url-error=\"true\">Endocrine World of Hormone Replacement Therapy<\/a>\u00a0 <\/strong><strong>\u2013 <\/strong><em>Dre H\u00e9l\u00e8ne Lavoie, Montr\u00e9al<\/em><em> (QC)<\/em><\/li>\n<li><strong><a href=\"https:\/\/csim.ca\/wp-content\/uploads\/documents\/meeting2023\/slides\/2023-10-12_0915_W7_Medical Treatment of Obesity EN FR_Morin.pdf\" target=\"_blank\" rel=\"noopener\" data-wplink-url-error=\"true\">Traitement m\u00e9dical de l\u2019ob\u00e9sit\u00e9<\/a><a href=\"https:\/\/csim.ca\/wp-content\/uploads\/documents\/meeting2023\/slides\/2023-10-12_0915_W7_Medical Treatment of Obesity EN FR_Morin.pdf\" target=\"_blank\" rel=\"noopener\" data-wplink-url-error=\"true\"> \/ Medical Treatment of Obesity<\/a><\/strong><strong> \u2013 <\/strong><em>Dre Marie-Philippe Morin, Qu\u00e9bec (QC)<br \/><\/em><\/li>\n<li><strong><a href=\"https:\/\/csim.ca\/wp-content\/uploads\/documents\/meeting2023\/slides\/2023-10-12_0915_W9_Stop Did you think of POTS_Guzman.pdf\" target=\"_blank\" rel=\"noopener\" data-wplink-url-error=\"true\">STOP! Did You Think of POTS?<\/a> \u2013 <\/strong><em>Dr Juan Guzman, Hamilton (ON)<\/em><\/li>\n<li><strong>Pearls the CMPA for the Internists <a href=\"https:\/\/csim.ca\/wp-content\/uploads\/documents\/meeting2023\/slides\/2023-10-12_1200_CMPA Report.pdf\" target=\"_blank\" rel=\"noopener\" data-wplink-url-error=\"true\">(visionner le rapport de l&rsquo;ACMP)<\/a>\u2013 <\/strong><em>Dre Eileen Bridges, Ottawa (ON)<\/em><\/li>\n<\/ul>\n<\/div>\n<\/div>\n<p>[\/et_pb_text][\/et_pb_column][et_pb_column type=\u00a0\u00bb1_4&Prime; _builder_version=\u00a0\u00bb4.16&Prime; _module_preset=\u00a0\u00bbdefault\u00a0\u00bb global_colors_info=\u00a0\u00bb{}\u00a0\u00bb][et_pb_sidebar area=\u00a0\u00bbet_pb_widget_area_24&Prime; show_border=\u00a0\u00bboff\u00a0\u00bb disabled_on=\u00a0\u00bboff|off|off\u00a0\u00bb _builder_version=\u00a0\u00bb4.20.0&Prime; _module_preset=\u00a0\u00bbdefault\u00a0\u00bb header_font=\u00a0\u00bb|700|||||||\u00a0\u00bb header_text_color=\u00a0\u00bb#000000&Prime; body_font=\u00a0\u00bb|600|||||||\u00a0\u00bb body_text_color=\u00a0\u00bb#000000&Prime; body_font_size=\u00a0\u00bb16px\u00a0\u00bb body_line_height=\u00a0\u00bb1.8em\u00a0\u00bb global_colors_info=\u00a0\u00bb{}\u00a0\u00bb][\/et_pb_sidebar][\/et_pb_column][\/et_pb_row][et_pb_row use_custom_gutter=\u00a0\u00bbon\u00a0\u00bb gutter_width=\u00a0\u00bb4&Prime; make_equal=\u00a0\u00bbon\u00a0\u00bb _builder_version=\u00a0\u00bb4.16&Prime; _module_preset=\u00a0\u00bbdefault\u00a0\u00bb width=\u00a0\u00bb100%\u00a0\u00bb global_colors_info=\u00a0\u00bb{}\u00a0\u00bb][et_pb_column type=\u00a0\u00bb4_4&Prime; _builder_version=\u00a0\u00bb4.16&Prime; _module_preset=\u00a0\u00bbdefault\u00a0\u00bb global_colors_info=\u00a0\u00bb{}\u00a0\u00bb][et_pb_text disabled_on=\u00a0\u00bboff|off|off\u00a0\u00bb admin_label=\u00a0\u00bbVendredi\u00a0\u00bb _builder_version=\u00a0\u00bb4.20.0&Prime; text_text_color=\u00a0\u00bb#000000&Prime; background_size=\u00a0\u00bbinitial\u00a0\u00bb background_position=\u00a0\u00bbtop_left\u00a0\u00bb background_repeat=\u00a0\u00bbrepeat\u00a0\u00bb use_border_color=\u00a0\u00bboff\u00a0\u00bb border_color=\u00a0\u00bb#ffffff\u00a0\u00bb border_style=\u00a0\u00bbsolid\u00a0\u00bb global_colors_info=\u00a0\u00bb{}\u00a0\u00bb]<\/p>\n<div class=\"et_pb_module et_pb_text et_pb_text_2 et_pb_text_align_left et_pb_bg_layout_light\">\n<div class=\"et_pb_text_inner\">\n<div class=\"et_pb_module et_pb_text et_pb_text_2 et_pb_text_align_left et_pb_bg_layout_light\">\n<h4 class=\"et_pb_text_inner\"><strong>Vendredi 13 octobre 2023<br \/><\/strong><\/h4>\n<\/div>\n<ul>\n<li><strong><a href=\"https:\/\/csim.ca\/wp-content\/uploads\/documents\/meeting2023\/slides\/2023-10-13_0800_Redisigning the Clinical Teaching Unit_Tang et al.pdf\" target=\"_blank\" rel=\"noopener\" data-wplink-url-error=\"true\">Redesigning the Clinical Teaching Unit: A Vision for the Present<\/a> &#8211; <\/strong><em>Dr Zachary Feilchenfeld (Toronto, ON), Dr Brandon Tang (Toronto, ON), Dr Mark Goldszmidt (London, ON), Dre Erin Spicer (London, ON), Dre Leslie Martin (Hamilton, ON) Dre Jennifer Ringrose (Edmonton, AB), Dre Rosalie-Selene Meunier (Montr\u00e9al, QC)<\/em><\/li>\n<li><strong><a href=\"https:\/\/csim.ca\/wp-content\/uploads\/documents\/meeting2023\/slides\/2023-10-13_0915_Approche du bilan hepatique pertub\u00e9 en grossesse_Weber.pdf\" target=\"_blank\" rel=\"noopener\" data-wplink-url-error=\"true\">Approche du bilan h\u00e9patique pertub\u00e9 en grossesse<\/a><em> &#8211; <\/em><\/strong><em>Dre Florence Weber, Montr\u00e9al (QC)<\/em><strong><br \/><a href=\"https:\/\/csim.ca\/wp-content\/uploads\/documents\/meeting2023\/slides\/2023-10-13_0915_Approach to Hepatic Lab Abnormalities in Pregnancy_Weber.pdf\" target=\"_blank\" rel=\"noopener\" data-wplink-url-error=\"true\">Approach to Hepatic Lab Abnormalities in Pregnancy<\/a>\u00a0<\/strong><strong><em>&#8211; <\/em><\/strong><em>Dr. Florence Weber, Montr\u00e9al (QC)<\/em><\/li>\n<li><strong><a href=\"https:\/\/csim.ca\/wp-content\/uploads\/documents\/meeting2023\/slides\/2023-10-13_0915_Oncology_Saleh.pdf\" target=\"_blank\" rel=\"noopener\">New Kids of the Oncology Block<\/a> \u2013 <\/strong><em>Dr Ramy Saleh, Montr\u00e9al (QC)<\/em><\/li>\n<li><strong><a href=\"https:\/\/csim.ca\/wp-content\/uploads\/documents\/meeting2023\/slides\/2023-10-13_0915_Traitement de l\u2019asthme_Godbout.pdf\" target=\"_blank\" rel=\"noopener\" data-wplink-url-error=\"true\">Traitement de l\u2019asthme : mise \u00e0 jour<\/a> \u2013 <\/strong><em>Dre Krystelle Godbout, Qu\u00e9bec, QC<br \/><\/em><strong><a href=\"https:\/\/csim.ca\/wp-content\/uploads\/documents\/meeting2023\/slides\/2023-10-13_0915_Update in Asthma Treatment_Godbout.pdf\" target=\"_blank\" rel=\"noopener\" data-wplink-url-error=\"true\">Update in Asthma Treatment<\/a> <\/strong><strong>\u2013 <\/strong><em>Dre Krystelle Godbout, Qu\u00e9bec (QC)<\/em><\/li>\n<li><strong><a href=\"https:\/\/csim.ca\/wp-content\/uploads\/documents\/meeting2023\/slides\/2023-10-13_0915_Vasculitis_Makhzoum.pdf\" target=\"_blank\" rel=\"noopener\">Vasculitis: Diagnostic Imaging and Treatment Beyond Corticosteroids<\/a> &#8211; <\/strong><em>Dr Jean-Paul Makhzoum, Montr\u00e9al (QC)<br \/><\/em><\/li>\n<li><strong><a href=\"https:\/\/csim.ca\/wp-content\/uploads\/documents\/meeting2023\/slides\/2023-10-13_0915_CKD Auguste.pdf\" target=\"_blank\" rel=\"noopener\" data-wplink-url-error=\"true\">When the Kidneys Fail: Managing Complex Disease in the Context of Advanced CKD<\/a> \u2013 <\/strong><em>Dr Bourne Auguste, Toronto (ON)<\/em><\/li>\n<li><strong><a href=\"https:\/\/csim.ca\/wp-content\/uploads\/documents\/meeting2023\/slides\/2023-10-13_1045_Alcohol and Opiate Therapy and Withdraw_Mong.pdf\" target=\"_blank\" rel=\"noopener\" data-wplink-url-error=\"true\">Alcohol and Opiate Misuse: Therapy and Withdrawal from ER to Discharge<\/a> &#8211; <\/strong><em>Dr Jon Mong, Toronto (ON)<\/em><\/li>\n<li><strong><a href=\"https:\/\/csim.ca\/wp-content\/uploads\/documents\/meeting2023\/slides\/2023-10-13_1200_SIA_Lamontagne.pdf\" target=\"_blank\" rel=\"noopener\">Research &amp; Medicine: How we learn\u2026 and how we can improve<\/a> <em>&#8211; <\/em><\/strong><em>Dr Fran\u00e7ois Lamontagne, Prix d\u2019excellence destin\u00e9 \u00e0 un chercheur chevronn\u00e9<br \/><\/em><\/li>\n<li><strong><a href=\"https:\/\/csim.ca\/wp-content\/uploads\/documents\/meeting2023\/slides\/2023-10-13_1145_NIA_Verma.pdf\" target=\"_blank\" rel=\"noopener\">Medicine in the Age of Data<\/a> \u2013 <\/strong>Dr <em> Amol Verma,\u00a0<\/em>Prix d\u2019excellence destin\u00e9 \u00e0 un chercheur d\u00e9butant<\/li>\n<li><strong><a href=\"https:\/\/csim.ca\/wp-content\/uploads\/documents\/meeting2023\/slides\/2023-10-13_1330_AI and Healthcare_Yamga.pdf\" target=\"_blank\" rel=\"noopener\" data-wplink-url-error=\"true\">AI and Healthcare: What the Internist Needs to Know<\/a> \u2013 <\/strong><em>Dr Eric Yamga, Montr\u00e9al (QC)<\/em><\/li>\n<\/ul>\n<\/div>\n<\/div>\n<p>[\/et_pb_text][et_pb_text disabled_on=\u00a0\u00bboff|off|off\u00a0\u00bb admin_label=\u00a0\u00bbSamedi\u00a0\u00bb _builder_version=\u00a0\u00bb4.20.0&Prime; text_text_color=\u00a0\u00bb#000000&Prime; background_size=\u00a0\u00bbinitial\u00a0\u00bb background_position=\u00a0\u00bbtop_left\u00a0\u00bb background_repeat=\u00a0\u00bbrepeat\u00a0\u00bb use_border_color=\u00a0\u00bboff\u00a0\u00bb border_color=\u00a0\u00bb#ffffff\u00a0\u00bb border_style=\u00a0\u00bbsolid\u00a0\u00bb global_colors_info=\u00a0\u00bb{}\u00a0\u00bb]<\/p>\n<div class=\"et_pb_module et_pb_text et_pb_text_2 et_pb_text_align_left et_pb_bg_layout_light\">\n<div class=\"et_pb_text_inner\">\n<div class=\"et_pb_module et_pb_text et_pb_text_2 et_pb_text_align_left et_pb_bg_layout_light\">\n<h4 class=\"et_pb_text_inner\"><strong>Samedi 14 octobre 2023<br \/><\/strong><\/h4>\n<\/div>\n<ul>\n<li><strong><a href=\"https:\/\/csim.ca\/wp-content\/uploads\/documents\/meeting2023\/slides\/2023-10-14_0800_Planetary Health for General Internist_Stoynova.pdf\" target=\"_blank\" rel=\"noopener\" data-wplink-url-error=\"true\">Planetary Health for the General Internist<\/a> &#8211; <\/strong><em>Dre Valeria Stoynova, Victoria (CB) et Dre Mathilde Gaudreau-Simard, Ottawa (ON)<\/em><\/li>\n<li><strong><a href=\"https:\/\/csim.ca\/wp-content\/uploads\/documents\/meeting2023\/slides\/2023-10-14_9h15_Pneumopathie interstitielle_Azuelos.pdf\" target=\"_blank\" rel=\"noopener\" data-wplink-url-error=\"true\">Pneumopathie interstitielle<\/a><\/strong><em> \u2013 Dr Ilan Azuelos, Montr\u00e9al (QC)<br \/><\/em><strong><a href=\"https:\/\/csim.ca\/wp-content\/uploads\/documents\/meeting2023\/slides\/2023-10-14_9h15_ILD_Azuelos.pdf\" target=\"_blank\" rel=\"noopener\">Interstitial Lung Disease<\/a>\u00a0<em>\u2013 <\/em><\/strong><em>Dr Ilan Azuelos, Montr\u00e9al (QC)<\/em><\/li>\n<li><a href=\"https:\/\/csim.ca\/wp-content\/uploads\/documents\/meeting2023\/slides\/2023-10-14_0915_Complex Hypertension Cases_Dayan.pdf\" target=\"_blank\" rel=\"noopener\" data-wplink-url-error=\"true\"><strong>Complex Hypertension Cases<\/strong><\/a> <em>\u2013 Dre Natalie Dayan, Montr\u00e9al (QC)<\/em><\/li>\n<li><strong><a href=\"https:\/\/csim.ca\/wp-content\/uploads\/documents\/meeting2023\/slides\/2023-10-14_0915_POCUS_EN_Gaudreau-Simard.pdf\" target=\"_blank\" rel=\"noopener\">Une approche progressive de l\u2019int\u00e9gration de l\u2019\u00e9chographie cibl\u00e9e POCUS dans la pratique de la MIG<\/a> \u2013 <\/strong><em>Dre Mathilde Gaudreau-Simard, Ottawa (ON)<br \/><\/em><strong><a href=\"https:\/\/csim.ca\/wp-content\/uploads\/documents\/meeting2023\/slides\/2023-10-14_0915_POCUS_FR_Gaudreau-Simard.pdf\" target=\"_blank\" rel=\"noopener\">Overcoming Decision Paralysis: Incremental Approach to POCUS Integration in GIM Practice<\/a> <\/strong><strong>\u2013 <\/strong><em>Dre Mathilde Gaudreau-Simard, Ottawa (ON)<\/em><\/li>\n<\/ul>\n<\/div>\n<\/div>\n<p>[\/et_pb_text][et_pb_social_media_follow _builder_version=\u00a0\u00bb4.16&Prime; _module_preset=\u00a0\u00bbdefault\u00a0\u00bb text_orientation=\u00a0\u00bbcenter\u00a0\u00bb global_colors_info=\u00a0\u00bb{}\u00a0\u00bb][et_pb_social_media_follow_network social_network=\u00a0\u00bbtwitter\u00a0\u00bb url=\u00a0\u00bbhttp:\/\/twitter.com\/CSIMSCMI\u00a0\u00bb _builder_version=\u00a0\u00bb4.16&Prime; _module_preset=\u00a0\u00bbdefault\u00a0\u00bb background_color=\u00a0\u00bb#00aced\u00a0\u00bb global_colors_info=\u00a0\u00bb{}\u00a0\u00bb follow_button=\u00a0\u00bboff\u00a0\u00bb url_new_window=\u00a0\u00bbon\u00a0\u00bb]twitter[\/et_pb_social_media_follow_network][\/et_pb_social_media_follow][\/et_pb_column][\/et_pb_row][\/et_pb_section]<\/p>\n","protected":false},"excerpt":{"rendered":"<p>Congr\u00e8s annuel de la SCMI 2023 11 au 14 octobre 2023 | Qu\u00e9bec (QC) Disapositives Pour visualiser les diapositives des sessions, cliquez sur les liens ci-dessous. Le chargement des diapositives peut prendre un certain temps.(NB : certains pr\u00e9sentateurs n&rsquo;ont pas souhait\u00e9 que leurs diapositives soient publi\u00e9es) Veuillez noter que l&rsquo;examen des diapositives n&rsquo;est pas \u00e9ligible [&hellip;]<\/p>\n","protected":false},"author":4,"featured_media":0,"parent":16087,"menu_order":0,"comment_status":"closed","ping_status":"closed","template":"","meta":{"_et_pb_use_builder":"on","_et_pb_old_content":"","_et_gb_content_width":"","_monsterinsights_skip_tracking":false,"_monsterinsights_sitenote_active":false,"_monsterinsights_sitenote_note":"","_monsterinsights_sitenote_category":0,"footnotes":""},"class_list":["post-17681","page","type-page","status-publish","hentry"],"_links":{"self":[{"href":"https:\/\/csim.ca\/fr\/wp-json\/wp\/v2\/pages\/17681","targetHints":{"allow":["GET"]}}],"collection":[{"href":"https:\/\/csim.ca\/fr\/wp-json\/wp\/v2\/pages"}],"about":[{"href":"https:\/\/csim.ca\/fr\/wp-json\/wp\/v2\/types\/page"}],"author":[{"embeddable":true,"href":"https:\/\/csim.ca\/fr\/wp-json\/wp\/v2\/users\/4"}],"replies":[{"embeddable":true,"href":"https:\/\/csim.ca\/fr\/wp-json\/wp\/v2\/comments?post=17681"}],"version-history":[{"count":4,"href":"https:\/\/csim.ca\/fr\/wp-json\/wp\/v2\/pages\/17681\/revisions"}],"predecessor-version":[{"id":17762,"href":"https:\/\/csim.ca\/fr\/wp-json\/wp\/v2\/pages\/17681\/revisions\/17762"}],"up":[{"embeddable":true,"href":"https:\/\/csim.ca\/fr\/wp-json\/wp\/v2\/pages\/16087"}],"wp:attachment":[{"href":"https:\/\/csim.ca\/fr\/wp-json\/wp\/v2\/media?parent=17681"}],"curies":[{"name":"wp","href":"https:\/\/api.w.org\/{rel}","templated":true}]}}