{"id":16876,"date":"2023-08-22T14:18:09","date_gmt":"2023-08-22T18:18:09","guid":{"rendered":"https:\/\/csim.ca\/?page_id=16876"},"modified":"2025-01-29T14:06:00","modified_gmt":"2025-01-29T19:06:00","slug":"pocus-ultrason","status":"publish","type":"page","link":"https:\/\/csim.ca\/fr\/education\/pocus-ultrason\/","title":{"rendered":"POCUS \/ Ultrason"},"content":{"rendered":"<p>[et_pb_section fb_built=\u00a0\u00bb1&Prime; admin_label=\u00a0\u00bbsection\u00a0\u00bb _builder_version=\u00a0\u00bb4.16&Prime; global_colors_info=\u00a0\u00bb{}\u00a0\u00bb][et_pb_row admin_label=\u00a0\u00bbrow\u00a0\u00bb _builder_version=\u00a0\u00bb4.16&Prime; background_size=\u00a0\u00bbinitial\u00a0\u00bb background_position=\u00a0\u00bbtop_left\u00a0\u00bb background_repeat=\u00a0\u00bbrepeat\u00a0\u00bb global_colors_info=\u00a0\u00bb{}\u00a0\u00bb][et_pb_column type=\u00a0\u00bb4_4&Prime; _builder_version=\u00a0\u00bb4.16&Prime; custom_padding=\u00a0\u00bb|||\u00a0\u00bb global_colors_info=\u00a0\u00bb{}\u00a0\u00bb custom_padding__hover=\u00a0\u00bb|||\u00a0\u00bb][et_pb_text _builder_version=\u00a0\u00bb4.20.0&Prime; _module_preset=\u00a0\u00bbdefault\u00a0\u00bb global_colors_info=\u00a0\u00bb{}\u00a0\u00bb]<\/p>\n<h1 style=\"text-align: center;\"><strong>\u00c9ducation POCUS \/ Ultrason<br \/><\/strong><\/h1>\n<p>[\/et_pb_text][et_pb_text disabled_on=\u00a0\u00bbon|on|on\u00a0\u00bb admin_label=\u00a0\u00bbUpcoming\u00a0\u00bb _builder_version=\u00a0\u00bb4.20.0&Prime; _module_preset=\u00a0\u00bbdefault\u00a0\u00bb disabled=\u00a0\u00bbon\u00a0\u00bb global_colors_info=\u00a0\u00bb{}\u00a0\u00bb]<\/p>\n<div class=\"et_pb_column et_pb_column_3_4 et_pb_column_1  et_pb_css_mix_blend_mode_passthrough\">\n<div class=\"et_pb_module et_pb_text et_pb_text_1 et_pb_text_align_left et_pb_bg_layout_light et_had_animation\">\n<div class=\"et_pb_text_inner\">\n<h3><strong>Activit\u00e9s \u00e0 venir<\/strong><\/h3>\n<p><em>Disponible en anglais seulement.<\/em><\/p>\n<p>&nbsp;<\/p>\n<\/div>\n<\/div>\n<\/div>\n<p>[\/et_pb_text][\/et_pb_column][\/et_pb_row][et_pb_row admin_label=\u00a0\u00bbrow\u00a0\u00bb _builder_version=\u00a0\u00bb4.16&Prime; background_size=\u00a0\u00bbinitial\u00a0\u00bb background_position=\u00a0\u00bbtop_left\u00a0\u00bb background_repeat=\u00a0\u00bbrepeat\u00a0\u00bb global_colors_info=\u00a0\u00bb{}\u00a0\u00bb][et_pb_column type=\u00a0\u00bb4_4&Prime; _builder_version=\u00a0\u00bb4.16&Prime; custom_padding=\u00a0\u00bb|||\u00a0\u00bb global_colors_info=\u00a0\u00bb{}\u00a0\u00bb custom_padding__hover=\u00a0\u00bb|||\u00a0\u00bb][et_pb_text admin_label=\u00a0\u00bbPast\u00a0\u00bb _builder_version=\u00a0\u00bb4.27.4&Prime; _module_preset=\u00a0\u00bbdefault\u00a0\u00bb hover_enabled=\u00a0\u00bb0&Prime; global_colors_info=\u00a0\u00bb{}\u00a0\u00bb sticky_enabled=\u00a0\u00bb0&Prime;]<\/p>\n<div class=\"et_pb_column et_pb_column_3_4 et_pb_column_1 et_pb_css_mix_blend_mode_passthrough\">\n<div class=\"et_pb_module et_pb_text et_pb_text_1 et_pb_text_align_left et_pb_bg_layout_light et_had_animation\">\n<div class=\"et_pb_text_inner\">\n<h3><strong>Activit\u00e9s pr\u00e9c\u00e9dentes<\/strong><\/h3>\n<p><strong>Atelier hors programme CIMUS (Canadian Internal Medicine Ultrasound)<\/strong><br \/><em><strong>Ultrasound Workshop on Ascites, Pleural Effusion, and Vessel Assessment<\/strong><\/em><br \/><strong>16 octobre 2024<\/strong><br \/><a href=\"https:\/\/csim.ca\/education\/conferences\/csim-annual-meeting-2024\/program\/cimus-workshop-2024\/\">Information<\/a><\/p>\n<p><em><strong>ACP Alberta Chapter POCUS Education Council et la SCMI<\/strong><\/em><br \/><em>Session 3: Multiple Faces of Pleural Effusions<\/em><br \/><strong>8 novembre 2023<\/strong><br \/><a href=\"https:\/\/csim.ca\/education\/pocus-education\/multiple-faces-of-pleural-effusions\/\">Information<\/a><\/p>\n<p><em><strong>ACP Alberta Chapter POCUS Education Council et la SCMI<\/strong><\/em><br \/><em>Session 2: Common Fake Outs in POCUS<\/em><br \/><strong>25 octobre 2023<\/strong><br \/><a href=\"https:\/\/csim.ca\/education\/pocus-education\/common-fake-outs-in-pocus\/\">Information<\/a><\/p>\n<div class=\"et_pb_column et_pb_column_3_4 et_pb_column_1 et_pb_css_mix_blend_mode_passthrough\">\n<div class=\"et_pb_module et_pb_text et_pb_text_1 et_pb_text_align_left et_pb_bg_layout_light et_had_animation\">\n<div class=\"et_pb_text_inner\">\n<p><strong>Atelier hors programme CIMUS (Canadian Internal Medicine Ultrasound)<\/strong><br \/><strong>L\u2019\u00e9chographie en m\u00e9decine interne au Canada : notions de base en \u00e9chocardiographie cibl\u00e9e<\/strong><br \/>11 octobre 2023<strong><br \/><\/strong><a href=\"https:\/\/csim.ca\/fr\/congres-annuel-scmi-2023\/cimus-2023\/\">Information<\/a><\/p>\n<p><em><strong>ACP Alberta Chapter POCUS Education Council et la SCMI<\/strong><\/em><br \/><strong><em>Webinar 1: Cases that Changed Management<\/em><\/strong><br \/>6 septembre 2023<br \/><a href=\"https:\/\/csim.ca\/conferences\/pocus-cases-that-changed-management\/\">Information<\/a><strong><br \/><\/strong><\/p>\n<\/div>\n<\/div>\n<\/div>\n<\/div>\n<\/div>\n<\/div>\n<p>[\/et_pb_text][\/et_pb_column][\/et_pb_row][\/et_pb_section]<\/p>\n","protected":false},"excerpt":{"rendered":"<p>\u00c9ducation POCUS \/ Ultrason Activit\u00e9s \u00e0 venir Disponible en anglais seulement. &nbsp; Activit\u00e9s pr\u00e9c\u00e9dentes Atelier hors programme CIMUS (Canadian Internal Medicine Ultrasound)Ultrasound Workshop on Ascites, Pleural Effusion, and Vessel Assessment16 octobre 2024Information ACP Alberta Chapter POCUS Education Council et la SCMISession 3: Multiple Faces of Pleural Effusions8 novembre 2023Information ACP Alberta Chapter POCUS Education Council [&hellip;]<\/p>\n","protected":false},"author":4,"featured_media":0,"parent":16835,"menu_order":0,"comment_status":"closed","ping_status":"closed","template":"","meta":{"_et_pb_use_builder":"on","_et_pb_old_content":"","_et_gb_content_width":"","_monsterinsights_skip_tracking":false,"_monsterinsights_sitenote_active":false,"_monsterinsights_sitenote_note":"","_monsterinsights_sitenote_category":0,"footnotes":""},"class_list":["post-16876","page","type-page","status-publish","hentry"],"_links":{"self":[{"href":"https:\/\/csim.ca\/fr\/wp-json\/wp\/v2\/pages\/16876","targetHints":{"allow":["GET"]}}],"collection":[{"href":"https:\/\/csim.ca\/fr\/wp-json\/wp\/v2\/pages"}],"about":[{"href":"https:\/\/csim.ca\/fr\/wp-json\/wp\/v2\/types\/page"}],"author":[{"embeddable":true,"href":"https:\/\/csim.ca\/fr\/wp-json\/wp\/v2\/users\/4"}],"replies":[{"embeddable":true,"href":"https:\/\/csim.ca\/fr\/wp-json\/wp\/v2\/comments?post=16876"}],"version-history":[{"count":2,"href":"https:\/\/csim.ca\/fr\/wp-json\/wp\/v2\/pages\/16876\/revisions"}],"predecessor-version":[{"id":20988,"href":"https:\/\/csim.ca\/fr\/wp-json\/wp\/v2\/pages\/16876\/revisions\/20988"}],"up":[{"embeddable":true,"href":"https:\/\/csim.ca\/fr\/wp-json\/wp\/v2\/pages\/16835"}],"wp:attachment":[{"href":"https:\/\/csim.ca\/fr\/wp-json\/wp\/v2\/media?parent=16876"}],"curies":[{"name":"wp","href":"https:\/\/api.w.org\/{rel}","templated":true}]}}