{"id":16835,"date":"2023-08-22T13:53:04","date_gmt":"2023-08-22T17:53:04","guid":{"rendered":"https:\/\/csim.ca\/?page_id=16835"},"modified":"2025-03-11T12:39:55","modified_gmt":"2025-03-11T16:39:55","slug":"education","status":"publish","type":"page","link":"https:\/\/csim.ca\/fr\/education\/","title":{"rendered":"\u00c9ducation"},"content":{"rendered":"<p>[et_pb_section fb_built=\u00a0\u00bb1&Prime; disabled_on=\u00a0\u00bbon|on|on\u00a0\u00bb admin_label=\u00a0\u00bbsection\u00a0\u00bb module_class=\u00a0\u00bbhomecontent\u00a0\u00bb _builder_version=\u00a0\u00bb4.16&Prime; background_color=\u00a0\u00bbrgba(255,255,255,0)\u00a0\u00bb transparent_background=\u00a0\u00bbon\u00a0\u00bb disabled=\u00a0\u00bbon\u00a0\u00bb global_colors_info=\u00a0\u00bb{}\u00a0\u00bb][et_pb_row admin_label=\u00a0\u00bbrow\u00a0\u00bb _builder_version=\u00a0\u00bb4.16&Prime; background_size=\u00a0\u00bbinitial\u00a0\u00bb background_position=\u00a0\u00bbtop_left\u00a0\u00bb background_repeat=\u00a0\u00bbrepeat\u00a0\u00bb global_colors_info=\u00a0\u00bb{}\u00a0\u00bb][et_pb_column type=\u00a0\u00bb4_4&Prime; _builder_version=\u00a0\u00bb4.16&Prime; custom_padding=\u00a0\u00bb|||\u00a0\u00bb global_colors_info=\u00a0\u00bb{}\u00a0\u00bb custom_padding__hover=\u00a0\u00bb|||\u00a0\u00bb][et_pb_text admin_label=\u00a0\u00bbMain Content Area\u00a0\u00bb _builder_version=\u00a0\u00bb4.16&Prime; background_size=\u00a0\u00bbinitial\u00a0\u00bb background_position=\u00a0\u00bbtop_left\u00a0\u00bb background_repeat=\u00a0\u00bbrepeat\u00a0\u00bb use_border_color=\u00a0\u00bboff\u00a0\u00bb border_color=\u00a0\u00bb#ffffff\u00a0\u00bb border_style=\u00a0\u00bbsolid\u00a0\u00bb global_colors_info=\u00a0\u00bb{}\u00a0\u00bb]\n<table id=\"tablepress-7\" class=\"tablepress tablepress-id-7 tbody-has-connected-cells\">\n<tbody>\n<tr class=\"row-1\">\n\t<td colspan=\"3\" class=\"column-1\"><h1>R\u00e9unions \u00e0 venir<\/h1><\/td>\n<\/tr>\n<tr class=\"row-2\">\n\t<td class=\"column-1\"><strong>Automne 2020 - printemps 2021<\/strong><\/td><td class=\"column-2\"><strong>2021<\/strong><\/td><td class=\"column-3\"><strong>2022<\/strong><\/td>\n<\/tr>\n<tr class=\"row-3\">\n\t<td class=\"column-1\"><img loading=\"lazy\" decoding=\"async\" src=\"https:\/\/csim.ca\/wp-content\/uploads\/documents\/meeting2020\/VirtualEducation.png\" alt=\"CSIM internal medicine quebec city conference\" width=\"247\" height=\"163\" class=\"aligncenter size-full wp-image-133\" \/><\/td><td class=\"column-2\"><img loading=\"lazy\" decoding=\"async\" src=\"https:\/\/csim.ca\/wp-content\/uploads\/2021\/02\/2021virtualmeeting.png\" width=\"247\" height=\"163\" class=\"aligncenter size-full wp-image-133\" \/><\/td><td class=\"column-3\"><img loading=\"lazy\" decoding=\"async\" src=\"https:\/\/csim.ca\/wp-content\/uploads\/documents\/meeting2022\/victoria.jpg\" alt=\"CSIM Victoria BC 2022\" width=\"247\" height=\"164\" class=\"aligncenter size-full wp-image-133\" \/><\/td>\n<\/tr>\n<tr class=\"row-4\">\n\t<td class=\"column-1\"><b><a href=\"https:\/\/csim.ca\/fr\/reunions\/csim-annual-meeting-2020\/\">Cliquez ici<\/a> pour plus de d\u00e9tails sur les s\u00e9ances virtuelles.<\/b><\/p><\/td><td class=\"column-2\"><h4>Congr\u00e8s annuel de la SCMI 2021<\/h4><p>Pr\u00e9sent\u00e9 virtuellement<br>Automne 2021<\/p><\/td><td class=\"column-3\"><h4>Congr\u00e8s annuel de la SCMI 2022<\/h4><p>Centre des congr\u00e8s de Victoria<br>Victoria (CB)<br>du 12 au 15 octobre 2022<\/p><\/td>\n<\/tr>\n<tr class=\"row-5\">\n\t<td class=\"column-1\"><\/td><td class=\"column-2\"><\/td><td class=\"column-3\"><\/td>\n<\/tr>\n<tr class=\"row-6\">\n\t<td colspan=\"3\" class=\"column-1\"><h1>R\u00e9unions pr\u00e9c\u00e9dentes<\/h1><\/td>\n<\/tr>\n<tr class=\"row-7\">\n\t<td class=\"column-1\"><strong>2017<\/strong><\/td><td class=\"column-2\"><strong>2018<\/strong><\/td><td class=\"column-3\"><strong>2019<\/strong><\/td>\n<\/tr>\n<tr class=\"row-8\">\n\t<td class=\"column-1\"><a href=\"https:\/\/csim.ca\/fr\/reunions\/congres-annuel-2017\/\"><img loading=\"lazy\" decoding=\"async\" src=\"https:\/\/csim.ca\/wp-content\/uploads\/2015\/02\/csim-toronto-conference.jpg\" alt=\"internal medicine toronto conference\" width=\"247\" height=\"163\" class=\"aligncenter size-full wp-image-133\" \/><\/a><\/td><td class=\"column-2\"><a href=\"https:\/\/csim.ca\/fr\/reunions\/csim-annual-meeting-2018\/\"><img loading=\"lazy\" decoding=\"async\" src=\"https:\/\/csim.ca\/wp-content\/uploads\/2015\/02\/banff.jpg\" alt=\"CSIM banff conference\" width=\"247\" height=\"163\" class=\"aligncenter size-full wp-image-133\" \/><\/a><\/td><td class=\"column-3\"><a href=\"https:\/\/csim.ca\/fr\/reunions\/csim-annual-meeting-2019\/\"><img loading=\"lazy\" decoding=\"async\" src=\"https:\/\/csim.ca\/wp-content\/uploads\/2015\/02\/Peggys Cove and benchSM.jpg\" alt=\"CSIM Halifax Meeting\" width=\"247\" height=\"163\" class=\"aligncenter size-full wp-image-133\" \/><\/a><\/td>\n<\/tr>\n<tr class=\"row-9\">\n\t<td class=\"column-1\"><h4><a href=\"https:\/\/csim.ca\/fr\/reunions\/congres-annuel-2017\/\">Congr\u00e8s annuel de la SCMI 2017<\/a><\/h4><br \/>\nHyatt Toronto<br>Toronto (ON)<br>Du 1 au 4 novembre 2017<\/p><\/td><td class=\"column-2\"><h4><a href=\"https:\/\/csim.ca\/fr\/reunions\/csim-annual-meeting-2018\/\">Congr\u00e8s annuel de la SCMI 2018<\/a><\/h4><br \/>\nBanff Centre<br>Banff (AB)<br>Du 10 au 13 octobre 2018<\/p><\/td><td class=\"column-3\"><h4><a href=\"https:\/\/csim.ca\/fr\/reunions\/csim-annual-meeting-2019\/\">Congr\u00e8s annuel de la SCMI 2019<\/a><\/h4><br \/>\nHalifax Convention Centre<br>Halifax (NE)<br>Du 2 au 5 octobre 2019<\/p><\/td>\n<\/tr>\n<\/tbody>\n<\/table>\n<br \/>\n[\/et_pb_text][\/et_pb_column][\/et_pb_row][\/et_pb_section][et_pb_section fb_built=\u00a0\u00bb1&Prime; _builder_version=\u00a0\u00bb4.16&Prime; _module_preset=\u00a0\u00bbdefault\u00a0\u00bb global_colors_info=\u00a0\u00bb{}\u00a0\u00bb][et_pb_row _builder_version=\u00a0\u00bb4.16&Prime; _module_preset=\u00a0\u00bbdefault\u00a0\u00bb global_colors_info=\u00a0\u00bb{}\u00a0\u00bb][et_pb_column type=\u00a0\u00bb4_4&Prime; _builder_version=\u00a0\u00bb4.16&Prime; _module_preset=\u00a0\u00bbdefault\u00a0\u00bb global_colors_info=\u00a0\u00bb{}\u00a0\u00bb][et_pb_text _builder_version=\u00a0\u00bb4.20.0&Prime; _module_preset=\u00a0\u00bbdefault\u00a0\u00bb global_colors_info=\u00a0\u00bb{}\u00a0\u00bb]<\/p>\n<h1 style=\"text-align: center;\"><strong>\u00c9DUCATION<\/strong><\/h1>\n<p>&nbsp;<\/p>\n<p>[\/et_pb_text][\/et_pb_column][\/et_pb_row][et_pb_row column_structure=\u00a0\u00bb1_3,1_3,1_3&Prime; use_custom_gutter=\u00a0\u00bbon\u00a0\u00bb make_equal=\u00a0\u00bbon\u00a0\u00bb _builder_version=\u00a0\u00bb4.27.4&Prime; _module_preset=\u00a0\u00bbdefault\u00a0\u00bb width=\u00a0\u00bb100%\u00a0\u00bb module_alignment=\u00a0\u00bbcenter\u00a0\u00bb custom_padding=\u00a0\u00bb|25px||25px|false|true\u00a0\u00bb hover_enabled=\u00a0\u00bb0&Prime; global_colors_info=\u00a0\u00bb{}\u00a0\u00bb sticky_enabled=\u00a0\u00bb0&Prime;][et_pb_column type=\u00a0\u00bb1_3&Prime; _builder_version=\u00a0\u00bb4.16&Prime; _module_preset=\u00a0\u00bbdefault\u00a0\u00bb global_colors_info=\u00a0\u00bb{}\u00a0\u00bb][et_pb_text _builder_version=\u00a0\u00bb4.20.0&Prime; _module_preset=\u00a0\u00bbdefault\u00a0\u00bb global_colors_info=\u00a0\u00bb{}\u00a0\u00bb]<\/p>\n<h4 style=\"text-align: center;\"><a href=\"https:\/\/csim.ca\/fr\/education\/conferences\/\"><strong>Congr\u00e8s annuel de la SCMI<\/strong><\/a><\/h4>\n<p>[\/et_pb_text][et_pb_icon font_icon=\u00a0\u00bb&#xf0c0;||fa||900&Prime; icon_width=\u00a0\u00bb150px\u00a0\u00bb url=\u00a0\u00bbhttps:\/\/csim.ca\/fr\/education\/conferences\/\u00a0\u00bb admin_label=\u00a0\u00bbMeetings\u00a0\u00bb _builder_version=\u00a0\u00bb4.20.0&Prime; _module_preset=\u00a0\u00bbdefault\u00a0\u00bb global_colors_info=\u00a0\u00bb{}\u00a0\u00bb][\/et_pb_icon][\/et_pb_column][et_pb_column type=\u00a0\u00bb1_3&Prime; _builder_version=\u00a0\u00bb4.16&Prime; _module_preset=\u00a0\u00bbdefault\u00a0\u00bb global_colors_info=\u00a0\u00bb{}\u00a0\u00bb][et_pb_text _builder_version=\u00a0\u00bb4.20.0&Prime; _module_preset=\u00a0\u00bbdefault\u00a0\u00bb global_colors_info=\u00a0\u00bb{}\u00a0\u00bb]<\/p>\n<h4 style=\"text-align: center;\"><a href=\"https:\/\/csim.ca\/education\/virtual-activities\/\"><strong>Activit\u00e9s virtuelles<\/strong><\/a><\/h4>\n<p>[\/et_pb_text][et_pb_icon font_icon=\u00a0\u00bb&#xf109;||fa||900&Prime; icon_color=\u00a0\u00bb#6B6B6B\u00a0\u00bb icon_width=\u00a0\u00bb150px\u00a0\u00bb url=\u00a0\u00bbhttps:\/\/csim.ca\/education\/virtual-activities\/\u00a0\u00bb admin_label=\u00a0\u00bbVirtual\u00a0\u00bb _builder_version=\u00a0\u00bb4.20.0&Prime; _module_preset=\u00a0\u00bbdefault\u00a0\u00bb global_colors_info=\u00a0\u00bb{}\u00a0\u00bb][\/et_pb_icon][\/et_pb_column][et_pb_column type=\u00a0\u00bb1_3&Prime; _builder_version=\u00a0\u00bb4.16&Prime; _module_preset=\u00a0\u00bbdefault\u00a0\u00bb global_colors_info=\u00a0\u00bb{}\u00a0\u00bb][et_pb_text _builder_version=\u00a0\u00bb4.20.0&Prime; _module_preset=\u00a0\u00bbdefault\u00a0\u00bb global_colors_info=\u00a0\u00bb{}\u00a0\u00bb]<\/p>\n<h4 style=\"text-align: center;\"><a href=\"https:\/\/csim.ca\/education\/event-calendar\/\"><strong>Calendrier des \u00e9v\u00e9nements<\/strong><\/a><\/h4>\n<p>[\/et_pb_text][et_pb_icon font_icon=\u00a0\u00bb&#xf073;||fa||900&Prime; icon_color=\u00a0\u00bb#12876F\u00a0\u00bb icon_width=\u00a0\u00bb150px\u00a0\u00bb url=\u00a0\u00bbhttps:\/\/csim.ca\/education\/event-calendar\/\u00a0\u00bb admin_label=\u00a0\u00bbCalendar\u00a0\u00bb _builder_version=\u00a0\u00bb4.20.0&Prime; _module_preset=\u00a0\u00bbdefault\u00a0\u00bb global_colors_info=\u00a0\u00bb{}\u00a0\u00bb][\/et_pb_icon][\/et_pb_column][\/et_pb_row][\/et_pb_section]<\/p>\n","protected":false},"excerpt":{"rendered":"<p>\n<table id=\"tablepress-7-no-2\" class=\"tablepress tablepress-id-7 tbody-has-connected-cells\">\n<tbody>\n<tr class=\"row-1\">\n\t<td colspan=\"3\" class=\"column-1\"><h1>R\u00e9unions \u00e0 venir<\/h1><\/td>\n<\/tr>\n<tr class=\"row-2\">\n\t<td class=\"column-1\"><strong>Automne 2020 - printemps 2021<\/strong><\/td><td class=\"column-2\"><strong>2021<\/strong><\/td><td class=\"column-3\"><strong>2022<\/strong><\/td>\n<\/tr>\n<tr class=\"row-3\">\n\t<td class=\"column-1\"><img loading=\"lazy\" decoding=\"async\" src=\"https:\/\/csim.ca\/wp-content\/uploads\/documents\/meeting2020\/VirtualEducation.png\" alt=\"CSIM internal medicine quebec city conference\" width=\"247\" height=\"163\" class=\"aligncenter size-full wp-image-133\" \/><\/td><td class=\"column-2\"><img loading=\"lazy\" decoding=\"async\" src=\"https:\/\/csim.ca\/wp-content\/uploads\/2021\/02\/2021virtualmeeting.png\" width=\"247\" height=\"163\" class=\"aligncenter size-full wp-image-133\" \/><\/td><td class=\"column-3\"><img loading=\"lazy\" decoding=\"async\" src=\"https:\/\/csim.ca\/wp-content\/uploads\/documents\/meeting2022\/victoria.jpg\" alt=\"CSIM Victoria BC 2022\" width=\"247\" height=\"164\" class=\"aligncenter size-full wp-image-133\" \/><\/td>\n<\/tr>\n<tr class=\"row-4\">\n\t<td class=\"column-1\"><b><a href=\"https:\/\/csim.ca\/fr\/reunions\/csim-annual-meeting-2020\/\">Cliquez ici<\/a> pour plus de d\u00e9tails sur les s\u00e9ances virtuelles.<\/b><\/p><\/td><td class=\"column-2\"><h4>Congr\u00e8s annuel de la SCMI 2021<\/h4><p>Pr\u00e9sent\u00e9 virtuellement<br>Automne 2021<\/p><\/td><td class=\"column-3\"><h4>Congr\u00e8s annuel de la SCMI 2022<\/h4><p>Centre des congr\u00e8s de Victoria<br>Victoria (CB)<br>du 12 au 15 octobre 2022<\/p><\/td>\n<\/tr>\n<tr class=\"row-5\">\n\t<td class=\"column-1\"><\/td><td class=\"column-2\"><\/td><td class=\"column-3\"><\/td>\n<\/tr>\n<tr class=\"row-6\">\n\t<td colspan=\"3\" class=\"column-1\"><h1>R\u00e9unions pr\u00e9c\u00e9dentes<\/h1><\/td>\n<\/tr>\n<tr class=\"row-7\">\n\t<td class=\"column-1\"><strong>2017<\/strong><\/td><td class=\"column-2\"><strong>2018<\/strong><\/td><td class=\"column-3\"><strong>2019<\/strong><\/td>\n<\/tr>\n<tr class=\"row-8\">\n\t<td class=\"column-1\"><a href=\"https:\/\/csim.ca\/fr\/reunions\/congres-annuel-2017\/\"><img loading=\"lazy\" decoding=\"async\" src=\"https:\/\/csim.ca\/wp-content\/uploads\/2015\/02\/csim-toronto-conference.jpg\" alt=\"internal medicine toronto conference\" width=\"247\" height=\"163\" class=\"aligncenter size-full wp-image-133\" \/><\/a><\/td><td class=\"column-2\"><a href=\"https:\/\/csim.ca\/fr\/reunions\/csim-annual-meeting-2018\/\"><img loading=\"lazy\" decoding=\"async\" src=\"https:\/\/csim.ca\/wp-content\/uploads\/2015\/02\/banff.jpg\" alt=\"CSIM banff conference\" width=\"247\" height=\"163\" class=\"aligncenter size-full wp-image-133\" \/><\/a><\/td><td class=\"column-3\"><a href=\"https:\/\/csim.ca\/fr\/reunions\/csim-annual-meeting-2019\/\"><img loading=\"lazy\" decoding=\"async\" src=\"https:\/\/csim.ca\/wp-content\/uploads\/2015\/02\/Peggys Cove and benchSM.jpg\" alt=\"CSIM Halifax Meeting\" width=\"247\" height=\"163\" class=\"aligncenter size-full wp-image-133\" \/><\/a><\/td>\n<\/tr>\n<tr class=\"row-9\">\n\t<td class=\"column-1\"><h4><a href=\"https:\/\/csim.ca\/fr\/reunions\/congres-annuel-2017\/\">Congr\u00e8s annuel de la SCMI 2017<\/a><\/h4><br \/>\nHyatt Toronto<br>Toronto (ON)<br>Du 1 au 4 novembre 2017<\/p><\/td><td class=\"column-2\"><h4><a href=\"https:\/\/csim.ca\/fr\/reunions\/csim-annual-meeting-2018\/\">Congr\u00e8s annuel de la SCMI 2018<\/a><\/h4><br \/>\nBanff Centre<br>Banff (AB)<br>Du 10 au 13 octobre 2018<\/p><\/td><td class=\"column-3\"><h4><a href=\"https:\/\/csim.ca\/fr\/reunions\/csim-annual-meeting-2019\/\">Congr\u00e8s annuel de la SCMI 2019<\/a><\/h4><br \/>\nHalifax Convention Centre<br>Halifax (NE)<br>Du 2 au 5 octobre 2019<\/p><\/td>\n<\/tr>\n<\/tbody>\n<\/table>\n \u00c9DUCATION &nbsp;Congr\u00e8s annuel de la SCMIActivit\u00e9s virtuellesCalendrier des \u00e9v\u00e9nements<\/p>\n","protected":false},"author":4,"featured_media":0,"parent":0,"menu_order":0,"comment_status":"closed","ping_status":"closed","template":"","meta":{"_et_pb_use_builder":"on","_et_pb_old_content":"","_et_gb_content_width":"","_monsterinsights_skip_tracking":false,"_monsterinsights_sitenote_active":false,"_monsterinsights_sitenote_note":"","_monsterinsights_sitenote_category":0,"footnotes":""},"class_list":["post-16835","page","type-page","status-publish","hentry"],"_links":{"self":[{"href":"https:\/\/csim.ca\/fr\/wp-json\/wp\/v2\/pages\/16835","targetHints":{"allow":["GET"]}}],"collection":[{"href":"https:\/\/csim.ca\/fr\/wp-json\/wp\/v2\/pages"}],"about":[{"href":"https:\/\/csim.ca\/fr\/wp-json\/wp\/v2\/types\/page"}],"author":[{"embeddable":true,"href":"https:\/\/csim.ca\/fr\/wp-json\/wp\/v2\/users\/4"}],"replies":[{"embeddable":true,"href":"https:\/\/csim.ca\/fr\/wp-json\/wp\/v2\/comments?post=16835"}],"version-history":[{"count":3,"href":"https:\/\/csim.ca\/fr\/wp-json\/wp\/v2\/pages\/16835\/revisions"}],"predecessor-version":[{"id":21501,"href":"https:\/\/csim.ca\/fr\/wp-json\/wp\/v2\/pages\/16835\/revisions\/21501"}],"wp:attachment":[{"href":"https:\/\/csim.ca\/fr\/wp-json\/wp\/v2\/media?parent=16835"}],"curies":[{"name":"wp","href":"https:\/\/api.w.org\/{rel}","templated":true}]}}