{"id":16745,"date":"2023-08-22T13:49:34","date_gmt":"2023-08-22T17:49:34","guid":{"rendered":"https:\/\/csim.ca\/?page_id=16745"},"modified":"2026-01-05T10:43:27","modified_gmt":"2026-01-05T15:43:27","slug":"activites-virtuelles","status":"publish","type":"page","link":"https:\/\/csim.ca\/fr\/education\/activites-virtuelles\/","title":{"rendered":"Activit\u00e9s virtuelles de la SCMI"},"content":{"rendered":"<p>[et_pb_section fb_built=\u00a0\u00bb1&Prime; disabled_on=\u00a0\u00bboff|off|off\u00a0\u00bb admin_label=\u00a0\u00bbsection\u00a0\u00bb module_class=\u00a0\u00bbhomecontent\u00a0\u00bb _builder_version=\u00a0\u00bb4.20.0&Prime; background_color=\u00a0\u00bbrgba(255,255,255,0)\u00a0\u00bb transparent_background=\u00a0\u00bbon\u00a0\u00bb global_colors_info=\u00a0\u00bb{}\u00a0\u00bb][et_pb_row disabled_on=\u00a0\u00bboff|off|off\u00a0\u00bb admin_label=\u00a0\u00bbrow\u00a0\u00bb _builder_version=\u00a0\u00bb4.20.0&Prime; background_size=\u00a0\u00bbinitial\u00a0\u00bb background_position=\u00a0\u00bbtop_left\u00a0\u00bb background_repeat=\u00a0\u00bbrepeat\u00a0\u00bb global_colors_info=\u00a0\u00bb{}\u00a0\u00bb][et_pb_column type=\u00a0\u00bb4_4&Prime; _builder_version=\u00a0\u00bb4.16&Prime; custom_padding=\u00a0\u00bb|||\u00a0\u00bb global_colors_info=\u00a0\u00bb{}\u00a0\u00bb custom_padding__hover=\u00a0\u00bb|||\u00a0\u00bb][et_pb_text disabled_on=\u00a0\u00bbon|on|on\u00a0\u00bb admin_label=\u00a0\u00bbMain Content Area\u00a0\u00bb _builder_version=\u00a0\u00bb4.20.0&Prime; background_size=\u00a0\u00bbinitial\u00a0\u00bb background_position=\u00a0\u00bbtop_left\u00a0\u00bb background_repeat=\u00a0\u00bbrepeat\u00a0\u00bb use_border_color=\u00a0\u00bboff\u00a0\u00bb border_color=\u00a0\u00bb#ffffff\u00a0\u00bb border_style=\u00a0\u00bbsolid\u00a0\u00bb disabled=\u00a0\u00bbon\u00a0\u00bb global_colors_info=\u00a0\u00bb{}\u00a0\u00bb]\n<table id=\"tablepress-7\" class=\"tablepress tablepress-id-7 tbody-has-connected-cells\">\n<tbody>\n<tr class=\"row-1\">\n\t<td colspan=\"3\" class=\"column-1\"><h1>R\u00e9unions \u00e0 venir<\/h1><\/td>\n<\/tr>\n<tr class=\"row-2\">\n\t<td class=\"column-1\"><strong>Automne 2020 - printemps 2021<\/strong><\/td><td class=\"column-2\"><strong>2021<\/strong><\/td><td class=\"column-3\"><strong>2022<\/strong><\/td>\n<\/tr>\n<tr class=\"row-3\">\n\t<td class=\"column-1\"><img loading=\"lazy\" decoding=\"async\" src=\"https:\/\/csim.ca\/wp-content\/uploads\/documents\/meeting2020\/VirtualEducation.png\" alt=\"CSIM internal medicine quebec city conference\" width=\"247\" height=\"163\" class=\"aligncenter size-full wp-image-133\" \/><\/td><td class=\"column-2\"><img loading=\"lazy\" decoding=\"async\" src=\"https:\/\/csim.ca\/wp-content\/uploads\/2021\/02\/2021virtualmeeting.png\" width=\"247\" height=\"163\" class=\"aligncenter size-full wp-image-133\" \/><\/td><td class=\"column-3\"><img loading=\"lazy\" decoding=\"async\" src=\"https:\/\/csim.ca\/wp-content\/uploads\/documents\/meeting2022\/victoria.jpg\" alt=\"CSIM Victoria BC 2022\" width=\"247\" height=\"164\" class=\"aligncenter size-full wp-image-133\" \/><\/td>\n<\/tr>\n<tr class=\"row-4\">\n\t<td class=\"column-1\"><b><a href=\"https:\/\/csim.ca\/fr\/reunions\/csim-annual-meeting-2020\/\">Cliquez ici<\/a> pour plus de d\u00e9tails sur les s\u00e9ances virtuelles.<\/b><\/p><\/td><td class=\"column-2\"><h4>Congr\u00e8s annuel de la SCMI 2021<\/h4><p>Pr\u00e9sent\u00e9 virtuellement<br>Automne 2021<\/p><\/td><td class=\"column-3\"><h4>Congr\u00e8s annuel de la SCMI 2022<\/h4><p>Centre des congr\u00e8s de Victoria<br>Victoria (CB)<br>du 12 au 15 octobre 2022<\/p><\/td>\n<\/tr>\n<tr class=\"row-5\">\n\t<td class=\"column-1\"><\/td><td class=\"column-2\"><\/td><td class=\"column-3\"><\/td>\n<\/tr>\n<tr class=\"row-6\">\n\t<td colspan=\"3\" class=\"column-1\"><h1>R\u00e9unions pr\u00e9c\u00e9dentes<\/h1><\/td>\n<\/tr>\n<tr class=\"row-7\">\n\t<td class=\"column-1\"><strong>2017<\/strong><\/td><td class=\"column-2\"><strong>2018<\/strong><\/td><td class=\"column-3\"><strong>2019<\/strong><\/td>\n<\/tr>\n<tr class=\"row-8\">\n\t<td class=\"column-1\"><a href=\"https:\/\/csim.ca\/fr\/reunions\/congres-annuel-2017\/\"><img loading=\"lazy\" decoding=\"async\" src=\"https:\/\/csim.ca\/wp-content\/uploads\/2015\/02\/csim-toronto-conference.jpg\" alt=\"internal medicine toronto conference\" width=\"247\" height=\"163\" class=\"aligncenter size-full wp-image-133\" \/><\/a><\/td><td class=\"column-2\"><a href=\"https:\/\/csim.ca\/fr\/reunions\/csim-annual-meeting-2018\/\"><img loading=\"lazy\" decoding=\"async\" src=\"https:\/\/csim.ca\/wp-content\/uploads\/2015\/02\/banff.jpg\" alt=\"CSIM banff conference\" width=\"247\" height=\"163\" class=\"aligncenter size-full wp-image-133\" \/><\/a><\/td><td class=\"column-3\"><a href=\"https:\/\/csim.ca\/fr\/reunions\/csim-annual-meeting-2019\/\"><img loading=\"lazy\" decoding=\"async\" src=\"https:\/\/csim.ca\/wp-content\/uploads\/2015\/02\/Peggys Cove and benchSM.jpg\" alt=\"CSIM Halifax Meeting\" width=\"247\" height=\"163\" class=\"aligncenter size-full wp-image-133\" \/><\/a><\/td>\n<\/tr>\n<tr class=\"row-9\">\n\t<td class=\"column-1\"><h4><a href=\"https:\/\/csim.ca\/fr\/reunions\/congres-annuel-2017\/\">Congr\u00e8s annuel de la SCMI 2017<\/a><\/h4><br \/>\nHyatt Toronto<br>Toronto (ON)<br>Du 1 au 4 novembre 2017<\/p><\/td><td class=\"column-2\"><h4><a href=\"https:\/\/csim.ca\/fr\/reunions\/csim-annual-meeting-2018\/\">Congr\u00e8s annuel de la SCMI 2018<\/a><\/h4><br \/>\nBanff Centre<br>Banff (AB)<br>Du 10 au 13 octobre 2018<\/p><\/td><td class=\"column-3\"><h4><a href=\"https:\/\/csim.ca\/fr\/reunions\/csim-annual-meeting-2019\/\">Congr\u00e8s annuel de la SCMI 2019<\/a><\/h4><br \/>\nHalifax Convention Centre<br>Halifax (NE)<br>Du 2 au 5 octobre 2019<\/p><\/td>\n<\/tr>\n<\/tbody>\n<\/table>\n<!-- #tablepress-7 from cache --><br \/>\n[\/et_pb_text][\/et_pb_column][\/et_pb_row][\/et_pb_section][et_pb_section fb_built=\u00a0\u00bb1&Prime; _builder_version=\u00a0\u00bb4.16&Prime; _module_preset=\u00a0\u00bbdefault\u00a0\u00bb global_colors_info=\u00a0\u00bb{}\u00a0\u00bb][et_pb_row _builder_version=\u00a0\u00bb4.20.0&Prime; _module_preset=\u00a0\u00bbdefault\u00a0\u00bb custom_margin=\u00a0\u00bb-50px||||false|false\u00a0\u00bb global_colors_info=\u00a0\u00bb{}\u00a0\u00bb][et_pb_column type=\u00a0\u00bb4_4&Prime; _builder_version=\u00a0\u00bb4.16&Prime; _module_preset=\u00a0\u00bbdefault\u00a0\u00bb global_colors_info=\u00a0\u00bb{}\u00a0\u00bb][et_pb_text _builder_version=\u00a0\u00bb4.20.0&Prime; _module_preset=\u00a0\u00bbdefault\u00a0\u00bb global_colors_info=\u00a0\u00bb{}\u00a0\u00bb]<\/p>\n<h1>\u00a0<\/h1>\n<h1 style=\"text-align: center;\">Activit\u00e9s virtuelles de la SCMI<\/h1>\n<p>[\/et_pb_text][\/et_pb_column][\/et_pb_row][et_pb_row column_structure=\u00a0\u00bb1_3,1_3,1_3&Prime; _builder_version=\u00a0\u00bb4.20.0&Prime; _module_preset=\u00a0\u00bbdefault\u00a0\u00bb custom_margin=\u00a0\u00bb-30px||||false|false\u00a0\u00bb global_colors_info=\u00a0\u00bb{}\u00a0\u00bb][et_pb_column type=\u00a0\u00bb1_3&Prime; _builder_version=\u00a0\u00bb4.16&Prime; _module_preset=\u00a0\u00bbdefault\u00a0\u00bb global_colors_info=\u00a0\u00bb{}\u00a0\u00bb][et_pb_text admin_label=\u00a0\u00bb2026&Prime; _builder_version=\u00a0\u00bb4.27.4&Prime; _module_preset=\u00a0\u00bbdefault\u00a0\u00bb hover_enabled=\u00a0\u00bb0&Prime; global_colors_info=\u00a0\u00bb{}\u00a0\u00bb sticky_enabled=\u00a0\u00bb0&Prime;]<\/p>\n<h4><a href=\"https:\/\/csim.ca\/education\/virtual-activities\/virtual-workshops-2025\/\"><img loading=\"lazy\" decoding=\"async\" class=\"wp-image-8862 aligncenter size-full\" style=\"display: block; margin-left: auto; margin-right: auto;\" src=\"https:\/\/csim.ca\/wp-content\/uploads\/2021\/02\/2021virtualmeeting.png\" alt=\"\" width=\"247\" height=\"164\" \/><\/a><\/h4>\n<table id=\"tablepress-5\" class=\"tablepress tablepress-id-5\">\n<tbody>\n<tr class=\"row-4\">\n<td class=\"column-2\">\n<h4 style=\"text-align: center;\"><strong><a href=\"https:\/\/csim.ca\/education\/virtual-activities\/virtual-workshops-2026\/\">S\u00e9ances virtuelles 2026<\/a><\/strong><\/h4>\n<\/td>\n<\/tr>\n<\/tbody>\n<\/table>\n<p>&nbsp;<\/p>\n<p>[\/et_pb_text][\/et_pb_column][et_pb_column type=\u00a0\u00bb1_3&Prime; _builder_version=\u00a0\u00bb4.16&Prime; _module_preset=\u00a0\u00bbdefault\u00a0\u00bb global_colors_info=\u00a0\u00bb{}\u00a0\u00bb][et_pb_text admin_label=\u00a0\u00bb2025&Prime; _builder_version=\u00a0\u00bb4.27.4&Prime; _module_preset=\u00a0\u00bbdefault\u00a0\u00bb global_colors_info=\u00a0\u00bb{}\u00a0\u00bb]<\/p>\n<h4><a href=\"https:\/\/csim.ca\/education\/virtual-activities\/virtual-workshops-2025\/\"><img loading=\"lazy\" decoding=\"async\" class=\"wp-image-8862 aligncenter size-full\" style=\"display: block; margin-left: auto; margin-right: auto;\" src=\"https:\/\/csim.ca\/wp-content\/uploads\/2021\/02\/2021virtualmeeting.png\" alt=\"\" width=\"247\" height=\"164\" \/><\/a><\/h4>\n<table id=\"tablepress-5\" class=\"tablepress tablepress-id-5\">\n<tbody>\n<tr class=\"row-4\">\n<td class=\"column-2\">\n<h4 style=\"text-align: center;\"><strong><a href=\"https:\/\/csim.ca\/education\/virtual-activities\/virtual-workshops-2025\/\">S\u00e9ances virtuelles 2025<\/a><\/strong><\/h4>\n<\/td>\n<\/tr>\n<\/tbody>\n<\/table>\n<p>&nbsp;<\/p>\n<p>[\/et_pb_text][\/et_pb_column][et_pb_column type=\u00a0\u00bb1_3&Prime; _builder_version=\u00a0\u00bb4.16&Prime; _module_preset=\u00a0\u00bbdefault\u00a0\u00bb global_colors_info=\u00a0\u00bb{}\u00a0\u00bb][et_pb_text admin_label=\u00a0\u00bb2024&Prime; _builder_version=\u00a0\u00bb4.27.4&Prime; _module_preset=\u00a0\u00bbdefault\u00a0\u00bb global_colors_info=\u00a0\u00bb{}\u00a0\u00bb]<\/p>\n<h4><a href=\"https:\/\/csim.ca\/fr\/education\/activites-virtuelles\/ateliers-virtuels-2024\/\"><img loading=\"lazy\" decoding=\"async\" class=\"wp-image-8862 aligncenter size-full\" style=\"display: block; margin-left: auto; margin-right: auto;\" src=\"https:\/\/csim.ca\/wp-content\/uploads\/2021\/02\/2021virtualmeeting.png\" alt=\"\" width=\"247\" height=\"164\" \/><\/a><\/h4>\n<table id=\"tablepress-5\" class=\"tablepress tablepress-id-5\">\n<tbody>\n<tr class=\"row-4\">\n<td class=\"column-2\">\n<h4 style=\"text-align: center;\"><strong><a href=\"https:\/\/csim.ca\/fr\/education\/activites-virtuelles\/ateliers-virtuels-2024\/\">S\u00e9ances virtuelles 2024<\/a><\/strong><\/h4>\n<\/td>\n<\/tr>\n<\/tbody>\n<\/table>\n<p>&nbsp;<\/p>\n<p>[\/et_pb_text][\/et_pb_column][\/et_pb_row][\/et_pb_section]<\/p>\n","protected":false},"excerpt":{"rendered":"<p>\n<table id=\"tablepress-7-no-2\" class=\"tablepress tablepress-id-7 tbody-has-connected-cells\">\n<tbody>\n<tr class=\"row-1\">\n\t<td colspan=\"3\" class=\"column-1\"><h1>R\u00e9unions \u00e0 venir<\/h1><\/td>\n<\/tr>\n<tr class=\"row-2\">\n\t<td class=\"column-1\"><strong>Automne 2020 - printemps 2021<\/strong><\/td><td class=\"column-2\"><strong>2021<\/strong><\/td><td class=\"column-3\"><strong>2022<\/strong><\/td>\n<\/tr>\n<tr class=\"row-3\">\n\t<td class=\"column-1\"><img loading=\"lazy\" decoding=\"async\" src=\"https:\/\/csim.ca\/wp-content\/uploads\/documents\/meeting2020\/VirtualEducation.png\" alt=\"CSIM internal medicine quebec city conference\" width=\"247\" height=\"163\" class=\"aligncenter size-full wp-image-133\" \/><\/td><td class=\"column-2\"><img loading=\"lazy\" decoding=\"async\" src=\"https:\/\/csim.ca\/wp-content\/uploads\/2021\/02\/2021virtualmeeting.png\" width=\"247\" height=\"163\" class=\"aligncenter size-full wp-image-133\" \/><\/td><td class=\"column-3\"><img loading=\"lazy\" decoding=\"async\" src=\"https:\/\/csim.ca\/wp-content\/uploads\/documents\/meeting2022\/victoria.jpg\" alt=\"CSIM Victoria BC 2022\" width=\"247\" height=\"164\" class=\"aligncenter size-full wp-image-133\" \/><\/td>\n<\/tr>\n<tr class=\"row-4\">\n\t<td class=\"column-1\"><b><a href=\"https:\/\/csim.ca\/fr\/reunions\/csim-annual-meeting-2020\/\">Cliquez ici<\/a> pour plus de d\u00e9tails sur les s\u00e9ances virtuelles.<\/b><\/p><\/td><td class=\"column-2\"><h4>Congr\u00e8s annuel de la SCMI 2021<\/h4><p>Pr\u00e9sent\u00e9 virtuellement<br>Automne 2021<\/p><\/td><td class=\"column-3\"><h4>Congr\u00e8s annuel de la SCMI 2022<\/h4><p>Centre des congr\u00e8s de Victoria<br>Victoria (CB)<br>du 12 au 15 octobre 2022<\/p><\/td>\n<\/tr>\n<tr class=\"row-5\">\n\t<td class=\"column-1\"><\/td><td class=\"column-2\"><\/td><td class=\"column-3\"><\/td>\n<\/tr>\n<tr class=\"row-6\">\n\t<td colspan=\"3\" class=\"column-1\"><h1>R\u00e9unions pr\u00e9c\u00e9dentes<\/h1><\/td>\n<\/tr>\n<tr class=\"row-7\">\n\t<td class=\"column-1\"><strong>2017<\/strong><\/td><td class=\"column-2\"><strong>2018<\/strong><\/td><td class=\"column-3\"><strong>2019<\/strong><\/td>\n<\/tr>\n<tr class=\"row-8\">\n\t<td class=\"column-1\"><a href=\"https:\/\/csim.ca\/fr\/reunions\/congres-annuel-2017\/\"><img loading=\"lazy\" decoding=\"async\" src=\"https:\/\/csim.ca\/wp-content\/uploads\/2015\/02\/csim-toronto-conference.jpg\" alt=\"internal medicine toronto conference\" width=\"247\" height=\"163\" class=\"aligncenter size-full wp-image-133\" \/><\/a><\/td><td class=\"column-2\"><a href=\"https:\/\/csim.ca\/fr\/reunions\/csim-annual-meeting-2018\/\"><img loading=\"lazy\" decoding=\"async\" src=\"https:\/\/csim.ca\/wp-content\/uploads\/2015\/02\/banff.jpg\" alt=\"CSIM banff conference\" width=\"247\" height=\"163\" class=\"aligncenter size-full wp-image-133\" \/><\/a><\/td><td class=\"column-3\"><a href=\"https:\/\/csim.ca\/fr\/reunions\/csim-annual-meeting-2019\/\"><img loading=\"lazy\" decoding=\"async\" src=\"https:\/\/csim.ca\/wp-content\/uploads\/2015\/02\/Peggys Cove and benchSM.jpg\" alt=\"CSIM Halifax Meeting\" width=\"247\" height=\"163\" class=\"aligncenter size-full wp-image-133\" \/><\/a><\/td>\n<\/tr>\n<tr class=\"row-9\">\n\t<td class=\"column-1\"><h4><a href=\"https:\/\/csim.ca\/fr\/reunions\/congres-annuel-2017\/\">Congr\u00e8s annuel de la SCMI 2017<\/a><\/h4><br \/>\nHyatt Toronto<br>Toronto (ON)<br>Du 1 au 4 novembre 2017<\/p><\/td><td class=\"column-2\"><h4><a href=\"https:\/\/csim.ca\/fr\/reunions\/csim-annual-meeting-2018\/\">Congr\u00e8s annuel de la SCMI 2018<\/a><\/h4><br \/>\nBanff Centre<br>Banff (AB)<br>Du 10 au 13 octobre 2018<\/p><\/td><td class=\"column-3\"><h4><a href=\"https:\/\/csim.ca\/fr\/reunions\/csim-annual-meeting-2019\/\">Congr\u00e8s annuel de la SCMI 2019<\/a><\/h4><br \/>\nHalifax Convention Centre<br>Halifax (NE)<br>Du 2 au 5 octobre 2019<\/p><\/td>\n<\/tr>\n<\/tbody>\n<\/table>\n<!-- #tablepress-7-no-2 from cache --> \u00a0 Activit\u00e9s virtuelles de la SCMI S\u00e9ances virtuelles 2026 &nbsp; S\u00e9ances virtuelles 2025 &nbsp; S\u00e9ances virtuelles 2024 &nbsp;<\/p>\n","protected":false},"author":4,"featured_media":0,"parent":16835,"menu_order":12,"comment_status":"open","ping_status":"closed","template":"","meta":{"_et_pb_use_builder":"on","_et_pb_old_content":"","_et_gb_content_width":"","_monsterinsights_skip_tracking":false,"_monsterinsights_sitenote_active":false,"_monsterinsights_sitenote_note":"","_monsterinsights_sitenote_category":0,"footnotes":""},"class_list":["post-16745","page","type-page","status-publish","hentry"],"_links":{"self":[{"href":"https:\/\/csim.ca\/fr\/wp-json\/wp\/v2\/pages\/16745","targetHints":{"allow":["GET"]}}],"collection":[{"href":"https:\/\/csim.ca\/fr\/wp-json\/wp\/v2\/pages"}],"about":[{"href":"https:\/\/csim.ca\/fr\/wp-json\/wp\/v2\/types\/page"}],"author":[{"embeddable":true,"href":"https:\/\/csim.ca\/fr\/wp-json\/wp\/v2\/users\/4"}],"replies":[{"embeddable":true,"href":"https:\/\/csim.ca\/fr\/wp-json\/wp\/v2\/comments?post=16745"}],"version-history":[{"count":3,"href":"https:\/\/csim.ca\/fr\/wp-json\/wp\/v2\/pages\/16745\/revisions"}],"predecessor-version":[{"id":22620,"href":"https:\/\/csim.ca\/fr\/wp-json\/wp\/v2\/pages\/16745\/revisions\/22620"}],"up":[{"embeddable":true,"href":"https:\/\/csim.ca\/fr\/wp-json\/wp\/v2\/pages\/16835"}],"wp:attachment":[{"href":"https:\/\/csim.ca\/fr\/wp-json\/wp\/v2\/media?parent=16745"}],"curies":[{"name":"wp","href":"https:\/\/api.w.org\/{rel}","templated":true}]}}