{"id":16341,"date":"2023-05-29T16:52:48","date_gmt":"2023-05-29T20:52:48","guid":{"rendered":"https:\/\/csim.ca\/?page_id=16341"},"modified":"2023-10-10T14:12:18","modified_gmt":"2023-10-10T18:12:18","slug":"inscription","status":"publish","type":"page","link":"https:\/\/csim.ca\/fr\/congres-annuel-scmi-2023\/inscription\/","title":{"rendered":"Inscription 2023"},"content":{"rendered":"<p>[et_pb_section fb_built=\u00a0\u00bb1&Prime; admin_label=\u00a0\u00bbCSIM Annual Meeting 2023&Prime; _builder_version=\u00a0\u00bb4.20.0&Prime; custom_margin=\u00a0\u00bb0px|25px||25px|false|true\u00a0\u00bb custom_padding=\u00a0\u00bb2em||40px||false|false\u00a0\u00bb top_divider_height=\u00a0\u00bb35px\u00a0\u00bb top_divider_flip=\u00a0\u00bbvertical\u00a0\u00bb animation_style=\u00a0\u00bbzoom\u00a0\u00bb animation_intensity_zoom=\u00a0\u00bb10%\u00a0\u00bb global_colors_info=\u00a0\u00bb{}\u00a0\u00bb][et_pb_row disabled_on=\u00a0\u00bboff|off|off\u00a0\u00bb _builder_version=\u00a0\u00bb4.20.0&Prime; _module_preset=\u00a0\u00bbdefault\u00a0\u00bb background_enable_color=\u00a0\u00bboff\u00a0\u00bb global_colors_info=\u00a0\u00bb{}\u00a0\u00bb][et_pb_column type=\u00a0\u00bb4_4&Prime; _builder_version=\u00a0\u00bb4.16&Prime; _module_preset=\u00a0\u00bbdefault\u00a0\u00bb global_colors_info=\u00a0\u00bb{}\u00a0\u00bb][et_pb_text admin_label=\u00a0\u00bbSave the date\u00a0\u00bb _builder_version=\u00a0\u00bb4.20.0&Prime; text_text_color=\u00a0\u00bb#000000&Prime; background_size=\u00a0\u00bbinitial\u00a0\u00bb background_position=\u00a0\u00bbtop_left\u00a0\u00bb background_repeat=\u00a0\u00bbrepeat\u00a0\u00bb use_border_color=\u00a0\u00bboff\u00a0\u00bb border_color=\u00a0\u00bb#ffffff\u00a0\u00bb border_style=\u00a0\u00bbsolid\u00a0\u00bb global_colors_info=\u00a0\u00bb{}\u00a0\u00bb]<\/p>\n<h1 style=\"text-align: center;\"><strong>Congr\u00e8s annuel de la SCMI 2023<\/strong><\/h1>\n<h3 style=\"text-align: center;\"><strong>En collaboration avec l&rsquo;ASMIQ <br \/>et <em>ACP Quebec Chapter<\/em><\/strong><\/h3>\n<h4 style=\"text-align: center;\"><strong>11 au 14 octobre 2023 | Qu\u00e9bec (QC)<\/strong><\/h4>\n<p>[\/et_pb_text][\/et_pb_column][\/et_pb_row][et_pb_row column_structure=\u00a0\u00bb3_4,1_4&Prime; disabled_on=\u00a0\u00bboff|off|off\u00a0\u00bb _builder_version=\u00a0\u00bb4.20.0&Prime; _module_preset=\u00a0\u00bbdefault\u00a0\u00bb background_enable_color=\u00a0\u00bboff\u00a0\u00bb global_colors_info=\u00a0\u00bb{}\u00a0\u00bb][et_pb_column type=\u00a0\u00bb3_4&Prime; _builder_version=\u00a0\u00bb4.16&Prime; _module_preset=\u00a0\u00bbdefault\u00a0\u00bb global_colors_info=\u00a0\u00bb{}\u00a0\u00bb][et_pb_text disabled_on=\u00a0\u00bboff|off|off\u00a0\u00bb admin_label=\u00a0\u00bbReg links\u00a0\u00bb _builder_version=\u00a0\u00bb4.20.0&Prime; text_text_color=\u00a0\u00bb#000000&Prime; background_size=\u00a0\u00bbinitial\u00a0\u00bb background_position=\u00a0\u00bbtop_left\u00a0\u00bb background_repeat=\u00a0\u00bbrepeat\u00a0\u00bb hover_enabled=\u00a0\u00bb0&Prime; use_border_color=\u00a0\u00bboff\u00a0\u00bb border_color=\u00a0\u00bb#ffffff\u00a0\u00bb border_style=\u00a0\u00bbsolid\u00a0\u00bb global_colors_info=\u00a0\u00bb{}\u00a0\u00bb sticky_enabled=\u00a0\u00bb0&Prime;]<\/p>\n<div class=\"et_pb_module et_pb_text et_pb_text_2 et_pb_text_align_left et_pb_bg_layout_light\">\n<div class=\"et_pb_text_inner\">\n<div class=\"et_pb_module et_pb_text et_pb_text_2 et_pb_text_align_left et_pb_bg_layout_light\">\n<div class=\"et_pb_column et_pb_column_3_4 et_pb_column_1  et_pb_css_mix_blend_mode_passthrough\">\n<div class=\"et_pb_module et_pb_text et_pb_text_1  et_pb_text_align_left et_pb_bg_layout_light\">\n<div class=\"et_pb_text_inner\">\n<h4><strong>Inscription au Congr\u00e8s annuel de la SCMI<br \/><\/strong><\/h4>\n<p><strong>La pr\u00e9inscription est encore ouverte ! Cliquez sur les liens ci-dessous pour vous inscrire en ligne. <span style=\"text-decoration: underline;\">Veuillez apporter une copie de votre courriel de confirmation d&rsquo;inscription au bureau d&rsquo;inscription.<\/span><\/strong><\/p>\n<p>S\u00e9lectionnez le formulaire appropri\u00e9 en fonction de votre province de r\u00e9sidence:<\/p>\n<ul>\n<li><strong><a href=\"https:\/\/csim.wildapricot.org\/event-5289768\" target=\"_blank\" rel=\"noopener\">Habitants de la province de Qu\u00e9bec, cliquez ici<\/a>.<\/strong><\/li>\n<li><strong><a href=\"https:\/\/csim.wildapricot.org\/event-5271880\" target=\"_blank\" rel=\"noopener\">Personnes r\u00e9sidant HORS de la province de Qu\u00e9bec, cliquez ici<\/a>.<\/strong><\/li>\n<\/ul>\n<p><strong>\u00a0<\/strong><\/p>\n<\/div>\n<\/div>\n<\/div>\n<\/div>\n<\/div>\n<\/div>\n<p>[\/et_pb_text][et_pb_text disabled_on=\u00a0\u00bboff|off|off\u00a0\u00bb admin_label=\u00a0\u00bbFees\u00a0\u00bb _builder_version=\u00a0\u00bb4.20.0&Prime; text_text_color=\u00a0\u00bb#000000&Prime; background_size=\u00a0\u00bbinitial\u00a0\u00bb background_position=\u00a0\u00bbtop_left\u00a0\u00bb background_repeat=\u00a0\u00bbrepeat\u00a0\u00bb use_border_color=\u00a0\u00bboff\u00a0\u00bb border_color=\u00a0\u00bb#ffffff\u00a0\u00bb border_style=\u00a0\u00bbsolid\u00a0\u00bb global_colors_info=\u00a0\u00bb{}\u00a0\u00bb]<\/p>\n<div class=\"et_pb_module et_pb_text et_pb_text_2 et_pb_text_align_left et_pb_bg_layout_light\">\n<div class=\"et_pb_text_inner\">\n<div class=\"et_pb_module et_pb_text et_pb_text_2 et_pb_text_align_left et_pb_bg_layout_light\">\n<div class=\"et_pb_column et_pb_column_3_4 et_pb_column_1  et_pb_css_mix_blend_mode_passthrough\">\n<div class=\"et_pb_module et_pb_text et_pb_text_1  et_pb_text_align_left et_pb_bg_layout_light\">\n<div class=\"et_pb_text_inner\">\n<h4><strong>Frais d&rsquo;inscription<br \/><\/strong><\/h4>\n<table style=\"width: 814px;\" width=\"712\">\n<tbody>\n<tr>\n<td style=\"width: 451.95px;\"><strong>CONF\u00c9RENCE AU COMPLET<\/strong><\/td>\n<td style=\"width: 167.35px;\">\n<p style=\"text-align: left;\"><em>Pr\u00e9inscription<\/em><\/p>\n<p><em>Jusqu\u2019au 27 juillet<\/em><\/p>\n<\/td>\n<td style=\"width: 173.367px;\">\n<p><strong>R\u00e9gulier<\/strong><\/p>\n<p><em>Apr\u00e8s le 27 juillet<\/em><\/p>\n<\/td>\n<\/tr>\n<tr>\n<td style=\"width: 451.95px;\"><strong>Physicien membre<\/strong> <strong>1<br \/><\/strong><em>Les membres de la SCMI, l\u2019ACP, l\u2019ASMIQ, GEMOQ and NASOM sont \u00e9ligibles.<\/em><\/td>\n<td style=\"width: 167.35px;\"><em>725 $<\/em><\/td>\n<td style=\"width: 173.367px;\"><strong>$890 $<br \/><\/strong><\/td>\n<\/tr>\n<tr>\n<td style=\"width: 451.95px;\"><strong>Physicien non-membre<\/strong> <strong>2<\/strong><\/td>\n<td style=\"width: 167.35px;\"><em>1 065 $<\/em><\/td>\n<td style=\"width: 173.367px;\"><strong>1 245 $<br \/><\/strong><\/td>\n<\/tr>\n<tr>\n<td style=\"width: 451.95px;\"><strong>Membre associ\u00e9 \u00e0 la retraite<\/strong><\/td>\n<td style=\"width: 167.35px;\"><em>500 $<\/em><\/td>\n<td style=\"width: 173.367px;\"><strong>645 $<br \/><\/strong><\/td>\n<\/tr>\n<tr>\n<td style=\"width: 451.95px;\"><strong>Professionnel param\u00e9dical\u00a0<\/strong><strong>3<\/strong><\/td>\n<td style=\"width: 167.35px;\"><em>500 $<\/em><\/td>\n<td style=\"width: 173.367px;\"><strong>645 $<br \/><\/strong><\/td>\n<\/tr>\n<tr>\n<td style=\"width: 451.95px;\"><strong>R\u00e9sident(e)<\/strong><\/td>\n<td style=\"width: 167.35px;\"><em>395 $<\/em><\/td>\n<td style=\"width: 173.367px;\"><strong>495 $<br \/><\/strong><\/td>\n<\/tr>\n<tr>\n<td style=\"width: 451.95px;\"><strong>\u00c9tudiant(e) en m\u00e9decine<\/strong><\/td>\n<td style=\"width: 167.35px;\"><em>$290<\/em><\/td>\n<td style=\"width: 173.367px;\"><strong>$370<\/strong><\/td>\n<\/tr>\n<tr>\n<td style=\"width: 625.133px;\" colspan=\"2\">\u00a0<\/td>\n<td style=\"width: 173.367px;\">\u00a0<\/td>\n<\/tr>\n<tr>\n<td style=\"width: 804.333px;\" colspan=\"3\"><strong>TAUX QUOTIDIEN<br \/><\/strong><em>Les participants qui assistent \u00e0 deux journ\u00e9es ou plus doivent s&rsquo;inscrire \u00e0 l&rsquo;ensemble de la conf\u00e9rence.<\/em><\/td>\n<\/tr>\n<tr>\n<td style=\"width: 451.95px;\"><strong>Physicien membre<\/strong> <strong>1 <\/strong><\/td>\n<td style=\"width: 167.35px;\"><em>290 $<\/em><\/td>\n<td style=\"width: 173.367px;\"><strong>355 $<br \/><\/strong><\/td>\n<\/tr>\n<tr>\n<td style=\"width: 451.95px;\"><strong>Physicien non-membre<\/strong> <strong>2<\/strong><\/td>\n<td style=\"width: 167.35px;\"><em>420 $<\/em><\/td>\n<td style=\"width: 173.367px;\"><strong>495 $<br \/><\/strong><\/td>\n<\/tr>\n<tr>\n<td style=\"width: 451.95px;\"><strong>Membre associ\u00e9 \u00e0 la retraite<\/strong><\/td>\n<td style=\"width: 167.35px;\"><em>200 $<\/em><\/td>\n<td style=\"width: 173.367px;\"><strong>260 $<br \/><\/strong><\/td>\n<\/tr>\n<tr>\n<td style=\"width: 451.95px;\"><strong>Professionnel param\u00e9dical 3<\/strong><\/td>\n<td style=\"width: 167.35px;\"><em>200 $<\/em><\/td>\n<td style=\"width: 173.367px;\"><strong>260 $<br \/><\/strong><\/td>\n<\/tr>\n<tr>\n<td style=\"width: 451.95px;\"><strong>R\u00e9sident(e)<\/strong><\/td>\n<td style=\"width: 167.35px;\"><em>160 $<\/em><\/td>\n<td style=\"width: 173.367px;\"><strong>195 $<br \/><\/strong><\/td>\n<\/tr>\n<tr>\n<td style=\"width: 451.95px;\"><strong>\u00c9tudiant(e) en m\u00e9decine<\/strong><\/td>\n<td style=\"width: 167.35px;\"><em>115 $<\/em><\/td>\n<td style=\"width: 173.367px;\"><strong>145 $<br \/><\/strong><\/td>\n<\/tr>\n<tr>\n<td style=\"width: 625.133px;\" colspan=\"2\"><strong>\u00a0<\/strong><\/td>\n<td style=\"width: 173.367px;\"><strong>\u00a0<\/strong><\/td>\n<\/tr>\n<tr>\n<td style=\"width: 451.95px;\"><strong>Atelier CIMUS : notions de base en \u00e9chocardiographie cibl\u00e9e <\/strong><strong>4<br \/><\/strong>Inscription s\u00e9par\u00e9e requise \u2013 <strong><a href=\"https:\/\/csim.ca\/fr\/congres-annuel-scmi-2023\/cimus-2023\/\">cliquez ici pour vous inscrire<\/a><\/strong>.<\/td>\n<td style=\"width: 346.55px; text-align: center;\" colspan=\"2\"><strong>595 $<br \/><\/strong><\/td>\n<\/tr>\n<\/tbody>\n<\/table>\n<p><strong>\u00a0<\/strong><\/p>\n<\/div>\n<\/div>\n<\/div>\n<\/div>\n<\/div>\n<\/div>\n<p>[\/et_pb_text][\/et_pb_column][et_pb_column type=\u00a0\u00bb1_4&Prime; _builder_version=\u00a0\u00bb4.16&Prime; _module_preset=\u00a0\u00bbdefault\u00a0\u00bb global_colors_info=\u00a0\u00bb{}\u00a0\u00bb][et_pb_sidebar area=\u00a0\u00bbet_pb_widget_area_24&Prime; show_border=\u00a0\u00bboff\u00a0\u00bb disabled_on=\u00a0\u00bboff|off|off\u00a0\u00bb _builder_version=\u00a0\u00bb4.20.0&Prime; _module_preset=\u00a0\u00bbdefault\u00a0\u00bb header_font=\u00a0\u00bb|700|||||||\u00a0\u00bb header_text_color=\u00a0\u00bb#000000&Prime; body_font=\u00a0\u00bb|600|||||||\u00a0\u00bb body_text_color=\u00a0\u00bb#000000&Prime; body_font_size=\u00a0\u00bb16px\u00a0\u00bb body_line_height=\u00a0\u00bb1.8em\u00a0\u00bb global_colors_info=\u00a0\u00bb{}\u00a0\u00bb][\/et_pb_sidebar][\/et_pb_column][\/et_pb_row][et_pb_row use_custom_gutter=\u00a0\u00bbon\u00a0\u00bb gutter_width=\u00a0\u00bb4&Prime; make_equal=\u00a0\u00bbon\u00a0\u00bb _builder_version=\u00a0\u00bb4.16&Prime; _module_preset=\u00a0\u00bbdefault\u00a0\u00bb width=\u00a0\u00bb100%\u00a0\u00bb global_colors_info=\u00a0\u00bb{}\u00a0\u00bb][et_pb_column type=\u00a0\u00bb4_4&Prime; _builder_version=\u00a0\u00bb4.16&Prime; _module_preset=\u00a0\u00bbdefault\u00a0\u00bb global_colors_info=\u00a0\u00bb{}\u00a0\u00bb][et_pb_text disabled_on=\u00a0\u00bboff|off|off\u00a0\u00bb admin_label=\u00a0\u00bbNotes\u00a0\u00bb _builder_version=\u00a0\u00bb4.20.0&Prime; text_text_color=\u00a0\u00bb#000000&Prime; background_size=\u00a0\u00bbinitial\u00a0\u00bb background_position=\u00a0\u00bbtop_left\u00a0\u00bb background_repeat=\u00a0\u00bbrepeat\u00a0\u00bb use_border_color=\u00a0\u00bboff\u00a0\u00bb border_color=\u00a0\u00bb#ffffff\u00a0\u00bb border_style=\u00a0\u00bbsolid\u00a0\u00bb global_colors_info=\u00a0\u00bb{}\u00a0\u00bb]<\/p>\n<div class=\"et_pb_module et_pb_text et_pb_text_2 et_pb_text_align_left et_pb_bg_layout_light\">\n<div class=\"et_pb_text_inner\">\n<div class=\"et_pb_module et_pb_text et_pb_text_2 et_pb_text_align_left et_pb_bg_layout_light\">\n<div class=\"et_pb_column et_pb_column_3_4 et_pb_column_1  et_pb_css_mix_blend_mode_passthrough\">\n<div class=\"et_pb_module et_pb_text et_pb_text_1  et_pb_text_align_left et_pb_bg_layout_light\">\n<div class=\"et_pb_text_inner\">\n<ul>\n<li><em>Tous les frais sont soumis \u00e0 des taxes.<\/em><\/li>\n<li><em>L&rsquo;inscription n&rsquo;est confirm\u00e9e qu&rsquo;apr\u00e8s r\u00e9ception du paiement ; les inscriptions non pay\u00e9es seront annul\u00e9es.<\/em><\/li>\n<li><em>Paiement en ligne par carte de cr\u00e9dit uniquement. <\/em><\/li>\n<li><em>Le nombre de places dans les ateliers est limit\u00e9 et les places sont attribu\u00e9es selon le principe du premier arriv\u00e9, premier servi.<\/em><\/li>\n<li><em>Le port du porte-nom est obligatoire \u00e0 tout moment ; les porte-noms ne sont pas transf\u00e9rables.<\/em><\/li>\n<\/ul>\n<p>&nbsp;<\/p>\n<p><strong>Notes de bas de page<\/strong><\/p>\n<ol>\n<li>Pour obtenir le tarif consenti aux membres de la SCMI, vous devez vous acquitter de votre cotisation en entier. Si le versement de la somme due n\u2019est pas effectu\u00e9, vous devez payer le tarif pour non-membres.<\/li>\n<li>Les m\u00e9decins admissibles peuvent utiliser 330 $ des frais d&rsquo;inscription des non-membres pour devenir membres de la SCMI. Contactez le bureau de la SCMI pour plus d&rsquo;informations.<\/li>\n<li>Les professionnels param\u00e9dicaux sont des professionnels de la sant\u00e9 qui travaillent dans le domaine de la m\u00e9decine interne g\u00e9n\u00e9rale et qui peuvent inclure des infirmi\u00e8res, des techniciens, des \u00e9ducateurs de sant\u00e9 et d&rsquo;autres personnes.<\/li>\n<li>Atelier CIMUS : Inscription pr\u00e9alable et paiement requis. Le nombre de places est limit\u00e9. Si le nombre minimum d&rsquo;inscriptions n&rsquo;est pas atteint, ce cours peut \u00eatre annul\u00e9. L&rsquo;inscription est r\u00e9serv\u00e9e aux personnes inscrites au Congr\u00e8s annuel de la SCMI 2023.<\/li>\n<\/ol>\n<p><em>\u00a0<\/em><\/p>\n<p><strong>Politique d&rsquo;annulation :<\/strong> L&rsquo;annulation de l&rsquo;inscription doit \u00eatre doit \u00eatre faite par la personne inscrite par \u00e9crit au bureau de la SCMI avant le 15 septembre 2023 pour un remboursement complet, moins des frais d&rsquo;administration de 10 % (+ taxes) des frais d&rsquo;inscription pay\u00e9s. Aucun remboursement ne sera effectu\u00e9 apr\u00e8s le 15 septembre 2023. Les inscriptions ne peuvent \u00eatre ni partag\u00e9es ni transf\u00e9r\u00e9es.<\/p>\n<p><strong>Exigences di\u00e9t\u00e9tiques<\/strong> :\u00a0 Bien que nous fassions de notre mieux pour r\u00e9pondre \u00e0 toutes les demandes, il incombe au participants de s&rsquo;assurer que leurs besoins alimentaires particuliers sont satisfaits.\u00a0 Si vous avez des questions, veuillez contacter <a href=\"mailto:info@csim.ca\">info@csim.ca<\/a> ou consulter le personnel sur place. Des frais suppl\u00e9mentaires pour la fourniture de repas sp\u00e9ciaux peuvent s&rsquo;appliquer.<\/p>\n<\/div>\n<\/div>\n<\/div>\n<\/div>\n<\/div>\n<\/div>\n<p>[\/et_pb_text][\/et_pb_column][\/et_pb_row][et_pb_row use_custom_gutter=\u00a0\u00bbon\u00a0\u00bb gutter_width=\u00a0\u00bb4&Prime; make_equal=\u00a0\u00bbon\u00a0\u00bb _builder_version=\u00a0\u00bb4.16&Prime; _module_preset=\u00a0\u00bbdefault\u00a0\u00bb width=\u00a0\u00bb100%\u00a0\u00bb global_colors_info=\u00a0\u00bb{}\u00a0\u00bb][et_pb_column type=\u00a0\u00bb4_4&Prime; _builder_version=\u00a0\u00bb4.16&Prime; _module_preset=\u00a0\u00bbdefault\u00a0\u00bb global_colors_info=\u00a0\u00bb{}\u00a0\u00bb][et_pb_social_media_follow _builder_version=\u00a0\u00bb4.16&Prime; _module_preset=\u00a0\u00bbdefault\u00a0\u00bb text_orientation=\u00a0\u00bbcenter\u00a0\u00bb global_colors_info=\u00a0\u00bb{}\u00a0\u00bb][et_pb_social_media_follow_network social_network=\u00a0\u00bbtwitter\u00a0\u00bb url=\u00a0\u00bbhttp:\/\/twitter.com\/CSIMSCMI\u00a0\u00bb _builder_version=\u00a0\u00bb4.16&Prime; _module_preset=\u00a0\u00bbdefault\u00a0\u00bb background_color=\u00a0\u00bb#00aced\u00a0\u00bb global_colors_info=\u00a0\u00bb{}\u00a0\u00bb follow_button=\u00a0\u00bboff\u00a0\u00bb url_new_window=\u00a0\u00bbon\u00a0\u00bb]twitter[\/et_pb_social_media_follow_network][\/et_pb_social_media_follow][\/et_pb_column][\/et_pb_row][\/et_pb_section]<\/p>\n","protected":false},"excerpt":{"rendered":"<p>Congr\u00e8s annuel de la SCMI 2023 En collaboration avec l&rsquo;ASMIQ et ACP Quebec Chapter 11 au 14 octobre 2023 | Qu\u00e9bec (QC) Inscription au Congr\u00e8s annuel de la SCMI La pr\u00e9inscription est encore ouverte ! Cliquez sur les liens ci-dessous pour vous inscrire en ligne. Veuillez apporter une copie de votre courriel de confirmation d&rsquo;inscription [&hellip;]<\/p>\n","protected":false},"author":4,"featured_media":0,"parent":16087,"menu_order":0,"comment_status":"closed","ping_status":"closed","template":"","meta":{"_et_pb_use_builder":"on","_et_pb_old_content":"","_et_gb_content_width":"","_monsterinsights_skip_tracking":false,"_monsterinsights_sitenote_active":false,"_monsterinsights_sitenote_note":"","_monsterinsights_sitenote_category":0,"footnotes":""},"class_list":["post-16341","page","type-page","status-publish","hentry"],"_links":{"self":[{"href":"https:\/\/csim.ca\/fr\/wp-json\/wp\/v2\/pages\/16341","targetHints":{"allow":["GET"]}}],"collection":[{"href":"https:\/\/csim.ca\/fr\/wp-json\/wp\/v2\/pages"}],"about":[{"href":"https:\/\/csim.ca\/fr\/wp-json\/wp\/v2\/types\/page"}],"author":[{"embeddable":true,"href":"https:\/\/csim.ca\/fr\/wp-json\/wp\/v2\/users\/4"}],"replies":[{"embeddable":true,"href":"https:\/\/csim.ca\/fr\/wp-json\/wp\/v2\/comments?post=16341"}],"version-history":[{"count":3,"href":"https:\/\/csim.ca\/fr\/wp-json\/wp\/v2\/pages\/16341\/revisions"}],"predecessor-version":[{"id":17542,"href":"https:\/\/csim.ca\/fr\/wp-json\/wp\/v2\/pages\/16341\/revisions\/17542"}],"up":[{"embeddable":true,"href":"https:\/\/csim.ca\/fr\/wp-json\/wp\/v2\/pages\/16087"}],"wp:attachment":[{"href":"https:\/\/csim.ca\/fr\/wp-json\/wp\/v2\/media?parent=16341"}],"curies":[{"name":"wp","href":"https:\/\/api.w.org\/{rel}","templated":true}]}}