{"id":16156,"date":"2023-05-08T12:59:05","date_gmt":"2023-05-08T16:59:05","guid":{"rendered":"https:\/\/csim.ca\/?page_id=16156"},"modified":"2023-09-29T09:15:19","modified_gmt":"2023-09-29T13:15:19","slug":"commanditaires-2023","status":"publish","type":"page","link":"https:\/\/csim.ca\/fr\/congres-annuel-scmi-2023\/commanditaires-2023\/","title":{"rendered":"Commanditaires SCMI 2023"},"content":{"rendered":"<p>[et_pb_section fb_built=\u00a0\u00bb1&Prime; admin_label=\u00a0\u00bbCSIM Annual Meeting 2023&Prime; _builder_version=\u00a0\u00bb4.20.0&Prime; custom_margin=\u00a0\u00bb0px|25px||25px|false|true\u00a0\u00bb custom_padding=\u00a0\u00bb2em||40px||false|false\u00a0\u00bb top_divider_height=\u00a0\u00bb35px\u00a0\u00bb top_divider_flip=\u00a0\u00bbvertical\u00a0\u00bb animation_style=\u00a0\u00bbzoom\u00a0\u00bb animation_intensity_zoom=\u00a0\u00bb10%\u00a0\u00bb global_colors_info=\u00a0\u00bb{}\u00a0\u00bb][et_pb_row disabled_on=\u00a0\u00bboff|off|off\u00a0\u00bb _builder_version=\u00a0\u00bb4.20.0&Prime; _module_preset=\u00a0\u00bbdefault\u00a0\u00bb background_enable_color=\u00a0\u00bboff\u00a0\u00bb global_colors_info=\u00a0\u00bb{}\u00a0\u00bb][et_pb_column type=\u00a0\u00bb4_4&Prime; _builder_version=\u00a0\u00bb4.16&Prime; _module_preset=\u00a0\u00bbdefault\u00a0\u00bb global_colors_info=\u00a0\u00bb{}\u00a0\u00bb][et_pb_text admin_label=\u00a0\u00bbSave the date\u00a0\u00bb _builder_version=\u00a0\u00bb4.20.0&Prime; text_text_color=\u00a0\u00bb#000000&Prime; background_size=\u00a0\u00bbinitial\u00a0\u00bb background_position=\u00a0\u00bbtop_left\u00a0\u00bb background_repeat=\u00a0\u00bbrepeat\u00a0\u00bb use_border_color=\u00a0\u00bboff\u00a0\u00bb border_color=\u00a0\u00bb#ffffff\u00a0\u00bb border_style=\u00a0\u00bbsolid\u00a0\u00bb global_colors_info=\u00a0\u00bb{}\u00a0\u00bb]<\/p>\n<h1 style=\"text-align: center;\"><strong>Congr\u00e8s annuel de la SCMI 2023<\/strong><\/h1>\n<h3 style=\"text-align: center;\"><strong>11 au 14 octobre 2023 | Qu\u00e9bec (QC)<\/strong><\/h3>\n<p>[\/et_pb_text][\/et_pb_column][\/et_pb_row][et_pb_row column_structure=\u00a0\u00bb3_4,1_4&Prime; disabled_on=\u00a0\u00bboff|off|off\u00a0\u00bb _builder_version=\u00a0\u00bb4.20.0&Prime; _module_preset=\u00a0\u00bbdefault\u00a0\u00bb background_enable_color=\u00a0\u00bboff\u00a0\u00bb global_colors_info=\u00a0\u00bb{}\u00a0\u00bb][et_pb_column type=\u00a0\u00bb3_4&Prime; _builder_version=\u00a0\u00bb4.16&Prime; _module_preset=\u00a0\u00bbdefault\u00a0\u00bb global_colors_info=\u00a0\u00bb{}\u00a0\u00bb][et_pb_text disabled_on=\u00a0\u00bboff|off|off\u00a0\u00bb admin_label=\u00a0\u00bbSponsors\u00a0\u00bb _builder_version=\u00a0\u00bb4.20.0&Prime; text_text_color=\u00a0\u00bb#000000&Prime; background_size=\u00a0\u00bbinitial\u00a0\u00bb background_position=\u00a0\u00bbtop_left\u00a0\u00bb background_repeat=\u00a0\u00bbrepeat\u00a0\u00bb use_border_color=\u00a0\u00bboff\u00a0\u00bb border_color=\u00a0\u00bb#ffffff\u00a0\u00bb border_style=\u00a0\u00bbsolid\u00a0\u00bb global_colors_info=\u00a0\u00bb{}\u00a0\u00bb]<\/p>\n<div class=\"et_pb_module et_pb_text et_pb_text_2 et_pb_text_align_left et_pb_bg_layout_light\">\n<h4 style=\"text-align: center;\"><strong>Ce programme a b\u00e9n\u00e9fici\u00e9 d&rsquo;une subvention \u00e9ducative et d&rsquo;un soutien en nature de la part de<\/strong><\/h4>\n<\/div>\n<p>[\/et_pb_text][et_pb_divider color=\u00a0\u00bb#FFFFFF\u00a0\u00bb _builder_version=\u00a0\u00bb4.20.0&Prime; _module_preset=\u00a0\u00bbdefault\u00a0\u00bb global_colors_info=\u00a0\u00bb{}\u00a0\u00bb][\/et_pb_divider][et_pb_text disabled_on=\u00a0\u00bboff|off|off\u00a0\u00bb admin_label=\u00a0\u00bbSponsors\u00a0\u00bb _builder_version=\u00a0\u00bb4.20.0&Prime; text_text_color=\u00a0\u00bb#000000&Prime; background_size=\u00a0\u00bbinitial\u00a0\u00bb background_position=\u00a0\u00bbtop_left\u00a0\u00bb background_repeat=\u00a0\u00bbrepeat\u00a0\u00bb use_border_color=\u00a0\u00bboff\u00a0\u00bb border_color=\u00a0\u00bb#ffffff\u00a0\u00bb border_style=\u00a0\u00bbsolid\u00a0\u00bb global_colors_info=\u00a0\u00bb{}\u00a0\u00bb]<\/p>\n<div class=\"et_pb_module et_pb_text et_pb_text_2 et_pb_text_align_left et_pb_bg_layout_light\">\n<h3 style=\"text-align: center;\"><strong>PARRAINS D&rsquo;OR<\/strong><\/h3>\n<p style=\"text-align: center;\"><a href=\"https:\/\/mdm.ca\/promos\/go-further?utm_source=csim&amp;utm_medium=partner%20event&amp;utm_campaign=2023_PA\/NSS&amp;utm_content=Apr\/28:Banking_Let\u2019s%20go%20further%20together\" target=\"_blank\" rel=\"noopener\"><img loading=\"lazy\" decoding=\"async\" class=\"wp-image-16520 aligncenter \" src=\"https:\/\/csim.ca\/wp-content\/uploads\/_pda\/2023\/06\/MDFM_Scotiabank-Healthcare_FR_Horiz_CMYK-1024x166.jpg\" alt=\"\" width=\"722\" height=\"117\" srcset=\"https:\/\/csim.ca\/wp-content\/uploads\/2023\/06\/MDFM_Scotiabank-Healthcare_FR_Horiz_CMYK-1024x166.jpg 1024w, https:\/\/csim.ca\/wp-content\/uploads\/2023\/06\/MDFM_Scotiabank-Healthcare_FR_Horiz_CMYK-300x49.jpg 300w, https:\/\/csim.ca\/wp-content\/uploads\/2023\/06\/MDFM_Scotiabank-Healthcare_FR_Horiz_CMYK-768x125.jpg 768w, https:\/\/csim.ca\/wp-content\/uploads\/2023\/06\/MDFM_Scotiabank-Healthcare_FR_Horiz_CMYK-1080x175.jpg 1080w, https:\/\/csim.ca\/wp-content\/uploads\/2023\/06\/MDFM_Scotiabank-Healthcare_FR_Horiz_CMYK-1280x208.jpg 1280w, https:\/\/csim.ca\/wp-content\/uploads\/2023\/06\/MDFM_Scotiabank-Healthcare_FR_Horiz_CMYK-980x159.jpg 980w, https:\/\/csim.ca\/wp-content\/uploads\/2023\/06\/MDFM_Scotiabank-Healthcare_FR_Horiz_CMYK-480x78.jpg 480w, https:\/\/csim.ca\/wp-content\/uploads\/2023\/06\/MDFM_Scotiabank-Healthcare_FR_Horiz_CMYK.jpg 1283w\" sizes=\"(max-width: 722px) 100vw, 722px\" \/><\/a>\u00a0<\/p>\n<p><img loading=\"lazy\" decoding=\"async\" class=\"wp-image-16515 aligncenter size-medium\" src=\"https:\/\/csim.ca\/wp-content\/uploads\/_pda\/2023\/06\/Novo-Nordisk-Logo-Blue-500x500px-300x300.png\" alt=\"\" width=\"300\" height=\"300\" srcset=\"https:\/\/csim.ca\/wp-content\/uploads\/_pda\/2023\/06\/Novo-Nordisk-Logo-Blue-500x500px-300x300.png 300w, https:\/\/csim.ca\/wp-content\/uploads\/_pda\/2023\/06\/Novo-Nordisk-Logo-Blue-500x500px-150x150.png 150w, https:\/\/csim.ca\/wp-content\/uploads\/_pda\/2023\/06\/Novo-Nordisk-Logo-Blue-500x500px-480x481.png 480w, https:\/\/csim.ca\/wp-content\/uploads\/_pda\/2023\/06\/Novo-Nordisk-Logo-Blue-500x500px.png 500w\" sizes=\"(max-width: 300px) 100vw, 300px\" \/><\/p>\n<\/div>\n<p>[\/et_pb_text][et_pb_divider color=\u00a0\u00bb#FFFFFF\u00a0\u00bb disabled_on=\u00a0\u00bboff|off|off\u00a0\u00bb _builder_version=\u00a0\u00bb4.20.0&Prime; _module_preset=\u00a0\u00bbdefault\u00a0\u00bb global_colors_info=\u00a0\u00bb{}\u00a0\u00bb][\/et_pb_divider][et_pb_text disabled_on=\u00a0\u00bboff|off|off\u00a0\u00bb admin_label=\u00a0\u00bbSponsors\u00a0\u00bb _builder_version=\u00a0\u00bb4.20.0&Prime; text_text_color=\u00a0\u00bb#000000&Prime; background_size=\u00a0\u00bbinitial\u00a0\u00bb background_position=\u00a0\u00bbtop_left\u00a0\u00bb background_repeat=\u00a0\u00bbrepeat\u00a0\u00bb use_border_color=\u00a0\u00bboff\u00a0\u00bb border_color=\u00a0\u00bb#ffffff\u00a0\u00bb border_style=\u00a0\u00bbsolid\u00a0\u00bb global_colors_info=\u00a0\u00bb{}\u00a0\u00bb]<\/p>\n<div class=\"et_pb_module et_pb_text et_pb_text_2 et_pb_text_align_left et_pb_bg_layout_light\">\n<h3 style=\"text-align: center;\"><strong>PARRAINAGE EN NATURE<\/strong><\/h3>\n<p style=\"text-align: center;\"><a href=\"https:\/\/www.sonosite.com\/ca\" target=\"_blank\" rel=\"noopener\"><img loading=\"lazy\" decoding=\"async\" class=\"aligncenter wp-image-13219 size-full\" src=\"https:\/\/csim.ca\/wp-content\/uploads\/2022\/06\/FFSS-Logo-Vertical-2022.jpg\" alt=\"\" width=\"400\" height=\"203\" srcset=\"https:\/\/csim.ca\/wp-content\/uploads\/2022\/06\/FFSS-Logo-Vertical-2022.jpg 400w, https:\/\/csim.ca\/wp-content\/uploads\/2022\/06\/FFSS-Logo-Vertical-2022-300x152.jpg 300w\" sizes=\"(max-width: 400px) 100vw, 400px\" \/><\/a><\/p>\n<\/div>\n<p>[\/et_pb_text][et_pb_divider color=\u00a0\u00bb#FFFFFF\u00a0\u00bb disabled_on=\u00a0\u00bboff|off|off\u00a0\u00bb _builder_version=\u00a0\u00bb4.20.0&Prime; _module_preset=\u00a0\u00bbdefault\u00a0\u00bb hover_enabled=\u00a0\u00bb0&Prime; global_colors_info=\u00a0\u00bb{}\u00a0\u00bb sticky_enabled=\u00a0\u00bb0&Prime;][\/et_pb_divider][et_pb_text disabled_on=\u00a0\u00bboff|off|off\u00a0\u00bb admin_label=\u00a0\u00bbSponsors\u00a0\u00bb _builder_version=\u00a0\u00bb4.20.0&Prime; text_text_color=\u00a0\u00bb#000000&Prime; background_size=\u00a0\u00bbinitial\u00a0\u00bb background_position=\u00a0\u00bbtop_left\u00a0\u00bb background_repeat=\u00a0\u00bbrepeat\u00a0\u00bb hover_enabled=\u00a0\u00bb0&Prime; use_border_color=\u00a0\u00bboff\u00a0\u00bb border_color=\u00a0\u00bb#ffffff\u00a0\u00bb border_style=\u00a0\u00bbsolid\u00a0\u00bb global_colors_info=\u00a0\u00bb{}\u00a0\u00bb sticky_enabled=\u00a0\u00bb0&Prime;]<\/p>\n<div class=\"et_pb_module et_pb_text et_pb_text_2 et_pb_text_align_left et_pb_bg_layout_light\">\n<h3 style=\"text-align: center;\"><strong>COMMANDITAIRE<\/strong><\/h3>\n<p>&nbsp;<\/p>\n<\/div>\n<p><img loading=\"lazy\" decoding=\"async\" class=\"wp-image-17454 aligncenter size-medium\" src=\"https:\/\/csim.ca\/wp-content\/uploads\/_pda\/2023\/09\/qda-logo-2020-FR-199x300.png\" alt=\"\" width=\"199\" height=\"300\" srcset=\"https:\/\/csim.ca\/wp-content\/uploads\/2023\/09\/qda-logo-2020-FR-199x300.png 199w, https:\/\/csim.ca\/wp-content\/uploads\/2023\/09\/qda-logo-2020-FR.png 339w\" sizes=\"(max-width: 199px) 100vw, 199px\" \/><\/p>\n<p>[\/et_pb_text][et_pb_divider color=\u00a0\u00bb#FFFFFF\u00a0\u00bb _builder_version=\u00a0\u00bb4.20.0&Prime; _module_preset=\u00a0\u00bbdefault\u00a0\u00bb global_colors_info=\u00a0\u00bb{}\u00a0\u00bb][\/et_pb_divider][et_pb_divider color=\u00a0\u00bb#0C71C3&Prime; _builder_version=\u00a0\u00bb4.20.0&Prime; _module_preset=\u00a0\u00bbdefault\u00a0\u00bb global_colors_info=\u00a0\u00bb{}\u00a0\u00bb][\/et_pb_divider][et_pb_text disabled_on=\u00a0\u00bboff|off|off\u00a0\u00bb admin_label=\u00a0\u00bbInfo\u00a0\u00bb _builder_version=\u00a0\u00bb4.20.0&Prime; text_text_color=\u00a0\u00bb#000000&Prime; background_size=\u00a0\u00bbinitial\u00a0\u00bb background_position=\u00a0\u00bbtop_left\u00a0\u00bb background_repeat=\u00a0\u00bbrepeat\u00a0\u00bb use_border_color=\u00a0\u00bboff\u00a0\u00bb border_color=\u00a0\u00bb#ffffff\u00a0\u00bb border_style=\u00a0\u00bbsolid\u00a0\u00bb global_colors_info=\u00a0\u00bb{}\u00a0\u00bb]<\/p>\n<div class=\"et_pb_module et_pb_text et_pb_text_2 et_pb_text_align_left et_pb_bg_layout_light\">\n<h4 style=\"text-align: center;\"><strong>Possibilit\u00e9s de parrainage et d&rsquo;exposition disponibles !<\/strong><\/h4>\n<p style=\"text-align: center;\">Contactez-nous \u00e0 l&rsquo;adresse <a href=\"mailto:info@csim.ca\">info@csim.ca<\/a> pour plus d&rsquo;informations.<\/p>\n<\/div>\n<p>[\/et_pb_text][et_pb_social_media_follow admin_label=\u00a0\u00bbSocial Media Follow\u00a0\u00bb _builder_version=\u00a0\u00bb4.20.0&Prime; _module_preset=\u00a0\u00bbdefault\u00a0\u00bb text_orientation=\u00a0\u00bbcenter\u00a0\u00bb global_colors_info=\u00a0\u00bb{}\u00a0\u00bb][et_pb_social_media_follow_network social_network=\u00a0\u00bbtwitter\u00a0\u00bb url=\u00a0\u00bbhttp:\/\/twitter.com\/CSIMSCMI\u00a0\u00bb _builder_version=\u00a0\u00bb4.16&Prime; _module_preset=\u00a0\u00bbdefault\u00a0\u00bb background_color=\u00a0\u00bb#00aced\u00a0\u00bb global_colors_info=\u00a0\u00bb{}\u00a0\u00bb follow_button=\u00a0\u00bboff\u00a0\u00bb url_new_window=\u00a0\u00bbon\u00a0\u00bb]twitter[\/et_pb_social_media_follow_network][\/et_pb_social_media_follow][\/et_pb_column][et_pb_column type=\u00a0\u00bb1_4&Prime; _builder_version=\u00a0\u00bb4.16&Prime; _module_preset=\u00a0\u00bbdefault\u00a0\u00bb global_colors_info=\u00a0\u00bb{}\u00a0\u00bb][et_pb_sidebar area=\u00a0\u00bbet_pb_widget_area_24&Prime; show_border=\u00a0\u00bboff\u00a0\u00bb disabled_on=\u00a0\u00bboff|off|off\u00a0\u00bb _builder_version=\u00a0\u00bb4.20.0&Prime; _module_preset=\u00a0\u00bbdefault\u00a0\u00bb header_font=\u00a0\u00bb|700|||||||\u00a0\u00bb header_text_color=\u00a0\u00bb#000000&Prime; body_font=\u00a0\u00bb|600|||||||\u00a0\u00bb body_text_color=\u00a0\u00bb#000000&Prime; body_font_size=\u00a0\u00bb16px\u00a0\u00bb body_line_height=\u00a0\u00bb1.8em\u00a0\u00bb global_colors_info=\u00a0\u00bb{}\u00a0\u00bb][\/et_pb_sidebar][\/et_pb_column][\/et_pb_row][et_pb_row use_custom_gutter=\u00a0\u00bbon\u00a0\u00bb gutter_width=\u00a0\u00bb4&Prime; make_equal=\u00a0\u00bbon\u00a0\u00bb _builder_version=\u00a0\u00bb4.16&Prime; _module_preset=\u00a0\u00bbdefault\u00a0\u00bb width=\u00a0\u00bb100%\u00a0\u00bb global_colors_info=\u00a0\u00bb{}\u00a0\u00bb][et_pb_column type=\u00a0\u00bb4_4&Prime; _builder_version=\u00a0\u00bb4.16&Prime; _module_preset=\u00a0\u00bbdefault\u00a0\u00bb global_colors_info=\u00a0\u00bb{}\u00a0\u00bb][\/et_pb_column][\/et_pb_row][\/et_pb_section]<\/p>\n","protected":false},"excerpt":{"rendered":"<p>Congr\u00e8s annuel de la SCMI 2023 11 au 14 octobre 2023 | Qu\u00e9bec (QC) Ce programme a b\u00e9n\u00e9fici\u00e9 d&rsquo;une subvention \u00e9ducative et d&rsquo;un soutien en nature de la part de PARRAINS D&rsquo;OR \u00a0 PARRAINAGE EN NATURE COMMANDITAIRE &nbsp; Possibilit\u00e9s de parrainage et d&rsquo;exposition disponibles ! Contactez-nous \u00e0 l&rsquo;adresse info@csim.ca pour plus d&rsquo;informations.<\/p>\n","protected":false},"author":4,"featured_media":0,"parent":16087,"menu_order":0,"comment_status":"closed","ping_status":"closed","template":"","meta":{"_et_pb_use_builder":"on","_et_pb_old_content":"","_et_gb_content_width":"","_monsterinsights_skip_tracking":false,"_monsterinsights_sitenote_active":false,"_monsterinsights_sitenote_note":"","_monsterinsights_sitenote_category":0,"footnotes":""},"class_list":["post-16156","page","type-page","status-publish","hentry"],"_links":{"self":[{"href":"https:\/\/csim.ca\/fr\/wp-json\/wp\/v2\/pages\/16156","targetHints":{"allow":["GET"]}}],"collection":[{"href":"https:\/\/csim.ca\/fr\/wp-json\/wp\/v2\/pages"}],"about":[{"href":"https:\/\/csim.ca\/fr\/wp-json\/wp\/v2\/types\/page"}],"author":[{"embeddable":true,"href":"https:\/\/csim.ca\/fr\/wp-json\/wp\/v2\/users\/4"}],"replies":[{"embeddable":true,"href":"https:\/\/csim.ca\/fr\/wp-json\/wp\/v2\/comments?post=16156"}],"version-history":[{"count":2,"href":"https:\/\/csim.ca\/fr\/wp-json\/wp\/v2\/pages\/16156\/revisions"}],"predecessor-version":[{"id":17456,"href":"https:\/\/csim.ca\/fr\/wp-json\/wp\/v2\/pages\/16156\/revisions\/17456"}],"up":[{"embeddable":true,"href":"https:\/\/csim.ca\/fr\/wp-json\/wp\/v2\/pages\/16087"}],"wp:attachment":[{"href":"https:\/\/csim.ca\/fr\/wp-json\/wp\/v2\/media?parent=16156"}],"curies":[{"name":"wp","href":"https:\/\/api.w.org\/{rel}","templated":true}]}}