{"id":16126,"date":"2023-05-08T12:30:16","date_gmt":"2023-05-08T16:30:16","guid":{"rendered":"https:\/\/csim.ca\/?page_id=16126"},"modified":"2023-06-15T17:13:47","modified_gmt":"2023-06-15T21:13:47","slug":"appel-aux-resumes-2023","status":"publish","type":"page","link":"https:\/\/csim.ca\/fr\/congres-annuel-scmi-2023\/appel-aux-resumes-2023\/","title":{"rendered":"Appel aux r\u00e9sum\u00e9s SCMI 2023"},"content":{"rendered":"<p>[et_pb_section fb_built=\u00a0\u00bb1&Prime; admin_label=\u00a0\u00bbCSIM Annual Meeting 2023&Prime; _builder_version=\u00a0\u00bb4.20.0&Prime; custom_margin=\u00a0\u00bb0px|25px||25px|false|true\u00a0\u00bb custom_padding=\u00a0\u00bb2em||40px||false|false\u00a0\u00bb top_divider_height=\u00a0\u00bb35px\u00a0\u00bb top_divider_flip=\u00a0\u00bbvertical\u00a0\u00bb animation_style=\u00a0\u00bbzoom\u00a0\u00bb animation_intensity_zoom=\u00a0\u00bb10%\u00a0\u00bb global_colors_info=\u00a0\u00bb{}\u00a0\u00bb][et_pb_row disabled_on=\u00a0\u00bboff|off|off\u00a0\u00bb _builder_version=\u00a0\u00bb4.20.0&Prime; _module_preset=\u00a0\u00bbdefault\u00a0\u00bb background_enable_color=\u00a0\u00bboff\u00a0\u00bb global_colors_info=\u00a0\u00bb{}\u00a0\u00bb][et_pb_column type=\u00a0\u00bb4_4&Prime; _builder_version=\u00a0\u00bb4.16&Prime; _module_preset=\u00a0\u00bbdefault\u00a0\u00bb global_colors_info=\u00a0\u00bb{}\u00a0\u00bb][et_pb_text admin_label=\u00a0\u00bbSave the date\u00a0\u00bb _builder_version=\u00a0\u00bb4.20.0&Prime; text_text_color=\u00a0\u00bb#000000&Prime; background_size=\u00a0\u00bbinitial\u00a0\u00bb background_position=\u00a0\u00bbtop_left\u00a0\u00bb background_repeat=\u00a0\u00bbrepeat\u00a0\u00bb use_border_color=\u00a0\u00bboff\u00a0\u00bb border_color=\u00a0\u00bb#ffffff\u00a0\u00bb border_style=\u00a0\u00bbsolid\u00a0\u00bb global_colors_info=\u00a0\u00bb{}\u00a0\u00bb]<\/p>\n<h1 style=\"text-align: center;\"><strong>Congr\u00e8s annuel de la SCMI 2023<\/strong><\/h1>\n<h3 style=\"text-align: center;\"><strong>11 au 14 octobre 2023 | Qu\u00e9bec (QC)<\/strong><\/h3>\n<p>[\/et_pb_text][\/et_pb_column][\/et_pb_row][et_pb_row column_structure=\u00a0\u00bb3_4,1_4&Prime; disabled_on=\u00a0\u00bboff|off|off\u00a0\u00bb _builder_version=\u00a0\u00bb4.20.0&Prime; _module_preset=\u00a0\u00bbdefault\u00a0\u00bb background_enable_color=\u00a0\u00bboff\u00a0\u00bb global_colors_info=\u00a0\u00bb{}\u00a0\u00bb][et_pb_column type=\u00a0\u00bb3_4&Prime; _builder_version=\u00a0\u00bb4.16&Prime; _module_preset=\u00a0\u00bbdefault\u00a0\u00bb global_colors_info=\u00a0\u00bb{}\u00a0\u00bb][et_pb_text disabled_on=\u00a0\u00bboff|off|off\u00a0\u00bb admin_label=\u00a0\u00bbCall for Abstracts\u00a0\u00bb _builder_version=\u00a0\u00bb4.20.0&Prime; text_text_color=\u00a0\u00bb#000000&Prime; background_size=\u00a0\u00bbinitial\u00a0\u00bb background_position=\u00a0\u00bbtop_left\u00a0\u00bb background_repeat=\u00a0\u00bbrepeat\u00a0\u00bb hover_enabled=\u00a0\u00bb0&Prime; use_border_color=\u00a0\u00bboff\u00a0\u00bb border_color=\u00a0\u00bb#ffffff\u00a0\u00bb border_style=\u00a0\u00bbsolid\u00a0\u00bb global_colors_info=\u00a0\u00bb{}\u00a0\u00bb sticky_enabled=\u00a0\u00bb0&Prime;]<\/p>\n<div class=\"et_pb_module et_pb_text et_pb_text_2 et_pb_text_align_left et_pb_bg_layout_light\">\n<div class=\"et_pb_text_inner\">\n<div class=\"et_pb_module et_pb_text et_pb_text_2 et_pb_text_align_left et_pb_bg_layout_light\">\n<h4><strong>Appel aux r\u00e9sum\u00e9s &#8211; ferm\u00e9<br \/><\/strong><\/h4>\n<p><strong>La SCMI invite les m\u00e9decins r\u00e9sidents et les \u00e9tudiants associ\u00e9s \u00e0 leur faire parvenir des r\u00e9sum\u00e9s en pr\u00e9vision des expos\u00e9s et des affiches.<\/strong><\/p>\n<ul>\n<li>Les r\u00e9sum\u00e9s s\u00e9lectionn\u00e9s seront pr\u00e9sent\u00e9s en direct sous forme de pr\u00e9sentations orales et d&rsquo;affiches lors du Congr\u00e8s annuel de la SCMI.<\/li>\n<li>Les r\u00e9sum\u00e9s pr\u00e9sent\u00e9s sont publi\u00e9s dans la <a href=\"http:\/\/www.cjgim.ca\" target=\"_blank\" rel=\"noopener\">Revue canadienne de m\u00e9decine interne g\u00e9n\u00e9rale<\/a>.<\/li>\n<li>Les r\u00e9sum\u00e9s non retenus pour une pr\u00e9sentation orale peuvent \u00eatre s\u00e9lectionn\u00e9s pour \u00eatre expos\u00e9s dans la salle d&rsquo;affichage virtuelle de la SCMI.<\/li>\n<\/ul>\n<\/div>\n<\/div>\n<\/div>\n<p>[\/et_pb_text][et_pb_text disabled_on=\u00a0\u00bboff|off|off\u00a0\u00bb admin_label=\u00a0\u00bbEligbility\u00a0\u00bb _builder_version=\u00a0\u00bb4.20.0&Prime; text_text_color=\u00a0\u00bb#000000&Prime; background_size=\u00a0\u00bbinitial\u00a0\u00bb background_position=\u00a0\u00bbtop_left\u00a0\u00bb background_repeat=\u00a0\u00bbrepeat\u00a0\u00bb use_border_color=\u00a0\u00bboff\u00a0\u00bb border_color=\u00a0\u00bb#ffffff\u00a0\u00bb border_style=\u00a0\u00bbsolid\u00a0\u00bb global_colors_info=\u00a0\u00bb{}\u00a0\u00bb]<\/p>\n<div class=\"et_pb_module et_pb_text et_pb_text_2 et_pb_text_align_left et_pb_bg_layout_light\">\n<div class=\"et_pb_text_inner\">\n<div class=\"et_pb_module et_pb_text et_pb_text_2 et_pb_text_align_left et_pb_bg_layout_light\">\n<h4><strong>Admissibilit\u00e9<\/strong><\/h4>\n<ul>\n<li>Ces concours sont ouverts aux r\u00e9sidents inscrits dans un programme de formation postdoctorale (PGY1 \u00e0 PGY5) en m\u00e9decine interne (IM) ou en m\u00e9decine interne g\u00e9n\u00e9rale (GIM) au Canada au moment de la soumission.<\/li>\n<li>Ces concours sont \u00e9galement ouverts aux \u00e9tudiants en m\u00e9decine actuellement inscrits dans une facult\u00e9 de m\u00e9decine au Canada au moment de la soumission.<\/li>\n<\/ul>\n<p>Les candidats doivent \u00e9galement \u00eatre des r\u00e9sidents ou des \u00e9tudiants en m\u00e9decine associ\u00e9s \u00e0 la SCMI. Si vous n&rsquo;\u00eates PAS actuellement un membre associ\u00e9 de la SCMI, vous devez <a href=\"http:\/\/csim.wildapricot.org\/membership\" target=\"_blank\" rel=\"noopener\">remplir une demande d&rsquo;adh\u00e9sion<\/a> avant le 7 juin 2023. <em>Tout retard dans la soumission de votre demande d&rsquo;adh\u00e9sion entra\u00eenera le rejet de votre demande par le syst\u00e8me.<\/em><\/p>\n<\/div>\n<\/div>\n<\/div>\n<p>[\/et_pb_text][et_pb_text disabled_on=\u00a0\u00bbon|on|on\u00a0\u00bb admin_label=\u00a0\u00bbHow to submit\u00a0\u00bb _builder_version=\u00a0\u00bb4.20.0&Prime; text_text_color=\u00a0\u00bb#000000&Prime; background_size=\u00a0\u00bbinitial\u00a0\u00bb background_position=\u00a0\u00bbtop_left\u00a0\u00bb background_repeat=\u00a0\u00bbrepeat\u00a0\u00bb hover_enabled=\u00a0\u00bb0&Prime; use_border_color=\u00a0\u00bboff\u00a0\u00bb border_color=\u00a0\u00bb#ffffff\u00a0\u00bb border_style=\u00a0\u00bbsolid\u00a0\u00bb global_colors_info=\u00a0\u00bb{}\u00a0\u00bb disabled=\u00a0\u00bbon\u00a0\u00bb sticky_enabled=\u00a0\u00bb0&Prime;]<\/p>\n<div class=\"et_pb_module et_pb_text et_pb_text_2 et_pb_text_align_left et_pb_bg_layout_light\">\n<div class=\"et_pb_text_inner\">\n<div class=\"et_pb_module et_pb_text et_pb_text_2 et_pb_text_align_left et_pb_bg_layout_light\">\n<h4><strong>Comment soumettre un r\u00e9sum\u00e9<br \/><\/strong><\/h4>\n<p><strong>La date limite de soumission est le 15 juin 2023.<\/strong><\/p>\n<p><strong>Appel aux r\u00e9sum\u00e9s cliniques<br \/><\/strong><em><a href=\"https:\/\/csim.ca\/wp-content\/uploads\/documents\/awards\/2023\/TOR_Clinical%20Abstracts%202023_French.pdf\" target=\"_blank\" rel=\"noopener noreferrer\" data-wplink-url-error=\"true\">Termes de r\u00e9f\u00e9rence et soumettez votre demande.<\/a><\/em><\/p>\n<p><strong>Appel aux r\u00e9sum\u00e9s de recherche et d\u2019am\u00e9lioration de la qualit\u00e9<\/strong><br \/><em><a href=\"https:\/\/csim.ca\/wp-content\/uploads\/documents\/awards\/2023\/TOR_RES-QI%202023_French.pdf\" target=\"_blank\" rel=\"noopener noreferrer\" data-wplink-url-error=\"true\">Termes de r\u00e9f\u00e9rence et soumettez votre demande.<\/a><\/em><\/p>\n<\/div>\n<\/div>\n<\/div>\n<p>[\/et_pb_text][\/et_pb_column][et_pb_column type=\u00a0\u00bb1_4&Prime; _builder_version=\u00a0\u00bb4.16&Prime; _module_preset=\u00a0\u00bbdefault\u00a0\u00bb global_colors_info=\u00a0\u00bb{}\u00a0\u00bb][et_pb_sidebar area=\u00a0\u00bbet_pb_widget_area_24&Prime; show_border=\u00a0\u00bboff\u00a0\u00bb disabled_on=\u00a0\u00bboff|off|off\u00a0\u00bb _builder_version=\u00a0\u00bb4.20.0&Prime; _module_preset=\u00a0\u00bbdefault\u00a0\u00bb header_font=\u00a0\u00bb|700|||||||\u00a0\u00bb header_text_color=\u00a0\u00bb#000000&Prime; body_font=\u00a0\u00bb|600|||||||\u00a0\u00bb body_text_color=\u00a0\u00bb#000000&Prime; body_font_size=\u00a0\u00bb16px\u00a0\u00bb body_line_height=\u00a0\u00bb1.8em\u00a0\u00bb global_colors_info=\u00a0\u00bb{}\u00a0\u00bb][\/et_pb_sidebar][\/et_pb_column][\/et_pb_row][et_pb_row use_custom_gutter=\u00a0\u00bbon\u00a0\u00bb gutter_width=\u00a0\u00bb4&Prime; make_equal=\u00a0\u00bbon\u00a0\u00bb _builder_version=\u00a0\u00bb4.16&Prime; _module_preset=\u00a0\u00bbdefault\u00a0\u00bb width=\u00a0\u00bb100%\u00a0\u00bb global_colors_info=\u00a0\u00bb{}\u00a0\u00bb][et_pb_column type=\u00a0\u00bb4_4&Prime; _builder_version=\u00a0\u00bb4.16&Prime; _module_preset=\u00a0\u00bbdefault\u00a0\u00bb global_colors_info=\u00a0\u00bb{}\u00a0\u00bb][et_pb_social_media_follow _builder_version=\u00a0\u00bb4.16&Prime; _module_preset=\u00a0\u00bbdefault\u00a0\u00bb text_orientation=\u00a0\u00bbcenter\u00a0\u00bb global_colors_info=\u00a0\u00bb{}\u00a0\u00bb][et_pb_social_media_follow_network social_network=\u00a0\u00bbtwitter\u00a0\u00bb url=\u00a0\u00bbhttp:\/\/twitter.com\/CSIMSCMI\u00a0\u00bb _builder_version=\u00a0\u00bb4.16&Prime; _module_preset=\u00a0\u00bbdefault\u00a0\u00bb background_color=\u00a0\u00bb#00aced\u00a0\u00bb global_colors_info=\u00a0\u00bb{}\u00a0\u00bb follow_button=\u00a0\u00bboff\u00a0\u00bb url_new_window=\u00a0\u00bbon\u00a0\u00bb]twitter[\/et_pb_social_media_follow_network][\/et_pb_social_media_follow][\/et_pb_column][\/et_pb_row][\/et_pb_section]<\/p>\n","protected":false},"excerpt":{"rendered":"<p>Congr\u00e8s annuel de la SCMI 2023 11 au 14 octobre 2023 | Qu\u00e9bec (QC) Appel aux r\u00e9sum\u00e9s &#8211; ferm\u00e9 La SCMI invite les m\u00e9decins r\u00e9sidents et les \u00e9tudiants associ\u00e9s \u00e0 leur faire parvenir des r\u00e9sum\u00e9s en pr\u00e9vision des expos\u00e9s et des affiches. Les r\u00e9sum\u00e9s s\u00e9lectionn\u00e9s seront pr\u00e9sent\u00e9s en direct sous forme de pr\u00e9sentations orales et [&hellip;]<\/p>\n","protected":false},"author":4,"featured_media":0,"parent":16087,"menu_order":0,"comment_status":"closed","ping_status":"closed","template":"","meta":{"_et_pb_use_builder":"on","_et_pb_old_content":"","_et_gb_content_width":"","_monsterinsights_skip_tracking":false,"_monsterinsights_sitenote_active":false,"_monsterinsights_sitenote_note":"","_monsterinsights_sitenote_category":0,"footnotes":""},"class_list":["post-16126","page","type-page","status-publish","hentry"],"_links":{"self":[{"href":"https:\/\/csim.ca\/fr\/wp-json\/wp\/v2\/pages\/16126","targetHints":{"allow":["GET"]}}],"collection":[{"href":"https:\/\/csim.ca\/fr\/wp-json\/wp\/v2\/pages"}],"about":[{"href":"https:\/\/csim.ca\/fr\/wp-json\/wp\/v2\/types\/page"}],"author":[{"embeddable":true,"href":"https:\/\/csim.ca\/fr\/wp-json\/wp\/v2\/users\/4"}],"replies":[{"embeddable":true,"href":"https:\/\/csim.ca\/fr\/wp-json\/wp\/v2\/comments?post=16126"}],"version-history":[{"count":3,"href":"https:\/\/csim.ca\/fr\/wp-json\/wp\/v2\/pages\/16126\/revisions"}],"predecessor-version":[{"id":16536,"href":"https:\/\/csim.ca\/fr\/wp-json\/wp\/v2\/pages\/16126\/revisions\/16536"}],"up":[{"embeddable":true,"href":"https:\/\/csim.ca\/fr\/wp-json\/wp\/v2\/pages\/16087"}],"wp:attachment":[{"href":"https:\/\/csim.ca\/fr\/wp-json\/wp\/v2\/media?parent=16126"}],"curies":[{"name":"wp","href":"https:\/\/api.w.org\/{rel}","templated":true}]}}