{"id":16101,"date":"2023-05-08T11:13:49","date_gmt":"2023-05-08T15:13:49","guid":{"rendered":"https:\/\/csim.ca\/?page_id=16101"},"modified":"2023-10-06T09:55:38","modified_gmt":"2023-10-06T13:55:38","slug":"cimus-2023","status":"publish","type":"page","link":"https:\/\/csim.ca\/fr\/congres-annuel-scmi-2023\/cimus-2023\/","title":{"rendered":"POCUS 2023"},"content":{"rendered":"<p>[et_pb_section fb_built=\u00a0\u00bb1&Prime; admin_label=\u00a0\u00bbCSIM Annual Meeting 2023&Prime; _builder_version=\u00a0\u00bb4.20.0&Prime; custom_margin=\u00a0\u00bb0px|25px||25px|false|true\u00a0\u00bb custom_padding=\u00a0\u00bb2em||40px||false|false\u00a0\u00bb top_divider_height=\u00a0\u00bb35px\u00a0\u00bb top_divider_flip=\u00a0\u00bbvertical\u00a0\u00bb animation_style=\u00a0\u00bbzoom\u00a0\u00bb animation_intensity_zoom=\u00a0\u00bb10%\u00a0\u00bb global_colors_info=\u00a0\u00bb{}\u00a0\u00bb][et_pb_row disabled_on=\u00a0\u00bboff|off|off\u00a0\u00bb _builder_version=\u00a0\u00bb4.20.0&Prime; _module_preset=\u00a0\u00bbdefault\u00a0\u00bb background_enable_color=\u00a0\u00bboff\u00a0\u00bb global_colors_info=\u00a0\u00bb{}\u00a0\u00bb][et_pb_column type=\u00a0\u00bb4_4&Prime; _builder_version=\u00a0\u00bb4.16&Prime; _module_preset=\u00a0\u00bbdefault\u00a0\u00bb global_colors_info=\u00a0\u00bb{}\u00a0\u00bb][et_pb_text admin_label=\u00a0\u00bbSave the date\u00a0\u00bb _builder_version=\u00a0\u00bb4.20.0&Prime; text_text_color=\u00a0\u00bb#000000&Prime; background_size=\u00a0\u00bbinitial\u00a0\u00bb background_position=\u00a0\u00bbtop_left\u00a0\u00bb background_repeat=\u00a0\u00bbrepeat\u00a0\u00bb use_border_color=\u00a0\u00bboff\u00a0\u00bb border_color=\u00a0\u00bb#ffffff\u00a0\u00bb border_style=\u00a0\u00bbsolid\u00a0\u00bb global_colors_info=\u00a0\u00bb{}\u00a0\u00bb]<\/p>\n<h1 style=\"text-align: center;\"><strong>Congr\u00e8s annuel de la SCMI 2023<\/strong><\/h1>\n<h3 style=\"text-align: center;\"><strong>11 au 14 octobre 2023 | Qu\u00e9bec (QC)<\/strong><\/h3>\n<p>&nbsp;<\/p>\n<h2 style=\"text-align: center;\"><strong>\u00a0<\/strong><\/h2>\n<p>[\/et_pb_text][\/et_pb_column][\/et_pb_row][et_pb_row column_structure=\u00a0\u00bb3_4,1_4&Prime; disabled_on=\u00a0\u00bboff|off|off\u00a0\u00bb _builder_version=\u00a0\u00bb4.20.0&Prime; _module_preset=\u00a0\u00bbdefault\u00a0\u00bb background_enable_color=\u00a0\u00bboff\u00a0\u00bb global_colors_info=\u00a0\u00bb{}\u00a0\u00bb][et_pb_column type=\u00a0\u00bb3_4&Prime; _builder_version=\u00a0\u00bb4.16&Prime; _module_preset=\u00a0\u00bbdefault\u00a0\u00bb global_colors_info=\u00a0\u00bb{}\u00a0\u00bb][et_pb_text admin_label=\u00a0\u00bbPOCUS description\u00a0\u00bb _builder_version=\u00a0\u00bb4.20.0&Prime; text_text_color=\u00a0\u00bb#000000&Prime; background_size=\u00a0\u00bbinitial\u00a0\u00bb background_position=\u00a0\u00bbtop_left\u00a0\u00bb background_repeat=\u00a0\u00bbrepeat\u00a0\u00bb hover_enabled=\u00a0\u00bb0&Prime; use_border_color=\u00a0\u00bboff\u00a0\u00bb border_color=\u00a0\u00bb#ffffff\u00a0\u00bb border_style=\u00a0\u00bbsolid\u00a0\u00bb global_colors_info=\u00a0\u00bb{}\u00a0\u00bb sticky_enabled=\u00a0\u00bb0&Prime;]<\/p>\n<h4><strong>Atelier hors programme CIMUS<\/strong><em><strong> (Canadian Internal Medicine Ultrasound)<br \/><\/strong><\/em><strong>L\u2019\u00e9chographie en m\u00e9decine interne au Canada : notions de base en \u00e9chocardiographie cibl\u00e9e<br \/><\/strong><em>(Disponsible en anglais seulement)<strong><br \/><\/strong><\/em><\/h4>\n<h5><strong>Mercredi le 11 octobre 2023, 7h15-12h15<\/strong><\/h5>\n<p>&nbsp;<\/p>\n<p>Dans cet atelier interactif, les participants d\u00e9velopperont les comp\u00e9tences n\u00e9cessaires pour r\u00e9aliser et interpr\u00e9ter les images fondamentales en \u00e9chocardiographie cibl\u00e9e, en rapport avec les soins prodigu\u00e9s \u00e0 un patient hospitalis\u00e9. Les pi\u00e8ges courants et la port\u00e9e\u00a0de l\u2019\u00e9chocardiographie cibl\u00e9e seront \u00e9galement discut\u00e9s. L\u2019atelier sera principalement consacr\u00e9 \u00e0 la formation pratique avec des patients simul\u00e9s, sous la supervision directe d\u2019instructeurs, dont des experts en \u00e9chographie cibl\u00e9e (POCUS) de renomm\u00e9e internationale. Le ratio apprenant\/instructeur est plafonn\u00e9 \u00e0 3:1 pour maximiser l\u2019apprentissage.<\/p>\n<p>Frais d&rsquo;inscription: 595 $ + taxes<\/p>\n<p>[\/et_pb_text][et_pb_text disabled_on=\u00a0\u00bboff|off|off\u00a0\u00bb admin_label=\u00a0\u00bbWaiting list note\u00a0\u00bb _builder_version=\u00a0\u00bb4.20.0&Prime; text_text_color=\u00a0\u00bb#000000&Prime; background_size=\u00a0\u00bbinitial\u00a0\u00bb background_position=\u00a0\u00bbtop_left\u00a0\u00bb background_repeat=\u00a0\u00bbrepeat\u00a0\u00bb use_border_color=\u00a0\u00bboff\u00a0\u00bb border_color=\u00a0\u00bb#ffffff\u00a0\u00bb border_style=\u00a0\u00bbsolid\u00a0\u00bb global_colors_info=\u00a0\u00bb{}\u00a0\u00bb]<\/p>\n<p><strong>Veuillez noter que l&rsquo;atelier CIMUS est complet. Pour r\u00eatre ajout\u00e9 \u00e0 la liste d&rsquo;attente, veuillez envoyer un courriel \u00e0 <a href=\"mailto:info@csim.ca\">info@csim.ca<\/a><br \/><\/strong><\/p>\n<p>[\/et_pb_text][et_pb_button button_url=\u00a0\u00bbhttps:\/\/csim.wildapricot.org\/event-5290018&Prime; url_new_window=\u00a0\u00bbon\u00a0\u00bb button_text=\u00a0\u00bbCliquez ici pour vous inscrire \u00e0 l&rsquo;atelier CIMUS\u00a0\u00bb disabled_on=\u00a0\u00bbon|on|on\u00a0\u00bb _builder_version=\u00a0\u00bb4.20.0&Prime; _module_preset=\u00a0\u00bbdefault\u00a0\u00bb custom_button=\u00a0\u00bbon\u00a0\u00bb button_text_size=\u00a0\u00bb15px\u00a0\u00bb button_text_color=\u00a0\u00bb#0C71C3&Prime; button_bg_color=\u00a0\u00bbRGBA(255,255,255,0)\u00a0\u00bb disabled=\u00a0\u00bbon\u00a0\u00bb global_colors_info=\u00a0\u00bb{}\u00a0\u00bb][\/et_pb_button][et_pb_text admin_label=\u00a0\u00bbPOCUS LOs\u00a0\u00bb _builder_version=\u00a0\u00bb4.20.0&Prime; text_text_color=\u00a0\u00bb#000000&Prime; background_size=\u00a0\u00bbinitial\u00a0\u00bb background_position=\u00a0\u00bbtop_left\u00a0\u00bb background_repeat=\u00a0\u00bbrepeat\u00a0\u00bb use_border_color=\u00a0\u00bboff\u00a0\u00bb border_color=\u00a0\u00bb#ffffff\u00a0\u00bb border_style=\u00a0\u00bbsolid\u00a0\u00bb global_colors_info=\u00a0\u00bb{}\u00a0\u00bb]<\/p>\n<p><strong>Les exercices pratiques poursuivront les objectifs suivants :<\/strong><\/p>\n<ul>\n<li>\u00c9num\u00e9rer les utilisations courantes de l\u2019\u00e9chocardiographie cibl\u00e9e pour les soins d&rsquo;un patient hospitalis\u00e9.<\/li>\n<li>Reconna\u00eetre la port\u00e9e et les limites de l\u2019\u00e9chocardiographie cibl\u00e9e.<\/li>\n<li>D\u00e9gager et interpr\u00e9ter des informations \u00e0 partir des quatre images fondamentales d\u2019\u00e9chocardiographie cibl\u00e9e r\u00e9alis\u00e9es sur un patient simul\u00e9.<\/li>\n<\/ul>\n<p>[\/et_pb_text][et_pb_text admin_label=\u00a0\u00bbPOCUS MOC\u00a0\u00bb _builder_version=\u00a0\u00bb4.20.0&Prime; text_text_color=\u00a0\u00bb#000000&Prime; background_size=\u00a0\u00bbinitial\u00a0\u00bb background_position=\u00a0\u00bbtop_left\u00a0\u00bb background_repeat=\u00a0\u00bbrepeat\u00a0\u00bb use_border_color=\u00a0\u00bboff\u00a0\u00bb border_color=\u00a0\u00bb#ffffff\u00a0\u00bb border_style=\u00a0\u00bbsolid\u00a0\u00bb global_colors_info=\u00a0\u00bb{}\u00a0\u00bb]<\/p>\n<p><strong>\u00c9nonc\u00e9 d\u2019agr\u00e9ment<\/strong><\/p>\n<p>La pr\u00e9sente activit\u00e9 (CSIM POCUS Basic Focused Cardiac Ultrasound Workshop) est une activit\u00e9 de simulation agr\u00e9\u00e9e (section 3), au sens que lui donne le programme de Maintien du certificat du Coll\u00e8ge royal des m\u00e9decins et chirurgiens du Canada; elle a \u00e9t\u00e9 approuv\u00e9e par la Soci\u00e9t\u00e9 canadienne de m\u00e9decine interne. Vous pouvez d\u00e9clarer un maximum de 5 heures (les cr\u00e9dits sont calcul\u00e9s automatiquement). N&rsquo;oubliez pas de consulter <a href=\"https:\/\/mainport.royalcollege.ca\/\">MAINPORT<\/a> pour enregistrer votre apprentissage et vos r\u00e9sultats.<\/p>\n<p>[\/et_pb_text][et_pb_text admin_label=\u00a0\u00bbPOCUS notes\u00a0\u00bb _builder_version=\u00a0\u00bb4.20.0&Prime; text_text_color=\u00a0\u00bb#000000&Prime; background_size=\u00a0\u00bbinitial\u00a0\u00bb background_position=\u00a0\u00bbtop_left\u00a0\u00bb background_repeat=\u00a0\u00bbrepeat\u00a0\u00bb use_border_color=\u00a0\u00bboff\u00a0\u00bb border_color=\u00a0\u00bb#ffffff\u00a0\u00bb border_style=\u00a0\u00bbsolid\u00a0\u00bb global_colors_info=\u00a0\u00bb{}\u00a0\u00bb]<\/p>\n<p><em><strong>Veuillez noter :<\/strong><\/em><\/p>\n<ul>\n<li>Ce cours est adapt\u00e9 aux d\u00e9butants.<\/li>\n<li>Les participants DOIVENT avoir des connaissances de base sur la physique des ultrasons avant d\u2019assister \u00e0 l\u2019atelier.<\/li>\n<li>Avant le cours, les participants DOIVENT prendre connaissance de la documentation pr\u00e9paratoire fournie.<\/li>\n<li>La pr\u00e9inscription est n\u00e9cessaire et sera possible \u00e0 partir du mois de juin.<\/li>\n<li>Disponible uniquement pour les personnes inscrites au Congr\u00e8s annuel de la SCMI 2023. Le nombre de participants est limit\u00e9 pour assurer l\u2019interactivit\u00e9 et offrir une exp\u00e9rience pratique maximale. Si le nombre minimum d\u2019inscriptions n\u2019est pas atteint, il se peut que cet atelier soit annul\u00e9.<\/li>\n<\/ul>\n<p>[\/et_pb_text][\/et_pb_column][et_pb_column type=\u00a0\u00bb1_4&Prime; _builder_version=\u00a0\u00bb4.16&Prime; _module_preset=\u00a0\u00bbdefault\u00a0\u00bb global_colors_info=\u00a0\u00bb{}\u00a0\u00bb][et_pb_sidebar area=\u00a0\u00bbet_pb_widget_area_24&Prime; show_border=\u00a0\u00bboff\u00a0\u00bb disabled_on=\u00a0\u00bboff|off|off\u00a0\u00bb _builder_version=\u00a0\u00bb4.20.0&Prime; _module_preset=\u00a0\u00bbdefault\u00a0\u00bb header_font=\u00a0\u00bb|700|||||||\u00a0\u00bb header_text_color=\u00a0\u00bb#000000&Prime; body_font=\u00a0\u00bb|600|||||||\u00a0\u00bb body_text_color=\u00a0\u00bb#000000&Prime; body_font_size=\u00a0\u00bb16px\u00a0\u00bb body_line_height=\u00a0\u00bb1.8em\u00a0\u00bb global_colors_info=\u00a0\u00bb{}\u00a0\u00bb][\/et_pb_sidebar][\/et_pb_column][\/et_pb_row][et_pb_row use_custom_gutter=\u00a0\u00bbon\u00a0\u00bb gutter_width=\u00a0\u00bb4&Prime; make_equal=\u00a0\u00bbon\u00a0\u00bb _builder_version=\u00a0\u00bb4.16&Prime; _module_preset=\u00a0\u00bbdefault\u00a0\u00bb width=\u00a0\u00bb100%\u00a0\u00bb global_colors_info=\u00a0\u00bb{}\u00a0\u00bb][et_pb_column type=\u00a0\u00bb4_4&Prime; _builder_version=\u00a0\u00bb4.16&Prime; _module_preset=\u00a0\u00bbdefault\u00a0\u00bb global_colors_info=\u00a0\u00bb{}\u00a0\u00bb][et_pb_social_media_follow _builder_version=\u00a0\u00bb4.16&Prime; _module_preset=\u00a0\u00bbdefault\u00a0\u00bb text_orientation=\u00a0\u00bbcenter\u00a0\u00bb global_colors_info=\u00a0\u00bb{}\u00a0\u00bb][et_pb_social_media_follow_network social_network=\u00a0\u00bbtwitter\u00a0\u00bb url=\u00a0\u00bbhttp:\/\/twitter.com\/CSIMSCMI\u00a0\u00bb _builder_version=\u00a0\u00bb4.16&Prime; _module_preset=\u00a0\u00bbdefault\u00a0\u00bb background_color=\u00a0\u00bb#00aced\u00a0\u00bb global_colors_info=\u00a0\u00bb{}\u00a0\u00bb follow_button=\u00a0\u00bboff\u00a0\u00bb url_new_window=\u00a0\u00bbon\u00a0\u00bb]twitter[\/et_pb_social_media_follow_network][\/et_pb_social_media_follow][\/et_pb_column][\/et_pb_row][\/et_pb_section]<\/p>\n","protected":false},"excerpt":{"rendered":"<p>Congr\u00e8s annuel de la SCMI 2023 11 au 14 octobre 2023 | Qu\u00e9bec (QC) &nbsp; \u00a0Atelier hors programme CIMUS (Canadian Internal Medicine Ultrasound)L\u2019\u00e9chographie en m\u00e9decine interne au Canada : notions de base en \u00e9chocardiographie cibl\u00e9e(Disponsible en anglais seulement) Mercredi le 11 octobre 2023, 7h15-12h15 &nbsp; Dans cet atelier interactif, les participants d\u00e9velopperont les comp\u00e9tences n\u00e9cessaires [&hellip;]<\/p>\n","protected":false},"author":4,"featured_media":0,"parent":16087,"menu_order":0,"comment_status":"closed","ping_status":"closed","template":"","meta":{"_et_pb_use_builder":"on","_et_pb_old_content":"","_et_gb_content_width":"","_monsterinsights_skip_tracking":false,"_monsterinsights_sitenote_active":false,"_monsterinsights_sitenote_note":"","_monsterinsights_sitenote_category":0,"footnotes":""},"class_list":["post-16101","page","type-page","status-publish","hentry"],"_links":{"self":[{"href":"https:\/\/csim.ca\/fr\/wp-json\/wp\/v2\/pages\/16101","targetHints":{"allow":["GET"]}}],"collection":[{"href":"https:\/\/csim.ca\/fr\/wp-json\/wp\/v2\/pages"}],"about":[{"href":"https:\/\/csim.ca\/fr\/wp-json\/wp\/v2\/types\/page"}],"author":[{"embeddable":true,"href":"https:\/\/csim.ca\/fr\/wp-json\/wp\/v2\/users\/4"}],"replies":[{"embeddable":true,"href":"https:\/\/csim.ca\/fr\/wp-json\/wp\/v2\/comments?post=16101"}],"version-history":[{"count":3,"href":"https:\/\/csim.ca\/fr\/wp-json\/wp\/v2\/pages\/16101\/revisions"}],"predecessor-version":[{"id":17511,"href":"https:\/\/csim.ca\/fr\/wp-json\/wp\/v2\/pages\/16101\/revisions\/17511"}],"up":[{"embeddable":true,"href":"https:\/\/csim.ca\/fr\/wp-json\/wp\/v2\/pages\/16087"}],"wp:attachment":[{"href":"https:\/\/csim.ca\/fr\/wp-json\/wp\/v2\/media?parent=16101"}],"curies":[{"name":"wp","href":"https:\/\/api.w.org\/{rel}","templated":true}]}}